{"id":331527,"date":"2026-01-05T11:29:54","date_gmt":"2026-01-05T09:29:54","guid":{"rendered":"https:\/\/wear-iqoniq.com\/collection\/okategoriserad\/odin-jacka-i-atervunnen-polyester-urban-stil-svart\/"},"modified":"2026-04-06T04:12:10","modified_gmt":"2026-04-06T02:12:10","slug":"odin-jacka-i-atervunnen-polyester-urban-stil-svart","status":"publish","type":"product","link":"https:\/\/wear-iqoniq.com\/sv\/collection\/jackor\/odin-jacka-i-atervunnen-polyester-urban-stil-svart\/","title":{"rendered":"Odin jacka i \u00e5tervunnen polyester &#8211; urban stil, svart"},"content":{"rendered":"<p>Unisex urban jacka tillverkad av 100 % \u00e5tervunnen polyester med RTPU-membran (GRS-certifierad). Denna jacka \u00e4r designad f\u00f6r en avslappnad men stilren look. Dragkedjan framtill \u00e4r tillverkad av nickelfritt metall med en exklusiv metall-dragkl\u00e4pp och ett sn\u00f6re l\u00e4ngs dragkedjans l\u00e4ngd. Tv\u00e5 passpoalfickor p\u00e5 sidorna med dold tryckknappsst\u00e4ngning. Kragen \u00e4r i samma material som jackan, och \u00e4rm- samt nederkant har elastiska muddar f\u00f6r en mjuk och bekv\u00e4m k\u00e4nsla.<br \/>\nJackan \u00e4r fodrad och har en dold dragkedja vid nederkant och vid v\u00e4nster br\u00f6st f\u00f6r enkel dekorering. Hela plagget \u00e4r sytt med \u00e5tervunnet polyestergarn. I nacken finns en avtagbar storleksetikett och en iqoniq craft-h\u00e4ngtagg, samt en tv\u00e4ttetikett i v\u00e4nster inners\u00f6m. Anv\u00e4ndningen av \u00e4kta \u00e5tervunnet material och p\u00e5st\u00e5enden om milj\u00f6p\u00e5verkan \u00e4r garanterade genomAWARE\u2122 unika fysiska sp\u00e5r\u00e4mne och blockkedjeteknologi. Genom att skanna QR-koden f\u00e5r du tillg\u00e5ng till ett digitalt produktpass.<\/p>\n","protected":false},"excerpt":{"rendered":"<p>Unisex urban jacka tillverkad av 100 % \u00e5tervunnen polyester med RTPU-membran (GRS-certifierad). Denna jacka \u00e4r designad f\u00f6r en avslappnad men stilren look. Dragkedjan framtill \u00e4r tillverkad av nickelfritt metall med en exklusiv metall-dragkl\u00e4pp och ett sn\u00f6re l\u00e4ngs dragkedjans l\u00e4ngd. Tv\u00e5 passpoalfickor p\u00e5 sidorna med dold tryckknappsst\u00e4ngning. Kragen \u00e4r i samma material som jackan, och \u00e4rm- [&hellip;]<\/p>\n","protected":false},"featured_media":331168,"template":"","meta":{"_acf_changed":false},"product_cat":[1190],"product_tag":[],"class_list":["post-331527","product","type-product","status-publish","has-post-thumbnail","hentry","product_cat-jackor","pa_color-black","pa_fabric-type-plain-weave","pa_fit-medium-fit","pa_gender-unisex","pa_materials-100re-pes-7","pa_weight-95-gsm"],"acf":[],"yoast_head":"<!-- This site is optimized with the Yoast SEO plugin v27.0 - https:\/\/yoast.com\/product\/yoast-seo-wordpress\/ -->\n<title>Odin jacka i \u00e5tervunnen polyester - urban stil, svart - New Iqoniq<\/title>\n<meta name=\"robots\" content=\"index, follow, max-snippet:-1, max-image-preview:large, max-video-preview:-1\" \/>\n<link rel=\"canonical\" href=\"https:\/\/wear-iqoniq.com\/sv\/collection\/jackor\/odin-jacka-i-atervunnen-polyester-urban-stil-svart\/\" \/>\n<meta property=\"og:locale\" content=\"sv_SE\" \/>\n<meta property=\"og:type\" content=\"article\" \/>\n<meta property=\"og:title\" content=\"Odin jacka i \u00e5tervunnen polyester - urban stil, svart - New Iqoniq\" \/>\n<meta property=\"og:description\" content=\"Unisex urban jacka tillverkad av 100 % \u00e5tervunnen polyester med RTPU-membran (GRS-certifierad). Denna jacka \u00e4r designad f\u00f6r en avslappnad men stilren look. Dragkedjan framtill \u00e4r tillverkad av nickelfritt metall med en exklusiv metall-dragkl\u00e4pp och ett sn\u00f6re l\u00e4ngs dragkedjans l\u00e4ngd. Tv\u00e5 passpoalfickor p\u00e5 sidorna med dold tryckknappsst\u00e4ngning. Kragen \u00e4r i samma material som jackan, och \u00e4rm- [&hellip;]\" \/>\n<meta property=\"og:url\" content=\"https:\/\/wear-iqoniq.com\/sv\/collection\/jackor\/odin-jacka-i-atervunnen-polyester-urban-stil-svart\/\" \/>\n<meta property=\"og:site_name\" content=\"New Iqoniq\" \/>\n<meta property=\"article:modified_time\" content=\"2026-04-06T02:12:10+00:00\" \/>\n<meta property=\"og:image\" content=\"https:\/\/wear-iqoniq.com\/wp-content\/uploads\/sites\/13\/2026\/01\/T9703.001.L__S_0__d761a7357a8e4f5fb4d46d4e5ad620d9.jpg\" \/>\n\t<meta property=\"og:image:width\" content=\"1024\" \/>\n\t<meta property=\"og:image:height\" content=\"1024\" \/>\n\t<meta property=\"og:image:type\" content=\"image\/jpeg\" \/>\n<meta name=\"twitter:card\" content=\"summary_large_image\" \/>\n<meta name=\"twitter:label1\" content=\"Ber\u00e4knad l\u00e4stid\" \/>\n\t<meta name=\"twitter:data1\" content=\"1 minut\" \/>\n<script type=\"application\/ld+json\" class=\"yoast-schema-graph\">{\"@context\":\"https:\/\/schema.org\",\"@graph\":[{\"@type\":\"WebPage\",\"@id\":\"https:\/\/wear-iqoniq.com\/sv\/collection\/jackor\/odin-jacka-i-atervunnen-polyester-urban-stil-svart\/\",\"url\":\"https:\/\/wear-iqoniq.com\/sv\/collection\/jackor\/odin-jacka-i-atervunnen-polyester-urban-stil-svart\/\",\"name\":\"Odin jacka i \u00e5tervunnen polyester - urban stil, svart - New Iqoniq\",\"isPartOf\":{\"@id\":\"https:\/\/wear-iqoniq.com\/sv\/#website\"},\"primaryImageOfPage\":{\"@id\":\"https:\/\/wear-iqoniq.com\/sv\/collection\/jackor\/odin-jacka-i-atervunnen-polyester-urban-stil-svart\/#primaryimage\"},\"image\":{\"@id\":\"https:\/\/wear-iqoniq.com\/sv\/collection\/jackor\/odin-jacka-i-atervunnen-polyester-urban-stil-svart\/#primaryimage\"},\"thumbnailUrl\":\"https:\/\/wear-iqoniq.com\/wp-content\/uploads\/sites\/13\/2026\/01\/T9703.001.L__S_0__d761a7357a8e4f5fb4d46d4e5ad620d9.jpg\",\"datePublished\":\"2026-01-05T09:29:54+00:00\",\"dateModified\":\"2026-04-06T02:12:10+00:00\",\"breadcrumb\":{\"@id\":\"https:\/\/wear-iqoniq.com\/sv\/collection\/jackor\/odin-jacka-i-atervunnen-polyester-urban-stil-svart\/#breadcrumb\"},\"inLanguage\":\"sv-SE\",\"potentialAction\":[{\"@type\":\"ReadAction\",\"target\":[\"https:\/\/wear-iqoniq.com\/sv\/collection\/jackor\/odin-jacka-i-atervunnen-polyester-urban-stil-svart\/\"]}]},{\"@type\":\"ImageObject\",\"inLanguage\":\"sv-SE\",\"@id\":\"https:\/\/wear-iqoniq.com\/sv\/collection\/jackor\/odin-jacka-i-atervunnen-polyester-urban-stil-svart\/#primaryimage\",\"url\":\"https:\/\/wear-iqoniq.com\/wp-content\/uploads\/sites\/13\/2026\/01\/T9703.001.L__S_0__d761a7357a8e4f5fb4d46d4e5ad620d9.jpg\",\"contentUrl\":\"https:\/\/wear-iqoniq.com\/wp-content\/uploads\/sites\/13\/2026\/01\/T9703.001.L__S_0__d761a7357a8e4f5fb4d46d4e5ad620d9.jpg\",\"width\":1024,\"height\":1024},{\"@type\":\"BreadcrumbList\",\"@id\":\"https:\/\/wear-iqoniq.com\/sv\/collection\/jackor\/odin-jacka-i-atervunnen-polyester-urban-stil-svart\/#breadcrumb\",\"itemListElement\":[{\"@type\":\"ListItem\",\"position\":1,\"name\":\"Home\",\"item\":\"https:\/\/wear-iqoniq.com\/sv\/\"},{\"@type\":\"ListItem\",\"position\":2,\"name\":\"Kollektion\",\"item\":\"https:\/\/wear-iqoniq.com\/sv\/kollektion\/\"},{\"@type\":\"ListItem\",\"position\":3,\"name\":\"Odin jacka i \u00e5tervunnen polyester &#8211; urban stil, svart\"}]},{\"@type\":\"WebSite\",\"@id\":\"https:\/\/wear-iqoniq.com\/sv\/#website\",\"url\":\"https:\/\/wear-iqoniq.com\/sv\/\",\"name\":\"Iqoniq\",\"description\":\"WEAR CHANGE\",\"potentialAction\":[{\"@type\":\"SearchAction\",\"target\":{\"@type\":\"EntryPoint\",\"urlTemplate\":\"https:\/\/wear-iqoniq.com\/sv\/?s={search_term_string}\"},\"query-input\":{\"@type\":\"PropertyValueSpecification\",\"valueRequired\":true,\"valueName\":\"search_term_string\"}}],\"inLanguage\":\"sv-SE\"}]}<\/script>\n<!-- \/ Yoast SEO plugin. -->","yoast_head_json":{"title":"Odin jacka i \u00e5tervunnen polyester - urban stil, svart - New Iqoniq","robots":{"index":"index","follow":"follow","max-snippet":"max-snippet:-1","max-image-preview":"max-image-preview:large","max-video-preview":"max-video-preview:-1"},"canonical":"https:\/\/wear-iqoniq.com\/sv\/collection\/jackor\/odin-jacka-i-atervunnen-polyester-urban-stil-svart\/","og_locale":"sv_SE","og_type":"article","og_title":"Odin jacka i \u00e5tervunnen polyester - urban stil, svart - New Iqoniq","og_description":"Unisex urban jacka tillverkad av 100 % \u00e5tervunnen polyester med RTPU-membran (GRS-certifierad). Denna jacka \u00e4r designad f\u00f6r en avslappnad men stilren look. Dragkedjan framtill \u00e4r tillverkad av nickelfritt metall med en exklusiv metall-dragkl\u00e4pp och ett sn\u00f6re l\u00e4ngs dragkedjans l\u00e4ngd. Tv\u00e5 passpoalfickor p\u00e5 sidorna med dold tryckknappsst\u00e4ngning. Kragen \u00e4r i samma material som jackan, och \u00e4rm- [&hellip;]","og_url":"https:\/\/wear-iqoniq.com\/sv\/collection\/jackor\/odin-jacka-i-atervunnen-polyester-urban-stil-svart\/","og_site_name":"New Iqoniq","article_modified_time":"2026-04-06T02:12:10+00:00","og_image":[{"width":1024,"height":1024,"url":"https:\/\/wear-iqoniq.com\/wp-content\/uploads\/sites\/13\/2026\/01\/T9703.001.L__S_0__d761a7357a8e4f5fb4d46d4e5ad620d9.jpg","type":"image\/jpeg"}],"twitter_card":"summary_large_image","twitter_misc":{"Ber\u00e4knad l\u00e4stid":"1 minut"},"schema":{"@context":"https:\/\/schema.org","@graph":[{"@type":"WebPage","@id":"https:\/\/wear-iqoniq.com\/sv\/collection\/jackor\/odin-jacka-i-atervunnen-polyester-urban-stil-svart\/","url":"https:\/\/wear-iqoniq.com\/sv\/collection\/jackor\/odin-jacka-i-atervunnen-polyester-urban-stil-svart\/","name":"Odin jacka i \u00e5tervunnen polyester - urban stil, svart - New Iqoniq","isPartOf":{"@id":"https:\/\/wear-iqoniq.com\/sv\/#website"},"primaryImageOfPage":{"@id":"https:\/\/wear-iqoniq.com\/sv\/collection\/jackor\/odin-jacka-i-atervunnen-polyester-urban-stil-svart\/#primaryimage"},"image":{"@id":"https:\/\/wear-iqoniq.com\/sv\/collection\/jackor\/odin-jacka-i-atervunnen-polyester-urban-stil-svart\/#primaryimage"},"thumbnailUrl":"https:\/\/wear-iqoniq.com\/wp-content\/uploads\/sites\/13\/2026\/01\/T9703.001.L__S_0__d761a7357a8e4f5fb4d46d4e5ad620d9.jpg","datePublished":"2026-01-05T09:29:54+00:00","dateModified":"2026-04-06T02:12:10+00:00","breadcrumb":{"@id":"https:\/\/wear-iqoniq.com\/sv\/collection\/jackor\/odin-jacka-i-atervunnen-polyester-urban-stil-svart\/#breadcrumb"},"inLanguage":"sv-SE","potentialAction":[{"@type":"ReadAction","target":["https:\/\/wear-iqoniq.com\/sv\/collection\/jackor\/odin-jacka-i-atervunnen-polyester-urban-stil-svart\/"]}]},{"@type":"ImageObject","inLanguage":"sv-SE","@id":"https:\/\/wear-iqoniq.com\/sv\/collection\/jackor\/odin-jacka-i-atervunnen-polyester-urban-stil-svart\/#primaryimage","url":"https:\/\/wear-iqoniq.com\/wp-content\/uploads\/sites\/13\/2026\/01\/T9703.001.L__S_0__d761a7357a8e4f5fb4d46d4e5ad620d9.jpg","contentUrl":"https:\/\/wear-iqoniq.com\/wp-content\/uploads\/sites\/13\/2026\/01\/T9703.001.L__S_0__d761a7357a8e4f5fb4d46d4e5ad620d9.jpg","width":1024,"height":1024},{"@type":"BreadcrumbList","@id":"https:\/\/wear-iqoniq.com\/sv\/collection\/jackor\/odin-jacka-i-atervunnen-polyester-urban-stil-svart\/#breadcrumb","itemListElement":[{"@type":"ListItem","position":1,"name":"Home","item":"https:\/\/wear-iqoniq.com\/sv\/"},{"@type":"ListItem","position":2,"name":"Kollektion","item":"https:\/\/wear-iqoniq.com\/sv\/kollektion\/"},{"@type":"ListItem","position":3,"name":"Odin jacka i \u00e5tervunnen polyester &#8211; urban stil, svart"}]},{"@type":"WebSite","@id":"https:\/\/wear-iqoniq.com\/sv\/#website","url":"https:\/\/wear-iqoniq.com\/sv\/","name":"Iqoniq","description":"WEAR CHANGE","potentialAction":[{"@type":"SearchAction","target":{"@type":"EntryPoint","urlTemplate":"https:\/\/wear-iqoniq.com\/sv\/?s={search_term_string}"},"query-input":{"@type":"PropertyValueSpecification","valueRequired":true,"valueName":"search_term_string"}}],"inLanguage":"sv-SE"}]}},"_links":{"self":[{"href":"https:\/\/wear-iqoniq.com\/sv\/wp-json\/wp\/v2\/product\/331527","targetHints":{"allow":["GET"]}}],"collection":[{"href":"https:\/\/wear-iqoniq.com\/sv\/wp-json\/wp\/v2\/product"}],"about":[{"href":"https:\/\/wear-iqoniq.com\/sv\/wp-json\/wp\/v2\/types\/product"}],"wp:featuredmedia":[{"embeddable":true,"href":"https:\/\/wear-iqoniq.com\/sv\/wp-json\/wp\/v2\/media\/331168"}],"wp:attachment":[{"href":"https:\/\/wear-iqoniq.com\/sv\/wp-json\/wp\/v2\/media?parent=331527"}],"wp:term":[{"taxonomy":"product_cat","embeddable":true,"href":"https:\/\/wear-iqoniq.com\/sv\/wp-json\/wp\/v2\/product_cat?post=331527"},{"taxonomy":"product_tag","embeddable":true,"href":"https:\/\/wear-iqoniq.com\/sv\/wp-json\/wp\/v2\/product_tag?post=331527"}],"curies":[{"name":"wp","href":"https:\/\/api.w.org\/{rel}","templated":true}]}}