{"id":323099,"date":"2025-10-07T13:54:23","date_gmt":"2025-10-07T11:54:23","guid":{"rendered":"https:\/\/xdsomename.tempurl.host\/iqoniq\/collection\/okategoriserad\/iqoniq-elgon-troja-i-atervunnen-bomull-med-kvartlang-dragked-ivory-white\/"},"modified":"2026-04-20T04:11:37","modified_gmt":"2026-04-20T02:11:37","slug":"iqoniq-elgon-troja-i-atervunnen-bomull-med-kvartlang-dragked-ivory-white","status":"publish","type":"product","link":"https:\/\/wear-iqoniq.com\/sv\/collection\/trojor\/iqoniq-elgon-troja-i-atervunnen-bomull-med-kvartlang-dragked-ivory-white\/","title":{"rendered":"Elgon tr\u00f6ja i \u00e5tervunnen bomull med vartsl\u00e5ng dragkedja, ivo"},"content":{"rendered":"<p>Unisex-tr\u00f6ja med modern passform och kvartl\u00e5ng dragkedja, tillverkad av 100 % bomull, varav 30 % \u00e4r \u00e5tervunnen och 70 % ekologisk, i 300 g\/m\u00b2. Tr\u00f6jan har krage i samma tyg, l\u00e5nga \u00e4rmar och 1&#215;1-ribb i \u00e4rmslut och nederkant. Insidan av tyget \u00e4r frott\u00e9. Anv\u00e4ndningen av \u00e4kta \u00e5tervunna och ekologiska material och milj\u00f6p\u00e5verkan garanteras genom anv\u00e4ndning av AWARE\u2122 disruptiv fysisk sp\u00e5rning och blockkedjeteknik. Genom att skanna QR-koden f\u00e5r du tillg\u00e5ng till ett dedikerat digitalt pass f\u00f6r produkten. 2 % av int\u00e4kterna fr\u00e5n varje s\u00e5ld produkt doneras till Water.org. Denna produkt \u00e4r OEKO-TEX\u00ae STANDARD 100 Centexbel-certifierad. P\u00e5 grund av \u00e5tervunna garns natur kan orenheter och f\u00e4rgvariationer f\u00f6rekomma.<\/p>\n","protected":false},"excerpt":{"rendered":"<p>Unisex-tr\u00f6ja med modern passform och kvartl\u00e5ng dragkedja, tillverkad av 100 % bomull, varav 30 % \u00e4r \u00e5tervunnen och 70 % ekologisk, i 300 g\/m\u00b2. Tr\u00f6jan har krage i samma tyg, l\u00e5nga \u00e4rmar och 1&#215;1-ribb i \u00e4rmslut och nederkant. Insidan av tyget \u00e4r frott\u00e9. Anv\u00e4ndningen av \u00e4kta \u00e5tervunna och ekologiska material och milj\u00f6p\u00e5verkan garanteras genom anv\u00e4ndning [&hellip;]<\/p>\n","protected":false},"featured_media":323335,"template":"","meta":{"_acf_changed":false},"product_cat":[142],"product_tag":[],"class_list":["post-323099","product","type-product","status-publish","has-post-thumbnail","hentry","product_cat-trojor","pa_color-ivory-whit","pa_fabric-type-french-terry","pa_fit-modern-fit","pa_gender-unisex","pa_materials-70-30re-cotton-7","pa_weight-300-gsm"],"acf":[],"yoast_head":"<!-- This site is optimized with the Yoast SEO plugin v27.0 - https:\/\/yoast.com\/product\/yoast-seo-wordpress\/ -->\n<title>Elgon tr\u00f6ja i \u00e5tervunnen bomull med vartsl\u00e5ng dragkedja, ivo - New Iqoniq<\/title>\n<meta name=\"robots\" content=\"index, follow, max-snippet:-1, max-image-preview:large, max-video-preview:-1\" \/>\n<link rel=\"canonical\" href=\"https:\/\/wear-iqoniq.com\/sv\/collection\/trojor\/iqoniq-elgon-troja-i-atervunnen-bomull-med-kvartlang-dragked-ivory-white\/\" \/>\n<meta property=\"og:locale\" content=\"sv_SE\" \/>\n<meta property=\"og:type\" content=\"article\" \/>\n<meta property=\"og:title\" content=\"Elgon tr\u00f6ja i \u00e5tervunnen bomull med vartsl\u00e5ng dragkedja, ivo - New Iqoniq\" \/>\n<meta property=\"og:description\" content=\"Unisex-tr\u00f6ja med modern passform och kvartl\u00e5ng dragkedja, tillverkad av 100 % bomull, varav 30 % \u00e4r \u00e5tervunnen och 70 % ekologisk, i 300 g\/m\u00b2. Tr\u00f6jan har krage i samma tyg, l\u00e5nga \u00e4rmar och 1&#215;1-ribb i \u00e4rmslut och nederkant. Insidan av tyget \u00e4r frott\u00e9. Anv\u00e4ndningen av \u00e4kta \u00e5tervunna och ekologiska material och milj\u00f6p\u00e5verkan garanteras genom anv\u00e4ndning [&hellip;]\" \/>\n<meta property=\"og:url\" content=\"https:\/\/wear-iqoniq.com\/sv\/collection\/trojor\/iqoniq-elgon-troja-i-atervunnen-bomull-med-kvartlang-dragked-ivory-white\/\" \/>\n<meta property=\"og:site_name\" content=\"New Iqoniq\" \/>\n<meta property=\"article:modified_time\" content=\"2026-04-20T02:11:37+00:00\" \/>\n<meta property=\"og:image\" content=\"https:\/\/wear-iqoniq.com\/wp-content\/uploads\/sites\/13\/2025\/08\/T9601.040.L__S_0__c75a3dce7710467ba8c60aacc6acd178.jpg\" \/>\n\t<meta property=\"og:image:width\" content=\"1024\" \/>\n\t<meta property=\"og:image:height\" content=\"1024\" \/>\n\t<meta property=\"og:image:type\" content=\"image\/jpeg\" \/>\n<meta name=\"twitter:card\" content=\"summary_large_image\" \/>\n<meta name=\"twitter:label1\" content=\"Ber\u00e4knad l\u00e4stid\" \/>\n\t<meta name=\"twitter:data1\" content=\"1 minut\" \/>\n<script type=\"application\/ld+json\" class=\"yoast-schema-graph\">{\"@context\":\"https:\/\/schema.org\",\"@graph\":[{\"@type\":\"WebPage\",\"@id\":\"https:\/\/wear-iqoniq.com\/sv\/collection\/trojor\/iqoniq-elgon-troja-i-atervunnen-bomull-med-kvartlang-dragked-ivory-white\/\",\"url\":\"https:\/\/wear-iqoniq.com\/sv\/collection\/trojor\/iqoniq-elgon-troja-i-atervunnen-bomull-med-kvartlang-dragked-ivory-white\/\",\"name\":\"Elgon tr\u00f6ja i \u00e5tervunnen bomull med vartsl\u00e5ng dragkedja, ivo - New Iqoniq\",\"isPartOf\":{\"@id\":\"https:\/\/wear-iqoniq.com\/sv\/#website\"},\"primaryImageOfPage\":{\"@id\":\"https:\/\/wear-iqoniq.com\/sv\/collection\/trojor\/iqoniq-elgon-troja-i-atervunnen-bomull-med-kvartlang-dragked-ivory-white\/#primaryimage\"},\"image\":{\"@id\":\"https:\/\/wear-iqoniq.com\/sv\/collection\/trojor\/iqoniq-elgon-troja-i-atervunnen-bomull-med-kvartlang-dragked-ivory-white\/#primaryimage\"},\"thumbnailUrl\":\"https:\/\/wear-iqoniq.com\/wp-content\/uploads\/sites\/13\/2025\/08\/T9601.040.L__S_0__c75a3dce7710467ba8c60aacc6acd178.jpg\",\"datePublished\":\"2025-10-07T11:54:23+00:00\",\"dateModified\":\"2026-04-20T02:11:37+00:00\",\"breadcrumb\":{\"@id\":\"https:\/\/wear-iqoniq.com\/sv\/collection\/trojor\/iqoniq-elgon-troja-i-atervunnen-bomull-med-kvartlang-dragked-ivory-white\/#breadcrumb\"},\"inLanguage\":\"sv-SE\",\"potentialAction\":[{\"@type\":\"ReadAction\",\"target\":[\"https:\/\/wear-iqoniq.com\/sv\/collection\/trojor\/iqoniq-elgon-troja-i-atervunnen-bomull-med-kvartlang-dragked-ivory-white\/\"]}]},{\"@type\":\"ImageObject\",\"inLanguage\":\"sv-SE\",\"@id\":\"https:\/\/wear-iqoniq.com\/sv\/collection\/trojor\/iqoniq-elgon-troja-i-atervunnen-bomull-med-kvartlang-dragked-ivory-white\/#primaryimage\",\"url\":\"https:\/\/wear-iqoniq.com\/wp-content\/uploads\/sites\/13\/2025\/08\/T9601.040.L__S_0__c75a3dce7710467ba8c60aacc6acd178.jpg\",\"contentUrl\":\"https:\/\/wear-iqoniq.com\/wp-content\/uploads\/sites\/13\/2025\/08\/T9601.040.L__S_0__c75a3dce7710467ba8c60aacc6acd178.jpg\",\"width\":1024,\"height\":1024},{\"@type\":\"BreadcrumbList\",\"@id\":\"https:\/\/wear-iqoniq.com\/sv\/collection\/trojor\/iqoniq-elgon-troja-i-atervunnen-bomull-med-kvartlang-dragked-ivory-white\/#breadcrumb\",\"itemListElement\":[{\"@type\":\"ListItem\",\"position\":1,\"name\":\"Home\",\"item\":\"https:\/\/wear-iqoniq.com\/sv\/\"},{\"@type\":\"ListItem\",\"position\":2,\"name\":\"Kollektion\",\"item\":\"https:\/\/wear-iqoniq.com\/sv\/kollektion\/\"},{\"@type\":\"ListItem\",\"position\":3,\"name\":\"Elgon tr\u00f6ja i \u00e5tervunnen bomull med vartsl\u00e5ng dragkedja, ivo\"}]},{\"@type\":\"WebSite\",\"@id\":\"https:\/\/wear-iqoniq.com\/sv\/#website\",\"url\":\"https:\/\/wear-iqoniq.com\/sv\/\",\"name\":\"Iqoniq\",\"description\":\"WEAR CHANGE\",\"potentialAction\":[{\"@type\":\"SearchAction\",\"target\":{\"@type\":\"EntryPoint\",\"urlTemplate\":\"https:\/\/wear-iqoniq.com\/sv\/?s={search_term_string}\"},\"query-input\":{\"@type\":\"PropertyValueSpecification\",\"valueRequired\":true,\"valueName\":\"search_term_string\"}}],\"inLanguage\":\"sv-SE\"}]}<\/script>\n<!-- \/ Yoast SEO plugin. -->","yoast_head_json":{"title":"Elgon tr\u00f6ja i \u00e5tervunnen bomull med vartsl\u00e5ng dragkedja, ivo - New Iqoniq","robots":{"index":"index","follow":"follow","max-snippet":"max-snippet:-1","max-image-preview":"max-image-preview:large","max-video-preview":"max-video-preview:-1"},"canonical":"https:\/\/wear-iqoniq.com\/sv\/collection\/trojor\/iqoniq-elgon-troja-i-atervunnen-bomull-med-kvartlang-dragked-ivory-white\/","og_locale":"sv_SE","og_type":"article","og_title":"Elgon tr\u00f6ja i \u00e5tervunnen bomull med vartsl\u00e5ng dragkedja, ivo - New Iqoniq","og_description":"Unisex-tr\u00f6ja med modern passform och kvartl\u00e5ng dragkedja, tillverkad av 100 % bomull, varav 30 % \u00e4r \u00e5tervunnen och 70 % ekologisk, i 300 g\/m\u00b2. Tr\u00f6jan har krage i samma tyg, l\u00e5nga \u00e4rmar och 1&#215;1-ribb i \u00e4rmslut och nederkant. Insidan av tyget \u00e4r frott\u00e9. Anv\u00e4ndningen av \u00e4kta \u00e5tervunna och ekologiska material och milj\u00f6p\u00e5verkan garanteras genom anv\u00e4ndning [&hellip;]","og_url":"https:\/\/wear-iqoniq.com\/sv\/collection\/trojor\/iqoniq-elgon-troja-i-atervunnen-bomull-med-kvartlang-dragked-ivory-white\/","og_site_name":"New Iqoniq","article_modified_time":"2026-04-20T02:11:37+00:00","og_image":[{"width":1024,"height":1024,"url":"https:\/\/wear-iqoniq.com\/wp-content\/uploads\/sites\/13\/2025\/08\/T9601.040.L__S_0__c75a3dce7710467ba8c60aacc6acd178.jpg","type":"image\/jpeg"}],"twitter_card":"summary_large_image","twitter_misc":{"Ber\u00e4knad l\u00e4stid":"1 minut"},"schema":{"@context":"https:\/\/schema.org","@graph":[{"@type":"WebPage","@id":"https:\/\/wear-iqoniq.com\/sv\/collection\/trojor\/iqoniq-elgon-troja-i-atervunnen-bomull-med-kvartlang-dragked-ivory-white\/","url":"https:\/\/wear-iqoniq.com\/sv\/collection\/trojor\/iqoniq-elgon-troja-i-atervunnen-bomull-med-kvartlang-dragked-ivory-white\/","name":"Elgon tr\u00f6ja i \u00e5tervunnen bomull med vartsl\u00e5ng dragkedja, ivo - New Iqoniq","isPartOf":{"@id":"https:\/\/wear-iqoniq.com\/sv\/#website"},"primaryImageOfPage":{"@id":"https:\/\/wear-iqoniq.com\/sv\/collection\/trojor\/iqoniq-elgon-troja-i-atervunnen-bomull-med-kvartlang-dragked-ivory-white\/#primaryimage"},"image":{"@id":"https:\/\/wear-iqoniq.com\/sv\/collection\/trojor\/iqoniq-elgon-troja-i-atervunnen-bomull-med-kvartlang-dragked-ivory-white\/#primaryimage"},"thumbnailUrl":"https:\/\/wear-iqoniq.com\/wp-content\/uploads\/sites\/13\/2025\/08\/T9601.040.L__S_0__c75a3dce7710467ba8c60aacc6acd178.jpg","datePublished":"2025-10-07T11:54:23+00:00","dateModified":"2026-04-20T02:11:37+00:00","breadcrumb":{"@id":"https:\/\/wear-iqoniq.com\/sv\/collection\/trojor\/iqoniq-elgon-troja-i-atervunnen-bomull-med-kvartlang-dragked-ivory-white\/#breadcrumb"},"inLanguage":"sv-SE","potentialAction":[{"@type":"ReadAction","target":["https:\/\/wear-iqoniq.com\/sv\/collection\/trojor\/iqoniq-elgon-troja-i-atervunnen-bomull-med-kvartlang-dragked-ivory-white\/"]}]},{"@type":"ImageObject","inLanguage":"sv-SE","@id":"https:\/\/wear-iqoniq.com\/sv\/collection\/trojor\/iqoniq-elgon-troja-i-atervunnen-bomull-med-kvartlang-dragked-ivory-white\/#primaryimage","url":"https:\/\/wear-iqoniq.com\/wp-content\/uploads\/sites\/13\/2025\/08\/T9601.040.L__S_0__c75a3dce7710467ba8c60aacc6acd178.jpg","contentUrl":"https:\/\/wear-iqoniq.com\/wp-content\/uploads\/sites\/13\/2025\/08\/T9601.040.L__S_0__c75a3dce7710467ba8c60aacc6acd178.jpg","width":1024,"height":1024},{"@type":"BreadcrumbList","@id":"https:\/\/wear-iqoniq.com\/sv\/collection\/trojor\/iqoniq-elgon-troja-i-atervunnen-bomull-med-kvartlang-dragked-ivory-white\/#breadcrumb","itemListElement":[{"@type":"ListItem","position":1,"name":"Home","item":"https:\/\/wear-iqoniq.com\/sv\/"},{"@type":"ListItem","position":2,"name":"Kollektion","item":"https:\/\/wear-iqoniq.com\/sv\/kollektion\/"},{"@type":"ListItem","position":3,"name":"Elgon tr\u00f6ja i \u00e5tervunnen bomull med vartsl\u00e5ng dragkedja, ivo"}]},{"@type":"WebSite","@id":"https:\/\/wear-iqoniq.com\/sv\/#website","url":"https:\/\/wear-iqoniq.com\/sv\/","name":"Iqoniq","description":"WEAR CHANGE","potentialAction":[{"@type":"SearchAction","target":{"@type":"EntryPoint","urlTemplate":"https:\/\/wear-iqoniq.com\/sv\/?s={search_term_string}"},"query-input":{"@type":"PropertyValueSpecification","valueRequired":true,"valueName":"search_term_string"}}],"inLanguage":"sv-SE"}]}},"_links":{"self":[{"href":"https:\/\/wear-iqoniq.com\/sv\/wp-json\/wp\/v2\/product\/323099","targetHints":{"allow":["GET"]}}],"collection":[{"href":"https:\/\/wear-iqoniq.com\/sv\/wp-json\/wp\/v2\/product"}],"about":[{"href":"https:\/\/wear-iqoniq.com\/sv\/wp-json\/wp\/v2\/types\/product"}],"wp:featuredmedia":[{"embeddable":true,"href":"https:\/\/wear-iqoniq.com\/sv\/wp-json\/wp\/v2\/media\/323335"}],"wp:attachment":[{"href":"https:\/\/wear-iqoniq.com\/sv\/wp-json\/wp\/v2\/media?parent=323099"}],"wp:term":[{"taxonomy":"product_cat","embeddable":true,"href":"https:\/\/wear-iqoniq.com\/sv\/wp-json\/wp\/v2\/product_cat?post=323099"},{"taxonomy":"product_tag","embeddable":true,"href":"https:\/\/wear-iqoniq.com\/sv\/wp-json\/wp\/v2\/product_tag?post=323099"}],"curies":[{"name":"wp","href":"https:\/\/api.w.org\/{rel}","templated":true}]}}