{"id":323084,"date":"2025-10-07T13:47:44","date_gmt":"2025-10-07T11:47:44","guid":{"rendered":"https:\/\/xdsomename.tempurl.host\/iqoniq\/collection\/okategoriserad\/iqoniq-maiko-damjacka-i-atervunnen-polyester-med-vaddering-svart\/"},"modified":"2026-04-20T03:50:16","modified_gmt":"2026-04-20T01:50:16","slug":"iqoniq-maiko-damjacka-i-atervunnen-polyester-med-vaddering-svart","status":"publish","type":"product","link":"https:\/\/wear-iqoniq.com\/sv\/collection\/jackor\/iqoniq-maiko-damjacka-i-atervunnen-polyester-med-vaddering-svart\/","title":{"rendered":"Maiko damjacka i \u00e5tervunnen polyester med vaddering, svart"},"content":{"rendered":"<p>Damjacka i medium passform med vaddering, tillverkad av 100 % \u00e5tervunnen polyester. Jackan \u00e4r helt quiltad med 100 % \u00e5tervunnen polyesterfyllning. Den har en omv\u00e4nd dragkedja fram och praktiska fickor med dragkedja i sidos\u00f6mmarna. Alla dragkedjor har extra dragtappar i matchande f\u00e4rg f\u00f6r en elegant look. \u00c4rmmuddar med res\u00e5r och alla s\u00f6mmar p\u00e5 insidan \u00e4r snyggt avslutade med \u00e5tervunnen kantband. Fluor-\/PFAS-fri vattenavvisande impregnering. Anv\u00e4ndningen av \u00e4kta \u00e5tervunna tygmaterial och milj\u00f6p\u00e5verkan garanteras genom anv\u00e4ndning av AWARE\u2122 disruptiv fysisk sp\u00e5rning och blockkedjeteknik. Genom att skanna QR-koden f\u00e5r du tillg\u00e5ng till ett dedikerat digitalt pass. 2 % av int\u00e4kterna fr\u00e5n varje s\u00e5ld produkt doneras till Water.org. Denna produkt \u00e4r OEKO-TEX\u00ae STANDARD 100-certifierad. Den vadderade jackan Maiko finns \u00e4ven i herrmodell.<\/p>\n","protected":false},"excerpt":{"rendered":"<p>Damjacka i medium passform med vaddering, tillverkad av 100 % \u00e5tervunnen polyester. Jackan \u00e4r helt quiltad med 100 % \u00e5tervunnen polyesterfyllning. Den har en omv\u00e4nd dragkedja fram och praktiska fickor med dragkedja i sidos\u00f6mmarna. Alla dragkedjor har extra dragtappar i matchande f\u00e4rg f\u00f6r en elegant look. \u00c4rmmuddar med res\u00e5r och alla s\u00f6mmar p\u00e5 insidan \u00e4r [&hellip;]<\/p>\n","protected":false},"featured_media":323237,"template":"","meta":{"_acf_changed":false},"product_cat":[1190],"product_tag":[],"class_list":["post-323084","product","type-product","status-publish","has-post-thumbnail","hentry","product_cat-jackor","pa_color-black","pa_fabric-type-plain-weave","pa_fit-medium-fit","pa_gender-women","pa_materials-100re-pes-7","pa_weight-70-gsm"],"acf":[],"yoast_head":"<!-- This site is optimized with the Yoast SEO plugin v27.0 - https:\/\/yoast.com\/product\/yoast-seo-wordpress\/ -->\n<title>Maiko damjacka i \u00e5tervunnen polyester med vaddering, svart - New Iqoniq<\/title>\n<meta name=\"robots\" content=\"index, follow, max-snippet:-1, max-image-preview:large, max-video-preview:-1\" \/>\n<link rel=\"canonical\" href=\"https:\/\/wear-iqoniq.com\/sv\/collection\/jackor\/iqoniq-maiko-damjacka-i-atervunnen-polyester-med-vaddering-svart\/\" \/>\n<meta property=\"og:locale\" content=\"sv_SE\" \/>\n<meta property=\"og:type\" content=\"article\" \/>\n<meta property=\"og:title\" content=\"Maiko damjacka i \u00e5tervunnen polyester med vaddering, svart - New Iqoniq\" \/>\n<meta property=\"og:description\" content=\"Damjacka i medium passform med vaddering, tillverkad av 100 % \u00e5tervunnen polyester. Jackan \u00e4r helt quiltad med 100 % \u00e5tervunnen polyesterfyllning. Den har en omv\u00e4nd dragkedja fram och praktiska fickor med dragkedja i sidos\u00f6mmarna. Alla dragkedjor har extra dragtappar i matchande f\u00e4rg f\u00f6r en elegant look. \u00c4rmmuddar med res\u00e5r och alla s\u00f6mmar p\u00e5 insidan \u00e4r [&hellip;]\" \/>\n<meta property=\"og:url\" content=\"https:\/\/wear-iqoniq.com\/sv\/collection\/jackor\/iqoniq-maiko-damjacka-i-atervunnen-polyester-med-vaddering-svart\/\" \/>\n<meta property=\"og:site_name\" content=\"New Iqoniq\" \/>\n<meta property=\"article:modified_time\" content=\"2026-04-20T01:50:16+00:00\" \/>\n<meta property=\"og:image\" content=\"https:\/\/wear-iqoniq.com\/wp-content\/uploads\/sites\/13\/2025\/08\/T4703.001.L__S_0__0b7ebb009ddb4e6cb420aa33fd6177c0.jpg\" \/>\n\t<meta property=\"og:image:width\" content=\"1024\" \/>\n\t<meta property=\"og:image:height\" content=\"1024\" \/>\n\t<meta property=\"og:image:type\" content=\"image\/jpeg\" \/>\n<meta name=\"twitter:card\" content=\"summary_large_image\" \/>\n<meta name=\"twitter:label1\" content=\"Ber\u00e4knad l\u00e4stid\" \/>\n\t<meta name=\"twitter:data1\" content=\"1 minut\" \/>\n<script type=\"application\/ld+json\" class=\"yoast-schema-graph\">{\"@context\":\"https:\/\/schema.org\",\"@graph\":[{\"@type\":\"WebPage\",\"@id\":\"https:\/\/wear-iqoniq.com\/sv\/collection\/jackor\/iqoniq-maiko-damjacka-i-atervunnen-polyester-med-vaddering-svart\/\",\"url\":\"https:\/\/wear-iqoniq.com\/sv\/collection\/jackor\/iqoniq-maiko-damjacka-i-atervunnen-polyester-med-vaddering-svart\/\",\"name\":\"Maiko damjacka i \u00e5tervunnen polyester med vaddering, svart - New Iqoniq\",\"isPartOf\":{\"@id\":\"https:\/\/wear-iqoniq.com\/sv\/#website\"},\"primaryImageOfPage\":{\"@id\":\"https:\/\/wear-iqoniq.com\/sv\/collection\/jackor\/iqoniq-maiko-damjacka-i-atervunnen-polyester-med-vaddering-svart\/#primaryimage\"},\"image\":{\"@id\":\"https:\/\/wear-iqoniq.com\/sv\/collection\/jackor\/iqoniq-maiko-damjacka-i-atervunnen-polyester-med-vaddering-svart\/#primaryimage\"},\"thumbnailUrl\":\"https:\/\/wear-iqoniq.com\/wp-content\/uploads\/sites\/13\/2025\/08\/T4703.001.L__S_0__0b7ebb009ddb4e6cb420aa33fd6177c0.jpg\",\"datePublished\":\"2025-10-07T11:47:44+00:00\",\"dateModified\":\"2026-04-20T01:50:16+00:00\",\"breadcrumb\":{\"@id\":\"https:\/\/wear-iqoniq.com\/sv\/collection\/jackor\/iqoniq-maiko-damjacka-i-atervunnen-polyester-med-vaddering-svart\/#breadcrumb\"},\"inLanguage\":\"sv-SE\",\"potentialAction\":[{\"@type\":\"ReadAction\",\"target\":[\"https:\/\/wear-iqoniq.com\/sv\/collection\/jackor\/iqoniq-maiko-damjacka-i-atervunnen-polyester-med-vaddering-svart\/\"]}]},{\"@type\":\"ImageObject\",\"inLanguage\":\"sv-SE\",\"@id\":\"https:\/\/wear-iqoniq.com\/sv\/collection\/jackor\/iqoniq-maiko-damjacka-i-atervunnen-polyester-med-vaddering-svart\/#primaryimage\",\"url\":\"https:\/\/wear-iqoniq.com\/wp-content\/uploads\/sites\/13\/2025\/08\/T4703.001.L__S_0__0b7ebb009ddb4e6cb420aa33fd6177c0.jpg\",\"contentUrl\":\"https:\/\/wear-iqoniq.com\/wp-content\/uploads\/sites\/13\/2025\/08\/T4703.001.L__S_0__0b7ebb009ddb4e6cb420aa33fd6177c0.jpg\",\"width\":1024,\"height\":1024},{\"@type\":\"BreadcrumbList\",\"@id\":\"https:\/\/wear-iqoniq.com\/sv\/collection\/jackor\/iqoniq-maiko-damjacka-i-atervunnen-polyester-med-vaddering-svart\/#breadcrumb\",\"itemListElement\":[{\"@type\":\"ListItem\",\"position\":1,\"name\":\"Home\",\"item\":\"https:\/\/wear-iqoniq.com\/sv\/\"},{\"@type\":\"ListItem\",\"position\":2,\"name\":\"Kollektion\",\"item\":\"https:\/\/wear-iqoniq.com\/sv\/kollektion\/\"},{\"@type\":\"ListItem\",\"position\":3,\"name\":\"Maiko damjacka i \u00e5tervunnen polyester med vaddering, svart\"}]},{\"@type\":\"WebSite\",\"@id\":\"https:\/\/wear-iqoniq.com\/sv\/#website\",\"url\":\"https:\/\/wear-iqoniq.com\/sv\/\",\"name\":\"Iqoniq\",\"description\":\"WEAR CHANGE\",\"potentialAction\":[{\"@type\":\"SearchAction\",\"target\":{\"@type\":\"EntryPoint\",\"urlTemplate\":\"https:\/\/wear-iqoniq.com\/sv\/?s={search_term_string}\"},\"query-input\":{\"@type\":\"PropertyValueSpecification\",\"valueRequired\":true,\"valueName\":\"search_term_string\"}}],\"inLanguage\":\"sv-SE\"}]}<\/script>\n<!-- \/ Yoast SEO plugin. -->","yoast_head_json":{"title":"Maiko damjacka i \u00e5tervunnen polyester med vaddering, svart - New Iqoniq","robots":{"index":"index","follow":"follow","max-snippet":"max-snippet:-1","max-image-preview":"max-image-preview:large","max-video-preview":"max-video-preview:-1"},"canonical":"https:\/\/wear-iqoniq.com\/sv\/collection\/jackor\/iqoniq-maiko-damjacka-i-atervunnen-polyester-med-vaddering-svart\/","og_locale":"sv_SE","og_type":"article","og_title":"Maiko damjacka i \u00e5tervunnen polyester med vaddering, svart - New Iqoniq","og_description":"Damjacka i medium passform med vaddering, tillverkad av 100 % \u00e5tervunnen polyester. Jackan \u00e4r helt quiltad med 100 % \u00e5tervunnen polyesterfyllning. Den har en omv\u00e4nd dragkedja fram och praktiska fickor med dragkedja i sidos\u00f6mmarna. Alla dragkedjor har extra dragtappar i matchande f\u00e4rg f\u00f6r en elegant look. \u00c4rmmuddar med res\u00e5r och alla s\u00f6mmar p\u00e5 insidan \u00e4r [&hellip;]","og_url":"https:\/\/wear-iqoniq.com\/sv\/collection\/jackor\/iqoniq-maiko-damjacka-i-atervunnen-polyester-med-vaddering-svart\/","og_site_name":"New Iqoniq","article_modified_time":"2026-04-20T01:50:16+00:00","og_image":[{"width":1024,"height":1024,"url":"https:\/\/wear-iqoniq.com\/wp-content\/uploads\/sites\/13\/2025\/08\/T4703.001.L__S_0__0b7ebb009ddb4e6cb420aa33fd6177c0.jpg","type":"image\/jpeg"}],"twitter_card":"summary_large_image","twitter_misc":{"Ber\u00e4knad l\u00e4stid":"1 minut"},"schema":{"@context":"https:\/\/schema.org","@graph":[{"@type":"WebPage","@id":"https:\/\/wear-iqoniq.com\/sv\/collection\/jackor\/iqoniq-maiko-damjacka-i-atervunnen-polyester-med-vaddering-svart\/","url":"https:\/\/wear-iqoniq.com\/sv\/collection\/jackor\/iqoniq-maiko-damjacka-i-atervunnen-polyester-med-vaddering-svart\/","name":"Maiko damjacka i \u00e5tervunnen polyester med vaddering, svart - New Iqoniq","isPartOf":{"@id":"https:\/\/wear-iqoniq.com\/sv\/#website"},"primaryImageOfPage":{"@id":"https:\/\/wear-iqoniq.com\/sv\/collection\/jackor\/iqoniq-maiko-damjacka-i-atervunnen-polyester-med-vaddering-svart\/#primaryimage"},"image":{"@id":"https:\/\/wear-iqoniq.com\/sv\/collection\/jackor\/iqoniq-maiko-damjacka-i-atervunnen-polyester-med-vaddering-svart\/#primaryimage"},"thumbnailUrl":"https:\/\/wear-iqoniq.com\/wp-content\/uploads\/sites\/13\/2025\/08\/T4703.001.L__S_0__0b7ebb009ddb4e6cb420aa33fd6177c0.jpg","datePublished":"2025-10-07T11:47:44+00:00","dateModified":"2026-04-20T01:50:16+00:00","breadcrumb":{"@id":"https:\/\/wear-iqoniq.com\/sv\/collection\/jackor\/iqoniq-maiko-damjacka-i-atervunnen-polyester-med-vaddering-svart\/#breadcrumb"},"inLanguage":"sv-SE","potentialAction":[{"@type":"ReadAction","target":["https:\/\/wear-iqoniq.com\/sv\/collection\/jackor\/iqoniq-maiko-damjacka-i-atervunnen-polyester-med-vaddering-svart\/"]}]},{"@type":"ImageObject","inLanguage":"sv-SE","@id":"https:\/\/wear-iqoniq.com\/sv\/collection\/jackor\/iqoniq-maiko-damjacka-i-atervunnen-polyester-med-vaddering-svart\/#primaryimage","url":"https:\/\/wear-iqoniq.com\/wp-content\/uploads\/sites\/13\/2025\/08\/T4703.001.L__S_0__0b7ebb009ddb4e6cb420aa33fd6177c0.jpg","contentUrl":"https:\/\/wear-iqoniq.com\/wp-content\/uploads\/sites\/13\/2025\/08\/T4703.001.L__S_0__0b7ebb009ddb4e6cb420aa33fd6177c0.jpg","width":1024,"height":1024},{"@type":"BreadcrumbList","@id":"https:\/\/wear-iqoniq.com\/sv\/collection\/jackor\/iqoniq-maiko-damjacka-i-atervunnen-polyester-med-vaddering-svart\/#breadcrumb","itemListElement":[{"@type":"ListItem","position":1,"name":"Home","item":"https:\/\/wear-iqoniq.com\/sv\/"},{"@type":"ListItem","position":2,"name":"Kollektion","item":"https:\/\/wear-iqoniq.com\/sv\/kollektion\/"},{"@type":"ListItem","position":3,"name":"Maiko damjacka i \u00e5tervunnen polyester med vaddering, svart"}]},{"@type":"WebSite","@id":"https:\/\/wear-iqoniq.com\/sv\/#website","url":"https:\/\/wear-iqoniq.com\/sv\/","name":"Iqoniq","description":"WEAR CHANGE","potentialAction":[{"@type":"SearchAction","target":{"@type":"EntryPoint","urlTemplate":"https:\/\/wear-iqoniq.com\/sv\/?s={search_term_string}"},"query-input":{"@type":"PropertyValueSpecification","valueRequired":true,"valueName":"search_term_string"}}],"inLanguage":"sv-SE"}]}},"_links":{"self":[{"href":"https:\/\/wear-iqoniq.com\/sv\/wp-json\/wp\/v2\/product\/323084","targetHints":{"allow":["GET"]}}],"collection":[{"href":"https:\/\/wear-iqoniq.com\/sv\/wp-json\/wp\/v2\/product"}],"about":[{"href":"https:\/\/wear-iqoniq.com\/sv\/wp-json\/wp\/v2\/types\/product"}],"wp:featuredmedia":[{"embeddable":true,"href":"https:\/\/wear-iqoniq.com\/sv\/wp-json\/wp\/v2\/media\/323237"}],"wp:attachment":[{"href":"https:\/\/wear-iqoniq.com\/sv\/wp-json\/wp\/v2\/media?parent=323084"}],"wp:term":[{"taxonomy":"product_cat","embeddable":true,"href":"https:\/\/wear-iqoniq.com\/sv\/wp-json\/wp\/v2\/product_cat?post=323084"},{"taxonomy":"product_tag","embeddable":true,"href":"https:\/\/wear-iqoniq.com\/sv\/wp-json\/wp\/v2\/product_tag?post=323084"}],"curies":[{"name":"wp","href":"https:\/\/api.w.org\/{rel}","templated":true}]}}