{"id":281180,"date":"2025-10-07T13:53:37","date_gmt":"2025-10-07T11:53:37","guid":{"rendered":"https:\/\/xdsomename.tempurl.host\/iqoniq\/collection\/okategoriserad\/iqoniq-rila-lattvikt-hoodie-i-atervunnen-bomull-gul\/"},"modified":"2026-04-06T04:08:25","modified_gmt":"2026-04-06T02:08:25","slug":"iqoniq-rila-lattvikt-hoodie-i-atervunnen-bomull-gul","status":"publish","type":"product","link":"https:\/\/wear-iqoniq.com\/sv\/collection\/trojor\/iqoniq-rila-lattvikt-hoodie-i-atervunnen-bomull-gul\/","title":{"rendered":"Rila l\u00e4ttvikt hoodie i \u00e5tervunnen bomull, gul"},"content":{"rendered":"<p>Unisex hoodie modern fit tillverkad av 100% bomull, varav 70% ekologisk och 30% \u00e5tervunnen, 280 G\/M\u00b2. Tr\u00f6jan har en huva i dubbla lager, l\u00e5nga \u00e4rmar och 1&#215;1 ribb i \u00e4rmslut och nederkant. Insidan \u00e4r i mjuk borstad fleece f\u00f6r extra komfort. Anv\u00e4ndningen av \u00e4kta \u00e5tervunnet och ekologiskt material samt p\u00e5st\u00e5enden om milj\u00f6p\u00e5verkan garanteras med hj\u00e4lp av AWARE\u2122, en  fysisk sp\u00e5rare och blockkedjeteknik. Genom att skanna QR-koden f\u00e5r du tillg\u00e5ng till ett s\u00e4rskilt digitalt produktpass. 2% av int\u00e4kterna fr\u00e5n varje s\u00e5ld produkt kommer att doneras till Water.org. Denna produkt \u00e4r certifierad enligt OEKO-TEX\u00ae STANDARD 100 Centexbel. P\u00e5 grund av \u00e5tervunna garner kan orenheter och f\u00e4rgvariationer f\u00f6rekomma.<\/p>\n","protected":false},"excerpt":{"rendered":"<p>Unisex hoodie modern fit tillverkad av 100% bomull, varav 70% ekologisk och 30% \u00e5tervunnen, 280 G\/M\u00b2. Tr\u00f6jan har en huva i dubbla lager, l\u00e5nga \u00e4rmar och 1&#215;1 ribb i \u00e4rmslut och nederkant. Insidan \u00e4r i mjuk borstad fleece f\u00f6r extra komfort. Anv\u00e4ndningen av \u00e4kta \u00e5tervunnet och ekologiskt material samt p\u00e5st\u00e5enden om milj\u00f6p\u00e5verkan garanteras med hj\u00e4lp [&hellip;]<\/p>\n","protected":false},"featured_media":320045,"template":"","meta":{"_acf_changed":false},"product_cat":[142],"product_tag":[],"class_list":["post-281180","product","type-product","status-publish","has-post-thumbnail","hentry","product_cat-trojor","pa_color-yellow","pa_fabric-type-borsted-sweat","pa_fit-modern-fit","pa_gender-unisex","pa_materials-70-30re-cotton-7","pa_weight-280-gsm"],"acf":[],"yoast_head":"<!-- This site is optimized with the Yoast SEO plugin v27.0 - https:\/\/yoast.com\/product\/yoast-seo-wordpress\/ -->\n<title>Rila l\u00e4ttvikt hoodie i \u00e5tervunnen bomull, gul - New Iqoniq<\/title>\n<meta name=\"robots\" content=\"index, follow, max-snippet:-1, max-image-preview:large, max-video-preview:-1\" \/>\n<link rel=\"canonical\" href=\"https:\/\/wear-iqoniq.com\/sv\/collection\/trojor\/iqoniq-rila-lattvikt-hoodie-i-atervunnen-bomull-gul\/\" \/>\n<meta property=\"og:locale\" content=\"sv_SE\" \/>\n<meta property=\"og:type\" content=\"article\" \/>\n<meta property=\"og:title\" content=\"Rila l\u00e4ttvikt hoodie i \u00e5tervunnen bomull, gul - New Iqoniq\" \/>\n<meta property=\"og:description\" content=\"Unisex hoodie modern fit tillverkad av 100% bomull, varav 70% ekologisk och 30% \u00e5tervunnen, 280 G\/M\u00b2. Tr\u00f6jan har en huva i dubbla lager, l\u00e5nga \u00e4rmar och 1&#215;1 ribb i \u00e4rmslut och nederkant. Insidan \u00e4r i mjuk borstad fleece f\u00f6r extra komfort. Anv\u00e4ndningen av \u00e4kta \u00e5tervunnet och ekologiskt material samt p\u00e5st\u00e5enden om milj\u00f6p\u00e5verkan garanteras med hj\u00e4lp [&hellip;]\" \/>\n<meta property=\"og:url\" content=\"https:\/\/wear-iqoniq.com\/sv\/collection\/trojor\/iqoniq-rila-lattvikt-hoodie-i-atervunnen-bomull-gul\/\" \/>\n<meta property=\"og:site_name\" content=\"New Iqoniq\" \/>\n<meta property=\"article:modified_time\" content=\"2026-04-06T02:08:25+00:00\" \/>\n<meta property=\"og:image\" content=\"https:\/\/wear-iqoniq.com\/wp-content\/uploads\/sites\/13\/2025\/04\/T9404.045.L__S_0__fdb498078acd49839c652e6433d1250e.jpg\" \/>\n\t<meta property=\"og:image:width\" content=\"1024\" \/>\n\t<meta property=\"og:image:height\" content=\"1024\" \/>\n\t<meta property=\"og:image:type\" content=\"image\/jpeg\" \/>\n<meta name=\"twitter:card\" content=\"summary_large_image\" \/>\n<meta name=\"twitter:label1\" content=\"Ber\u00e4knad l\u00e4stid\" \/>\n\t<meta name=\"twitter:data1\" content=\"1 minut\" \/>\n<script type=\"application\/ld+json\" class=\"yoast-schema-graph\">{\"@context\":\"https:\/\/schema.org\",\"@graph\":[{\"@type\":\"WebPage\",\"@id\":\"https:\/\/wear-iqoniq.com\/sv\/collection\/trojor\/iqoniq-rila-lattvikt-hoodie-i-atervunnen-bomull-gul\/\",\"url\":\"https:\/\/wear-iqoniq.com\/sv\/collection\/trojor\/iqoniq-rila-lattvikt-hoodie-i-atervunnen-bomull-gul\/\",\"name\":\"Rila l\u00e4ttvikt hoodie i \u00e5tervunnen bomull, gul - New Iqoniq\",\"isPartOf\":{\"@id\":\"https:\/\/wear-iqoniq.com\/sv\/#website\"},\"primaryImageOfPage\":{\"@id\":\"https:\/\/wear-iqoniq.com\/sv\/collection\/trojor\/iqoniq-rila-lattvikt-hoodie-i-atervunnen-bomull-gul\/#primaryimage\"},\"image\":{\"@id\":\"https:\/\/wear-iqoniq.com\/sv\/collection\/trojor\/iqoniq-rila-lattvikt-hoodie-i-atervunnen-bomull-gul\/#primaryimage\"},\"thumbnailUrl\":\"https:\/\/wear-iqoniq.com\/wp-content\/uploads\/sites\/13\/2025\/04\/T9404.045.L__S_0__fdb498078acd49839c652e6433d1250e.jpg\",\"datePublished\":\"2025-10-07T11:53:37+00:00\",\"dateModified\":\"2026-04-06T02:08:25+00:00\",\"breadcrumb\":{\"@id\":\"https:\/\/wear-iqoniq.com\/sv\/collection\/trojor\/iqoniq-rila-lattvikt-hoodie-i-atervunnen-bomull-gul\/#breadcrumb\"},\"inLanguage\":\"sv-SE\",\"potentialAction\":[{\"@type\":\"ReadAction\",\"target\":[\"https:\/\/wear-iqoniq.com\/sv\/collection\/trojor\/iqoniq-rila-lattvikt-hoodie-i-atervunnen-bomull-gul\/\"]}]},{\"@type\":\"ImageObject\",\"inLanguage\":\"sv-SE\",\"@id\":\"https:\/\/wear-iqoniq.com\/sv\/collection\/trojor\/iqoniq-rila-lattvikt-hoodie-i-atervunnen-bomull-gul\/#primaryimage\",\"url\":\"https:\/\/wear-iqoniq.com\/wp-content\/uploads\/sites\/13\/2025\/04\/T9404.045.L__S_0__fdb498078acd49839c652e6433d1250e.jpg\",\"contentUrl\":\"https:\/\/wear-iqoniq.com\/wp-content\/uploads\/sites\/13\/2025\/04\/T9404.045.L__S_0__fdb498078acd49839c652e6433d1250e.jpg\",\"width\":1024,\"height\":1024},{\"@type\":\"BreadcrumbList\",\"@id\":\"https:\/\/wear-iqoniq.com\/sv\/collection\/trojor\/iqoniq-rila-lattvikt-hoodie-i-atervunnen-bomull-gul\/#breadcrumb\",\"itemListElement\":[{\"@type\":\"ListItem\",\"position\":1,\"name\":\"Home\",\"item\":\"https:\/\/wear-iqoniq.com\/sv\/\"},{\"@type\":\"ListItem\",\"position\":2,\"name\":\"Kollektion\",\"item\":\"https:\/\/wear-iqoniq.com\/sv\/kollektion\/\"},{\"@type\":\"ListItem\",\"position\":3,\"name\":\"Rila l\u00e4ttvikt hoodie i \u00e5tervunnen bomull, gul\"}]},{\"@type\":\"WebSite\",\"@id\":\"https:\/\/wear-iqoniq.com\/sv\/#website\",\"url\":\"https:\/\/wear-iqoniq.com\/sv\/\",\"name\":\"Iqoniq\",\"description\":\"WEAR CHANGE\",\"potentialAction\":[{\"@type\":\"SearchAction\",\"target\":{\"@type\":\"EntryPoint\",\"urlTemplate\":\"https:\/\/wear-iqoniq.com\/sv\/?s={search_term_string}\"},\"query-input\":{\"@type\":\"PropertyValueSpecification\",\"valueRequired\":true,\"valueName\":\"search_term_string\"}}],\"inLanguage\":\"sv-SE\"}]}<\/script>\n<!-- \/ Yoast SEO plugin. -->","yoast_head_json":{"title":"Rila l\u00e4ttvikt hoodie i \u00e5tervunnen bomull, gul - New Iqoniq","robots":{"index":"index","follow":"follow","max-snippet":"max-snippet:-1","max-image-preview":"max-image-preview:large","max-video-preview":"max-video-preview:-1"},"canonical":"https:\/\/wear-iqoniq.com\/sv\/collection\/trojor\/iqoniq-rila-lattvikt-hoodie-i-atervunnen-bomull-gul\/","og_locale":"sv_SE","og_type":"article","og_title":"Rila l\u00e4ttvikt hoodie i \u00e5tervunnen bomull, gul - New Iqoniq","og_description":"Unisex hoodie modern fit tillverkad av 100% bomull, varav 70% ekologisk och 30% \u00e5tervunnen, 280 G\/M\u00b2. Tr\u00f6jan har en huva i dubbla lager, l\u00e5nga \u00e4rmar och 1&#215;1 ribb i \u00e4rmslut och nederkant. Insidan \u00e4r i mjuk borstad fleece f\u00f6r extra komfort. Anv\u00e4ndningen av \u00e4kta \u00e5tervunnet och ekologiskt material samt p\u00e5st\u00e5enden om milj\u00f6p\u00e5verkan garanteras med hj\u00e4lp [&hellip;]","og_url":"https:\/\/wear-iqoniq.com\/sv\/collection\/trojor\/iqoniq-rila-lattvikt-hoodie-i-atervunnen-bomull-gul\/","og_site_name":"New Iqoniq","article_modified_time":"2026-04-06T02:08:25+00:00","og_image":[{"width":1024,"height":1024,"url":"https:\/\/wear-iqoniq.com\/wp-content\/uploads\/sites\/13\/2025\/04\/T9404.045.L__S_0__fdb498078acd49839c652e6433d1250e.jpg","type":"image\/jpeg"}],"twitter_card":"summary_large_image","twitter_misc":{"Ber\u00e4knad l\u00e4stid":"1 minut"},"schema":{"@context":"https:\/\/schema.org","@graph":[{"@type":"WebPage","@id":"https:\/\/wear-iqoniq.com\/sv\/collection\/trojor\/iqoniq-rila-lattvikt-hoodie-i-atervunnen-bomull-gul\/","url":"https:\/\/wear-iqoniq.com\/sv\/collection\/trojor\/iqoniq-rila-lattvikt-hoodie-i-atervunnen-bomull-gul\/","name":"Rila l\u00e4ttvikt hoodie i \u00e5tervunnen bomull, gul - New Iqoniq","isPartOf":{"@id":"https:\/\/wear-iqoniq.com\/sv\/#website"},"primaryImageOfPage":{"@id":"https:\/\/wear-iqoniq.com\/sv\/collection\/trojor\/iqoniq-rila-lattvikt-hoodie-i-atervunnen-bomull-gul\/#primaryimage"},"image":{"@id":"https:\/\/wear-iqoniq.com\/sv\/collection\/trojor\/iqoniq-rila-lattvikt-hoodie-i-atervunnen-bomull-gul\/#primaryimage"},"thumbnailUrl":"https:\/\/wear-iqoniq.com\/wp-content\/uploads\/sites\/13\/2025\/04\/T9404.045.L__S_0__fdb498078acd49839c652e6433d1250e.jpg","datePublished":"2025-10-07T11:53:37+00:00","dateModified":"2026-04-06T02:08:25+00:00","breadcrumb":{"@id":"https:\/\/wear-iqoniq.com\/sv\/collection\/trojor\/iqoniq-rila-lattvikt-hoodie-i-atervunnen-bomull-gul\/#breadcrumb"},"inLanguage":"sv-SE","potentialAction":[{"@type":"ReadAction","target":["https:\/\/wear-iqoniq.com\/sv\/collection\/trojor\/iqoniq-rila-lattvikt-hoodie-i-atervunnen-bomull-gul\/"]}]},{"@type":"ImageObject","inLanguage":"sv-SE","@id":"https:\/\/wear-iqoniq.com\/sv\/collection\/trojor\/iqoniq-rila-lattvikt-hoodie-i-atervunnen-bomull-gul\/#primaryimage","url":"https:\/\/wear-iqoniq.com\/wp-content\/uploads\/sites\/13\/2025\/04\/T9404.045.L__S_0__fdb498078acd49839c652e6433d1250e.jpg","contentUrl":"https:\/\/wear-iqoniq.com\/wp-content\/uploads\/sites\/13\/2025\/04\/T9404.045.L__S_0__fdb498078acd49839c652e6433d1250e.jpg","width":1024,"height":1024},{"@type":"BreadcrumbList","@id":"https:\/\/wear-iqoniq.com\/sv\/collection\/trojor\/iqoniq-rila-lattvikt-hoodie-i-atervunnen-bomull-gul\/#breadcrumb","itemListElement":[{"@type":"ListItem","position":1,"name":"Home","item":"https:\/\/wear-iqoniq.com\/sv\/"},{"@type":"ListItem","position":2,"name":"Kollektion","item":"https:\/\/wear-iqoniq.com\/sv\/kollektion\/"},{"@type":"ListItem","position":3,"name":"Rila l\u00e4ttvikt hoodie i \u00e5tervunnen bomull, gul"}]},{"@type":"WebSite","@id":"https:\/\/wear-iqoniq.com\/sv\/#website","url":"https:\/\/wear-iqoniq.com\/sv\/","name":"Iqoniq","description":"WEAR CHANGE","potentialAction":[{"@type":"SearchAction","target":{"@type":"EntryPoint","urlTemplate":"https:\/\/wear-iqoniq.com\/sv\/?s={search_term_string}"},"query-input":{"@type":"PropertyValueSpecification","valueRequired":true,"valueName":"search_term_string"}}],"inLanguage":"sv-SE"}]}},"_links":{"self":[{"href":"https:\/\/wear-iqoniq.com\/sv\/wp-json\/wp\/v2\/product\/281180","targetHints":{"allow":["GET"]}}],"collection":[{"href":"https:\/\/wear-iqoniq.com\/sv\/wp-json\/wp\/v2\/product"}],"about":[{"href":"https:\/\/wear-iqoniq.com\/sv\/wp-json\/wp\/v2\/types\/product"}],"wp:featuredmedia":[{"embeddable":true,"href":"https:\/\/wear-iqoniq.com\/sv\/wp-json\/wp\/v2\/media\/320045"}],"wp:attachment":[{"href":"https:\/\/wear-iqoniq.com\/sv\/wp-json\/wp\/v2\/media?parent=281180"}],"wp:term":[{"taxonomy":"product_cat","embeddable":true,"href":"https:\/\/wear-iqoniq.com\/sv\/wp-json\/wp\/v2\/product_cat?post=281180"},{"taxonomy":"product_tag","embeddable":true,"href":"https:\/\/wear-iqoniq.com\/sv\/wp-json\/wp\/v2\/product_tag?post=281180"}],"curies":[{"name":"wp","href":"https:\/\/api.w.org\/{rel}","templated":true}]}}