{"id":225233,"date":"2025-10-07T13:49:41","date_gmt":"2025-10-07T11:49:41","guid":{"rendered":"https:\/\/xdsomename.tempurl.host\/iqoniq\/collection\/okategoriserad\/iqoniq-teide-t-shirt-i-atervunnen-bomull-natural-raw\/"},"modified":"2026-04-15T03:55:48","modified_gmt":"2026-04-15T01:55:48","slug":"iqoniq-teide-t-shirt-i-atervunnen-bomull-natural-raw","status":"publish","type":"product","link":"https:\/\/wear-iqoniq.com\/sv\/collection\/t-shirts-sv\/iqoniq-teide-t-shirt-i-atervunnen-bomull-natural-raw\/","title":{"rendered":"Teide t-shirt i \u00e5tervunnen bomull, natural raw"},"content":{"rendered":"<p>Unisex t-shirt i boxy fit tillverkad av 100% bomull, varav 50% \u00e5tervunnen och 50% ekologisk, 180 G\/M\u00b2. Denna trendiga t-shirt har en halsringning med 1&#215;1 ribb och en bekv\u00e4m boxig passform med en n\u00e5got kortare kroppsl\u00e4ngd. Anv\u00e4ndningen av \u00e4kta \u00e5tervunna och ekologiska tygmaterial och p\u00e5st\u00e5enden om milj\u00f6p\u00e5verkan garanteras med hj\u00e4lp av AWARE\u2122:s banbrytande fysiska sp\u00e5rare och blockkedjeteknik. Genom att skanna QR-koden f\u00e5r du tillg\u00e5ng till ett s\u00e4rskilt digitalt pass f\u00f6r produkten. 2% av int\u00e4kterna fr\u00e5n varje s\u00e5ld produkt kommer att doneras till Water.org. Denna produkt \u00e4r certifierad enligt OEKO-TEX\u00ae STANDARD 100 Centexbel. P\u00e5 grund av \u00e5tervunna garner kan orenheter och f\u00e4rgvariationer f\u00f6rekomma.<\/p>\n","protected":false},"excerpt":{"rendered":"<p>Unisex t-shirt i boxy fit tillverkad av 100% bomull, varav 50% \u00e5tervunnen och 50% ekologisk, 180 G\/M\u00b2. Denna trendiga t-shirt har en halsringning med 1&#215;1 ribb och en bekv\u00e4m boxig passform med en n\u00e5got kortare kroppsl\u00e4ngd. Anv\u00e4ndningen av \u00e4kta \u00e5tervunna och ekologiska tygmaterial och p\u00e5st\u00e5enden om milj\u00f6p\u00e5verkan garanteras med hj\u00e4lp av AWARE\u2122:s banbrytande fysiska sp\u00e5rare [&hellip;]<\/p>\n","protected":false},"featured_media":318785,"template":"","meta":{"_acf_changed":false},"product_cat":[146],"product_tag":[],"class_list":["post-225233","product","type-product","status-publish","has-post-thumbnail","hentry","product_cat-t-shirts-sv","pa_color-naturalraw","pa_fabric-type-single-jersey","pa_fit-boxy-fit","pa_gender-unisex","pa_materials-50-50re-cotton-7","pa_weight-180-gsm"],"acf":[],"yoast_head":"<!-- This site is optimized with the Yoast SEO plugin v27.0 - https:\/\/yoast.com\/product\/yoast-seo-wordpress\/ -->\n<title>Teide t-shirt i \u00e5tervunnen bomull, natural raw - New Iqoniq<\/title>\n<meta name=\"robots\" content=\"index, follow, max-snippet:-1, max-image-preview:large, max-video-preview:-1\" \/>\n<link rel=\"canonical\" href=\"https:\/\/wear-iqoniq.com\/sv\/collection\/t-shirts-sv\/iqoniq-teide-t-shirt-i-atervunnen-bomull-natural-raw\/\" \/>\n<meta property=\"og:locale\" content=\"sv_SE\" \/>\n<meta property=\"og:type\" content=\"article\" \/>\n<meta property=\"og:title\" content=\"Teide t-shirt i \u00e5tervunnen bomull, natural raw - New Iqoniq\" \/>\n<meta property=\"og:description\" content=\"Unisex t-shirt i boxy fit tillverkad av 100% bomull, varav 50% \u00e5tervunnen och 50% ekologisk, 180 G\/M\u00b2. Denna trendiga t-shirt har en halsringning med 1&#215;1 ribb och en bekv\u00e4m boxig passform med en n\u00e5got kortare kroppsl\u00e4ngd. Anv\u00e4ndningen av \u00e4kta \u00e5tervunna och ekologiska tygmaterial och p\u00e5st\u00e5enden om milj\u00f6p\u00e5verkan garanteras med hj\u00e4lp av AWARE\u2122:s banbrytande fysiska sp\u00e5rare [&hellip;]\" \/>\n<meta property=\"og:url\" content=\"https:\/\/wear-iqoniq.com\/sv\/collection\/t-shirts-sv\/iqoniq-teide-t-shirt-i-atervunnen-bomull-natural-raw\/\" \/>\n<meta property=\"og:site_name\" content=\"New Iqoniq\" \/>\n<meta property=\"article:modified_time\" content=\"2026-04-15T01:55:48+00:00\" \/>\n<meta property=\"og:image\" content=\"https:\/\/wear-iqoniq.com\/wp-content\/uploads\/sites\/13\/2025\/04\/T9105.018.L__S_0__d7aff4c054464bc0952ede3f18a23419.jpg\" \/>\n\t<meta property=\"og:image:width\" content=\"1024\" \/>\n\t<meta property=\"og:image:height\" content=\"1024\" \/>\n\t<meta property=\"og:image:type\" content=\"image\/jpeg\" \/>\n<meta name=\"twitter:card\" content=\"summary_large_image\" \/>\n<meta name=\"twitter:label1\" content=\"Ber\u00e4knad l\u00e4stid\" \/>\n\t<meta name=\"twitter:data1\" content=\"1 minut\" \/>\n<script type=\"application\/ld+json\" class=\"yoast-schema-graph\">{\"@context\":\"https:\/\/schema.org\",\"@graph\":[{\"@type\":\"WebPage\",\"@id\":\"https:\/\/wear-iqoniq.com\/sv\/collection\/t-shirts-sv\/iqoniq-teide-t-shirt-i-atervunnen-bomull-natural-raw\/\",\"url\":\"https:\/\/wear-iqoniq.com\/sv\/collection\/t-shirts-sv\/iqoniq-teide-t-shirt-i-atervunnen-bomull-natural-raw\/\",\"name\":\"Teide t-shirt i \u00e5tervunnen bomull, natural raw - New Iqoniq\",\"isPartOf\":{\"@id\":\"https:\/\/wear-iqoniq.com\/sv\/#website\"},\"primaryImageOfPage\":{\"@id\":\"https:\/\/wear-iqoniq.com\/sv\/collection\/t-shirts-sv\/iqoniq-teide-t-shirt-i-atervunnen-bomull-natural-raw\/#primaryimage\"},\"image\":{\"@id\":\"https:\/\/wear-iqoniq.com\/sv\/collection\/t-shirts-sv\/iqoniq-teide-t-shirt-i-atervunnen-bomull-natural-raw\/#primaryimage\"},\"thumbnailUrl\":\"https:\/\/wear-iqoniq.com\/wp-content\/uploads\/sites\/13\/2025\/04\/T9105.018.L__S_0__d7aff4c054464bc0952ede3f18a23419.jpg\",\"datePublished\":\"2025-10-07T11:49:41+00:00\",\"dateModified\":\"2026-04-15T01:55:48+00:00\",\"breadcrumb\":{\"@id\":\"https:\/\/wear-iqoniq.com\/sv\/collection\/t-shirts-sv\/iqoniq-teide-t-shirt-i-atervunnen-bomull-natural-raw\/#breadcrumb\"},\"inLanguage\":\"sv-SE\",\"potentialAction\":[{\"@type\":\"ReadAction\",\"target\":[\"https:\/\/wear-iqoniq.com\/sv\/collection\/t-shirts-sv\/iqoniq-teide-t-shirt-i-atervunnen-bomull-natural-raw\/\"]}]},{\"@type\":\"ImageObject\",\"inLanguage\":\"sv-SE\",\"@id\":\"https:\/\/wear-iqoniq.com\/sv\/collection\/t-shirts-sv\/iqoniq-teide-t-shirt-i-atervunnen-bomull-natural-raw\/#primaryimage\",\"url\":\"https:\/\/wear-iqoniq.com\/wp-content\/uploads\/sites\/13\/2025\/04\/T9105.018.L__S_0__d7aff4c054464bc0952ede3f18a23419.jpg\",\"contentUrl\":\"https:\/\/wear-iqoniq.com\/wp-content\/uploads\/sites\/13\/2025\/04\/T9105.018.L__S_0__d7aff4c054464bc0952ede3f18a23419.jpg\",\"width\":1024,\"height\":1024},{\"@type\":\"BreadcrumbList\",\"@id\":\"https:\/\/wear-iqoniq.com\/sv\/collection\/t-shirts-sv\/iqoniq-teide-t-shirt-i-atervunnen-bomull-natural-raw\/#breadcrumb\",\"itemListElement\":[{\"@type\":\"ListItem\",\"position\":1,\"name\":\"Home\",\"item\":\"https:\/\/wear-iqoniq.com\/sv\/\"},{\"@type\":\"ListItem\",\"position\":2,\"name\":\"Kollektion\",\"item\":\"https:\/\/wear-iqoniq.com\/sv\/kollektion\/\"},{\"@type\":\"ListItem\",\"position\":3,\"name\":\"Teide t-shirt i \u00e5tervunnen bomull, natural raw\"}]},{\"@type\":\"WebSite\",\"@id\":\"https:\/\/wear-iqoniq.com\/sv\/#website\",\"url\":\"https:\/\/wear-iqoniq.com\/sv\/\",\"name\":\"Iqoniq\",\"description\":\"WEAR CHANGE\",\"potentialAction\":[{\"@type\":\"SearchAction\",\"target\":{\"@type\":\"EntryPoint\",\"urlTemplate\":\"https:\/\/wear-iqoniq.com\/sv\/?s={search_term_string}\"},\"query-input\":{\"@type\":\"PropertyValueSpecification\",\"valueRequired\":true,\"valueName\":\"search_term_string\"}}],\"inLanguage\":\"sv-SE\"}]}<\/script>\n<!-- \/ Yoast SEO plugin. -->","yoast_head_json":{"title":"Teide t-shirt i \u00e5tervunnen bomull, natural raw - New Iqoniq","robots":{"index":"index","follow":"follow","max-snippet":"max-snippet:-1","max-image-preview":"max-image-preview:large","max-video-preview":"max-video-preview:-1"},"canonical":"https:\/\/wear-iqoniq.com\/sv\/collection\/t-shirts-sv\/iqoniq-teide-t-shirt-i-atervunnen-bomull-natural-raw\/","og_locale":"sv_SE","og_type":"article","og_title":"Teide t-shirt i \u00e5tervunnen bomull, natural raw - New Iqoniq","og_description":"Unisex t-shirt i boxy fit tillverkad av 100% bomull, varav 50% \u00e5tervunnen och 50% ekologisk, 180 G\/M\u00b2. Denna trendiga t-shirt har en halsringning med 1&#215;1 ribb och en bekv\u00e4m boxig passform med en n\u00e5got kortare kroppsl\u00e4ngd. Anv\u00e4ndningen av \u00e4kta \u00e5tervunna och ekologiska tygmaterial och p\u00e5st\u00e5enden om milj\u00f6p\u00e5verkan garanteras med hj\u00e4lp av AWARE\u2122:s banbrytande fysiska sp\u00e5rare [&hellip;]","og_url":"https:\/\/wear-iqoniq.com\/sv\/collection\/t-shirts-sv\/iqoniq-teide-t-shirt-i-atervunnen-bomull-natural-raw\/","og_site_name":"New Iqoniq","article_modified_time":"2026-04-15T01:55:48+00:00","og_image":[{"width":1024,"height":1024,"url":"https:\/\/wear-iqoniq.com\/wp-content\/uploads\/sites\/13\/2025\/04\/T9105.018.L__S_0__d7aff4c054464bc0952ede3f18a23419.jpg","type":"image\/jpeg"}],"twitter_card":"summary_large_image","twitter_misc":{"Ber\u00e4knad l\u00e4stid":"1 minut"},"schema":{"@context":"https:\/\/schema.org","@graph":[{"@type":"WebPage","@id":"https:\/\/wear-iqoniq.com\/sv\/collection\/t-shirts-sv\/iqoniq-teide-t-shirt-i-atervunnen-bomull-natural-raw\/","url":"https:\/\/wear-iqoniq.com\/sv\/collection\/t-shirts-sv\/iqoniq-teide-t-shirt-i-atervunnen-bomull-natural-raw\/","name":"Teide t-shirt i \u00e5tervunnen bomull, natural raw - New Iqoniq","isPartOf":{"@id":"https:\/\/wear-iqoniq.com\/sv\/#website"},"primaryImageOfPage":{"@id":"https:\/\/wear-iqoniq.com\/sv\/collection\/t-shirts-sv\/iqoniq-teide-t-shirt-i-atervunnen-bomull-natural-raw\/#primaryimage"},"image":{"@id":"https:\/\/wear-iqoniq.com\/sv\/collection\/t-shirts-sv\/iqoniq-teide-t-shirt-i-atervunnen-bomull-natural-raw\/#primaryimage"},"thumbnailUrl":"https:\/\/wear-iqoniq.com\/wp-content\/uploads\/sites\/13\/2025\/04\/T9105.018.L__S_0__d7aff4c054464bc0952ede3f18a23419.jpg","datePublished":"2025-10-07T11:49:41+00:00","dateModified":"2026-04-15T01:55:48+00:00","breadcrumb":{"@id":"https:\/\/wear-iqoniq.com\/sv\/collection\/t-shirts-sv\/iqoniq-teide-t-shirt-i-atervunnen-bomull-natural-raw\/#breadcrumb"},"inLanguage":"sv-SE","potentialAction":[{"@type":"ReadAction","target":["https:\/\/wear-iqoniq.com\/sv\/collection\/t-shirts-sv\/iqoniq-teide-t-shirt-i-atervunnen-bomull-natural-raw\/"]}]},{"@type":"ImageObject","inLanguage":"sv-SE","@id":"https:\/\/wear-iqoniq.com\/sv\/collection\/t-shirts-sv\/iqoniq-teide-t-shirt-i-atervunnen-bomull-natural-raw\/#primaryimage","url":"https:\/\/wear-iqoniq.com\/wp-content\/uploads\/sites\/13\/2025\/04\/T9105.018.L__S_0__d7aff4c054464bc0952ede3f18a23419.jpg","contentUrl":"https:\/\/wear-iqoniq.com\/wp-content\/uploads\/sites\/13\/2025\/04\/T9105.018.L__S_0__d7aff4c054464bc0952ede3f18a23419.jpg","width":1024,"height":1024},{"@type":"BreadcrumbList","@id":"https:\/\/wear-iqoniq.com\/sv\/collection\/t-shirts-sv\/iqoniq-teide-t-shirt-i-atervunnen-bomull-natural-raw\/#breadcrumb","itemListElement":[{"@type":"ListItem","position":1,"name":"Home","item":"https:\/\/wear-iqoniq.com\/sv\/"},{"@type":"ListItem","position":2,"name":"Kollektion","item":"https:\/\/wear-iqoniq.com\/sv\/kollektion\/"},{"@type":"ListItem","position":3,"name":"Teide t-shirt i \u00e5tervunnen bomull, natural raw"}]},{"@type":"WebSite","@id":"https:\/\/wear-iqoniq.com\/sv\/#website","url":"https:\/\/wear-iqoniq.com\/sv\/","name":"Iqoniq","description":"WEAR CHANGE","potentialAction":[{"@type":"SearchAction","target":{"@type":"EntryPoint","urlTemplate":"https:\/\/wear-iqoniq.com\/sv\/?s={search_term_string}"},"query-input":{"@type":"PropertyValueSpecification","valueRequired":true,"valueName":"search_term_string"}}],"inLanguage":"sv-SE"}]}},"_links":{"self":[{"href":"https:\/\/wear-iqoniq.com\/sv\/wp-json\/wp\/v2\/product\/225233","targetHints":{"allow":["GET"]}}],"collection":[{"href":"https:\/\/wear-iqoniq.com\/sv\/wp-json\/wp\/v2\/product"}],"about":[{"href":"https:\/\/wear-iqoniq.com\/sv\/wp-json\/wp\/v2\/types\/product"}],"wp:featuredmedia":[{"embeddable":true,"href":"https:\/\/wear-iqoniq.com\/sv\/wp-json\/wp\/v2\/media\/318785"}],"wp:attachment":[{"href":"https:\/\/wear-iqoniq.com\/sv\/wp-json\/wp\/v2\/media?parent=225233"}],"wp:term":[{"taxonomy":"product_cat","embeddable":true,"href":"https:\/\/wear-iqoniq.com\/sv\/wp-json\/wp\/v2\/product_cat?post=225233"},{"taxonomy":"product_tag","embeddable":true,"href":"https:\/\/wear-iqoniq.com\/sv\/wp-json\/wp\/v2\/product_tag?post=225233"}],"curies":[{"name":"wp","href":"https:\/\/api.w.org\/{rel}","templated":true}]}}