{"id":219537,"date":"2025-10-07T13:47:24","date_gmt":"2025-10-07T11:47:24","guid":{"rendered":"https:\/\/xdsomename.tempurl.host\/iqoniq\/collection\/okategoriserad\/iqoniq-yala-t-shirt-dam-i-atervunnen-bomull-iceberg-green\/"},"modified":"2026-04-03T03:47:10","modified_gmt":"2026-04-03T01:47:10","slug":"iqoniq-yala-t-shirt-dam-i-atervunnen-bomull-iceberg-green","status":"publish","type":"product","link":"https:\/\/wear-iqoniq.com\/sv\/collection\/t-shirts-sv\/iqoniq-yala-t-shirt-dam-i-atervunnen-bomull-iceberg-green\/","title":{"rendered":"Yala t-shirt dam i \u00e5tervunnen bomull, Iceberg green"},"content":{"rendered":"<p>Modern fit t-shirt f\u00f6r dam tillverkad av 100% bomull, varav 70% ekologisk och 30% \u00e5tervunnen, 160 G\/M\u00b2. T-shirten har en rund halsringning i samma tyg. Anv\u00e4ndningen av \u00e4kta \u00e5tervunnet och ekologiskt material samt p\u00e5st\u00e5enden om milj\u00f6p\u00e5verkan garanteras med hj\u00e4lp av AWARE\u2122, en  fysisk sp\u00e5rare och blockkedjeteknik. Genom att skanna QR-koden f\u00e5r du tillg\u00e5ng till ett s\u00e4rskilt digitalt produktpass. 2% av int\u00e4kterna fr\u00e5n varje s\u00e5ld produkt kommer att doneras till Water.org. Denna produkt \u00e4r certifierad enligt OEKO-TEX\u00ae STANDARD 100 Centexbel. P\u00e5 grund av \u00e5tervunna garner kan orenheter och f\u00e4rgvariationer f\u00f6rekomma.<\/p>\n","protected":false},"excerpt":{"rendered":"<p>Modern fit t-shirt f\u00f6r dam tillverkad av 100% bomull, varav 70% ekologisk och 30% \u00e5tervunnen, 160 G\/M\u00b2. T-shirten har en rund halsringning i samma tyg. Anv\u00e4ndningen av \u00e4kta \u00e5tervunnet och ekologiskt material samt p\u00e5st\u00e5enden om milj\u00f6p\u00e5verkan garanteras med hj\u00e4lp av AWARE\u2122, en fysisk sp\u00e5rare och blockkedjeteknik. Genom att skanna QR-koden f\u00e5r du tillg\u00e5ng till ett [&hellip;]<\/p>\n","protected":false},"featured_media":317882,"template":"","meta":{"_acf_changed":false},"product_cat":[146],"product_tag":[],"class_list":["post-219537","product","type-product","status-publish","has-post-thumbnail","hentry","product_cat-t-shirts-sv","pa_color-ice-green","pa_fabric-type-single-jersey","pa_fit-modern-fit","pa_gender-women","pa_materials-70-30re-cotton-7","pa_weight-160-gsm"],"acf":[],"yoast_head":"<!-- This site is optimized with the Yoast SEO plugin v27.0 - https:\/\/yoast.com\/product\/yoast-seo-wordpress\/ -->\n<title>Yala t-shirt dam i \u00e5tervunnen bomull, Iceberg green - New Iqoniq<\/title>\n<meta name=\"robots\" content=\"index, follow, max-snippet:-1, max-image-preview:large, max-video-preview:-1\" \/>\n<link rel=\"canonical\" href=\"https:\/\/wear-iqoniq.com\/sv\/collection\/t-shirts-sv\/iqoniq-yala-t-shirt-dam-i-atervunnen-bomull-iceberg-green\/\" \/>\n<meta property=\"og:locale\" content=\"sv_SE\" \/>\n<meta property=\"og:type\" content=\"article\" \/>\n<meta property=\"og:title\" content=\"Yala t-shirt dam i \u00e5tervunnen bomull, Iceberg green - New Iqoniq\" \/>\n<meta property=\"og:description\" content=\"Modern fit t-shirt f\u00f6r dam tillverkad av 100% bomull, varav 70% ekologisk och 30% \u00e5tervunnen, 160 G\/M\u00b2. T-shirten har en rund halsringning i samma tyg. Anv\u00e4ndningen av \u00e4kta \u00e5tervunnet och ekologiskt material samt p\u00e5st\u00e5enden om milj\u00f6p\u00e5verkan garanteras med hj\u00e4lp av AWARE\u2122, en fysisk sp\u00e5rare och blockkedjeteknik. Genom att skanna QR-koden f\u00e5r du tillg\u00e5ng till ett [&hellip;]\" \/>\n<meta property=\"og:url\" content=\"https:\/\/wear-iqoniq.com\/sv\/collection\/t-shirts-sv\/iqoniq-yala-t-shirt-dam-i-atervunnen-bomull-iceberg-green\/\" \/>\n<meta property=\"og:site_name\" content=\"New Iqoniq\" \/>\n<meta property=\"article:modified_time\" content=\"2026-04-03T01:47:10+00:00\" \/>\n<meta property=\"og:image\" content=\"https:\/\/wear-iqoniq.com\/wp-content\/uploads\/sites\/13\/2025\/04\/T4100.023.L__S_0__ea8734c62c4f494fb182667004ac0eed.jpg\" \/>\n\t<meta property=\"og:image:width\" content=\"1024\" \/>\n\t<meta property=\"og:image:height\" content=\"1024\" \/>\n\t<meta property=\"og:image:type\" content=\"image\/jpeg\" \/>\n<meta name=\"twitter:card\" content=\"summary_large_image\" \/>\n<meta name=\"twitter:label1\" content=\"Ber\u00e4knad l\u00e4stid\" \/>\n\t<meta name=\"twitter:data1\" content=\"1 minut\" \/>\n<script type=\"application\/ld+json\" class=\"yoast-schema-graph\">{\"@context\":\"https:\/\/schema.org\",\"@graph\":[{\"@type\":\"WebPage\",\"@id\":\"https:\/\/wear-iqoniq.com\/sv\/collection\/t-shirts-sv\/iqoniq-yala-t-shirt-dam-i-atervunnen-bomull-iceberg-green\/\",\"url\":\"https:\/\/wear-iqoniq.com\/sv\/collection\/t-shirts-sv\/iqoniq-yala-t-shirt-dam-i-atervunnen-bomull-iceberg-green\/\",\"name\":\"Yala t-shirt dam i \u00e5tervunnen bomull, Iceberg green - New Iqoniq\",\"isPartOf\":{\"@id\":\"https:\/\/wear-iqoniq.com\/sv\/#website\"},\"primaryImageOfPage\":{\"@id\":\"https:\/\/wear-iqoniq.com\/sv\/collection\/t-shirts-sv\/iqoniq-yala-t-shirt-dam-i-atervunnen-bomull-iceberg-green\/#primaryimage\"},\"image\":{\"@id\":\"https:\/\/wear-iqoniq.com\/sv\/collection\/t-shirts-sv\/iqoniq-yala-t-shirt-dam-i-atervunnen-bomull-iceberg-green\/#primaryimage\"},\"thumbnailUrl\":\"https:\/\/wear-iqoniq.com\/wp-content\/uploads\/sites\/13\/2025\/04\/T4100.023.L__S_0__ea8734c62c4f494fb182667004ac0eed.jpg\",\"datePublished\":\"2025-10-07T11:47:24+00:00\",\"dateModified\":\"2026-04-03T01:47:10+00:00\",\"breadcrumb\":{\"@id\":\"https:\/\/wear-iqoniq.com\/sv\/collection\/t-shirts-sv\/iqoniq-yala-t-shirt-dam-i-atervunnen-bomull-iceberg-green\/#breadcrumb\"},\"inLanguage\":\"sv-SE\",\"potentialAction\":[{\"@type\":\"ReadAction\",\"target\":[\"https:\/\/wear-iqoniq.com\/sv\/collection\/t-shirts-sv\/iqoniq-yala-t-shirt-dam-i-atervunnen-bomull-iceberg-green\/\"]}]},{\"@type\":\"ImageObject\",\"inLanguage\":\"sv-SE\",\"@id\":\"https:\/\/wear-iqoniq.com\/sv\/collection\/t-shirts-sv\/iqoniq-yala-t-shirt-dam-i-atervunnen-bomull-iceberg-green\/#primaryimage\",\"url\":\"https:\/\/wear-iqoniq.com\/wp-content\/uploads\/sites\/13\/2025\/04\/T4100.023.L__S_0__ea8734c62c4f494fb182667004ac0eed.jpg\",\"contentUrl\":\"https:\/\/wear-iqoniq.com\/wp-content\/uploads\/sites\/13\/2025\/04\/T4100.023.L__S_0__ea8734c62c4f494fb182667004ac0eed.jpg\",\"width\":1024,\"height\":1024},{\"@type\":\"BreadcrumbList\",\"@id\":\"https:\/\/wear-iqoniq.com\/sv\/collection\/t-shirts-sv\/iqoniq-yala-t-shirt-dam-i-atervunnen-bomull-iceberg-green\/#breadcrumb\",\"itemListElement\":[{\"@type\":\"ListItem\",\"position\":1,\"name\":\"Home\",\"item\":\"https:\/\/wear-iqoniq.com\/sv\/\"},{\"@type\":\"ListItem\",\"position\":2,\"name\":\"Kollektion\",\"item\":\"https:\/\/wear-iqoniq.com\/sv\/kollektion\/\"},{\"@type\":\"ListItem\",\"position\":3,\"name\":\"Yala t-shirt dam i \u00e5tervunnen bomull, Iceberg green\"}]},{\"@type\":\"WebSite\",\"@id\":\"https:\/\/wear-iqoniq.com\/sv\/#website\",\"url\":\"https:\/\/wear-iqoniq.com\/sv\/\",\"name\":\"Iqoniq\",\"description\":\"WEAR CHANGE\",\"potentialAction\":[{\"@type\":\"SearchAction\",\"target\":{\"@type\":\"EntryPoint\",\"urlTemplate\":\"https:\/\/wear-iqoniq.com\/sv\/?s={search_term_string}\"},\"query-input\":{\"@type\":\"PropertyValueSpecification\",\"valueRequired\":true,\"valueName\":\"search_term_string\"}}],\"inLanguage\":\"sv-SE\"}]}<\/script>\n<!-- \/ Yoast SEO plugin. -->","yoast_head_json":{"title":"Yala t-shirt dam i \u00e5tervunnen bomull, Iceberg green - New Iqoniq","robots":{"index":"index","follow":"follow","max-snippet":"max-snippet:-1","max-image-preview":"max-image-preview:large","max-video-preview":"max-video-preview:-1"},"canonical":"https:\/\/wear-iqoniq.com\/sv\/collection\/t-shirts-sv\/iqoniq-yala-t-shirt-dam-i-atervunnen-bomull-iceberg-green\/","og_locale":"sv_SE","og_type":"article","og_title":"Yala t-shirt dam i \u00e5tervunnen bomull, Iceberg green - New Iqoniq","og_description":"Modern fit t-shirt f\u00f6r dam tillverkad av 100% bomull, varav 70% ekologisk och 30% \u00e5tervunnen, 160 G\/M\u00b2. T-shirten har en rund halsringning i samma tyg. Anv\u00e4ndningen av \u00e4kta \u00e5tervunnet och ekologiskt material samt p\u00e5st\u00e5enden om milj\u00f6p\u00e5verkan garanteras med hj\u00e4lp av AWARE\u2122, en fysisk sp\u00e5rare och blockkedjeteknik. Genom att skanna QR-koden f\u00e5r du tillg\u00e5ng till ett [&hellip;]","og_url":"https:\/\/wear-iqoniq.com\/sv\/collection\/t-shirts-sv\/iqoniq-yala-t-shirt-dam-i-atervunnen-bomull-iceberg-green\/","og_site_name":"New Iqoniq","article_modified_time":"2026-04-03T01:47:10+00:00","og_image":[{"width":1024,"height":1024,"url":"https:\/\/wear-iqoniq.com\/wp-content\/uploads\/sites\/13\/2025\/04\/T4100.023.L__S_0__ea8734c62c4f494fb182667004ac0eed.jpg","type":"image\/jpeg"}],"twitter_card":"summary_large_image","twitter_misc":{"Ber\u00e4knad l\u00e4stid":"1 minut"},"schema":{"@context":"https:\/\/schema.org","@graph":[{"@type":"WebPage","@id":"https:\/\/wear-iqoniq.com\/sv\/collection\/t-shirts-sv\/iqoniq-yala-t-shirt-dam-i-atervunnen-bomull-iceberg-green\/","url":"https:\/\/wear-iqoniq.com\/sv\/collection\/t-shirts-sv\/iqoniq-yala-t-shirt-dam-i-atervunnen-bomull-iceberg-green\/","name":"Yala t-shirt dam i \u00e5tervunnen bomull, Iceberg green - New Iqoniq","isPartOf":{"@id":"https:\/\/wear-iqoniq.com\/sv\/#website"},"primaryImageOfPage":{"@id":"https:\/\/wear-iqoniq.com\/sv\/collection\/t-shirts-sv\/iqoniq-yala-t-shirt-dam-i-atervunnen-bomull-iceberg-green\/#primaryimage"},"image":{"@id":"https:\/\/wear-iqoniq.com\/sv\/collection\/t-shirts-sv\/iqoniq-yala-t-shirt-dam-i-atervunnen-bomull-iceberg-green\/#primaryimage"},"thumbnailUrl":"https:\/\/wear-iqoniq.com\/wp-content\/uploads\/sites\/13\/2025\/04\/T4100.023.L__S_0__ea8734c62c4f494fb182667004ac0eed.jpg","datePublished":"2025-10-07T11:47:24+00:00","dateModified":"2026-04-03T01:47:10+00:00","breadcrumb":{"@id":"https:\/\/wear-iqoniq.com\/sv\/collection\/t-shirts-sv\/iqoniq-yala-t-shirt-dam-i-atervunnen-bomull-iceberg-green\/#breadcrumb"},"inLanguage":"sv-SE","potentialAction":[{"@type":"ReadAction","target":["https:\/\/wear-iqoniq.com\/sv\/collection\/t-shirts-sv\/iqoniq-yala-t-shirt-dam-i-atervunnen-bomull-iceberg-green\/"]}]},{"@type":"ImageObject","inLanguage":"sv-SE","@id":"https:\/\/wear-iqoniq.com\/sv\/collection\/t-shirts-sv\/iqoniq-yala-t-shirt-dam-i-atervunnen-bomull-iceberg-green\/#primaryimage","url":"https:\/\/wear-iqoniq.com\/wp-content\/uploads\/sites\/13\/2025\/04\/T4100.023.L__S_0__ea8734c62c4f494fb182667004ac0eed.jpg","contentUrl":"https:\/\/wear-iqoniq.com\/wp-content\/uploads\/sites\/13\/2025\/04\/T4100.023.L__S_0__ea8734c62c4f494fb182667004ac0eed.jpg","width":1024,"height":1024},{"@type":"BreadcrumbList","@id":"https:\/\/wear-iqoniq.com\/sv\/collection\/t-shirts-sv\/iqoniq-yala-t-shirt-dam-i-atervunnen-bomull-iceberg-green\/#breadcrumb","itemListElement":[{"@type":"ListItem","position":1,"name":"Home","item":"https:\/\/wear-iqoniq.com\/sv\/"},{"@type":"ListItem","position":2,"name":"Kollektion","item":"https:\/\/wear-iqoniq.com\/sv\/kollektion\/"},{"@type":"ListItem","position":3,"name":"Yala t-shirt dam i \u00e5tervunnen bomull, Iceberg green"}]},{"@type":"WebSite","@id":"https:\/\/wear-iqoniq.com\/sv\/#website","url":"https:\/\/wear-iqoniq.com\/sv\/","name":"Iqoniq","description":"WEAR CHANGE","potentialAction":[{"@type":"SearchAction","target":{"@type":"EntryPoint","urlTemplate":"https:\/\/wear-iqoniq.com\/sv\/?s={search_term_string}"},"query-input":{"@type":"PropertyValueSpecification","valueRequired":true,"valueName":"search_term_string"}}],"inLanguage":"sv-SE"}]}},"_links":{"self":[{"href":"https:\/\/wear-iqoniq.com\/sv\/wp-json\/wp\/v2\/product\/219537","targetHints":{"allow":["GET"]}}],"collection":[{"href":"https:\/\/wear-iqoniq.com\/sv\/wp-json\/wp\/v2\/product"}],"about":[{"href":"https:\/\/wear-iqoniq.com\/sv\/wp-json\/wp\/v2\/types\/product"}],"wp:featuredmedia":[{"embeddable":true,"href":"https:\/\/wear-iqoniq.com\/sv\/wp-json\/wp\/v2\/media\/317882"}],"wp:attachment":[{"href":"https:\/\/wear-iqoniq.com\/sv\/wp-json\/wp\/v2\/media?parent=219537"}],"wp:term":[{"taxonomy":"product_cat","embeddable":true,"href":"https:\/\/wear-iqoniq.com\/sv\/wp-json\/wp\/v2\/product_cat?post=219537"},{"taxonomy":"product_tag","embeddable":true,"href":"https:\/\/wear-iqoniq.com\/sv\/wp-json\/wp\/v2\/product_tag?post=219537"}],"curies":[{"name":"wp","href":"https:\/\/api.w.org\/{rel}","templated":true}]}}