{"id":214300,"date":"2025-10-07T13:54:23","date_gmt":"2025-10-07T11:54:23","guid":{"rendered":"https:\/\/xdsomename.tempurl.host\/iqoniq\/collection\/okategoriserad\/iqoniq-talung-microfleece-med-zipper-i-atervunnen-polyester-marinbla\/"},"modified":"2026-04-03T04:11:36","modified_gmt":"2026-04-03T02:11:36","slug":"iqoniq-talung-microfleece-med-zipper-i-atervunnen-polyester-marinbla","status":"publish","type":"product","link":"https:\/\/wear-iqoniq.com\/sv\/collection\/microfleece-jackor\/iqoniq-talung-microfleece-med-zipper-i-atervunnen-polyester-marinbla\/","title":{"rendered":"Talung microfleece med dragkedja i \u00e5tervunnen polyester, mar"},"content":{"rendered":"<p>Unisex microfleecejacka med dragkedja tillverkad av 100% \u00e5tervunnen polyester i 240 G\/M\u00b2 med antipillingfinish. Denna modell \u00e4r perfekt f\u00f6r s\u00e4songens lager p\u00e5 lager. Den mjuka och bekv\u00e4ma fleecejackan har en omv\u00e4nd dragkedja fram och praktiska blixtl\u00e5sfickor integrerade i diagonala s\u00f6mmar. Den \u00e4r designad f\u00f6r stil och komfort och har raglan\u00e4rmar, elastisk kant i nederkant och \u00e4rmslut och distinkta 3-needle flatlocks\u00f6mmar f\u00f6r en sportig look. Den v\u00e4vda tygpanelen p\u00e5 br\u00f6stet och p\u00e5 insidan av nacken \u00e4r en bra plats f\u00f6r tryck. Anv\u00e4ndningen av \u00e4kta \u00e5tervunna och ekologiska material samt p\u00e5st\u00e5enden om milj\u00f6p\u00e5verkan garanteras med hj\u00e4lp av AWARE\u2122:s fysiska sp\u00e5rare och blockkedjeteknik. Genom att skanna QR-koden f\u00e5r du tillg\u00e5ng till ett s\u00e4rskilt digitalt produktpass f\u00f6r produkten. 2% av int\u00e4kterna fr\u00e5n varje s\u00e5ld produkt kommer att doneras till Water.org. Denna produkt \u00e4r certifierad enligt OEKO-TEX\u00ae STANDARD 100.<\/p>\n","protected":false},"excerpt":{"rendered":"<p>Unisex microfleecejacka med dragkedja tillverkad av 100% \u00e5tervunnen polyester i 240 G\/M\u00b2 med antipillingfinish. Denna modell \u00e4r perfekt f\u00f6r s\u00e4songens lager p\u00e5 lager. Den mjuka och bekv\u00e4ma fleecejackan har en omv\u00e4nd dragkedja fram och praktiska blixtl\u00e5sfickor integrerade i diagonala s\u00f6mmar. Den \u00e4r designad f\u00f6r stil och komfort och har raglan\u00e4rmar, elastisk kant i nederkant och [&hellip;]<\/p>\n","protected":false},"featured_media":320304,"template":"","meta":{"_acf_changed":false},"product_cat":[1189],"product_tag":[],"class_list":["post-214300","product","type-product","status-publish","has-post-thumbnail","hentry","product_cat-microfleece-jackor","pa_color-navy","pa_fabric-type-mikrofleece","pa_fit-medium-fit","pa_gender-unisex","pa_materials-100re-pes-7","pa_weight-240-gsm"],"acf":[],"yoast_head":"<!-- This site is optimized with the Yoast SEO plugin v27.0 - https:\/\/yoast.com\/product\/yoast-seo-wordpress\/ -->\n<title>Talung microfleece med dragkedja i \u00e5tervunnen polyester, mar - New Iqoniq<\/title>\n<meta name=\"robots\" content=\"index, follow, max-snippet:-1, max-image-preview:large, max-video-preview:-1\" \/>\n<link rel=\"canonical\" href=\"https:\/\/wear-iqoniq.com\/sv\/collection\/microfleece-jackor\/iqoniq-talung-microfleece-med-zipper-i-atervunnen-polyester-marinbla\/\" \/>\n<meta property=\"og:locale\" content=\"sv_SE\" \/>\n<meta property=\"og:type\" content=\"article\" \/>\n<meta property=\"og:title\" content=\"Talung microfleece med dragkedja i \u00e5tervunnen polyester, mar - New Iqoniq\" \/>\n<meta property=\"og:description\" content=\"Unisex microfleecejacka med dragkedja tillverkad av 100% \u00e5tervunnen polyester i 240 G\/M\u00b2 med antipillingfinish. Denna modell \u00e4r perfekt f\u00f6r s\u00e4songens lager p\u00e5 lager. Den mjuka och bekv\u00e4ma fleecejackan har en omv\u00e4nd dragkedja fram och praktiska blixtl\u00e5sfickor integrerade i diagonala s\u00f6mmar. Den \u00e4r designad f\u00f6r stil och komfort och har raglan\u00e4rmar, elastisk kant i nederkant och [&hellip;]\" \/>\n<meta property=\"og:url\" content=\"https:\/\/wear-iqoniq.com\/sv\/collection\/microfleece-jackor\/iqoniq-talung-microfleece-med-zipper-i-atervunnen-polyester-marinbla\/\" \/>\n<meta property=\"og:site_name\" content=\"New Iqoniq\" \/>\n<meta property=\"article:modified_time\" content=\"2026-04-03T02:11:36+00:00\" \/>\n<meta property=\"og:image\" content=\"https:\/\/wear-iqoniq.com\/wp-content\/uploads\/sites\/13\/2025\/04\/T9603.002.L__S_0__43d998acc8b141b79a6dee830116f727.jpg\" \/>\n\t<meta property=\"og:image:width\" content=\"1024\" \/>\n\t<meta property=\"og:image:height\" content=\"1024\" \/>\n\t<meta property=\"og:image:type\" content=\"image\/jpeg\" \/>\n<meta name=\"twitter:card\" content=\"summary_large_image\" \/>\n<meta name=\"twitter:label1\" content=\"Ber\u00e4knad l\u00e4stid\" \/>\n\t<meta name=\"twitter:data1\" content=\"1 minut\" \/>\n<script type=\"application\/ld+json\" class=\"yoast-schema-graph\">{\"@context\":\"https:\/\/schema.org\",\"@graph\":[{\"@type\":\"WebPage\",\"@id\":\"https:\/\/wear-iqoniq.com\/sv\/collection\/microfleece-jackor\/iqoniq-talung-microfleece-med-zipper-i-atervunnen-polyester-marinbla\/\",\"url\":\"https:\/\/wear-iqoniq.com\/sv\/collection\/microfleece-jackor\/iqoniq-talung-microfleece-med-zipper-i-atervunnen-polyester-marinbla\/\",\"name\":\"Talung microfleece med dragkedja i \u00e5tervunnen polyester, mar - New Iqoniq\",\"isPartOf\":{\"@id\":\"https:\/\/wear-iqoniq.com\/sv\/#website\"},\"primaryImageOfPage\":{\"@id\":\"https:\/\/wear-iqoniq.com\/sv\/collection\/microfleece-jackor\/iqoniq-talung-microfleece-med-zipper-i-atervunnen-polyester-marinbla\/#primaryimage\"},\"image\":{\"@id\":\"https:\/\/wear-iqoniq.com\/sv\/collection\/microfleece-jackor\/iqoniq-talung-microfleece-med-zipper-i-atervunnen-polyester-marinbla\/#primaryimage\"},\"thumbnailUrl\":\"https:\/\/wear-iqoniq.com\/wp-content\/uploads\/sites\/13\/2025\/04\/T9603.002.L__S_0__43d998acc8b141b79a6dee830116f727.jpg\",\"datePublished\":\"2025-10-07T11:54:23+00:00\",\"dateModified\":\"2026-04-03T02:11:36+00:00\",\"breadcrumb\":{\"@id\":\"https:\/\/wear-iqoniq.com\/sv\/collection\/microfleece-jackor\/iqoniq-talung-microfleece-med-zipper-i-atervunnen-polyester-marinbla\/#breadcrumb\"},\"inLanguage\":\"sv-SE\",\"potentialAction\":[{\"@type\":\"ReadAction\",\"target\":[\"https:\/\/wear-iqoniq.com\/sv\/collection\/microfleece-jackor\/iqoniq-talung-microfleece-med-zipper-i-atervunnen-polyester-marinbla\/\"]}]},{\"@type\":\"ImageObject\",\"inLanguage\":\"sv-SE\",\"@id\":\"https:\/\/wear-iqoniq.com\/sv\/collection\/microfleece-jackor\/iqoniq-talung-microfleece-med-zipper-i-atervunnen-polyester-marinbla\/#primaryimage\",\"url\":\"https:\/\/wear-iqoniq.com\/wp-content\/uploads\/sites\/13\/2025\/04\/T9603.002.L__S_0__43d998acc8b141b79a6dee830116f727.jpg\",\"contentUrl\":\"https:\/\/wear-iqoniq.com\/wp-content\/uploads\/sites\/13\/2025\/04\/T9603.002.L__S_0__43d998acc8b141b79a6dee830116f727.jpg\",\"width\":1024,\"height\":1024},{\"@type\":\"BreadcrumbList\",\"@id\":\"https:\/\/wear-iqoniq.com\/sv\/collection\/microfleece-jackor\/iqoniq-talung-microfleece-med-zipper-i-atervunnen-polyester-marinbla\/#breadcrumb\",\"itemListElement\":[{\"@type\":\"ListItem\",\"position\":1,\"name\":\"Home\",\"item\":\"https:\/\/wear-iqoniq.com\/sv\/\"},{\"@type\":\"ListItem\",\"position\":2,\"name\":\"Kollektion\",\"item\":\"https:\/\/wear-iqoniq.com\/sv\/kollektion\/\"},{\"@type\":\"ListItem\",\"position\":3,\"name\":\"Talung microfleece med dragkedja i \u00e5tervunnen polyester, mar\"}]},{\"@type\":\"WebSite\",\"@id\":\"https:\/\/wear-iqoniq.com\/sv\/#website\",\"url\":\"https:\/\/wear-iqoniq.com\/sv\/\",\"name\":\"Iqoniq\",\"description\":\"WEAR CHANGE\",\"potentialAction\":[{\"@type\":\"SearchAction\",\"target\":{\"@type\":\"EntryPoint\",\"urlTemplate\":\"https:\/\/wear-iqoniq.com\/sv\/?s={search_term_string}\"},\"query-input\":{\"@type\":\"PropertyValueSpecification\",\"valueRequired\":true,\"valueName\":\"search_term_string\"}}],\"inLanguage\":\"sv-SE\"}]}<\/script>\n<!-- \/ Yoast SEO plugin. -->","yoast_head_json":{"title":"Talung microfleece med dragkedja i \u00e5tervunnen polyester, mar - New Iqoniq","robots":{"index":"index","follow":"follow","max-snippet":"max-snippet:-1","max-image-preview":"max-image-preview:large","max-video-preview":"max-video-preview:-1"},"canonical":"https:\/\/wear-iqoniq.com\/sv\/collection\/microfleece-jackor\/iqoniq-talung-microfleece-med-zipper-i-atervunnen-polyester-marinbla\/","og_locale":"sv_SE","og_type":"article","og_title":"Talung microfleece med dragkedja i \u00e5tervunnen polyester, mar - New Iqoniq","og_description":"Unisex microfleecejacka med dragkedja tillverkad av 100% \u00e5tervunnen polyester i 240 G\/M\u00b2 med antipillingfinish. Denna modell \u00e4r perfekt f\u00f6r s\u00e4songens lager p\u00e5 lager. Den mjuka och bekv\u00e4ma fleecejackan har en omv\u00e4nd dragkedja fram och praktiska blixtl\u00e5sfickor integrerade i diagonala s\u00f6mmar. Den \u00e4r designad f\u00f6r stil och komfort och har raglan\u00e4rmar, elastisk kant i nederkant och [&hellip;]","og_url":"https:\/\/wear-iqoniq.com\/sv\/collection\/microfleece-jackor\/iqoniq-talung-microfleece-med-zipper-i-atervunnen-polyester-marinbla\/","og_site_name":"New Iqoniq","article_modified_time":"2026-04-03T02:11:36+00:00","og_image":[{"width":1024,"height":1024,"url":"https:\/\/wear-iqoniq.com\/wp-content\/uploads\/sites\/13\/2025\/04\/T9603.002.L__S_0__43d998acc8b141b79a6dee830116f727.jpg","type":"image\/jpeg"}],"twitter_card":"summary_large_image","twitter_misc":{"Ber\u00e4knad l\u00e4stid":"1 minut"},"schema":{"@context":"https:\/\/schema.org","@graph":[{"@type":"WebPage","@id":"https:\/\/wear-iqoniq.com\/sv\/collection\/microfleece-jackor\/iqoniq-talung-microfleece-med-zipper-i-atervunnen-polyester-marinbla\/","url":"https:\/\/wear-iqoniq.com\/sv\/collection\/microfleece-jackor\/iqoniq-talung-microfleece-med-zipper-i-atervunnen-polyester-marinbla\/","name":"Talung microfleece med dragkedja i \u00e5tervunnen polyester, mar - New Iqoniq","isPartOf":{"@id":"https:\/\/wear-iqoniq.com\/sv\/#website"},"primaryImageOfPage":{"@id":"https:\/\/wear-iqoniq.com\/sv\/collection\/microfleece-jackor\/iqoniq-talung-microfleece-med-zipper-i-atervunnen-polyester-marinbla\/#primaryimage"},"image":{"@id":"https:\/\/wear-iqoniq.com\/sv\/collection\/microfleece-jackor\/iqoniq-talung-microfleece-med-zipper-i-atervunnen-polyester-marinbla\/#primaryimage"},"thumbnailUrl":"https:\/\/wear-iqoniq.com\/wp-content\/uploads\/sites\/13\/2025\/04\/T9603.002.L__S_0__43d998acc8b141b79a6dee830116f727.jpg","datePublished":"2025-10-07T11:54:23+00:00","dateModified":"2026-04-03T02:11:36+00:00","breadcrumb":{"@id":"https:\/\/wear-iqoniq.com\/sv\/collection\/microfleece-jackor\/iqoniq-talung-microfleece-med-zipper-i-atervunnen-polyester-marinbla\/#breadcrumb"},"inLanguage":"sv-SE","potentialAction":[{"@type":"ReadAction","target":["https:\/\/wear-iqoniq.com\/sv\/collection\/microfleece-jackor\/iqoniq-talung-microfleece-med-zipper-i-atervunnen-polyester-marinbla\/"]}]},{"@type":"ImageObject","inLanguage":"sv-SE","@id":"https:\/\/wear-iqoniq.com\/sv\/collection\/microfleece-jackor\/iqoniq-talung-microfleece-med-zipper-i-atervunnen-polyester-marinbla\/#primaryimage","url":"https:\/\/wear-iqoniq.com\/wp-content\/uploads\/sites\/13\/2025\/04\/T9603.002.L__S_0__43d998acc8b141b79a6dee830116f727.jpg","contentUrl":"https:\/\/wear-iqoniq.com\/wp-content\/uploads\/sites\/13\/2025\/04\/T9603.002.L__S_0__43d998acc8b141b79a6dee830116f727.jpg","width":1024,"height":1024},{"@type":"BreadcrumbList","@id":"https:\/\/wear-iqoniq.com\/sv\/collection\/microfleece-jackor\/iqoniq-talung-microfleece-med-zipper-i-atervunnen-polyester-marinbla\/#breadcrumb","itemListElement":[{"@type":"ListItem","position":1,"name":"Home","item":"https:\/\/wear-iqoniq.com\/sv\/"},{"@type":"ListItem","position":2,"name":"Kollektion","item":"https:\/\/wear-iqoniq.com\/sv\/kollektion\/"},{"@type":"ListItem","position":3,"name":"Talung microfleece med dragkedja i \u00e5tervunnen polyester, mar"}]},{"@type":"WebSite","@id":"https:\/\/wear-iqoniq.com\/sv\/#website","url":"https:\/\/wear-iqoniq.com\/sv\/","name":"Iqoniq","description":"WEAR CHANGE","potentialAction":[{"@type":"SearchAction","target":{"@type":"EntryPoint","urlTemplate":"https:\/\/wear-iqoniq.com\/sv\/?s={search_term_string}"},"query-input":{"@type":"PropertyValueSpecification","valueRequired":true,"valueName":"search_term_string"}}],"inLanguage":"sv-SE"}]}},"_links":{"self":[{"href":"https:\/\/wear-iqoniq.com\/sv\/wp-json\/wp\/v2\/product\/214300","targetHints":{"allow":["GET"]}}],"collection":[{"href":"https:\/\/wear-iqoniq.com\/sv\/wp-json\/wp\/v2\/product"}],"about":[{"href":"https:\/\/wear-iqoniq.com\/sv\/wp-json\/wp\/v2\/types\/product"}],"wp:featuredmedia":[{"embeddable":true,"href":"https:\/\/wear-iqoniq.com\/sv\/wp-json\/wp\/v2\/media\/320304"}],"wp:attachment":[{"href":"https:\/\/wear-iqoniq.com\/sv\/wp-json\/wp\/v2\/media?parent=214300"}],"wp:term":[{"taxonomy":"product_cat","embeddable":true,"href":"https:\/\/wear-iqoniq.com\/sv\/wp-json\/wp\/v2\/product_cat?post=214300"},{"taxonomy":"product_tag","embeddable":true,"href":"https:\/\/wear-iqoniq.com\/sv\/wp-json\/wp\/v2\/product_tag?post=214300"}],"curies":[{"name":"wp","href":"https:\/\/api.w.org\/{rel}","templated":true}]}}