{"id":214283,"date":"2025-10-07T13:47:44","date_gmt":"2025-10-07T11:47:44","guid":{"rendered":"https:\/\/xdsomename.tempurl.host\/iqoniq\/collection\/okategoriserad\/iqoniq-makalu-soft-shell-damjacka-i-atervunnen-polyester-marinbla\/"},"modified":"2026-04-08T03:48:21","modified_gmt":"2026-04-08T01:48:21","slug":"iqoniq-makalu-soft-shell-damjacka-i-atervunnen-polyester-marinbla","status":"publish","type":"product","link":"https:\/\/wear-iqoniq.com\/sv\/collection\/jackor\/iqoniq-makalu-soft-shell-damjacka-i-atervunnen-polyester-marinbla\/","title":{"rendered":"Makalu softshell damjacka i \u00e5tervunnen polyester, marinbl\u00e5"},"content":{"rendered":"<p>Softshelljacka, dam, tillverkad av \u00e5tervunnen polyester med 300 G\/M\u00b2 3-lagersmaterial, med \u00e5tervunnet TPU-membran och mjuk mikrofleece p\u00e5 insidan. Jackan har en omv\u00e4nd dragkedja framtill och dragkedjef\u00f6rsedda fickor i sidopanels\u00f6mmarna. Den har en justerbar huva med dragsko. Slutet p\u00e5 \u00e4rmen \u00e4r justerbara med kardborrekn\u00e4ppning. Genomt\u00e4nkt touch med extra dragkedja och ren finish p\u00e5 insidan med \u00e5tervunnen bindning. Jackan \u00e4r vattenavvisande med BIONIC-FINISH\u00ae ECO (tyg med \u00e5tervunnet TPU-membran som \u00e4r vattent\u00e4tt upp till 5000mm). Vindt\u00e4t och andas upp till 1500 g\/m2\/24 timmar. Anv\u00e4ndningen av \u00e4kta \u00e5tervunnet material och p\u00e5st\u00e5enden om milj\u00f6p\u00e5verkan garanteras med hj\u00e4lp av AWARE\u2122, en fysisk sp\u00e5rare och blockkedjeteknik. Genom att skanna QR-koden f\u00e5r du tillg\u00e5ng till ett s\u00e4rskilt digitalt produktpass. 2% av int\u00e4kterna fr\u00e5n varje s\u00e5ld produkt kommer att doneras till Water.org. Denna produkt \u00e4r certifierad enligt OEKO-TEX\u00ae STANDARD 100. Finns \u00e4ven i herrmodell.<\/p>\n","protected":false},"excerpt":{"rendered":"<p>Softshelljacka, dam, tillverkad av \u00e5tervunnen polyester med 300 G\/M\u00b2 3-lagersmaterial, med \u00e5tervunnet TPU-membran och mjuk mikrofleece p\u00e5 insidan. Jackan har en omv\u00e4nd dragkedja framtill och dragkedjef\u00f6rsedda fickor i sidopanels\u00f6mmarna. Den har en justerbar huva med dragsko. Slutet p\u00e5 \u00e4rmen \u00e4r justerbara med kardborrekn\u00e4ppning. Genomt\u00e4nkt touch med extra dragkedja och ren finish p\u00e5 insidan med \u00e5tervunnen [&hellip;]<\/p>\n","protected":false},"featured_media":318057,"template":"","meta":{"_acf_changed":false},"product_cat":[1190],"product_tag":[],"class_list":["post-214283","product","type-product","status-publish","has-post-thumbnail","hentry","product_cat-jackor","pa_color-navy","pa_fabric-type-softshell","pa_fit-medium-fit","pa_gender-women","pa_materials-softshell-7","pa_weight-300-gsm"],"acf":[],"yoast_head":"<!-- This site is optimized with the Yoast SEO plugin v27.0 - https:\/\/yoast.com\/product\/yoast-seo-wordpress\/ -->\n<title>Makalu softshell damjacka i \u00e5tervunnen polyester, marinbl\u00e5 - New Iqoniq<\/title>\n<meta name=\"robots\" content=\"index, follow, max-snippet:-1, max-image-preview:large, max-video-preview:-1\" \/>\n<link rel=\"canonical\" href=\"https:\/\/wear-iqoniq.com\/sv\/collection\/jackor\/iqoniq-makalu-soft-shell-damjacka-i-atervunnen-polyester-marinbla\/\" \/>\n<meta property=\"og:locale\" content=\"sv_SE\" \/>\n<meta property=\"og:type\" content=\"article\" \/>\n<meta property=\"og:title\" content=\"Makalu softshell damjacka i \u00e5tervunnen polyester, marinbl\u00e5 - New Iqoniq\" \/>\n<meta property=\"og:description\" content=\"Softshelljacka, dam, tillverkad av \u00e5tervunnen polyester med 300 G\/M\u00b2 3-lagersmaterial, med \u00e5tervunnet TPU-membran och mjuk mikrofleece p\u00e5 insidan. Jackan har en omv\u00e4nd dragkedja framtill och dragkedjef\u00f6rsedda fickor i sidopanels\u00f6mmarna. Den har en justerbar huva med dragsko. Slutet p\u00e5 \u00e4rmen \u00e4r justerbara med kardborrekn\u00e4ppning. Genomt\u00e4nkt touch med extra dragkedja och ren finish p\u00e5 insidan med \u00e5tervunnen [&hellip;]\" \/>\n<meta property=\"og:url\" content=\"https:\/\/wear-iqoniq.com\/sv\/collection\/jackor\/iqoniq-makalu-soft-shell-damjacka-i-atervunnen-polyester-marinbla\/\" \/>\n<meta property=\"og:site_name\" content=\"New Iqoniq\" \/>\n<meta property=\"article:modified_time\" content=\"2026-04-08T01:48:21+00:00\" \/>\n<meta property=\"og:image\" content=\"https:\/\/wear-iqoniq.com\/wp-content\/uploads\/sites\/13\/2025\/04\/T4700.002.L__S_0__ab5b64de4e964aa3b01126b68c1bfa4a.jpg\" \/>\n\t<meta property=\"og:image:width\" content=\"1024\" \/>\n\t<meta property=\"og:image:height\" content=\"1024\" \/>\n\t<meta property=\"og:image:type\" content=\"image\/jpeg\" \/>\n<meta name=\"twitter:card\" content=\"summary_large_image\" \/>\n<meta name=\"twitter:label1\" content=\"Ber\u00e4knad l\u00e4stid\" \/>\n\t<meta name=\"twitter:data1\" content=\"1 minut\" \/>\n<script type=\"application\/ld+json\" class=\"yoast-schema-graph\">{\"@context\":\"https:\/\/schema.org\",\"@graph\":[{\"@type\":\"WebPage\",\"@id\":\"https:\/\/wear-iqoniq.com\/sv\/collection\/jackor\/iqoniq-makalu-soft-shell-damjacka-i-atervunnen-polyester-marinbla\/\",\"url\":\"https:\/\/wear-iqoniq.com\/sv\/collection\/jackor\/iqoniq-makalu-soft-shell-damjacka-i-atervunnen-polyester-marinbla\/\",\"name\":\"Makalu softshell damjacka i \u00e5tervunnen polyester, marinbl\u00e5 - New Iqoniq\",\"isPartOf\":{\"@id\":\"https:\/\/wear-iqoniq.com\/sv\/#website\"},\"primaryImageOfPage\":{\"@id\":\"https:\/\/wear-iqoniq.com\/sv\/collection\/jackor\/iqoniq-makalu-soft-shell-damjacka-i-atervunnen-polyester-marinbla\/#primaryimage\"},\"image\":{\"@id\":\"https:\/\/wear-iqoniq.com\/sv\/collection\/jackor\/iqoniq-makalu-soft-shell-damjacka-i-atervunnen-polyester-marinbla\/#primaryimage\"},\"thumbnailUrl\":\"https:\/\/wear-iqoniq.com\/wp-content\/uploads\/sites\/13\/2025\/04\/T4700.002.L__S_0__ab5b64de4e964aa3b01126b68c1bfa4a.jpg\",\"datePublished\":\"2025-10-07T11:47:44+00:00\",\"dateModified\":\"2026-04-08T01:48:21+00:00\",\"breadcrumb\":{\"@id\":\"https:\/\/wear-iqoniq.com\/sv\/collection\/jackor\/iqoniq-makalu-soft-shell-damjacka-i-atervunnen-polyester-marinbla\/#breadcrumb\"},\"inLanguage\":\"sv-SE\",\"potentialAction\":[{\"@type\":\"ReadAction\",\"target\":[\"https:\/\/wear-iqoniq.com\/sv\/collection\/jackor\/iqoniq-makalu-soft-shell-damjacka-i-atervunnen-polyester-marinbla\/\"]}]},{\"@type\":\"ImageObject\",\"inLanguage\":\"sv-SE\",\"@id\":\"https:\/\/wear-iqoniq.com\/sv\/collection\/jackor\/iqoniq-makalu-soft-shell-damjacka-i-atervunnen-polyester-marinbla\/#primaryimage\",\"url\":\"https:\/\/wear-iqoniq.com\/wp-content\/uploads\/sites\/13\/2025\/04\/T4700.002.L__S_0__ab5b64de4e964aa3b01126b68c1bfa4a.jpg\",\"contentUrl\":\"https:\/\/wear-iqoniq.com\/wp-content\/uploads\/sites\/13\/2025\/04\/T4700.002.L__S_0__ab5b64de4e964aa3b01126b68c1bfa4a.jpg\",\"width\":1024,\"height\":1024},{\"@type\":\"BreadcrumbList\",\"@id\":\"https:\/\/wear-iqoniq.com\/sv\/collection\/jackor\/iqoniq-makalu-soft-shell-damjacka-i-atervunnen-polyester-marinbla\/#breadcrumb\",\"itemListElement\":[{\"@type\":\"ListItem\",\"position\":1,\"name\":\"Home\",\"item\":\"https:\/\/wear-iqoniq.com\/sv\/\"},{\"@type\":\"ListItem\",\"position\":2,\"name\":\"Kollektion\",\"item\":\"https:\/\/wear-iqoniq.com\/sv\/kollektion\/\"},{\"@type\":\"ListItem\",\"position\":3,\"name\":\"Makalu softshell damjacka i \u00e5tervunnen polyester, marinbl\u00e5\"}]},{\"@type\":\"WebSite\",\"@id\":\"https:\/\/wear-iqoniq.com\/sv\/#website\",\"url\":\"https:\/\/wear-iqoniq.com\/sv\/\",\"name\":\"Iqoniq\",\"description\":\"WEAR CHANGE\",\"potentialAction\":[{\"@type\":\"SearchAction\",\"target\":{\"@type\":\"EntryPoint\",\"urlTemplate\":\"https:\/\/wear-iqoniq.com\/sv\/?s={search_term_string}\"},\"query-input\":{\"@type\":\"PropertyValueSpecification\",\"valueRequired\":true,\"valueName\":\"search_term_string\"}}],\"inLanguage\":\"sv-SE\"}]}<\/script>\n<!-- \/ Yoast SEO plugin. -->","yoast_head_json":{"title":"Makalu softshell damjacka i \u00e5tervunnen polyester, marinbl\u00e5 - New Iqoniq","robots":{"index":"index","follow":"follow","max-snippet":"max-snippet:-1","max-image-preview":"max-image-preview:large","max-video-preview":"max-video-preview:-1"},"canonical":"https:\/\/wear-iqoniq.com\/sv\/collection\/jackor\/iqoniq-makalu-soft-shell-damjacka-i-atervunnen-polyester-marinbla\/","og_locale":"sv_SE","og_type":"article","og_title":"Makalu softshell damjacka i \u00e5tervunnen polyester, marinbl\u00e5 - New Iqoniq","og_description":"Softshelljacka, dam, tillverkad av \u00e5tervunnen polyester med 300 G\/M\u00b2 3-lagersmaterial, med \u00e5tervunnet TPU-membran och mjuk mikrofleece p\u00e5 insidan. Jackan har en omv\u00e4nd dragkedja framtill och dragkedjef\u00f6rsedda fickor i sidopanels\u00f6mmarna. Den har en justerbar huva med dragsko. Slutet p\u00e5 \u00e4rmen \u00e4r justerbara med kardborrekn\u00e4ppning. Genomt\u00e4nkt touch med extra dragkedja och ren finish p\u00e5 insidan med \u00e5tervunnen [&hellip;]","og_url":"https:\/\/wear-iqoniq.com\/sv\/collection\/jackor\/iqoniq-makalu-soft-shell-damjacka-i-atervunnen-polyester-marinbla\/","og_site_name":"New Iqoniq","article_modified_time":"2026-04-08T01:48:21+00:00","og_image":[{"width":1024,"height":1024,"url":"https:\/\/wear-iqoniq.com\/wp-content\/uploads\/sites\/13\/2025\/04\/T4700.002.L__S_0__ab5b64de4e964aa3b01126b68c1bfa4a.jpg","type":"image\/jpeg"}],"twitter_card":"summary_large_image","twitter_misc":{"Ber\u00e4knad l\u00e4stid":"1 minut"},"schema":{"@context":"https:\/\/schema.org","@graph":[{"@type":"WebPage","@id":"https:\/\/wear-iqoniq.com\/sv\/collection\/jackor\/iqoniq-makalu-soft-shell-damjacka-i-atervunnen-polyester-marinbla\/","url":"https:\/\/wear-iqoniq.com\/sv\/collection\/jackor\/iqoniq-makalu-soft-shell-damjacka-i-atervunnen-polyester-marinbla\/","name":"Makalu softshell damjacka i \u00e5tervunnen polyester, marinbl\u00e5 - New Iqoniq","isPartOf":{"@id":"https:\/\/wear-iqoniq.com\/sv\/#website"},"primaryImageOfPage":{"@id":"https:\/\/wear-iqoniq.com\/sv\/collection\/jackor\/iqoniq-makalu-soft-shell-damjacka-i-atervunnen-polyester-marinbla\/#primaryimage"},"image":{"@id":"https:\/\/wear-iqoniq.com\/sv\/collection\/jackor\/iqoniq-makalu-soft-shell-damjacka-i-atervunnen-polyester-marinbla\/#primaryimage"},"thumbnailUrl":"https:\/\/wear-iqoniq.com\/wp-content\/uploads\/sites\/13\/2025\/04\/T4700.002.L__S_0__ab5b64de4e964aa3b01126b68c1bfa4a.jpg","datePublished":"2025-10-07T11:47:44+00:00","dateModified":"2026-04-08T01:48:21+00:00","breadcrumb":{"@id":"https:\/\/wear-iqoniq.com\/sv\/collection\/jackor\/iqoniq-makalu-soft-shell-damjacka-i-atervunnen-polyester-marinbla\/#breadcrumb"},"inLanguage":"sv-SE","potentialAction":[{"@type":"ReadAction","target":["https:\/\/wear-iqoniq.com\/sv\/collection\/jackor\/iqoniq-makalu-soft-shell-damjacka-i-atervunnen-polyester-marinbla\/"]}]},{"@type":"ImageObject","inLanguage":"sv-SE","@id":"https:\/\/wear-iqoniq.com\/sv\/collection\/jackor\/iqoniq-makalu-soft-shell-damjacka-i-atervunnen-polyester-marinbla\/#primaryimage","url":"https:\/\/wear-iqoniq.com\/wp-content\/uploads\/sites\/13\/2025\/04\/T4700.002.L__S_0__ab5b64de4e964aa3b01126b68c1bfa4a.jpg","contentUrl":"https:\/\/wear-iqoniq.com\/wp-content\/uploads\/sites\/13\/2025\/04\/T4700.002.L__S_0__ab5b64de4e964aa3b01126b68c1bfa4a.jpg","width":1024,"height":1024},{"@type":"BreadcrumbList","@id":"https:\/\/wear-iqoniq.com\/sv\/collection\/jackor\/iqoniq-makalu-soft-shell-damjacka-i-atervunnen-polyester-marinbla\/#breadcrumb","itemListElement":[{"@type":"ListItem","position":1,"name":"Home","item":"https:\/\/wear-iqoniq.com\/sv\/"},{"@type":"ListItem","position":2,"name":"Kollektion","item":"https:\/\/wear-iqoniq.com\/sv\/kollektion\/"},{"@type":"ListItem","position":3,"name":"Makalu softshell damjacka i \u00e5tervunnen polyester, marinbl\u00e5"}]},{"@type":"WebSite","@id":"https:\/\/wear-iqoniq.com\/sv\/#website","url":"https:\/\/wear-iqoniq.com\/sv\/","name":"Iqoniq","description":"WEAR CHANGE","potentialAction":[{"@type":"SearchAction","target":{"@type":"EntryPoint","urlTemplate":"https:\/\/wear-iqoniq.com\/sv\/?s={search_term_string}"},"query-input":{"@type":"PropertyValueSpecification","valueRequired":true,"valueName":"search_term_string"}}],"inLanguage":"sv-SE"}]}},"_links":{"self":[{"href":"https:\/\/wear-iqoniq.com\/sv\/wp-json\/wp\/v2\/product\/214283","targetHints":{"allow":["GET"]}}],"collection":[{"href":"https:\/\/wear-iqoniq.com\/sv\/wp-json\/wp\/v2\/product"}],"about":[{"href":"https:\/\/wear-iqoniq.com\/sv\/wp-json\/wp\/v2\/types\/product"}],"wp:featuredmedia":[{"embeddable":true,"href":"https:\/\/wear-iqoniq.com\/sv\/wp-json\/wp\/v2\/media\/318057"}],"wp:attachment":[{"href":"https:\/\/wear-iqoniq.com\/sv\/wp-json\/wp\/v2\/media?parent=214283"}],"wp:term":[{"taxonomy":"product_cat","embeddable":true,"href":"https:\/\/wear-iqoniq.com\/sv\/wp-json\/wp\/v2\/product_cat?post=214283"},{"taxonomy":"product_tag","embeddable":true,"href":"https:\/\/wear-iqoniq.com\/sv\/wp-json\/wp\/v2\/product_tag?post=214283"}],"curies":[{"name":"wp","href":"https:\/\/api.w.org\/{rel}","templated":true}]}}