{"id":200264,"date":"2025-10-07T13:52:50","date_gmt":"2025-10-07T11:52:50","guid":{"rendered":"https:\/\/xdsomename.tempurl.host\/iqoniq\/collection\/okategoriserad\/torres-atervunnen-bomull-hoodie-ofargad-marinbla-ofargad\/"},"modified":"2026-04-14T04:06:19","modified_gmt":"2026-04-14T02:06:19","slug":"torres-atervunnen-bomull-hoodie-ofargad-marinbla","status":"publish","type":"product","link":"https:\/\/wear-iqoniq.com\/sv\/collection\/trojor\/torres-atervunnen-bomull-hoodie-ofargad-marinbla\/","title":{"rendered":"Torres hoodie i \u00e5tervunnen of\u00e4rgad bomull, heather navy"},"content":{"rendered":"<p>&#8221;Unisex hoodie med normal passform tillverkad av 100% bomull, 50% \u00e5tervunnen och 50% ekologisk, i 340 G\/M\u00b2. Det \u00e4r samma hoodie som v\u00e5r IQONIQ &#8221;&#8221;Jasper&#8221;&#8221; hoodie. Det finns bara en skillnad: vi eliminerar f\u00e4rgningsprocessen. Vi har blandat \u00e5tervunnen bomull i sin befintliga f\u00e4rg med jungfrulig ekologisk bomull. Detta skapar den vackra heather m\u00e9lange-effekten. Insidan \u00e4r mjukborstad fleece f\u00f6r extra komfort. Anv\u00e4ndningen av \u00e4kta \u00e5tervunnet och ekologiskt material och p\u00e5st\u00e5enden om milj\u00f6p\u00e5verkan garanteras, med hj\u00e4lp av AWARE\u2122 disruptiva fysiska sp\u00e5rare och blockkedjeteknik. Genom att skanna QR-koden f\u00e5r du tillg\u00e5ng till ett digitalt produktpass. 2% av int\u00e4kterna fr\u00e5n varje s\u00e5ld produkt kommer att doneras till Water.org. Produkten \u00e4r OEKO-TEX\u00ae STANDARD 100 Centexbel  certifierad. P\u00e5 grund av \u00e5tervunnet garns natur kan orenheter och f\u00e4rgvariationer f\u00f6rekomma.&#8221;<\/p>\n","protected":false},"excerpt":{"rendered":"<p>&#8221;Unisex hoodie med normal passform tillverkad av 100% bomull, 50% \u00e5tervunnen och 50% ekologisk, i 340 G\/M\u00b2. Det \u00e4r samma hoodie som v\u00e5r IQONIQ &#8221;&#8221;Jasper&#8221;&#8221; hoodie. Det finns bara en skillnad: vi eliminerar f\u00e4rgningsprocessen. Vi har blandat \u00e5tervunnen bomull i sin befintliga f\u00e4rg med jungfrulig ekologisk bomull. Detta skapar den vackra heather m\u00e9lange-effekten. Insidan \u00e4r [&hellip;]<\/p>\n","protected":false},"featured_media":319737,"template":"","meta":{"_acf_changed":false},"product_cat":[142],"product_tag":[],"class_list":["post-200264","product","type-product","status-publish","has-post-thumbnail","hentry","product_cat-trojor","pa_color-heathernav","pa_fabric-type-borsted-sweat","pa_fit-classic-fit","pa_gender-unisex","pa_materials-50-50re-cotton-7","pa_weight-340-gsm"],"acf":[],"yoast_head":"<!-- This site is optimized with the Yoast SEO plugin v27.0 - https:\/\/yoast.com\/product\/yoast-seo-wordpress\/ -->\n<title>Torres hoodie i \u00e5tervunnen of\u00e4rgad bomull, heather navy - New Iqoniq<\/title>\n<meta name=\"robots\" content=\"index, follow, max-snippet:-1, max-image-preview:large, max-video-preview:-1\" \/>\n<link rel=\"canonical\" href=\"https:\/\/wear-iqoniq.com\/sv\/collection\/trojor\/torres-atervunnen-bomull-hoodie-ofargad-marinbla\/\" \/>\n<meta property=\"og:locale\" content=\"sv_SE\" \/>\n<meta property=\"og:type\" content=\"article\" \/>\n<meta property=\"og:title\" content=\"Torres hoodie i \u00e5tervunnen of\u00e4rgad bomull, heather navy - New Iqoniq\" \/>\n<meta property=\"og:description\" content=\"&#8221;Unisex hoodie med normal passform tillverkad av 100% bomull, 50% \u00e5tervunnen och 50% ekologisk, i 340 G\/M\u00b2. Det \u00e4r samma hoodie som v\u00e5r IQONIQ &#8221;&#8221;Jasper&#8221;&#8221; hoodie. Det finns bara en skillnad: vi eliminerar f\u00e4rgningsprocessen. Vi har blandat \u00e5tervunnen bomull i sin befintliga f\u00e4rg med jungfrulig ekologisk bomull. Detta skapar den vackra heather m\u00e9lange-effekten. Insidan \u00e4r [&hellip;]\" \/>\n<meta property=\"og:url\" content=\"https:\/\/wear-iqoniq.com\/sv\/collection\/trojor\/torres-atervunnen-bomull-hoodie-ofargad-marinbla\/\" \/>\n<meta property=\"og:site_name\" content=\"New Iqoniq\" \/>\n<meta property=\"article:modified_time\" content=\"2026-04-14T02:06:19+00:00\" \/>\n<meta property=\"og:image\" content=\"https:\/\/wear-iqoniq.com\/wp-content\/uploads\/sites\/13\/2025\/04\/T9401.016.L__S_0__72e87f0c02b5498f93123a336c393663.jpg\" \/>\n\t<meta property=\"og:image:width\" content=\"1024\" \/>\n\t<meta property=\"og:image:height\" content=\"1024\" \/>\n\t<meta property=\"og:image:type\" content=\"image\/jpeg\" \/>\n<meta name=\"twitter:card\" content=\"summary_large_image\" \/>\n<meta name=\"twitter:label1\" content=\"Ber\u00e4knad l\u00e4stid\" \/>\n\t<meta name=\"twitter:data1\" content=\"1 minut\" \/>\n<script type=\"application\/ld+json\" class=\"yoast-schema-graph\">{\"@context\":\"https:\/\/schema.org\",\"@graph\":[{\"@type\":\"WebPage\",\"@id\":\"https:\/\/wear-iqoniq.com\/sv\/collection\/trojor\/torres-atervunnen-bomull-hoodie-ofargad-marinbla\/\",\"url\":\"https:\/\/wear-iqoniq.com\/sv\/collection\/trojor\/torres-atervunnen-bomull-hoodie-ofargad-marinbla\/\",\"name\":\"Torres hoodie i \u00e5tervunnen of\u00e4rgad bomull, heather navy - New Iqoniq\",\"isPartOf\":{\"@id\":\"https:\/\/wear-iqoniq.com\/sv\/#website\"},\"primaryImageOfPage\":{\"@id\":\"https:\/\/wear-iqoniq.com\/sv\/collection\/trojor\/torres-atervunnen-bomull-hoodie-ofargad-marinbla\/#primaryimage\"},\"image\":{\"@id\":\"https:\/\/wear-iqoniq.com\/sv\/collection\/trojor\/torres-atervunnen-bomull-hoodie-ofargad-marinbla\/#primaryimage\"},\"thumbnailUrl\":\"https:\/\/wear-iqoniq.com\/wp-content\/uploads\/sites\/13\/2025\/04\/T9401.016.L__S_0__72e87f0c02b5498f93123a336c393663.jpg\",\"datePublished\":\"2025-10-07T11:52:50+00:00\",\"dateModified\":\"2026-04-14T02:06:19+00:00\",\"breadcrumb\":{\"@id\":\"https:\/\/wear-iqoniq.com\/sv\/collection\/trojor\/torres-atervunnen-bomull-hoodie-ofargad-marinbla\/#breadcrumb\"},\"inLanguage\":\"sv-SE\",\"potentialAction\":[{\"@type\":\"ReadAction\",\"target\":[\"https:\/\/wear-iqoniq.com\/sv\/collection\/trojor\/torres-atervunnen-bomull-hoodie-ofargad-marinbla\/\"]}]},{\"@type\":\"ImageObject\",\"inLanguage\":\"sv-SE\",\"@id\":\"https:\/\/wear-iqoniq.com\/sv\/collection\/trojor\/torres-atervunnen-bomull-hoodie-ofargad-marinbla\/#primaryimage\",\"url\":\"https:\/\/wear-iqoniq.com\/wp-content\/uploads\/sites\/13\/2025\/04\/T9401.016.L__S_0__72e87f0c02b5498f93123a336c393663.jpg\",\"contentUrl\":\"https:\/\/wear-iqoniq.com\/wp-content\/uploads\/sites\/13\/2025\/04\/T9401.016.L__S_0__72e87f0c02b5498f93123a336c393663.jpg\",\"width\":1024,\"height\":1024},{\"@type\":\"BreadcrumbList\",\"@id\":\"https:\/\/wear-iqoniq.com\/sv\/collection\/trojor\/torres-atervunnen-bomull-hoodie-ofargad-marinbla\/#breadcrumb\",\"itemListElement\":[{\"@type\":\"ListItem\",\"position\":1,\"name\":\"Home\",\"item\":\"https:\/\/wear-iqoniq.com\/sv\/\"},{\"@type\":\"ListItem\",\"position\":2,\"name\":\"Kollektion\",\"item\":\"https:\/\/wear-iqoniq.com\/sv\/kollektion\/\"},{\"@type\":\"ListItem\",\"position\":3,\"name\":\"Torres hoodie i \u00e5tervunnen of\u00e4rgad bomull, heather navy\"}]},{\"@type\":\"WebSite\",\"@id\":\"https:\/\/wear-iqoniq.com\/sv\/#website\",\"url\":\"https:\/\/wear-iqoniq.com\/sv\/\",\"name\":\"Iqoniq\",\"description\":\"WEAR CHANGE\",\"potentialAction\":[{\"@type\":\"SearchAction\",\"target\":{\"@type\":\"EntryPoint\",\"urlTemplate\":\"https:\/\/wear-iqoniq.com\/sv\/?s={search_term_string}\"},\"query-input\":{\"@type\":\"PropertyValueSpecification\",\"valueRequired\":true,\"valueName\":\"search_term_string\"}}],\"inLanguage\":\"sv-SE\"}]}<\/script>\n<!-- \/ Yoast SEO plugin. -->","yoast_head_json":{"title":"Torres hoodie i \u00e5tervunnen of\u00e4rgad bomull, heather navy - New Iqoniq","robots":{"index":"index","follow":"follow","max-snippet":"max-snippet:-1","max-image-preview":"max-image-preview:large","max-video-preview":"max-video-preview:-1"},"canonical":"https:\/\/wear-iqoniq.com\/sv\/collection\/trojor\/torres-atervunnen-bomull-hoodie-ofargad-marinbla\/","og_locale":"sv_SE","og_type":"article","og_title":"Torres hoodie i \u00e5tervunnen of\u00e4rgad bomull, heather navy - New Iqoniq","og_description":"&#8221;Unisex hoodie med normal passform tillverkad av 100% bomull, 50% \u00e5tervunnen och 50% ekologisk, i 340 G\/M\u00b2. Det \u00e4r samma hoodie som v\u00e5r IQONIQ &#8221;&#8221;Jasper&#8221;&#8221; hoodie. Det finns bara en skillnad: vi eliminerar f\u00e4rgningsprocessen. Vi har blandat \u00e5tervunnen bomull i sin befintliga f\u00e4rg med jungfrulig ekologisk bomull. Detta skapar den vackra heather m\u00e9lange-effekten. Insidan \u00e4r [&hellip;]","og_url":"https:\/\/wear-iqoniq.com\/sv\/collection\/trojor\/torres-atervunnen-bomull-hoodie-ofargad-marinbla\/","og_site_name":"New Iqoniq","article_modified_time":"2026-04-14T02:06:19+00:00","og_image":[{"width":1024,"height":1024,"url":"https:\/\/wear-iqoniq.com\/wp-content\/uploads\/sites\/13\/2025\/04\/T9401.016.L__S_0__72e87f0c02b5498f93123a336c393663.jpg","type":"image\/jpeg"}],"twitter_card":"summary_large_image","twitter_misc":{"Ber\u00e4knad l\u00e4stid":"1 minut"},"schema":{"@context":"https:\/\/schema.org","@graph":[{"@type":"WebPage","@id":"https:\/\/wear-iqoniq.com\/sv\/collection\/trojor\/torres-atervunnen-bomull-hoodie-ofargad-marinbla\/","url":"https:\/\/wear-iqoniq.com\/sv\/collection\/trojor\/torres-atervunnen-bomull-hoodie-ofargad-marinbla\/","name":"Torres hoodie i \u00e5tervunnen of\u00e4rgad bomull, heather navy - New Iqoniq","isPartOf":{"@id":"https:\/\/wear-iqoniq.com\/sv\/#website"},"primaryImageOfPage":{"@id":"https:\/\/wear-iqoniq.com\/sv\/collection\/trojor\/torres-atervunnen-bomull-hoodie-ofargad-marinbla\/#primaryimage"},"image":{"@id":"https:\/\/wear-iqoniq.com\/sv\/collection\/trojor\/torres-atervunnen-bomull-hoodie-ofargad-marinbla\/#primaryimage"},"thumbnailUrl":"https:\/\/wear-iqoniq.com\/wp-content\/uploads\/sites\/13\/2025\/04\/T9401.016.L__S_0__72e87f0c02b5498f93123a336c393663.jpg","datePublished":"2025-10-07T11:52:50+00:00","dateModified":"2026-04-14T02:06:19+00:00","breadcrumb":{"@id":"https:\/\/wear-iqoniq.com\/sv\/collection\/trojor\/torres-atervunnen-bomull-hoodie-ofargad-marinbla\/#breadcrumb"},"inLanguage":"sv-SE","potentialAction":[{"@type":"ReadAction","target":["https:\/\/wear-iqoniq.com\/sv\/collection\/trojor\/torres-atervunnen-bomull-hoodie-ofargad-marinbla\/"]}]},{"@type":"ImageObject","inLanguage":"sv-SE","@id":"https:\/\/wear-iqoniq.com\/sv\/collection\/trojor\/torres-atervunnen-bomull-hoodie-ofargad-marinbla\/#primaryimage","url":"https:\/\/wear-iqoniq.com\/wp-content\/uploads\/sites\/13\/2025\/04\/T9401.016.L__S_0__72e87f0c02b5498f93123a336c393663.jpg","contentUrl":"https:\/\/wear-iqoniq.com\/wp-content\/uploads\/sites\/13\/2025\/04\/T9401.016.L__S_0__72e87f0c02b5498f93123a336c393663.jpg","width":1024,"height":1024},{"@type":"BreadcrumbList","@id":"https:\/\/wear-iqoniq.com\/sv\/collection\/trojor\/torres-atervunnen-bomull-hoodie-ofargad-marinbla\/#breadcrumb","itemListElement":[{"@type":"ListItem","position":1,"name":"Home","item":"https:\/\/wear-iqoniq.com\/sv\/"},{"@type":"ListItem","position":2,"name":"Kollektion","item":"https:\/\/wear-iqoniq.com\/sv\/kollektion\/"},{"@type":"ListItem","position":3,"name":"Torres hoodie i \u00e5tervunnen of\u00e4rgad bomull, heather navy"}]},{"@type":"WebSite","@id":"https:\/\/wear-iqoniq.com\/sv\/#website","url":"https:\/\/wear-iqoniq.com\/sv\/","name":"Iqoniq","description":"WEAR CHANGE","potentialAction":[{"@type":"SearchAction","target":{"@type":"EntryPoint","urlTemplate":"https:\/\/wear-iqoniq.com\/sv\/?s={search_term_string}"},"query-input":{"@type":"PropertyValueSpecification","valueRequired":true,"valueName":"search_term_string"}}],"inLanguage":"sv-SE"}]}},"_links":{"self":[{"href":"https:\/\/wear-iqoniq.com\/sv\/wp-json\/wp\/v2\/product\/200264","targetHints":{"allow":["GET"]}}],"collection":[{"href":"https:\/\/wear-iqoniq.com\/sv\/wp-json\/wp\/v2\/product"}],"about":[{"href":"https:\/\/wear-iqoniq.com\/sv\/wp-json\/wp\/v2\/types\/product"}],"wp:featuredmedia":[{"embeddable":true,"href":"https:\/\/wear-iqoniq.com\/sv\/wp-json\/wp\/v2\/media\/319737"}],"wp:attachment":[{"href":"https:\/\/wear-iqoniq.com\/sv\/wp-json\/wp\/v2\/media?parent=200264"}],"wp:term":[{"taxonomy":"product_cat","embeddable":true,"href":"https:\/\/wear-iqoniq.com\/sv\/wp-json\/wp\/v2\/product_cat?post=200264"},{"taxonomy":"product_tag","embeddable":true,"href":"https:\/\/wear-iqoniq.com\/sv\/wp-json\/wp\/v2\/product_tag?post=200264"}],"curies":[{"name":"wp","href":"https:\/\/api.w.org\/{rel}","templated":true}]}}