{"id":200247,"date":"2025-10-07T13:52:28","date_gmt":"2025-10-07T11:52:28","guid":{"rendered":"https:\/\/xdsomename.tempurl.host\/iqoniq\/collection\/okategoriserad\/jasper-atervunnen-bomull-hoodie-marinbla\/"},"modified":"2026-04-07T04:04:16","modified_gmt":"2026-04-07T02:04:16","slug":"jasper-atervunnen-bomull-hoodie-marinbla","status":"publish","type":"product","link":"https:\/\/wear-iqoniq.com\/sv\/collection\/trojor\/jasper-atervunnen-bomull-hoodie-marinbla\/","title":{"rendered":"Jasper hoodie i \u00e5tervunnen bomull, marinbl\u00e5"},"content":{"rendered":"<p>Unisex hoodie med normal passform tillverkad av 100% bomull, 50% \u00e5tervunnen och 50% ekologisk, i 340 G\/M\u00b2. Hoodiens luva har dubbla tyglager, l\u00e5nga \u00e4rmar och 1&#215;1 ribb. Insidan \u00e4r mjukborstad fleece f\u00f6r extra komfort. Anv\u00e4ndandet av \u00e4kta \u00e5tervunnet och ekologiskt material och p\u00e5st\u00e5enden om milj\u00f6p\u00e5verkan garanteras, med hj\u00e4lp av AWARE\u2122 disruptiva fysiska sp\u00e5rare och blockkedjeteknik. Genom att skanna QR-koden f\u00e5r du tillg\u00e5ng till ett digitalt produktpass. 2% av int\u00e4kterna fr\u00e5n varje s\u00e5ld produkt kommer att doneras till Water.org. Produkten \u00e4r OEKO-TEX\u00ae STANDARD 100 Centexbel certifierad. P\u00e5 grund av \u00e5tervunnet garns egenskaper kan orenheter och f\u00e4rgvariationer f\u00f6rekomma.<\/p>\n","protected":false},"excerpt":{"rendered":"<p>Unisex hoodie med normal passform tillverkad av 100% bomull, 50% \u00e5tervunnen och 50% ekologisk, i 340 G\/M\u00b2. Hoodiens luva har dubbla tyglager, l\u00e5nga \u00e4rmar och 1&#215;1 ribb. Insidan \u00e4r mjukborstad fleece f\u00f6r extra komfort. Anv\u00e4ndandet av \u00e4kta \u00e5tervunnet och ekologiskt material och p\u00e5st\u00e5enden om milj\u00f6p\u00e5verkan garanteras, med hj\u00e4lp av AWARE\u2122 disruptiva fysiska sp\u00e5rare och blockkedjeteknik. [&hellip;]<\/p>\n","protected":false},"featured_media":319604,"template":"","meta":{"_acf_changed":false},"product_cat":[142],"product_tag":[],"class_list":["post-200247","product","type-product","status-publish","has-post-thumbnail","hentry","product_cat-trojor","pa_color-navy","pa_fabric-type-borsted-sweat","pa_fit-classic-fit","pa_gender-unisex","pa_materials-50-50re-cotton-7","pa_weight-340-gsm"],"acf":[],"yoast_head":"<!-- This site is optimized with the Yoast SEO plugin v27.0 - https:\/\/yoast.com\/product\/yoast-seo-wordpress\/ -->\n<title>Jasper hoodie i \u00e5tervunnen bomull, marinbl\u00e5 - New Iqoniq<\/title>\n<meta name=\"robots\" content=\"index, follow, max-snippet:-1, max-image-preview:large, max-video-preview:-1\" \/>\n<link rel=\"canonical\" href=\"https:\/\/wear-iqoniq.com\/sv\/collection\/trojor\/jasper-atervunnen-bomull-hoodie-marinbla\/\" \/>\n<meta property=\"og:locale\" content=\"sv_SE\" \/>\n<meta property=\"og:type\" content=\"article\" \/>\n<meta property=\"og:title\" content=\"Jasper hoodie i \u00e5tervunnen bomull, marinbl\u00e5 - New Iqoniq\" \/>\n<meta property=\"og:description\" content=\"Unisex hoodie med normal passform tillverkad av 100% bomull, 50% \u00e5tervunnen och 50% ekologisk, i 340 G\/M\u00b2. Hoodiens luva har dubbla tyglager, l\u00e5nga \u00e4rmar och 1&#215;1 ribb. Insidan \u00e4r mjukborstad fleece f\u00f6r extra komfort. Anv\u00e4ndandet av \u00e4kta \u00e5tervunnet och ekologiskt material och p\u00e5st\u00e5enden om milj\u00f6p\u00e5verkan garanteras, med hj\u00e4lp av AWARE\u2122 disruptiva fysiska sp\u00e5rare och blockkedjeteknik. [&hellip;]\" \/>\n<meta property=\"og:url\" content=\"https:\/\/wear-iqoniq.com\/sv\/collection\/trojor\/jasper-atervunnen-bomull-hoodie-marinbla\/\" \/>\n<meta property=\"og:site_name\" content=\"New Iqoniq\" \/>\n<meta property=\"article:modified_time\" content=\"2026-04-07T02:04:16+00:00\" \/>\n<meta property=\"og:image\" content=\"https:\/\/wear-iqoniq.com\/wp-content\/uploads\/sites\/13\/2025\/04\/T9400.002.L__S_0__8fd08d9c9d904251bc303c1581cb5935.jpg\" \/>\n\t<meta property=\"og:image:width\" content=\"1024\" \/>\n\t<meta property=\"og:image:height\" content=\"1024\" \/>\n\t<meta property=\"og:image:type\" content=\"image\/jpeg\" \/>\n<meta name=\"twitter:card\" content=\"summary_large_image\" \/>\n<meta name=\"twitter:label1\" content=\"Ber\u00e4knad l\u00e4stid\" \/>\n\t<meta name=\"twitter:data1\" content=\"1 minut\" \/>\n<script type=\"application\/ld+json\" class=\"yoast-schema-graph\">{\"@context\":\"https:\/\/schema.org\",\"@graph\":[{\"@type\":\"WebPage\",\"@id\":\"https:\/\/wear-iqoniq.com\/sv\/collection\/trojor\/jasper-atervunnen-bomull-hoodie-marinbla\/\",\"url\":\"https:\/\/wear-iqoniq.com\/sv\/collection\/trojor\/jasper-atervunnen-bomull-hoodie-marinbla\/\",\"name\":\"Jasper hoodie i \u00e5tervunnen bomull, marinbl\u00e5 - New Iqoniq\",\"isPartOf\":{\"@id\":\"https:\/\/wear-iqoniq.com\/sv\/#website\"},\"primaryImageOfPage\":{\"@id\":\"https:\/\/wear-iqoniq.com\/sv\/collection\/trojor\/jasper-atervunnen-bomull-hoodie-marinbla\/#primaryimage\"},\"image\":{\"@id\":\"https:\/\/wear-iqoniq.com\/sv\/collection\/trojor\/jasper-atervunnen-bomull-hoodie-marinbla\/#primaryimage\"},\"thumbnailUrl\":\"https:\/\/wear-iqoniq.com\/wp-content\/uploads\/sites\/13\/2025\/04\/T9400.002.L__S_0__8fd08d9c9d904251bc303c1581cb5935.jpg\",\"datePublished\":\"2025-10-07T11:52:28+00:00\",\"dateModified\":\"2026-04-07T02:04:16+00:00\",\"breadcrumb\":{\"@id\":\"https:\/\/wear-iqoniq.com\/sv\/collection\/trojor\/jasper-atervunnen-bomull-hoodie-marinbla\/#breadcrumb\"},\"inLanguage\":\"sv-SE\",\"potentialAction\":[{\"@type\":\"ReadAction\",\"target\":[\"https:\/\/wear-iqoniq.com\/sv\/collection\/trojor\/jasper-atervunnen-bomull-hoodie-marinbla\/\"]}]},{\"@type\":\"ImageObject\",\"inLanguage\":\"sv-SE\",\"@id\":\"https:\/\/wear-iqoniq.com\/sv\/collection\/trojor\/jasper-atervunnen-bomull-hoodie-marinbla\/#primaryimage\",\"url\":\"https:\/\/wear-iqoniq.com\/wp-content\/uploads\/sites\/13\/2025\/04\/T9400.002.L__S_0__8fd08d9c9d904251bc303c1581cb5935.jpg\",\"contentUrl\":\"https:\/\/wear-iqoniq.com\/wp-content\/uploads\/sites\/13\/2025\/04\/T9400.002.L__S_0__8fd08d9c9d904251bc303c1581cb5935.jpg\",\"width\":1024,\"height\":1024},{\"@type\":\"BreadcrumbList\",\"@id\":\"https:\/\/wear-iqoniq.com\/sv\/collection\/trojor\/jasper-atervunnen-bomull-hoodie-marinbla\/#breadcrumb\",\"itemListElement\":[{\"@type\":\"ListItem\",\"position\":1,\"name\":\"Home\",\"item\":\"https:\/\/wear-iqoniq.com\/sv\/\"},{\"@type\":\"ListItem\",\"position\":2,\"name\":\"Kollektion\",\"item\":\"https:\/\/wear-iqoniq.com\/sv\/kollektion\/\"},{\"@type\":\"ListItem\",\"position\":3,\"name\":\"Jasper hoodie i \u00e5tervunnen bomull, marinbl\u00e5\"}]},{\"@type\":\"WebSite\",\"@id\":\"https:\/\/wear-iqoniq.com\/sv\/#website\",\"url\":\"https:\/\/wear-iqoniq.com\/sv\/\",\"name\":\"Iqoniq\",\"description\":\"WEAR CHANGE\",\"potentialAction\":[{\"@type\":\"SearchAction\",\"target\":{\"@type\":\"EntryPoint\",\"urlTemplate\":\"https:\/\/wear-iqoniq.com\/sv\/?s={search_term_string}\"},\"query-input\":{\"@type\":\"PropertyValueSpecification\",\"valueRequired\":true,\"valueName\":\"search_term_string\"}}],\"inLanguage\":\"sv-SE\"}]}<\/script>\n<!-- \/ Yoast SEO plugin. -->","yoast_head_json":{"title":"Jasper hoodie i \u00e5tervunnen bomull, marinbl\u00e5 - New Iqoniq","robots":{"index":"index","follow":"follow","max-snippet":"max-snippet:-1","max-image-preview":"max-image-preview:large","max-video-preview":"max-video-preview:-1"},"canonical":"https:\/\/wear-iqoniq.com\/sv\/collection\/trojor\/jasper-atervunnen-bomull-hoodie-marinbla\/","og_locale":"sv_SE","og_type":"article","og_title":"Jasper hoodie i \u00e5tervunnen bomull, marinbl\u00e5 - New Iqoniq","og_description":"Unisex hoodie med normal passform tillverkad av 100% bomull, 50% \u00e5tervunnen och 50% ekologisk, i 340 G\/M\u00b2. Hoodiens luva har dubbla tyglager, l\u00e5nga \u00e4rmar och 1&#215;1 ribb. Insidan \u00e4r mjukborstad fleece f\u00f6r extra komfort. Anv\u00e4ndandet av \u00e4kta \u00e5tervunnet och ekologiskt material och p\u00e5st\u00e5enden om milj\u00f6p\u00e5verkan garanteras, med hj\u00e4lp av AWARE\u2122 disruptiva fysiska sp\u00e5rare och blockkedjeteknik. [&hellip;]","og_url":"https:\/\/wear-iqoniq.com\/sv\/collection\/trojor\/jasper-atervunnen-bomull-hoodie-marinbla\/","og_site_name":"New Iqoniq","article_modified_time":"2026-04-07T02:04:16+00:00","og_image":[{"width":1024,"height":1024,"url":"https:\/\/wear-iqoniq.com\/wp-content\/uploads\/sites\/13\/2025\/04\/T9400.002.L__S_0__8fd08d9c9d904251bc303c1581cb5935.jpg","type":"image\/jpeg"}],"twitter_card":"summary_large_image","twitter_misc":{"Ber\u00e4knad l\u00e4stid":"1 minut"},"schema":{"@context":"https:\/\/schema.org","@graph":[{"@type":"WebPage","@id":"https:\/\/wear-iqoniq.com\/sv\/collection\/trojor\/jasper-atervunnen-bomull-hoodie-marinbla\/","url":"https:\/\/wear-iqoniq.com\/sv\/collection\/trojor\/jasper-atervunnen-bomull-hoodie-marinbla\/","name":"Jasper hoodie i \u00e5tervunnen bomull, marinbl\u00e5 - New Iqoniq","isPartOf":{"@id":"https:\/\/wear-iqoniq.com\/sv\/#website"},"primaryImageOfPage":{"@id":"https:\/\/wear-iqoniq.com\/sv\/collection\/trojor\/jasper-atervunnen-bomull-hoodie-marinbla\/#primaryimage"},"image":{"@id":"https:\/\/wear-iqoniq.com\/sv\/collection\/trojor\/jasper-atervunnen-bomull-hoodie-marinbla\/#primaryimage"},"thumbnailUrl":"https:\/\/wear-iqoniq.com\/wp-content\/uploads\/sites\/13\/2025\/04\/T9400.002.L__S_0__8fd08d9c9d904251bc303c1581cb5935.jpg","datePublished":"2025-10-07T11:52:28+00:00","dateModified":"2026-04-07T02:04:16+00:00","breadcrumb":{"@id":"https:\/\/wear-iqoniq.com\/sv\/collection\/trojor\/jasper-atervunnen-bomull-hoodie-marinbla\/#breadcrumb"},"inLanguage":"sv-SE","potentialAction":[{"@type":"ReadAction","target":["https:\/\/wear-iqoniq.com\/sv\/collection\/trojor\/jasper-atervunnen-bomull-hoodie-marinbla\/"]}]},{"@type":"ImageObject","inLanguage":"sv-SE","@id":"https:\/\/wear-iqoniq.com\/sv\/collection\/trojor\/jasper-atervunnen-bomull-hoodie-marinbla\/#primaryimage","url":"https:\/\/wear-iqoniq.com\/wp-content\/uploads\/sites\/13\/2025\/04\/T9400.002.L__S_0__8fd08d9c9d904251bc303c1581cb5935.jpg","contentUrl":"https:\/\/wear-iqoniq.com\/wp-content\/uploads\/sites\/13\/2025\/04\/T9400.002.L__S_0__8fd08d9c9d904251bc303c1581cb5935.jpg","width":1024,"height":1024},{"@type":"BreadcrumbList","@id":"https:\/\/wear-iqoniq.com\/sv\/collection\/trojor\/jasper-atervunnen-bomull-hoodie-marinbla\/#breadcrumb","itemListElement":[{"@type":"ListItem","position":1,"name":"Home","item":"https:\/\/wear-iqoniq.com\/sv\/"},{"@type":"ListItem","position":2,"name":"Kollektion","item":"https:\/\/wear-iqoniq.com\/sv\/kollektion\/"},{"@type":"ListItem","position":3,"name":"Jasper hoodie i \u00e5tervunnen bomull, marinbl\u00e5"}]},{"@type":"WebSite","@id":"https:\/\/wear-iqoniq.com\/sv\/#website","url":"https:\/\/wear-iqoniq.com\/sv\/","name":"Iqoniq","description":"WEAR CHANGE","potentialAction":[{"@type":"SearchAction","target":{"@type":"EntryPoint","urlTemplate":"https:\/\/wear-iqoniq.com\/sv\/?s={search_term_string}"},"query-input":{"@type":"PropertyValueSpecification","valueRequired":true,"valueName":"search_term_string"}}],"inLanguage":"sv-SE"}]}},"_links":{"self":[{"href":"https:\/\/wear-iqoniq.com\/sv\/wp-json\/wp\/v2\/product\/200247","targetHints":{"allow":["GET"]}}],"collection":[{"href":"https:\/\/wear-iqoniq.com\/sv\/wp-json\/wp\/v2\/product"}],"about":[{"href":"https:\/\/wear-iqoniq.com\/sv\/wp-json\/wp\/v2\/types\/product"}],"wp:featuredmedia":[{"embeddable":true,"href":"https:\/\/wear-iqoniq.com\/sv\/wp-json\/wp\/v2\/media\/319604"}],"wp:attachment":[{"href":"https:\/\/wear-iqoniq.com\/sv\/wp-json\/wp\/v2\/media?parent=200247"}],"wp:term":[{"taxonomy":"product_cat","embeddable":true,"href":"https:\/\/wear-iqoniq.com\/sv\/wp-json\/wp\/v2\/product_cat?post=200247"},{"taxonomy":"product_tag","embeddable":true,"href":"https:\/\/wear-iqoniq.com\/sv\/wp-json\/wp\/v2\/product_tag?post=200247"}],"curies":[{"name":"wp","href":"https:\/\/api.w.org\/{rel}","templated":true}]}}