{"id":200182,"date":"2025-10-07T13:48:30","date_gmt":"2025-10-07T11:48:30","guid":{"rendered":"https:\/\/xdsomename.tempurl.host\/iqoniq\/collection\/okategoriserad\/bryce-atervunnen-bomull-t-shirt-svart\/"},"modified":"2026-04-05T03:51:25","modified_gmt":"2026-04-05T01:51:25","slug":"bryce-atervunnen-bomull-t-shirt-svart","status":"publish","type":"product","link":"https:\/\/wear-iqoniq.com\/sv\/collection\/t-shirts-sv\/bryce-atervunnen-bomull-t-shirt-svart\/","title":{"rendered":"Bryce t-shirt i \u00e5tervunnen bomull, svart"},"content":{"rendered":"<p>Unisex t-shirt med normal passform tillverkad av 100% bomull, 50% \u00e5tervunnen och 50% ekologisk, 180 G\/M\u00b2. T-shirten har en rundad hals, korta \u00e4rmar och 1&#215;1 ribb. Anv\u00e4ndningen av \u00e4kta \u00e5tervunnet och ekologiskt material samt p\u00e5st\u00e5enden om milj\u00f6p\u00e5verkan garanteras, genom att anv\u00e4nda AWARE\u2122 disruptiva fysiska sp\u00e5rare och blockkedjeteknik. Genom att skanna QR-koden f\u00e5r du tillg\u00e5ng till ett digitalt produktpass. 2% av int\u00e4kterna fr\u00e5n varje s\u00e5ld produkt kommer att doneras till Water.org. Produkten \u00e4r OEKO-TEX\u00ae STANDARD 100 Centexbel -certifierad. P\u00e5 grund av \u00e5tervunnet garns egenskaper kan orenheter och f\u00e4rgvariationer f\u00f6rekomma.<\/p>\n","protected":false},"excerpt":{"rendered":"<p>Unisex t-shirt med normal passform tillverkad av 100% bomull, 50% \u00e5tervunnen och 50% ekologisk, 180 G\/M\u00b2. T-shirten har en rundad hals, korta \u00e4rmar och 1&#215;1 ribb. Anv\u00e4ndningen av \u00e4kta \u00e5tervunnet och ekologiskt material samt p\u00e5st\u00e5enden om milj\u00f6p\u00e5verkan garanteras, genom att anv\u00e4nda AWARE\u2122 disruptiva fysiska sp\u00e5rare och blockkedjeteknik. Genom att skanna QR-koden f\u00e5r du tillg\u00e5ng till [&hellip;]<\/p>\n","protected":false},"featured_media":318295,"template":"","meta":{"_acf_changed":false},"product_cat":[146],"product_tag":[],"class_list":["post-200182","product","type-product","status-publish","has-post-thumbnail","hentry","product_cat-t-shirts-sv","pa_color-black","pa_fabric-type-single-jersey","pa_fit-classic-fit","pa_gender-unisex","pa_materials-50-50re-cotton-7","pa_weight-180-gsm"],"acf":[],"yoast_head":"<!-- This site is optimized with the Yoast SEO plugin v27.0 - https:\/\/yoast.com\/product\/yoast-seo-wordpress\/ -->\n<title>Bryce t-shirt i \u00e5tervunnen bomull, svart - New Iqoniq<\/title>\n<meta name=\"robots\" content=\"index, follow, max-snippet:-1, max-image-preview:large, max-video-preview:-1\" \/>\n<link rel=\"canonical\" href=\"https:\/\/wear-iqoniq.com\/sv\/collection\/t-shirts-sv\/bryce-atervunnen-bomull-t-shirt-svart\/\" \/>\n<meta property=\"og:locale\" content=\"sv_SE\" \/>\n<meta property=\"og:type\" content=\"article\" \/>\n<meta property=\"og:title\" content=\"Bryce t-shirt i \u00e5tervunnen bomull, svart - New Iqoniq\" \/>\n<meta property=\"og:description\" content=\"Unisex t-shirt med normal passform tillverkad av 100% bomull, 50% \u00e5tervunnen och 50% ekologisk, 180 G\/M\u00b2. T-shirten har en rundad hals, korta \u00e4rmar och 1&#215;1 ribb. Anv\u00e4ndningen av \u00e4kta \u00e5tervunnet och ekologiskt material samt p\u00e5st\u00e5enden om milj\u00f6p\u00e5verkan garanteras, genom att anv\u00e4nda AWARE\u2122 disruptiva fysiska sp\u00e5rare och blockkedjeteknik. Genom att skanna QR-koden f\u00e5r du tillg\u00e5ng till [&hellip;]\" \/>\n<meta property=\"og:url\" content=\"https:\/\/wear-iqoniq.com\/sv\/collection\/t-shirts-sv\/bryce-atervunnen-bomull-t-shirt-svart\/\" \/>\n<meta property=\"og:site_name\" content=\"New Iqoniq\" \/>\n<meta property=\"article:modified_time\" content=\"2026-04-05T01:51:25+00:00\" \/>\n<meta property=\"og:image\" content=\"https:\/\/wear-iqoniq.com\/wp-content\/uploads\/sites\/13\/2025\/04\/T9100.001.L__S_0__44ffa3332b7c4317bb159948dce5ecb5.jpg\" \/>\n\t<meta property=\"og:image:width\" content=\"1024\" \/>\n\t<meta property=\"og:image:height\" content=\"1024\" \/>\n\t<meta property=\"og:image:type\" content=\"image\/jpeg\" \/>\n<meta name=\"twitter:card\" content=\"summary_large_image\" \/>\n<script type=\"application\/ld+json\" class=\"yoast-schema-graph\">{\"@context\":\"https:\/\/schema.org\",\"@graph\":[{\"@type\":\"WebPage\",\"@id\":\"https:\/\/wear-iqoniq.com\/sv\/collection\/t-shirts-sv\/bryce-atervunnen-bomull-t-shirt-svart\/\",\"url\":\"https:\/\/wear-iqoniq.com\/sv\/collection\/t-shirts-sv\/bryce-atervunnen-bomull-t-shirt-svart\/\",\"name\":\"Bryce t-shirt i \u00e5tervunnen bomull, svart - New Iqoniq\",\"isPartOf\":{\"@id\":\"https:\/\/wear-iqoniq.com\/sv\/#website\"},\"primaryImageOfPage\":{\"@id\":\"https:\/\/wear-iqoniq.com\/sv\/collection\/t-shirts-sv\/bryce-atervunnen-bomull-t-shirt-svart\/#primaryimage\"},\"image\":{\"@id\":\"https:\/\/wear-iqoniq.com\/sv\/collection\/t-shirts-sv\/bryce-atervunnen-bomull-t-shirt-svart\/#primaryimage\"},\"thumbnailUrl\":\"https:\/\/wear-iqoniq.com\/wp-content\/uploads\/sites\/13\/2025\/04\/T9100.001.L__S_0__44ffa3332b7c4317bb159948dce5ecb5.jpg\",\"datePublished\":\"2025-10-07T11:48:30+00:00\",\"dateModified\":\"2026-04-05T01:51:25+00:00\",\"breadcrumb\":{\"@id\":\"https:\/\/wear-iqoniq.com\/sv\/collection\/t-shirts-sv\/bryce-atervunnen-bomull-t-shirt-svart\/#breadcrumb\"},\"inLanguage\":\"sv-SE\",\"potentialAction\":[{\"@type\":\"ReadAction\",\"target\":[\"https:\/\/wear-iqoniq.com\/sv\/collection\/t-shirts-sv\/bryce-atervunnen-bomull-t-shirt-svart\/\"]}]},{\"@type\":\"ImageObject\",\"inLanguage\":\"sv-SE\",\"@id\":\"https:\/\/wear-iqoniq.com\/sv\/collection\/t-shirts-sv\/bryce-atervunnen-bomull-t-shirt-svart\/#primaryimage\",\"url\":\"https:\/\/wear-iqoniq.com\/wp-content\/uploads\/sites\/13\/2025\/04\/T9100.001.L__S_0__44ffa3332b7c4317bb159948dce5ecb5.jpg\",\"contentUrl\":\"https:\/\/wear-iqoniq.com\/wp-content\/uploads\/sites\/13\/2025\/04\/T9100.001.L__S_0__44ffa3332b7c4317bb159948dce5ecb5.jpg\",\"width\":1024,\"height\":1024},{\"@type\":\"BreadcrumbList\",\"@id\":\"https:\/\/wear-iqoniq.com\/sv\/collection\/t-shirts-sv\/bryce-atervunnen-bomull-t-shirt-svart\/#breadcrumb\",\"itemListElement\":[{\"@type\":\"ListItem\",\"position\":1,\"name\":\"Home\",\"item\":\"https:\/\/wear-iqoniq.com\/sv\/\"},{\"@type\":\"ListItem\",\"position\":2,\"name\":\"Kollektion\",\"item\":\"https:\/\/wear-iqoniq.com\/sv\/kollektion\/\"},{\"@type\":\"ListItem\",\"position\":3,\"name\":\"Bryce t-shirt i \u00e5tervunnen bomull, svart\"}]},{\"@type\":\"WebSite\",\"@id\":\"https:\/\/wear-iqoniq.com\/sv\/#website\",\"url\":\"https:\/\/wear-iqoniq.com\/sv\/\",\"name\":\"Iqoniq\",\"description\":\"WEAR CHANGE\",\"potentialAction\":[{\"@type\":\"SearchAction\",\"target\":{\"@type\":\"EntryPoint\",\"urlTemplate\":\"https:\/\/wear-iqoniq.com\/sv\/?s={search_term_string}\"},\"query-input\":{\"@type\":\"PropertyValueSpecification\",\"valueRequired\":true,\"valueName\":\"search_term_string\"}}],\"inLanguage\":\"sv-SE\"}]}<\/script>\n<!-- \/ Yoast SEO plugin. -->","yoast_head_json":{"title":"Bryce t-shirt i \u00e5tervunnen bomull, svart - New Iqoniq","robots":{"index":"index","follow":"follow","max-snippet":"max-snippet:-1","max-image-preview":"max-image-preview:large","max-video-preview":"max-video-preview:-1"},"canonical":"https:\/\/wear-iqoniq.com\/sv\/collection\/t-shirts-sv\/bryce-atervunnen-bomull-t-shirt-svart\/","og_locale":"sv_SE","og_type":"article","og_title":"Bryce t-shirt i \u00e5tervunnen bomull, svart - New Iqoniq","og_description":"Unisex t-shirt med normal passform tillverkad av 100% bomull, 50% \u00e5tervunnen och 50% ekologisk, 180 G\/M\u00b2. T-shirten har en rundad hals, korta \u00e4rmar och 1&#215;1 ribb. Anv\u00e4ndningen av \u00e4kta \u00e5tervunnet och ekologiskt material samt p\u00e5st\u00e5enden om milj\u00f6p\u00e5verkan garanteras, genom att anv\u00e4nda AWARE\u2122 disruptiva fysiska sp\u00e5rare och blockkedjeteknik. Genom att skanna QR-koden f\u00e5r du tillg\u00e5ng till [&hellip;]","og_url":"https:\/\/wear-iqoniq.com\/sv\/collection\/t-shirts-sv\/bryce-atervunnen-bomull-t-shirt-svart\/","og_site_name":"New Iqoniq","article_modified_time":"2026-04-05T01:51:25+00:00","og_image":[{"width":1024,"height":1024,"url":"https:\/\/wear-iqoniq.com\/wp-content\/uploads\/sites\/13\/2025\/04\/T9100.001.L__S_0__44ffa3332b7c4317bb159948dce5ecb5.jpg","type":"image\/jpeg"}],"twitter_card":"summary_large_image","schema":{"@context":"https:\/\/schema.org","@graph":[{"@type":"WebPage","@id":"https:\/\/wear-iqoniq.com\/sv\/collection\/t-shirts-sv\/bryce-atervunnen-bomull-t-shirt-svart\/","url":"https:\/\/wear-iqoniq.com\/sv\/collection\/t-shirts-sv\/bryce-atervunnen-bomull-t-shirt-svart\/","name":"Bryce t-shirt i \u00e5tervunnen bomull, svart - New Iqoniq","isPartOf":{"@id":"https:\/\/wear-iqoniq.com\/sv\/#website"},"primaryImageOfPage":{"@id":"https:\/\/wear-iqoniq.com\/sv\/collection\/t-shirts-sv\/bryce-atervunnen-bomull-t-shirt-svart\/#primaryimage"},"image":{"@id":"https:\/\/wear-iqoniq.com\/sv\/collection\/t-shirts-sv\/bryce-atervunnen-bomull-t-shirt-svart\/#primaryimage"},"thumbnailUrl":"https:\/\/wear-iqoniq.com\/wp-content\/uploads\/sites\/13\/2025\/04\/T9100.001.L__S_0__44ffa3332b7c4317bb159948dce5ecb5.jpg","datePublished":"2025-10-07T11:48:30+00:00","dateModified":"2026-04-05T01:51:25+00:00","breadcrumb":{"@id":"https:\/\/wear-iqoniq.com\/sv\/collection\/t-shirts-sv\/bryce-atervunnen-bomull-t-shirt-svart\/#breadcrumb"},"inLanguage":"sv-SE","potentialAction":[{"@type":"ReadAction","target":["https:\/\/wear-iqoniq.com\/sv\/collection\/t-shirts-sv\/bryce-atervunnen-bomull-t-shirt-svart\/"]}]},{"@type":"ImageObject","inLanguage":"sv-SE","@id":"https:\/\/wear-iqoniq.com\/sv\/collection\/t-shirts-sv\/bryce-atervunnen-bomull-t-shirt-svart\/#primaryimage","url":"https:\/\/wear-iqoniq.com\/wp-content\/uploads\/sites\/13\/2025\/04\/T9100.001.L__S_0__44ffa3332b7c4317bb159948dce5ecb5.jpg","contentUrl":"https:\/\/wear-iqoniq.com\/wp-content\/uploads\/sites\/13\/2025\/04\/T9100.001.L__S_0__44ffa3332b7c4317bb159948dce5ecb5.jpg","width":1024,"height":1024},{"@type":"BreadcrumbList","@id":"https:\/\/wear-iqoniq.com\/sv\/collection\/t-shirts-sv\/bryce-atervunnen-bomull-t-shirt-svart\/#breadcrumb","itemListElement":[{"@type":"ListItem","position":1,"name":"Home","item":"https:\/\/wear-iqoniq.com\/sv\/"},{"@type":"ListItem","position":2,"name":"Kollektion","item":"https:\/\/wear-iqoniq.com\/sv\/kollektion\/"},{"@type":"ListItem","position":3,"name":"Bryce t-shirt i \u00e5tervunnen bomull, svart"}]},{"@type":"WebSite","@id":"https:\/\/wear-iqoniq.com\/sv\/#website","url":"https:\/\/wear-iqoniq.com\/sv\/","name":"Iqoniq","description":"WEAR CHANGE","potentialAction":[{"@type":"SearchAction","target":{"@type":"EntryPoint","urlTemplate":"https:\/\/wear-iqoniq.com\/sv\/?s={search_term_string}"},"query-input":{"@type":"PropertyValueSpecification","valueRequired":true,"valueName":"search_term_string"}}],"inLanguage":"sv-SE"}]}},"_links":{"self":[{"href":"https:\/\/wear-iqoniq.com\/sv\/wp-json\/wp\/v2\/product\/200182","targetHints":{"allow":["GET"]}}],"collection":[{"href":"https:\/\/wear-iqoniq.com\/sv\/wp-json\/wp\/v2\/product"}],"about":[{"href":"https:\/\/wear-iqoniq.com\/sv\/wp-json\/wp\/v2\/types\/product"}],"wp:featuredmedia":[{"embeddable":true,"href":"https:\/\/wear-iqoniq.com\/sv\/wp-json\/wp\/v2\/media\/318295"}],"wp:attachment":[{"href":"https:\/\/wear-iqoniq.com\/sv\/wp-json\/wp\/v2\/media?parent=200182"}],"wp:term":[{"taxonomy":"product_cat","embeddable":true,"href":"https:\/\/wear-iqoniq.com\/sv\/wp-json\/wp\/v2\/product_cat?post=200182"},{"taxonomy":"product_tag","embeddable":true,"href":"https:\/\/wear-iqoniq.com\/sv\/wp-json\/wp\/v2\/product_tag?post=200182"}],"curies":[{"name":"wp","href":"https:\/\/api.w.org\/{rel}","templated":true}]}}