{"id":331536,"date":"2026-01-05T11:29:54","date_gmt":"2026-01-05T09:29:54","guid":{"rendered":"https:\/\/wear-iqoniq.com\/collection\/senza-categoria\/bomber-iqoniq-odin-in-rpet-nero\/"},"modified":"2026-04-06T04:41:58","modified_gmt":"2026-04-06T02:41:58","slug":"bomber-iqoniq-odin-in-rpet-nero","status":"publish","type":"product","link":"https:\/\/wear-iqoniq.com\/it\/collection\/giacche\/bomber-iqoniq-odin-in-rpet-nero\/","title":{"rendered":"Bomber IQONIQ Odin in rPET, nero"},"content":{"rendered":"<p>Bomber unisex realizzato in 100% rPET, con membrana RTPU (certificata GRS). Questa giacca \u00e8 stata progettata per un look casual chic. La cerniera CF \u00e8 realizzata in metallo privo di nichel con tirante in metallo di alta qualit\u00e0 e cordino lungo tutta la lunghezza della cerniera, due tasche a filetto sui lati con chiusura a scatto nascosta, collo nello stesso tessuto, maniche e orlo inferiore con elastico a costine per una morbida sensazione al tatto. La giacca \u00e8 foderata e ha una cerniera nascosta sull&#8217;orlo inferiore e sul lato sinistro del petto per facilitare la personalizzazione. L&#8217;intero capo \u00e8 cucito con filo di rPET. L&#8217;uso di tessuto riciclato autentico e le dichiarazioni di impatto ambientale sono garantiti dall&#8217;utilizzo del tracciante fisico innovativo AWARE\u2122 e della tecnologia blockchain. Scansionando il codice QR, avrai accesso a un passaporto digitale dedicato.<\/p>\n","protected":false},"excerpt":{"rendered":"<p>Bomber unisex realizzato in 100% rPET, con membrana RTPU (certificata GRS). Questa giacca \u00e8 stata progettata per un look casual chic. La cerniera CF \u00e8 realizzata in metallo privo di nichel con tirante in metallo di alta qualit\u00e0 e cordino lungo tutta la lunghezza della cerniera, due tasche a filetto sui lati con chiusura a [&hellip;]<\/p>\n","protected":false},"featured_media":331166,"template":"","meta":{"_acf_changed":false},"product_cat":[1195],"product_tag":[],"class_list":["post-331536","product","type-product","status-publish","has-post-thumbnail","hentry","product_cat-giacche","pa_color-black","pa_fabric-type-trama-semplice","pa_fit-medium-fit","pa_gender-unisex","pa_materials-100re-pes-6","pa_weight-95-gsm"],"acf":[],"yoast_head":"<!-- This site is optimized with the Yoast SEO plugin v27.0 - https:\/\/yoast.com\/product\/yoast-seo-wordpress\/ -->\n<title>Bomber IQONIQ Odin in rPET, nero - New Iqoniq<\/title>\n<meta name=\"robots\" content=\"index, follow, max-snippet:-1, max-image-preview:large, max-video-preview:-1\" \/>\n<link rel=\"canonical\" href=\"https:\/\/wear-iqoniq.com\/it\/collection\/giacche\/bomber-iqoniq-odin-in-rpet-nero\/\" \/>\n<meta property=\"og:locale\" content=\"it_IT\" \/>\n<meta property=\"og:type\" content=\"article\" \/>\n<meta property=\"og:title\" content=\"Bomber IQONIQ Odin in rPET, nero - New Iqoniq\" \/>\n<meta property=\"og:description\" content=\"Bomber unisex realizzato in 100% rPET, con membrana RTPU (certificata GRS). Questa giacca \u00e8 stata progettata per un look casual chic. La cerniera CF \u00e8 realizzata in metallo privo di nichel con tirante in metallo di alta qualit\u00e0 e cordino lungo tutta la lunghezza della cerniera, due tasche a filetto sui lati con chiusura a [&hellip;]\" \/>\n<meta property=\"og:url\" content=\"https:\/\/wear-iqoniq.com\/it\/collection\/giacche\/bomber-iqoniq-odin-in-rpet-nero\/\" \/>\n<meta property=\"og:site_name\" content=\"New Iqoniq\" \/>\n<meta property=\"article:modified_time\" content=\"2026-04-06T02:41:58+00:00\" \/>\n<meta property=\"og:image\" content=\"https:\/\/wear-iqoniq.com\/wp-content\/uploads\/sites\/13\/2026\/01\/T9703.001.L__S_0__d761a7357a8e4f5fb4d46d4e5ad620d9.jpg\" \/>\n\t<meta property=\"og:image:width\" content=\"1024\" \/>\n\t<meta property=\"og:image:height\" content=\"1024\" \/>\n\t<meta property=\"og:image:type\" content=\"image\/jpeg\" \/>\n<meta name=\"twitter:card\" content=\"summary_large_image\" \/>\n<meta name=\"twitter:label1\" content=\"Tempo di lettura stimato\" \/>\n\t<meta name=\"twitter:data1\" content=\"1 minuto\" \/>\n<script type=\"application\/ld+json\" class=\"yoast-schema-graph\">{\"@context\":\"https:\/\/schema.org\",\"@graph\":[{\"@type\":\"WebPage\",\"@id\":\"https:\/\/wear-iqoniq.com\/it\/collection\/giacche\/bomber-iqoniq-odin-in-rpet-nero\/\",\"url\":\"https:\/\/wear-iqoniq.com\/it\/collection\/giacche\/bomber-iqoniq-odin-in-rpet-nero\/\",\"name\":\"Bomber IQONIQ Odin in rPET, nero - New Iqoniq\",\"isPartOf\":{\"@id\":\"https:\/\/wear-iqoniq.com\/it\/#website\"},\"primaryImageOfPage\":{\"@id\":\"https:\/\/wear-iqoniq.com\/it\/collection\/giacche\/bomber-iqoniq-odin-in-rpet-nero\/#primaryimage\"},\"image\":{\"@id\":\"https:\/\/wear-iqoniq.com\/it\/collection\/giacche\/bomber-iqoniq-odin-in-rpet-nero\/#primaryimage\"},\"thumbnailUrl\":\"https:\/\/wear-iqoniq.com\/wp-content\/uploads\/sites\/13\/2026\/01\/T9703.001.L__S_0__d761a7357a8e4f5fb4d46d4e5ad620d9.jpg\",\"datePublished\":\"2026-01-05T09:29:54+00:00\",\"dateModified\":\"2026-04-06T02:41:58+00:00\",\"breadcrumb\":{\"@id\":\"https:\/\/wear-iqoniq.com\/it\/collection\/giacche\/bomber-iqoniq-odin-in-rpet-nero\/#breadcrumb\"},\"inLanguage\":\"it-IT\",\"potentialAction\":[{\"@type\":\"ReadAction\",\"target\":[\"https:\/\/wear-iqoniq.com\/it\/collection\/giacche\/bomber-iqoniq-odin-in-rpet-nero\/\"]}]},{\"@type\":\"ImageObject\",\"inLanguage\":\"it-IT\",\"@id\":\"https:\/\/wear-iqoniq.com\/it\/collection\/giacche\/bomber-iqoniq-odin-in-rpet-nero\/#primaryimage\",\"url\":\"https:\/\/wear-iqoniq.com\/wp-content\/uploads\/sites\/13\/2026\/01\/T9703.001.L__S_0__d761a7357a8e4f5fb4d46d4e5ad620d9.jpg\",\"contentUrl\":\"https:\/\/wear-iqoniq.com\/wp-content\/uploads\/sites\/13\/2026\/01\/T9703.001.L__S_0__d761a7357a8e4f5fb4d46d4e5ad620d9.jpg\",\"width\":1024,\"height\":1024},{\"@type\":\"BreadcrumbList\",\"@id\":\"https:\/\/wear-iqoniq.com\/it\/collection\/giacche\/bomber-iqoniq-odin-in-rpet-nero\/#breadcrumb\",\"itemListElement\":[{\"@type\":\"ListItem\",\"position\":1,\"name\":\"Home\",\"item\":\"https:\/\/wear-iqoniq.com\/it\/\"},{\"@type\":\"ListItem\",\"position\":2,\"name\":\"Collezione\",\"item\":\"https:\/\/wear-iqoniq.com\/it\/collezione\/\"},{\"@type\":\"ListItem\",\"position\":3,\"name\":\"Bomber IQONIQ Odin in rPET, nero\"}]},{\"@type\":\"WebSite\",\"@id\":\"https:\/\/wear-iqoniq.com\/it\/#website\",\"url\":\"https:\/\/wear-iqoniq.com\/it\/\",\"name\":\"Iqoniq\",\"description\":\"Wear Change\",\"potentialAction\":[{\"@type\":\"SearchAction\",\"target\":{\"@type\":\"EntryPoint\",\"urlTemplate\":\"https:\/\/wear-iqoniq.com\/it\/?s={search_term_string}\"},\"query-input\":{\"@type\":\"PropertyValueSpecification\",\"valueRequired\":true,\"valueName\":\"search_term_string\"}}],\"inLanguage\":\"it-IT\"}]}<\/script>\n<!-- \/ Yoast SEO plugin. -->","yoast_head_json":{"title":"Bomber IQONIQ Odin in rPET, nero - New Iqoniq","robots":{"index":"index","follow":"follow","max-snippet":"max-snippet:-1","max-image-preview":"max-image-preview:large","max-video-preview":"max-video-preview:-1"},"canonical":"https:\/\/wear-iqoniq.com\/it\/collection\/giacche\/bomber-iqoniq-odin-in-rpet-nero\/","og_locale":"it_IT","og_type":"article","og_title":"Bomber IQONIQ Odin in rPET, nero - New Iqoniq","og_description":"Bomber unisex realizzato in 100% rPET, con membrana RTPU (certificata GRS). Questa giacca \u00e8 stata progettata per un look casual chic. La cerniera CF \u00e8 realizzata in metallo privo di nichel con tirante in metallo di alta qualit\u00e0 e cordino lungo tutta la lunghezza della cerniera, due tasche a filetto sui lati con chiusura a [&hellip;]","og_url":"https:\/\/wear-iqoniq.com\/it\/collection\/giacche\/bomber-iqoniq-odin-in-rpet-nero\/","og_site_name":"New Iqoniq","article_modified_time":"2026-04-06T02:41:58+00:00","og_image":[{"width":1024,"height":1024,"url":"https:\/\/wear-iqoniq.com\/wp-content\/uploads\/sites\/13\/2026\/01\/T9703.001.L__S_0__d761a7357a8e4f5fb4d46d4e5ad620d9.jpg","type":"image\/jpeg"}],"twitter_card":"summary_large_image","twitter_misc":{"Tempo di lettura stimato":"1 minuto"},"schema":{"@context":"https:\/\/schema.org","@graph":[{"@type":"WebPage","@id":"https:\/\/wear-iqoniq.com\/it\/collection\/giacche\/bomber-iqoniq-odin-in-rpet-nero\/","url":"https:\/\/wear-iqoniq.com\/it\/collection\/giacche\/bomber-iqoniq-odin-in-rpet-nero\/","name":"Bomber IQONIQ Odin in rPET, nero - New Iqoniq","isPartOf":{"@id":"https:\/\/wear-iqoniq.com\/it\/#website"},"primaryImageOfPage":{"@id":"https:\/\/wear-iqoniq.com\/it\/collection\/giacche\/bomber-iqoniq-odin-in-rpet-nero\/#primaryimage"},"image":{"@id":"https:\/\/wear-iqoniq.com\/it\/collection\/giacche\/bomber-iqoniq-odin-in-rpet-nero\/#primaryimage"},"thumbnailUrl":"https:\/\/wear-iqoniq.com\/wp-content\/uploads\/sites\/13\/2026\/01\/T9703.001.L__S_0__d761a7357a8e4f5fb4d46d4e5ad620d9.jpg","datePublished":"2026-01-05T09:29:54+00:00","dateModified":"2026-04-06T02:41:58+00:00","breadcrumb":{"@id":"https:\/\/wear-iqoniq.com\/it\/collection\/giacche\/bomber-iqoniq-odin-in-rpet-nero\/#breadcrumb"},"inLanguage":"it-IT","potentialAction":[{"@type":"ReadAction","target":["https:\/\/wear-iqoniq.com\/it\/collection\/giacche\/bomber-iqoniq-odin-in-rpet-nero\/"]}]},{"@type":"ImageObject","inLanguage":"it-IT","@id":"https:\/\/wear-iqoniq.com\/it\/collection\/giacche\/bomber-iqoniq-odin-in-rpet-nero\/#primaryimage","url":"https:\/\/wear-iqoniq.com\/wp-content\/uploads\/sites\/13\/2026\/01\/T9703.001.L__S_0__d761a7357a8e4f5fb4d46d4e5ad620d9.jpg","contentUrl":"https:\/\/wear-iqoniq.com\/wp-content\/uploads\/sites\/13\/2026\/01\/T9703.001.L__S_0__d761a7357a8e4f5fb4d46d4e5ad620d9.jpg","width":1024,"height":1024},{"@type":"BreadcrumbList","@id":"https:\/\/wear-iqoniq.com\/it\/collection\/giacche\/bomber-iqoniq-odin-in-rpet-nero\/#breadcrumb","itemListElement":[{"@type":"ListItem","position":1,"name":"Home","item":"https:\/\/wear-iqoniq.com\/it\/"},{"@type":"ListItem","position":2,"name":"Collezione","item":"https:\/\/wear-iqoniq.com\/it\/collezione\/"},{"@type":"ListItem","position":3,"name":"Bomber IQONIQ Odin in rPET, nero"}]},{"@type":"WebSite","@id":"https:\/\/wear-iqoniq.com\/it\/#website","url":"https:\/\/wear-iqoniq.com\/it\/","name":"Iqoniq","description":"Wear Change","potentialAction":[{"@type":"SearchAction","target":{"@type":"EntryPoint","urlTemplate":"https:\/\/wear-iqoniq.com\/it\/?s={search_term_string}"},"query-input":{"@type":"PropertyValueSpecification","valueRequired":true,"valueName":"search_term_string"}}],"inLanguage":"it-IT"}]}},"_links":{"self":[{"href":"https:\/\/wear-iqoniq.com\/it\/wp-json\/wp\/v2\/product\/331536","targetHints":{"allow":["GET"]}}],"collection":[{"href":"https:\/\/wear-iqoniq.com\/it\/wp-json\/wp\/v2\/product"}],"about":[{"href":"https:\/\/wear-iqoniq.com\/it\/wp-json\/wp\/v2\/types\/product"}],"wp:featuredmedia":[{"embeddable":true,"href":"https:\/\/wear-iqoniq.com\/it\/wp-json\/wp\/v2\/media\/331166"}],"wp:attachment":[{"href":"https:\/\/wear-iqoniq.com\/it\/wp-json\/wp\/v2\/media?parent=331536"}],"wp:term":[{"taxonomy":"product_cat","embeddable":true,"href":"https:\/\/wear-iqoniq.com\/it\/wp-json\/wp\/v2\/product_cat?post=331536"},{"taxonomy":"product_tag","embeddable":true,"href":"https:\/\/wear-iqoniq.com\/it\/wp-json\/wp\/v2\/product_tag?post=331536"}],"curies":[{"name":"wp","href":"https:\/\/api.w.org\/{rel}","templated":true}]}}