{"id":331535,"date":"2026-01-05T11:16:14","date_gmt":"2026-01-05T09:16:14","guid":{"rendered":"https:\/\/wear-iqoniq.com\/collection\/senza-categoria\/parka-iqoniq-thelon-in-rpet-cachi\/"},"modified":"2026-04-06T04:41:56","modified_gmt":"2026-04-06T02:41:56","slug":"parka-iqoniq-thelon-in-rpet-cachi","status":"publish","type":"product","link":"https:\/\/wear-iqoniq.com\/it\/collection\/giacche\/parka-iqoniq-thelon-in-rpet-cachi\/","title":{"rendered":"Parka IQONIQ Thelon in rPET, cachi"},"content":{"rendered":"<p>Parka imbottito impermeabile unisex, realizzato in 100% rPET. La giacca \u00e8 impermeabile fino a 4.000 mm, traspirante e antivento. Presenta tutte le caratteristiche di un classico parka: lunghezza posteriore pi\u00f9 lunga, spacco posteriore, cerniera CF a doppio cursore, coperta da un&#8217;apposita patta frontale con quattro bottoni a pressione nascosti, polsini puliti con un doppio risvolto interno, cappuccio con fermi all&#8217;interno del colletto, cuciture decorative orizzontali. \u00c8 imbottita con fogli di rPET al 100% e foderata con taffet\u00e0 pregiato. All&#8217;interno \u00e8 presente una cerniera nascosta sull&#8217;orlo inferiore e sul lato sinistro del petto per facilitare la decorazione. L&#8217;intero capo \u00e8 cucito con filo in rPET. L&#8217;uso di tessuti riciclati genuini e le dichiarazioni di impatto ambientale sono garantiti dall&#8217;utilizzo del tracciante fisico AWARE\u2122 e della tecnologia blockchain. Scansionando il codice QR, si avr\u00e0 accesso a un passaporto digitale dedicato.<\/p>\n","protected":false},"excerpt":{"rendered":"<p>Parka imbottito impermeabile unisex, realizzato in 100% rPET. La giacca \u00e8 impermeabile fino a 4.000 mm, traspirante e antivento. Presenta tutte le caratteristiche di un classico parka: lunghezza posteriore pi\u00f9 lunga, spacco posteriore, cerniera CF a doppio cursore, coperta da un&#8217;apposita patta frontale con quattro bottoni a pressione nascosti, polsini puliti con un doppio risvolto [&hellip;]<\/p>\n","protected":false},"featured_media":331144,"template":"","meta":{"_acf_changed":false},"product_cat":[1195],"product_tag":[],"class_list":["post-331535","product","type-product","status-publish","has-post-thumbnail","hentry","product_cat-giacche","pa_color-khaki","pa_fabric-type-trama-semplice","pa_fit-modern-fit","pa_gender-unisex","pa_materials-100re-pes-6","pa_weight-95-gsm"],"acf":[],"yoast_head":"<!-- This site is optimized with the Yoast SEO plugin v27.0 - https:\/\/yoast.com\/product\/yoast-seo-wordpress\/ -->\n<title>Parka IQONIQ Thelon in rPET, cachi - New Iqoniq<\/title>\n<meta name=\"robots\" content=\"index, follow, max-snippet:-1, max-image-preview:large, max-video-preview:-1\" \/>\n<link rel=\"canonical\" href=\"https:\/\/wear-iqoniq.com\/it\/collection\/giacche\/parka-iqoniq-thelon-in-rpet-cachi\/\" \/>\n<meta property=\"og:locale\" content=\"it_IT\" \/>\n<meta property=\"og:type\" content=\"article\" \/>\n<meta property=\"og:title\" content=\"Parka IQONIQ Thelon in rPET, cachi - New Iqoniq\" \/>\n<meta property=\"og:description\" content=\"Parka imbottito impermeabile unisex, realizzato in 100% rPET. La giacca \u00e8 impermeabile fino a 4.000 mm, traspirante e antivento. Presenta tutte le caratteristiche di un classico parka: lunghezza posteriore pi\u00f9 lunga, spacco posteriore, cerniera CF a doppio cursore, coperta da un&#8217;apposita patta frontale con quattro bottoni a pressione nascosti, polsini puliti con un doppio risvolto [&hellip;]\" \/>\n<meta property=\"og:url\" content=\"https:\/\/wear-iqoniq.com\/it\/collection\/giacche\/parka-iqoniq-thelon-in-rpet-cachi\/\" \/>\n<meta property=\"og:site_name\" content=\"New Iqoniq\" \/>\n<meta property=\"article:modified_time\" content=\"2026-04-06T02:41:56+00:00\" \/>\n<meta property=\"og:image\" content=\"https:\/\/wear-iqoniq.com\/wp-content\/uploads\/sites\/13\/2026\/01\/T9702.020.L__S_0__2b67d6bda537400f9929e9c866499dd0.jpg\" \/>\n\t<meta property=\"og:image:width\" content=\"1024\" \/>\n\t<meta property=\"og:image:height\" content=\"1024\" \/>\n\t<meta property=\"og:image:type\" content=\"image\/jpeg\" \/>\n<meta name=\"twitter:card\" content=\"summary_large_image\" \/>\n<meta name=\"twitter:label1\" content=\"Tempo di lettura stimato\" \/>\n\t<meta name=\"twitter:data1\" content=\"1 minuto\" \/>\n<script type=\"application\/ld+json\" class=\"yoast-schema-graph\">{\"@context\":\"https:\/\/schema.org\",\"@graph\":[{\"@type\":\"WebPage\",\"@id\":\"https:\/\/wear-iqoniq.com\/it\/collection\/giacche\/parka-iqoniq-thelon-in-rpet-cachi\/\",\"url\":\"https:\/\/wear-iqoniq.com\/it\/collection\/giacche\/parka-iqoniq-thelon-in-rpet-cachi\/\",\"name\":\"Parka IQONIQ Thelon in rPET, cachi - New Iqoniq\",\"isPartOf\":{\"@id\":\"https:\/\/wear-iqoniq.com\/it\/#website\"},\"primaryImageOfPage\":{\"@id\":\"https:\/\/wear-iqoniq.com\/it\/collection\/giacche\/parka-iqoniq-thelon-in-rpet-cachi\/#primaryimage\"},\"image\":{\"@id\":\"https:\/\/wear-iqoniq.com\/it\/collection\/giacche\/parka-iqoniq-thelon-in-rpet-cachi\/#primaryimage\"},\"thumbnailUrl\":\"https:\/\/wear-iqoniq.com\/wp-content\/uploads\/sites\/13\/2026\/01\/T9702.020.L__S_0__2b67d6bda537400f9929e9c866499dd0.jpg\",\"datePublished\":\"2026-01-05T09:16:14+00:00\",\"dateModified\":\"2026-04-06T02:41:56+00:00\",\"breadcrumb\":{\"@id\":\"https:\/\/wear-iqoniq.com\/it\/collection\/giacche\/parka-iqoniq-thelon-in-rpet-cachi\/#breadcrumb\"},\"inLanguage\":\"it-IT\",\"potentialAction\":[{\"@type\":\"ReadAction\",\"target\":[\"https:\/\/wear-iqoniq.com\/it\/collection\/giacche\/parka-iqoniq-thelon-in-rpet-cachi\/\"]}]},{\"@type\":\"ImageObject\",\"inLanguage\":\"it-IT\",\"@id\":\"https:\/\/wear-iqoniq.com\/it\/collection\/giacche\/parka-iqoniq-thelon-in-rpet-cachi\/#primaryimage\",\"url\":\"https:\/\/wear-iqoniq.com\/wp-content\/uploads\/sites\/13\/2026\/01\/T9702.020.L__S_0__2b67d6bda537400f9929e9c866499dd0.jpg\",\"contentUrl\":\"https:\/\/wear-iqoniq.com\/wp-content\/uploads\/sites\/13\/2026\/01\/T9702.020.L__S_0__2b67d6bda537400f9929e9c866499dd0.jpg\",\"width\":1024,\"height\":1024},{\"@type\":\"BreadcrumbList\",\"@id\":\"https:\/\/wear-iqoniq.com\/it\/collection\/giacche\/parka-iqoniq-thelon-in-rpet-cachi\/#breadcrumb\",\"itemListElement\":[{\"@type\":\"ListItem\",\"position\":1,\"name\":\"Home\",\"item\":\"https:\/\/wear-iqoniq.com\/it\/\"},{\"@type\":\"ListItem\",\"position\":2,\"name\":\"Collezione\",\"item\":\"https:\/\/wear-iqoniq.com\/it\/collezione\/\"},{\"@type\":\"ListItem\",\"position\":3,\"name\":\"Parka IQONIQ Thelon in rPET, cachi\"}]},{\"@type\":\"WebSite\",\"@id\":\"https:\/\/wear-iqoniq.com\/it\/#website\",\"url\":\"https:\/\/wear-iqoniq.com\/it\/\",\"name\":\"Iqoniq\",\"description\":\"Wear Change\",\"potentialAction\":[{\"@type\":\"SearchAction\",\"target\":{\"@type\":\"EntryPoint\",\"urlTemplate\":\"https:\/\/wear-iqoniq.com\/it\/?s={search_term_string}\"},\"query-input\":{\"@type\":\"PropertyValueSpecification\",\"valueRequired\":true,\"valueName\":\"search_term_string\"}}],\"inLanguage\":\"it-IT\"}]}<\/script>\n<!-- \/ Yoast SEO plugin. -->","yoast_head_json":{"title":"Parka IQONIQ Thelon in rPET, cachi - New Iqoniq","robots":{"index":"index","follow":"follow","max-snippet":"max-snippet:-1","max-image-preview":"max-image-preview:large","max-video-preview":"max-video-preview:-1"},"canonical":"https:\/\/wear-iqoniq.com\/it\/collection\/giacche\/parka-iqoniq-thelon-in-rpet-cachi\/","og_locale":"it_IT","og_type":"article","og_title":"Parka IQONIQ Thelon in rPET, cachi - New Iqoniq","og_description":"Parka imbottito impermeabile unisex, realizzato in 100% rPET. La giacca \u00e8 impermeabile fino a 4.000 mm, traspirante e antivento. Presenta tutte le caratteristiche di un classico parka: lunghezza posteriore pi\u00f9 lunga, spacco posteriore, cerniera CF a doppio cursore, coperta da un&#8217;apposita patta frontale con quattro bottoni a pressione nascosti, polsini puliti con un doppio risvolto [&hellip;]","og_url":"https:\/\/wear-iqoniq.com\/it\/collection\/giacche\/parka-iqoniq-thelon-in-rpet-cachi\/","og_site_name":"New Iqoniq","article_modified_time":"2026-04-06T02:41:56+00:00","og_image":[{"width":1024,"height":1024,"url":"https:\/\/wear-iqoniq.com\/wp-content\/uploads\/sites\/13\/2026\/01\/T9702.020.L__S_0__2b67d6bda537400f9929e9c866499dd0.jpg","type":"image\/jpeg"}],"twitter_card":"summary_large_image","twitter_misc":{"Tempo di lettura stimato":"1 minuto"},"schema":{"@context":"https:\/\/schema.org","@graph":[{"@type":"WebPage","@id":"https:\/\/wear-iqoniq.com\/it\/collection\/giacche\/parka-iqoniq-thelon-in-rpet-cachi\/","url":"https:\/\/wear-iqoniq.com\/it\/collection\/giacche\/parka-iqoniq-thelon-in-rpet-cachi\/","name":"Parka IQONIQ Thelon in rPET, cachi - New Iqoniq","isPartOf":{"@id":"https:\/\/wear-iqoniq.com\/it\/#website"},"primaryImageOfPage":{"@id":"https:\/\/wear-iqoniq.com\/it\/collection\/giacche\/parka-iqoniq-thelon-in-rpet-cachi\/#primaryimage"},"image":{"@id":"https:\/\/wear-iqoniq.com\/it\/collection\/giacche\/parka-iqoniq-thelon-in-rpet-cachi\/#primaryimage"},"thumbnailUrl":"https:\/\/wear-iqoniq.com\/wp-content\/uploads\/sites\/13\/2026\/01\/T9702.020.L__S_0__2b67d6bda537400f9929e9c866499dd0.jpg","datePublished":"2026-01-05T09:16:14+00:00","dateModified":"2026-04-06T02:41:56+00:00","breadcrumb":{"@id":"https:\/\/wear-iqoniq.com\/it\/collection\/giacche\/parka-iqoniq-thelon-in-rpet-cachi\/#breadcrumb"},"inLanguage":"it-IT","potentialAction":[{"@type":"ReadAction","target":["https:\/\/wear-iqoniq.com\/it\/collection\/giacche\/parka-iqoniq-thelon-in-rpet-cachi\/"]}]},{"@type":"ImageObject","inLanguage":"it-IT","@id":"https:\/\/wear-iqoniq.com\/it\/collection\/giacche\/parka-iqoniq-thelon-in-rpet-cachi\/#primaryimage","url":"https:\/\/wear-iqoniq.com\/wp-content\/uploads\/sites\/13\/2026\/01\/T9702.020.L__S_0__2b67d6bda537400f9929e9c866499dd0.jpg","contentUrl":"https:\/\/wear-iqoniq.com\/wp-content\/uploads\/sites\/13\/2026\/01\/T9702.020.L__S_0__2b67d6bda537400f9929e9c866499dd0.jpg","width":1024,"height":1024},{"@type":"BreadcrumbList","@id":"https:\/\/wear-iqoniq.com\/it\/collection\/giacche\/parka-iqoniq-thelon-in-rpet-cachi\/#breadcrumb","itemListElement":[{"@type":"ListItem","position":1,"name":"Home","item":"https:\/\/wear-iqoniq.com\/it\/"},{"@type":"ListItem","position":2,"name":"Collezione","item":"https:\/\/wear-iqoniq.com\/it\/collezione\/"},{"@type":"ListItem","position":3,"name":"Parka IQONIQ Thelon in rPET, cachi"}]},{"@type":"WebSite","@id":"https:\/\/wear-iqoniq.com\/it\/#website","url":"https:\/\/wear-iqoniq.com\/it\/","name":"Iqoniq","description":"Wear Change","potentialAction":[{"@type":"SearchAction","target":{"@type":"EntryPoint","urlTemplate":"https:\/\/wear-iqoniq.com\/it\/?s={search_term_string}"},"query-input":{"@type":"PropertyValueSpecification","valueRequired":true,"valueName":"search_term_string"}}],"inLanguage":"it-IT"}]}},"_links":{"self":[{"href":"https:\/\/wear-iqoniq.com\/it\/wp-json\/wp\/v2\/product\/331535","targetHints":{"allow":["GET"]}}],"collection":[{"href":"https:\/\/wear-iqoniq.com\/it\/wp-json\/wp\/v2\/product"}],"about":[{"href":"https:\/\/wear-iqoniq.com\/it\/wp-json\/wp\/v2\/types\/product"}],"wp:featuredmedia":[{"embeddable":true,"href":"https:\/\/wear-iqoniq.com\/it\/wp-json\/wp\/v2\/media\/331144"}],"wp:attachment":[{"href":"https:\/\/wear-iqoniq.com\/it\/wp-json\/wp\/v2\/media?parent=331535"}],"wp:term":[{"taxonomy":"product_cat","embeddable":true,"href":"https:\/\/wear-iqoniq.com\/it\/wp-json\/wp\/v2\/product_cat?post=331535"},{"taxonomy":"product_tag","embeddable":true,"href":"https:\/\/wear-iqoniq.com\/it\/wp-json\/wp\/v2\/product_tag?post=331535"}],"curies":[{"name":"wp","href":"https:\/\/api.w.org\/{rel}","templated":true}]}}