{"id":214316,"date":"2025-10-07T13:47:44","date_gmt":"2025-10-07T11:47:44","guid":{"rendered":"https:\/\/xdsomename.tempurl.host\/iqoniq\/collection\/senza-categoria\/giacca-softshell-da-donna-iqoniq-makalu-in-poliestere-ricicl-vulcano-heather-grey\/"},"modified":"2026-04-07T04:20:55","modified_gmt":"2026-04-07T02:20:55","slug":"giacca-softshell-da-donna-iqoniq-makalu-in-poliestere-ricicl-vulcano-heather-grey","status":"publish","type":"product","link":"https:\/\/wear-iqoniq.com\/it\/collection\/giacche\/giacca-softshell-da-donna-iqoniq-makalu-in-poliestere-ricicl-vulcano-heather-grey\/","title":{"rendered":"Giacca softshell da donna Makalu in rPET, vulcano heather gr"},"content":{"rendered":"<p>Giacca softshell da donna medium fit in rPet con tessuto a 3 strati da 300 G\/M\u00b2, con membrana in TPU riciclato e morbido micropile all&#8217;interno. Con cerniera rovesciata sul davanti e tasche con cerniera nelle cuciture dei pannelli laterali. Cappuccio regolabile con stopper interni per una protezione maggiore. I polsini delle maniche regolabili con chiusura in velcro. Un tocco in pi\u00f9 \u00e8 dato dal tirazip aggiuntivo e dalla finitura pulita interna con fettuccia riciclata. La giacca \u00e8 impermeabile con BIONIC-FINISH\u00ae ECO (tessuto con membrana TPU riciclata impermeabile fino a 5000mm). Antivento e traspirante fino a 1500g\/m2\/24ore. L&#8217;uso di autentici materiali riciclati e biologici e le dichiarazioni di impatto ambientale sono garantiti dall&#8217;utilizzo della tecnologia AWARE\u2122. Scansionando il codice QR si accede al passaporto digitale del prodotto. Il 2% del ricavato di ogni prodotto venduto sar\u00e0 devoluto a Water.org. Certificata OEKO-TEX\u00ae STANDARD 100. Disponibile anche la versione da uomo<\/p>\n","protected":false},"excerpt":{"rendered":"<p>Giacca softshell da donna medium fit in rPet con tessuto a 3 strati da 300 G\/M\u00b2, con membrana in TPU riciclato e morbido micropile all&#8217;interno. Con cerniera rovesciata sul davanti e tasche con cerniera nelle cuciture dei pannelli laterali. Cappuccio regolabile con stopper interni per una protezione maggiore. I polsini delle maniche regolabili con chiusura [&hellip;]<\/p>\n","protected":false},"featured_media":318076,"template":"","meta":{"_acf_changed":false},"product_cat":[1195],"product_tag":[],"class_list":["post-214316","product","type-product","status-publish","has-post-thumbnail","hentry","product_cat-giacche","pa_color-vulcano","pa_fabric-type-softshell","pa_fit-medium-fit","pa_gender-women","pa_materials-softshell-6","pa_weight-300-gsm"],"acf":[],"yoast_head":"<!-- This site is optimized with the Yoast SEO plugin v27.0 - https:\/\/yoast.com\/product\/yoast-seo-wordpress\/ -->\n<title>Giacca softshell da donna Makalu in rPET, vulcano heather gr - New Iqoniq<\/title>\n<meta name=\"robots\" content=\"index, follow, max-snippet:-1, max-image-preview:large, max-video-preview:-1\" \/>\n<link rel=\"canonical\" href=\"https:\/\/wear-iqoniq.com\/it\/collection\/giacche\/giacca-softshell-da-donna-iqoniq-makalu-in-poliestere-ricicl-vulcano-heather-grey\/\" \/>\n<meta property=\"og:locale\" content=\"it_IT\" \/>\n<meta property=\"og:type\" content=\"article\" \/>\n<meta property=\"og:title\" content=\"Giacca softshell da donna Makalu in rPET, vulcano heather gr - New Iqoniq\" \/>\n<meta property=\"og:description\" content=\"Giacca softshell da donna medium fit in rPet con tessuto a 3 strati da 300 G\/M\u00b2, con membrana in TPU riciclato e morbido micropile all&#8217;interno. Con cerniera rovesciata sul davanti e tasche con cerniera nelle cuciture dei pannelli laterali. Cappuccio regolabile con stopper interni per una protezione maggiore. I polsini delle maniche regolabili con chiusura [&hellip;]\" \/>\n<meta property=\"og:url\" content=\"https:\/\/wear-iqoniq.com\/it\/collection\/giacche\/giacca-softshell-da-donna-iqoniq-makalu-in-poliestere-ricicl-vulcano-heather-grey\/\" \/>\n<meta property=\"og:site_name\" content=\"New Iqoniq\" \/>\n<meta property=\"article:modified_time\" content=\"2026-04-07T02:20:55+00:00\" \/>\n<meta property=\"og:image\" content=\"https:\/\/wear-iqoniq.com\/wp-content\/uploads\/sites\/13\/2025\/04\/T4700.028.L__S_0__9cf35827eb164e9c9e451e7858e4672b.jpg\" \/>\n\t<meta property=\"og:image:width\" content=\"1024\" \/>\n\t<meta property=\"og:image:height\" content=\"1024\" \/>\n\t<meta property=\"og:image:type\" content=\"image\/jpeg\" \/>\n<meta name=\"twitter:card\" content=\"summary_large_image\" \/>\n<meta name=\"twitter:label1\" content=\"Tempo di lettura stimato\" \/>\n\t<meta name=\"twitter:data1\" content=\"1 minuto\" \/>\n<script type=\"application\/ld+json\" class=\"yoast-schema-graph\">{\"@context\":\"https:\/\/schema.org\",\"@graph\":[{\"@type\":\"WebPage\",\"@id\":\"https:\/\/wear-iqoniq.com\/it\/collection\/giacche\/giacca-softshell-da-donna-iqoniq-makalu-in-poliestere-ricicl-vulcano-heather-grey\/\",\"url\":\"https:\/\/wear-iqoniq.com\/it\/collection\/giacche\/giacca-softshell-da-donna-iqoniq-makalu-in-poliestere-ricicl-vulcano-heather-grey\/\",\"name\":\"Giacca softshell da donna Makalu in rPET, vulcano heather gr - New Iqoniq\",\"isPartOf\":{\"@id\":\"https:\/\/wear-iqoniq.com\/it\/#website\"},\"primaryImageOfPage\":{\"@id\":\"https:\/\/wear-iqoniq.com\/it\/collection\/giacche\/giacca-softshell-da-donna-iqoniq-makalu-in-poliestere-ricicl-vulcano-heather-grey\/#primaryimage\"},\"image\":{\"@id\":\"https:\/\/wear-iqoniq.com\/it\/collection\/giacche\/giacca-softshell-da-donna-iqoniq-makalu-in-poliestere-ricicl-vulcano-heather-grey\/#primaryimage\"},\"thumbnailUrl\":\"https:\/\/wear-iqoniq.com\/wp-content\/uploads\/sites\/13\/2025\/04\/T4700.028.L__S_0__9cf35827eb164e9c9e451e7858e4672b.jpg\",\"datePublished\":\"2025-10-07T11:47:44+00:00\",\"dateModified\":\"2026-04-07T02:20:55+00:00\",\"breadcrumb\":{\"@id\":\"https:\/\/wear-iqoniq.com\/it\/collection\/giacche\/giacca-softshell-da-donna-iqoniq-makalu-in-poliestere-ricicl-vulcano-heather-grey\/#breadcrumb\"},\"inLanguage\":\"it-IT\",\"potentialAction\":[{\"@type\":\"ReadAction\",\"target\":[\"https:\/\/wear-iqoniq.com\/it\/collection\/giacche\/giacca-softshell-da-donna-iqoniq-makalu-in-poliestere-ricicl-vulcano-heather-grey\/\"]}]},{\"@type\":\"ImageObject\",\"inLanguage\":\"it-IT\",\"@id\":\"https:\/\/wear-iqoniq.com\/it\/collection\/giacche\/giacca-softshell-da-donna-iqoniq-makalu-in-poliestere-ricicl-vulcano-heather-grey\/#primaryimage\",\"url\":\"https:\/\/wear-iqoniq.com\/wp-content\/uploads\/sites\/13\/2025\/04\/T4700.028.L__S_0__9cf35827eb164e9c9e451e7858e4672b.jpg\",\"contentUrl\":\"https:\/\/wear-iqoniq.com\/wp-content\/uploads\/sites\/13\/2025\/04\/T4700.028.L__S_0__9cf35827eb164e9c9e451e7858e4672b.jpg\",\"width\":1024,\"height\":1024},{\"@type\":\"BreadcrumbList\",\"@id\":\"https:\/\/wear-iqoniq.com\/it\/collection\/giacche\/giacca-softshell-da-donna-iqoniq-makalu-in-poliestere-ricicl-vulcano-heather-grey\/#breadcrumb\",\"itemListElement\":[{\"@type\":\"ListItem\",\"position\":1,\"name\":\"Home\",\"item\":\"https:\/\/wear-iqoniq.com\/it\/\"},{\"@type\":\"ListItem\",\"position\":2,\"name\":\"Collezione\",\"item\":\"https:\/\/wear-iqoniq.com\/it\/collezione\/\"},{\"@type\":\"ListItem\",\"position\":3,\"name\":\"Giacca softshell da donna Makalu in rPET, vulcano heather gr\"}]},{\"@type\":\"WebSite\",\"@id\":\"https:\/\/wear-iqoniq.com\/it\/#website\",\"url\":\"https:\/\/wear-iqoniq.com\/it\/\",\"name\":\"Iqoniq\",\"description\":\"Wear Change\",\"potentialAction\":[{\"@type\":\"SearchAction\",\"target\":{\"@type\":\"EntryPoint\",\"urlTemplate\":\"https:\/\/wear-iqoniq.com\/it\/?s={search_term_string}\"},\"query-input\":{\"@type\":\"PropertyValueSpecification\",\"valueRequired\":true,\"valueName\":\"search_term_string\"}}],\"inLanguage\":\"it-IT\"}]}<\/script>\n<!-- \/ Yoast SEO plugin. -->","yoast_head_json":{"title":"Giacca softshell da donna Makalu in rPET, vulcano heather gr - New Iqoniq","robots":{"index":"index","follow":"follow","max-snippet":"max-snippet:-1","max-image-preview":"max-image-preview:large","max-video-preview":"max-video-preview:-1"},"canonical":"https:\/\/wear-iqoniq.com\/it\/collection\/giacche\/giacca-softshell-da-donna-iqoniq-makalu-in-poliestere-ricicl-vulcano-heather-grey\/","og_locale":"it_IT","og_type":"article","og_title":"Giacca softshell da donna Makalu in rPET, vulcano heather gr - New Iqoniq","og_description":"Giacca softshell da donna medium fit in rPet con tessuto a 3 strati da 300 G\/M\u00b2, con membrana in TPU riciclato e morbido micropile all&#8217;interno. Con cerniera rovesciata sul davanti e tasche con cerniera nelle cuciture dei pannelli laterali. Cappuccio regolabile con stopper interni per una protezione maggiore. I polsini delle maniche regolabili con chiusura [&hellip;]","og_url":"https:\/\/wear-iqoniq.com\/it\/collection\/giacche\/giacca-softshell-da-donna-iqoniq-makalu-in-poliestere-ricicl-vulcano-heather-grey\/","og_site_name":"New Iqoniq","article_modified_time":"2026-04-07T02:20:55+00:00","og_image":[{"width":1024,"height":1024,"url":"https:\/\/wear-iqoniq.com\/wp-content\/uploads\/sites\/13\/2025\/04\/T4700.028.L__S_0__9cf35827eb164e9c9e451e7858e4672b.jpg","type":"image\/jpeg"}],"twitter_card":"summary_large_image","twitter_misc":{"Tempo di lettura stimato":"1 minuto"},"schema":{"@context":"https:\/\/schema.org","@graph":[{"@type":"WebPage","@id":"https:\/\/wear-iqoniq.com\/it\/collection\/giacche\/giacca-softshell-da-donna-iqoniq-makalu-in-poliestere-ricicl-vulcano-heather-grey\/","url":"https:\/\/wear-iqoniq.com\/it\/collection\/giacche\/giacca-softshell-da-donna-iqoniq-makalu-in-poliestere-ricicl-vulcano-heather-grey\/","name":"Giacca softshell da donna Makalu in rPET, vulcano heather gr - New Iqoniq","isPartOf":{"@id":"https:\/\/wear-iqoniq.com\/it\/#website"},"primaryImageOfPage":{"@id":"https:\/\/wear-iqoniq.com\/it\/collection\/giacche\/giacca-softshell-da-donna-iqoniq-makalu-in-poliestere-ricicl-vulcano-heather-grey\/#primaryimage"},"image":{"@id":"https:\/\/wear-iqoniq.com\/it\/collection\/giacche\/giacca-softshell-da-donna-iqoniq-makalu-in-poliestere-ricicl-vulcano-heather-grey\/#primaryimage"},"thumbnailUrl":"https:\/\/wear-iqoniq.com\/wp-content\/uploads\/sites\/13\/2025\/04\/T4700.028.L__S_0__9cf35827eb164e9c9e451e7858e4672b.jpg","datePublished":"2025-10-07T11:47:44+00:00","dateModified":"2026-04-07T02:20:55+00:00","breadcrumb":{"@id":"https:\/\/wear-iqoniq.com\/it\/collection\/giacche\/giacca-softshell-da-donna-iqoniq-makalu-in-poliestere-ricicl-vulcano-heather-grey\/#breadcrumb"},"inLanguage":"it-IT","potentialAction":[{"@type":"ReadAction","target":["https:\/\/wear-iqoniq.com\/it\/collection\/giacche\/giacca-softshell-da-donna-iqoniq-makalu-in-poliestere-ricicl-vulcano-heather-grey\/"]}]},{"@type":"ImageObject","inLanguage":"it-IT","@id":"https:\/\/wear-iqoniq.com\/it\/collection\/giacche\/giacca-softshell-da-donna-iqoniq-makalu-in-poliestere-ricicl-vulcano-heather-grey\/#primaryimage","url":"https:\/\/wear-iqoniq.com\/wp-content\/uploads\/sites\/13\/2025\/04\/T4700.028.L__S_0__9cf35827eb164e9c9e451e7858e4672b.jpg","contentUrl":"https:\/\/wear-iqoniq.com\/wp-content\/uploads\/sites\/13\/2025\/04\/T4700.028.L__S_0__9cf35827eb164e9c9e451e7858e4672b.jpg","width":1024,"height":1024},{"@type":"BreadcrumbList","@id":"https:\/\/wear-iqoniq.com\/it\/collection\/giacche\/giacca-softshell-da-donna-iqoniq-makalu-in-poliestere-ricicl-vulcano-heather-grey\/#breadcrumb","itemListElement":[{"@type":"ListItem","position":1,"name":"Home","item":"https:\/\/wear-iqoniq.com\/it\/"},{"@type":"ListItem","position":2,"name":"Collezione","item":"https:\/\/wear-iqoniq.com\/it\/collezione\/"},{"@type":"ListItem","position":3,"name":"Giacca softshell da donna Makalu in rPET, vulcano heather gr"}]},{"@type":"WebSite","@id":"https:\/\/wear-iqoniq.com\/it\/#website","url":"https:\/\/wear-iqoniq.com\/it\/","name":"Iqoniq","description":"Wear Change","potentialAction":[{"@type":"SearchAction","target":{"@type":"EntryPoint","urlTemplate":"https:\/\/wear-iqoniq.com\/it\/?s={search_term_string}"},"query-input":{"@type":"PropertyValueSpecification","valueRequired":true,"valueName":"search_term_string"}}],"inLanguage":"it-IT"}]}},"_links":{"self":[{"href":"https:\/\/wear-iqoniq.com\/it\/wp-json\/wp\/v2\/product\/214316","targetHints":{"allow":["GET"]}}],"collection":[{"href":"https:\/\/wear-iqoniq.com\/it\/wp-json\/wp\/v2\/product"}],"about":[{"href":"https:\/\/wear-iqoniq.com\/it\/wp-json\/wp\/v2\/types\/product"}],"wp:featuredmedia":[{"embeddable":true,"href":"https:\/\/wear-iqoniq.com\/it\/wp-json\/wp\/v2\/media\/318076"}],"wp:attachment":[{"href":"https:\/\/wear-iqoniq.com\/it\/wp-json\/wp\/v2\/media?parent=214316"}],"wp:term":[{"taxonomy":"product_cat","embeddable":true,"href":"https:\/\/wear-iqoniq.com\/it\/wp-json\/wp\/v2\/product_cat?post=214316"},{"taxonomy":"product_tag","embeddable":true,"href":"https:\/\/wear-iqoniq.com\/it\/wp-json\/wp\/v2\/product_tag?post=214316"}],"curies":[{"name":"wp","href":"https:\/\/api.w.org\/{rel}","templated":true}]}}