{"id":212414,"date":"2025-10-07T13:54:23","date_gmt":"2025-10-07T11:54:23","guid":{"rendered":"https:\/\/xdsomename.tempurl.host\/iqoniq\/collection\/senza-categoria\/giacca-iqoniq-talung-in-micropile-con-zip-passante-nero\/"},"modified":"2026-04-06T04:41:27","modified_gmt":"2026-04-06T02:41:27","slug":"giacca-iqoniq-talung-in-micropile-con-zip-passante-nero","status":"publish","type":"product","link":"https:\/\/wear-iqoniq.com\/it\/collection\/micropile-giacche\/giacca-iqoniq-talung-in-micropile-con-zip-passante-nero\/","title":{"rendered":"Giacca Talung in micropile con zip in rPET, nero"},"content":{"rendered":"<p>Giacca unisex con cerniera in micropile 100% rPet post consumo da 240 G\/M\u00b2 con finitura anti-pilling. Vestibilit\u00e0 medium fit. Questo stile \u00e8 perfetto per quando si comincia a vestirsi a strati. La giacca in pile, morbida e confortevole, \u00e8 dotata di una cerniera frontale rovesciata e di pratiche tasche con zip integrate nelle cuciture diagonali. Progettata per garantire stile e comfort, \u00e8 dotata di maniche raglan, di elastico sull&#8217;orlo e sui polsini e della caratteristica cucitura piatta a 3 aghi per un look sportivo. Il pannello in tessuto intrecciato sul petto e all&#8217;interno del retro del collo offre un&#8217;ottima collocazione per decorazioni personalizzate. L&#8217;uso di autentici materiali riciclati e biologici e le dichiarazioni di impatto ambientale sono garantiti dall&#8217;utilizzo della dirompente tecnologia AWARE\u2122 per la tracciabilit\u00e0 fisica e la blockchain. Scansionando il codice QR si accede al passaporto digitale del prodotto. Il 2% del ricavato di ogni prodotto venduto sar\u00e0 devoluto a W<\/p>\n","protected":false},"excerpt":{"rendered":"<p>Giacca unisex con cerniera in micropile 100% rPet post consumo da 240 G\/M\u00b2 con finitura anti-pilling. Vestibilit\u00e0 medium fit. Questo stile \u00e8 perfetto per quando si comincia a vestirsi a strati. La giacca in pile, morbida e confortevole, \u00e8 dotata di una cerniera frontale rovesciata e di pratiche tasche con zip integrate nelle cuciture diagonali. [&hellip;]<\/p>\n","protected":false},"featured_media":320295,"template":"","meta":{"_acf_changed":false},"product_cat":[1196],"product_tag":[],"class_list":["post-212414","product","type-product","status-publish","has-post-thumbnail","hentry","product_cat-micropile-giacche","pa_color-black","pa_fabric-type-micropile","pa_fit-medium-fit","pa_gender-unisex","pa_materials-100re-pes-6","pa_weight-240-gsm"],"acf":[],"yoast_head":"<!-- This site is optimized with the Yoast SEO plugin v27.0 - https:\/\/yoast.com\/product\/yoast-seo-wordpress\/ -->\n<title>Giacca Talung in micropile con zip in rPET, nero - New Iqoniq<\/title>\n<meta name=\"robots\" content=\"index, follow, max-snippet:-1, max-image-preview:large, max-video-preview:-1\" \/>\n<link rel=\"canonical\" href=\"https:\/\/wear-iqoniq.com\/it\/collection\/micropile-giacche\/giacca-iqoniq-talung-in-micropile-con-zip-passante-nero\/\" \/>\n<meta property=\"og:locale\" content=\"it_IT\" \/>\n<meta property=\"og:type\" content=\"article\" \/>\n<meta property=\"og:title\" content=\"Giacca Talung in micropile con zip in rPET, nero - New Iqoniq\" \/>\n<meta property=\"og:description\" content=\"Giacca unisex con cerniera in micropile 100% rPet post consumo da 240 G\/M\u00b2 con finitura anti-pilling. Vestibilit\u00e0 medium fit. Questo stile \u00e8 perfetto per quando si comincia a vestirsi a strati. La giacca in pile, morbida e confortevole, \u00e8 dotata di una cerniera frontale rovesciata e di pratiche tasche con zip integrate nelle cuciture diagonali. [&hellip;]\" \/>\n<meta property=\"og:url\" content=\"https:\/\/wear-iqoniq.com\/it\/collection\/micropile-giacche\/giacca-iqoniq-talung-in-micropile-con-zip-passante-nero\/\" \/>\n<meta property=\"og:site_name\" content=\"New Iqoniq\" \/>\n<meta property=\"article:modified_time\" content=\"2026-04-06T02:41:27+00:00\" \/>\n<meta property=\"og:image\" content=\"https:\/\/wear-iqoniq.com\/wp-content\/uploads\/sites\/13\/2025\/04\/T9603.001.L__S_0__27b17a962ec34dc5832f3b40b86e7043.jpg\" \/>\n\t<meta property=\"og:image:width\" content=\"1024\" \/>\n\t<meta property=\"og:image:height\" content=\"1024\" \/>\n\t<meta property=\"og:image:type\" content=\"image\/jpeg\" \/>\n<meta name=\"twitter:card\" content=\"summary_large_image\" \/>\n<meta name=\"twitter:label1\" content=\"Tempo di lettura stimato\" \/>\n\t<meta name=\"twitter:data1\" content=\"1 minuto\" \/>\n<script type=\"application\/ld+json\" class=\"yoast-schema-graph\">{\"@context\":\"https:\/\/schema.org\",\"@graph\":[{\"@type\":\"WebPage\",\"@id\":\"https:\/\/wear-iqoniq.com\/it\/collection\/micropile-giacche\/giacca-iqoniq-talung-in-micropile-con-zip-passante-nero\/\",\"url\":\"https:\/\/wear-iqoniq.com\/it\/collection\/micropile-giacche\/giacca-iqoniq-talung-in-micropile-con-zip-passante-nero\/\",\"name\":\"Giacca Talung in micropile con zip in rPET, nero - New Iqoniq\",\"isPartOf\":{\"@id\":\"https:\/\/wear-iqoniq.com\/it\/#website\"},\"primaryImageOfPage\":{\"@id\":\"https:\/\/wear-iqoniq.com\/it\/collection\/micropile-giacche\/giacca-iqoniq-talung-in-micropile-con-zip-passante-nero\/#primaryimage\"},\"image\":{\"@id\":\"https:\/\/wear-iqoniq.com\/it\/collection\/micropile-giacche\/giacca-iqoniq-talung-in-micropile-con-zip-passante-nero\/#primaryimage\"},\"thumbnailUrl\":\"https:\/\/wear-iqoniq.com\/wp-content\/uploads\/sites\/13\/2025\/04\/T9603.001.L__S_0__27b17a962ec34dc5832f3b40b86e7043.jpg\",\"datePublished\":\"2025-10-07T11:54:23+00:00\",\"dateModified\":\"2026-04-06T02:41:27+00:00\",\"breadcrumb\":{\"@id\":\"https:\/\/wear-iqoniq.com\/it\/collection\/micropile-giacche\/giacca-iqoniq-talung-in-micropile-con-zip-passante-nero\/#breadcrumb\"},\"inLanguage\":\"it-IT\",\"potentialAction\":[{\"@type\":\"ReadAction\",\"target\":[\"https:\/\/wear-iqoniq.com\/it\/collection\/micropile-giacche\/giacca-iqoniq-talung-in-micropile-con-zip-passante-nero\/\"]}]},{\"@type\":\"ImageObject\",\"inLanguage\":\"it-IT\",\"@id\":\"https:\/\/wear-iqoniq.com\/it\/collection\/micropile-giacche\/giacca-iqoniq-talung-in-micropile-con-zip-passante-nero\/#primaryimage\",\"url\":\"https:\/\/wear-iqoniq.com\/wp-content\/uploads\/sites\/13\/2025\/04\/T9603.001.L__S_0__27b17a962ec34dc5832f3b40b86e7043.jpg\",\"contentUrl\":\"https:\/\/wear-iqoniq.com\/wp-content\/uploads\/sites\/13\/2025\/04\/T9603.001.L__S_0__27b17a962ec34dc5832f3b40b86e7043.jpg\",\"width\":1024,\"height\":1024},{\"@type\":\"BreadcrumbList\",\"@id\":\"https:\/\/wear-iqoniq.com\/it\/collection\/micropile-giacche\/giacca-iqoniq-talung-in-micropile-con-zip-passante-nero\/#breadcrumb\",\"itemListElement\":[{\"@type\":\"ListItem\",\"position\":1,\"name\":\"Home\",\"item\":\"https:\/\/wear-iqoniq.com\/it\/\"},{\"@type\":\"ListItem\",\"position\":2,\"name\":\"Collezione\",\"item\":\"https:\/\/wear-iqoniq.com\/it\/collezione\/\"},{\"@type\":\"ListItem\",\"position\":3,\"name\":\"Giacca Talung in micropile con zip in rPET, nero\"}]},{\"@type\":\"WebSite\",\"@id\":\"https:\/\/wear-iqoniq.com\/it\/#website\",\"url\":\"https:\/\/wear-iqoniq.com\/it\/\",\"name\":\"Iqoniq\",\"description\":\"Wear Change\",\"potentialAction\":[{\"@type\":\"SearchAction\",\"target\":{\"@type\":\"EntryPoint\",\"urlTemplate\":\"https:\/\/wear-iqoniq.com\/it\/?s={search_term_string}\"},\"query-input\":{\"@type\":\"PropertyValueSpecification\",\"valueRequired\":true,\"valueName\":\"search_term_string\"}}],\"inLanguage\":\"it-IT\"}]}<\/script>\n<!-- \/ Yoast SEO plugin. -->","yoast_head_json":{"title":"Giacca Talung in micropile con zip in rPET, nero - New Iqoniq","robots":{"index":"index","follow":"follow","max-snippet":"max-snippet:-1","max-image-preview":"max-image-preview:large","max-video-preview":"max-video-preview:-1"},"canonical":"https:\/\/wear-iqoniq.com\/it\/collection\/micropile-giacche\/giacca-iqoniq-talung-in-micropile-con-zip-passante-nero\/","og_locale":"it_IT","og_type":"article","og_title":"Giacca Talung in micropile con zip in rPET, nero - New Iqoniq","og_description":"Giacca unisex con cerniera in micropile 100% rPet post consumo da 240 G\/M\u00b2 con finitura anti-pilling. Vestibilit\u00e0 medium fit. Questo stile \u00e8 perfetto per quando si comincia a vestirsi a strati. La giacca in pile, morbida e confortevole, \u00e8 dotata di una cerniera frontale rovesciata e di pratiche tasche con zip integrate nelle cuciture diagonali. [&hellip;]","og_url":"https:\/\/wear-iqoniq.com\/it\/collection\/micropile-giacche\/giacca-iqoniq-talung-in-micropile-con-zip-passante-nero\/","og_site_name":"New Iqoniq","article_modified_time":"2026-04-06T02:41:27+00:00","og_image":[{"width":1024,"height":1024,"url":"https:\/\/wear-iqoniq.com\/wp-content\/uploads\/sites\/13\/2025\/04\/T9603.001.L__S_0__27b17a962ec34dc5832f3b40b86e7043.jpg","type":"image\/jpeg"}],"twitter_card":"summary_large_image","twitter_misc":{"Tempo di lettura stimato":"1 minuto"},"schema":{"@context":"https:\/\/schema.org","@graph":[{"@type":"WebPage","@id":"https:\/\/wear-iqoniq.com\/it\/collection\/micropile-giacche\/giacca-iqoniq-talung-in-micropile-con-zip-passante-nero\/","url":"https:\/\/wear-iqoniq.com\/it\/collection\/micropile-giacche\/giacca-iqoniq-talung-in-micropile-con-zip-passante-nero\/","name":"Giacca Talung in micropile con zip in rPET, nero - New Iqoniq","isPartOf":{"@id":"https:\/\/wear-iqoniq.com\/it\/#website"},"primaryImageOfPage":{"@id":"https:\/\/wear-iqoniq.com\/it\/collection\/micropile-giacche\/giacca-iqoniq-talung-in-micropile-con-zip-passante-nero\/#primaryimage"},"image":{"@id":"https:\/\/wear-iqoniq.com\/it\/collection\/micropile-giacche\/giacca-iqoniq-talung-in-micropile-con-zip-passante-nero\/#primaryimage"},"thumbnailUrl":"https:\/\/wear-iqoniq.com\/wp-content\/uploads\/sites\/13\/2025\/04\/T9603.001.L__S_0__27b17a962ec34dc5832f3b40b86e7043.jpg","datePublished":"2025-10-07T11:54:23+00:00","dateModified":"2026-04-06T02:41:27+00:00","breadcrumb":{"@id":"https:\/\/wear-iqoniq.com\/it\/collection\/micropile-giacche\/giacca-iqoniq-talung-in-micropile-con-zip-passante-nero\/#breadcrumb"},"inLanguage":"it-IT","potentialAction":[{"@type":"ReadAction","target":["https:\/\/wear-iqoniq.com\/it\/collection\/micropile-giacche\/giacca-iqoniq-talung-in-micropile-con-zip-passante-nero\/"]}]},{"@type":"ImageObject","inLanguage":"it-IT","@id":"https:\/\/wear-iqoniq.com\/it\/collection\/micropile-giacche\/giacca-iqoniq-talung-in-micropile-con-zip-passante-nero\/#primaryimage","url":"https:\/\/wear-iqoniq.com\/wp-content\/uploads\/sites\/13\/2025\/04\/T9603.001.L__S_0__27b17a962ec34dc5832f3b40b86e7043.jpg","contentUrl":"https:\/\/wear-iqoniq.com\/wp-content\/uploads\/sites\/13\/2025\/04\/T9603.001.L__S_0__27b17a962ec34dc5832f3b40b86e7043.jpg","width":1024,"height":1024},{"@type":"BreadcrumbList","@id":"https:\/\/wear-iqoniq.com\/it\/collection\/micropile-giacche\/giacca-iqoniq-talung-in-micropile-con-zip-passante-nero\/#breadcrumb","itemListElement":[{"@type":"ListItem","position":1,"name":"Home","item":"https:\/\/wear-iqoniq.com\/it\/"},{"@type":"ListItem","position":2,"name":"Collezione","item":"https:\/\/wear-iqoniq.com\/it\/collezione\/"},{"@type":"ListItem","position":3,"name":"Giacca Talung in micropile con zip in rPET, nero"}]},{"@type":"WebSite","@id":"https:\/\/wear-iqoniq.com\/it\/#website","url":"https:\/\/wear-iqoniq.com\/it\/","name":"Iqoniq","description":"Wear Change","potentialAction":[{"@type":"SearchAction","target":{"@type":"EntryPoint","urlTemplate":"https:\/\/wear-iqoniq.com\/it\/?s={search_term_string}"},"query-input":{"@type":"PropertyValueSpecification","valueRequired":true,"valueName":"search_term_string"}}],"inLanguage":"it-IT"}]}},"_links":{"self":[{"href":"https:\/\/wear-iqoniq.com\/it\/wp-json\/wp\/v2\/product\/212414","targetHints":{"allow":["GET"]}}],"collection":[{"href":"https:\/\/wear-iqoniq.com\/it\/wp-json\/wp\/v2\/product"}],"about":[{"href":"https:\/\/wear-iqoniq.com\/it\/wp-json\/wp\/v2\/types\/product"}],"wp:featuredmedia":[{"embeddable":true,"href":"https:\/\/wear-iqoniq.com\/it\/wp-json\/wp\/v2\/media\/320295"}],"wp:attachment":[{"href":"https:\/\/wear-iqoniq.com\/it\/wp-json\/wp\/v2\/media?parent=212414"}],"wp:term":[{"taxonomy":"product_cat","embeddable":true,"href":"https:\/\/wear-iqoniq.com\/it\/wp-json\/wp\/v2\/product_cat?post=212414"},{"taxonomy":"product_tag","embeddable":true,"href":"https:\/\/wear-iqoniq.com\/it\/wp-json\/wp\/v2\/product_tag?post=212414"}],"curies":[{"name":"wp","href":"https:\/\/api.w.org\/{rel}","templated":true}]}}