{"id":331500,"date":"2026-01-05T11:29:54","date_gmt":"2026-01-05T09:29:54","guid":{"rendered":"https:\/\/wear-iqoniq.com\/collection\/non%20class\u00e9\/veste-urbaine-en-polyester-recycle-iqoniq-odin-noir\/"},"modified":"2026-04-06T02:42:08","modified_gmt":"2026-04-06T00:42:08","slug":"veste-urbaine-en-polyester-recycle-iqoniq-odin-noir","status":"publish","type":"product","link":"https:\/\/wear-iqoniq.com\/fr\/collection\/vestes\/veste-urbaine-en-polyester-recycle-iqoniq-odin-noir\/","title":{"rendered":"Veste urbaine en polyester recycl\u00e9 IQONIQ Odin, noir"},"content":{"rendered":"<p>Veste urbaine unisexe  en polyester 100 % recycl\u00e9, avec membrane RTPU (certifi\u00e9e GRS). Cette veste a \u00e9t\u00e9 con\u00e7ue pour un style urbain et d\u00e9contract\u00e9-chic. La fermeture \u00e9clair centrale avant est en m\u00e9tal sans nickel, dot\u00e9e d\u2019une tirette m\u00e9tallique premium. Deux poches passepoil\u00e9es lat\u00e9rales avec fermeture \u00e0 bouton-pression dissimul\u00e9. Col dans le m\u00eame tissu, poignets et ourlet inf\u00e9rieur en bord-c\u00f4te \u00e9lastique pour une sensation douce et confortable. La veste est doubl\u00e9e et comporte une fermeture \u00e9clair cach\u00e9e au bas de l\u2019ourlet et sur la poitrine gauche pour faciliter la personnalisation. \u00c0 l\u2019arri\u00e8re du col se trouve une \u00e9tiquette de taille d\u00e9tachable, une \u00e9tiquette iqoniq craft, ainsi qu\u2019une \u00e9tiquette d\u2019entretien. L&rsquo;utilisation de v\u00e9ritables tissus recycl\u00e9s et les all\u00e9gations relatives \u00e0 l&rsquo;impact environnemental sont garanties par l&rsquo;utilisation du traceur physique disruptif AWARE\u2122 et de la technologie blockchain. En scannant le code QR, vous aurez acc\u00e8s \u00e0 un passeport num\u00e9rique d\u00e9di\u00e9.<\/p>\n","protected":false},"excerpt":{"rendered":"<p>Veste urbaine unisexe en polyester 100 % recycl\u00e9, avec membrane RTPU (certifi\u00e9e GRS). Cette veste a \u00e9t\u00e9 con\u00e7ue pour un style urbain et d\u00e9contract\u00e9-chic. La fermeture \u00e9clair centrale avant est en m\u00e9tal sans nickel, dot\u00e9e d\u2019une tirette m\u00e9tallique premium. Deux poches passepoil\u00e9es lat\u00e9rales avec fermeture \u00e0 bouton-pression dissimul\u00e9. Col dans le m\u00eame tissu, poignets et [&hellip;]<\/p>\n","protected":false},"featured_media":331164,"template":"","meta":{"_acf_changed":false},"product_cat":[1191],"product_tag":[],"class_list":["post-331500","product","type-product","status-publish","has-post-thumbnail","hentry","product_cat-vestes","pa_color-black","pa_fabric-type-armure-toile","pa_fit-medium-fit","pa_gender-unisex","pa_materials-100re-pes-5","pa_weight-95-gsm"],"acf":[],"yoast_head":"<!-- This site is optimized with the Yoast SEO plugin v27.0 - https:\/\/yoast.com\/product\/yoast-seo-wordpress\/ -->\n<title>Veste urbaine en polyester recycl\u00e9 IQONIQ Odin, noir - New Iqoniq<\/title>\n<meta name=\"robots\" content=\"index, follow, max-snippet:-1, max-image-preview:large, max-video-preview:-1\" \/>\n<link rel=\"canonical\" href=\"https:\/\/wear-iqoniq.com\/fr\/collection\/vestes\/veste-urbaine-en-polyester-recycle-iqoniq-odin-noir\/\" \/>\n<meta property=\"og:locale\" content=\"fr_FR\" \/>\n<meta property=\"og:type\" content=\"article\" \/>\n<meta property=\"og:title\" content=\"Veste urbaine en polyester recycl\u00e9 IQONIQ Odin, noir - New Iqoniq\" \/>\n<meta property=\"og:description\" content=\"Veste urbaine unisexe en polyester 100 % recycl\u00e9, avec membrane RTPU (certifi\u00e9e GRS). Cette veste a \u00e9t\u00e9 con\u00e7ue pour un style urbain et d\u00e9contract\u00e9-chic. La fermeture \u00e9clair centrale avant est en m\u00e9tal sans nickel, dot\u00e9e d\u2019une tirette m\u00e9tallique premium. Deux poches passepoil\u00e9es lat\u00e9rales avec fermeture \u00e0 bouton-pression dissimul\u00e9. Col dans le m\u00eame tissu, poignets et [&hellip;]\" \/>\n<meta property=\"og:url\" content=\"https:\/\/wear-iqoniq.com\/fr\/collection\/vestes\/veste-urbaine-en-polyester-recycle-iqoniq-odin-noir\/\" \/>\n<meta property=\"og:site_name\" content=\"New Iqoniq\" \/>\n<meta property=\"article:modified_time\" content=\"2026-04-06T00:42:08+00:00\" \/>\n<meta property=\"og:image\" content=\"https:\/\/wear-iqoniq.com\/wp-content\/uploads\/sites\/13\/2026\/01\/T9703.001.L__S_0__d761a7357a8e4f5fb4d46d4e5ad620d9.jpg\" \/>\n\t<meta property=\"og:image:width\" content=\"1024\" \/>\n\t<meta property=\"og:image:height\" content=\"1024\" \/>\n\t<meta property=\"og:image:type\" content=\"image\/jpeg\" \/>\n<meta name=\"twitter:card\" content=\"summary_large_image\" \/>\n<meta name=\"twitter:label1\" content=\"Dur\u00e9e de lecture estim\u00e9e\" \/>\n\t<meta name=\"twitter:data1\" content=\"1 minute\" \/>\n<script type=\"application\/ld+json\" class=\"yoast-schema-graph\">{\"@context\":\"https:\/\/schema.org\",\"@graph\":[{\"@type\":\"WebPage\",\"@id\":\"https:\/\/wear-iqoniq.com\/fr\/collection\/vestes\/veste-urbaine-en-polyester-recycle-iqoniq-odin-noir\/\",\"url\":\"https:\/\/wear-iqoniq.com\/fr\/collection\/vestes\/veste-urbaine-en-polyester-recycle-iqoniq-odin-noir\/\",\"name\":\"Veste urbaine en polyester recycl\u00e9 IQONIQ Odin, noir - New Iqoniq\",\"isPartOf\":{\"@id\":\"https:\/\/wear-iqoniq.com\/fr\/#website\"},\"primaryImageOfPage\":{\"@id\":\"https:\/\/wear-iqoniq.com\/fr\/collection\/vestes\/veste-urbaine-en-polyester-recycle-iqoniq-odin-noir\/#primaryimage\"},\"image\":{\"@id\":\"https:\/\/wear-iqoniq.com\/fr\/collection\/vestes\/veste-urbaine-en-polyester-recycle-iqoniq-odin-noir\/#primaryimage\"},\"thumbnailUrl\":\"https:\/\/wear-iqoniq.com\/wp-content\/uploads\/sites\/13\/2026\/01\/T9703.001.L__S_0__d761a7357a8e4f5fb4d46d4e5ad620d9.jpg\",\"datePublished\":\"2026-01-05T09:29:54+00:00\",\"dateModified\":\"2026-04-06T00:42:08+00:00\",\"breadcrumb\":{\"@id\":\"https:\/\/wear-iqoniq.com\/fr\/collection\/vestes\/veste-urbaine-en-polyester-recycle-iqoniq-odin-noir\/#breadcrumb\"},\"inLanguage\":\"fr-FR\",\"potentialAction\":[{\"@type\":\"ReadAction\",\"target\":[\"https:\/\/wear-iqoniq.com\/fr\/collection\/vestes\/veste-urbaine-en-polyester-recycle-iqoniq-odin-noir\/\"]}]},{\"@type\":\"ImageObject\",\"inLanguage\":\"fr-FR\",\"@id\":\"https:\/\/wear-iqoniq.com\/fr\/collection\/vestes\/veste-urbaine-en-polyester-recycle-iqoniq-odin-noir\/#primaryimage\",\"url\":\"https:\/\/wear-iqoniq.com\/wp-content\/uploads\/sites\/13\/2026\/01\/T9703.001.L__S_0__d761a7357a8e4f5fb4d46d4e5ad620d9.jpg\",\"contentUrl\":\"https:\/\/wear-iqoniq.com\/wp-content\/uploads\/sites\/13\/2026\/01\/T9703.001.L__S_0__d761a7357a8e4f5fb4d46d4e5ad620d9.jpg\",\"width\":1024,\"height\":1024},{\"@type\":\"BreadcrumbList\",\"@id\":\"https:\/\/wear-iqoniq.com\/fr\/collection\/vestes\/veste-urbaine-en-polyester-recycle-iqoniq-odin-noir\/#breadcrumb\",\"itemListElement\":[{\"@type\":\"ListItem\",\"position\":1,\"name\":\"Home\",\"item\":\"https:\/\/wear-iqoniq.com\/fr\/\"},{\"@type\":\"ListItem\",\"position\":2,\"name\":\"Collection\",\"item\":\"https:\/\/wear-iqoniq.com\/fr\/collection\/\"},{\"@type\":\"ListItem\",\"position\":3,\"name\":\"Veste urbaine en polyester recycl\u00e9 IQONIQ Odin, noir\"}]},{\"@type\":\"WebSite\",\"@id\":\"https:\/\/wear-iqoniq.com\/fr\/#website\",\"url\":\"https:\/\/wear-iqoniq.com\/fr\/\",\"name\":\"Iqoniq\",\"description\":\"Wear Change\",\"potentialAction\":[{\"@type\":\"SearchAction\",\"target\":{\"@type\":\"EntryPoint\",\"urlTemplate\":\"https:\/\/wear-iqoniq.com\/fr\/?s={search_term_string}\"},\"query-input\":{\"@type\":\"PropertyValueSpecification\",\"valueRequired\":true,\"valueName\":\"search_term_string\"}}],\"inLanguage\":\"fr-FR\"}]}<\/script>\n<!-- \/ Yoast SEO plugin. -->","yoast_head_json":{"title":"Veste urbaine en polyester recycl\u00e9 IQONIQ Odin, noir - New Iqoniq","robots":{"index":"index","follow":"follow","max-snippet":"max-snippet:-1","max-image-preview":"max-image-preview:large","max-video-preview":"max-video-preview:-1"},"canonical":"https:\/\/wear-iqoniq.com\/fr\/collection\/vestes\/veste-urbaine-en-polyester-recycle-iqoniq-odin-noir\/","og_locale":"fr_FR","og_type":"article","og_title":"Veste urbaine en polyester recycl\u00e9 IQONIQ Odin, noir - New Iqoniq","og_description":"Veste urbaine unisexe en polyester 100 % recycl\u00e9, avec membrane RTPU (certifi\u00e9e GRS). Cette veste a \u00e9t\u00e9 con\u00e7ue pour un style urbain et d\u00e9contract\u00e9-chic. La fermeture \u00e9clair centrale avant est en m\u00e9tal sans nickel, dot\u00e9e d\u2019une tirette m\u00e9tallique premium. Deux poches passepoil\u00e9es lat\u00e9rales avec fermeture \u00e0 bouton-pression dissimul\u00e9. Col dans le m\u00eame tissu, poignets et [&hellip;]","og_url":"https:\/\/wear-iqoniq.com\/fr\/collection\/vestes\/veste-urbaine-en-polyester-recycle-iqoniq-odin-noir\/","og_site_name":"New Iqoniq","article_modified_time":"2026-04-06T00:42:08+00:00","og_image":[{"width":1024,"height":1024,"url":"https:\/\/wear-iqoniq.com\/wp-content\/uploads\/sites\/13\/2026\/01\/T9703.001.L__S_0__d761a7357a8e4f5fb4d46d4e5ad620d9.jpg","type":"image\/jpeg"}],"twitter_card":"summary_large_image","twitter_misc":{"Dur\u00e9e de lecture estim\u00e9e":"1 minute"},"schema":{"@context":"https:\/\/schema.org","@graph":[{"@type":"WebPage","@id":"https:\/\/wear-iqoniq.com\/fr\/collection\/vestes\/veste-urbaine-en-polyester-recycle-iqoniq-odin-noir\/","url":"https:\/\/wear-iqoniq.com\/fr\/collection\/vestes\/veste-urbaine-en-polyester-recycle-iqoniq-odin-noir\/","name":"Veste urbaine en polyester recycl\u00e9 IQONIQ Odin, noir - New Iqoniq","isPartOf":{"@id":"https:\/\/wear-iqoniq.com\/fr\/#website"},"primaryImageOfPage":{"@id":"https:\/\/wear-iqoniq.com\/fr\/collection\/vestes\/veste-urbaine-en-polyester-recycle-iqoniq-odin-noir\/#primaryimage"},"image":{"@id":"https:\/\/wear-iqoniq.com\/fr\/collection\/vestes\/veste-urbaine-en-polyester-recycle-iqoniq-odin-noir\/#primaryimage"},"thumbnailUrl":"https:\/\/wear-iqoniq.com\/wp-content\/uploads\/sites\/13\/2026\/01\/T9703.001.L__S_0__d761a7357a8e4f5fb4d46d4e5ad620d9.jpg","datePublished":"2026-01-05T09:29:54+00:00","dateModified":"2026-04-06T00:42:08+00:00","breadcrumb":{"@id":"https:\/\/wear-iqoniq.com\/fr\/collection\/vestes\/veste-urbaine-en-polyester-recycle-iqoniq-odin-noir\/#breadcrumb"},"inLanguage":"fr-FR","potentialAction":[{"@type":"ReadAction","target":["https:\/\/wear-iqoniq.com\/fr\/collection\/vestes\/veste-urbaine-en-polyester-recycle-iqoniq-odin-noir\/"]}]},{"@type":"ImageObject","inLanguage":"fr-FR","@id":"https:\/\/wear-iqoniq.com\/fr\/collection\/vestes\/veste-urbaine-en-polyester-recycle-iqoniq-odin-noir\/#primaryimage","url":"https:\/\/wear-iqoniq.com\/wp-content\/uploads\/sites\/13\/2026\/01\/T9703.001.L__S_0__d761a7357a8e4f5fb4d46d4e5ad620d9.jpg","contentUrl":"https:\/\/wear-iqoniq.com\/wp-content\/uploads\/sites\/13\/2026\/01\/T9703.001.L__S_0__d761a7357a8e4f5fb4d46d4e5ad620d9.jpg","width":1024,"height":1024},{"@type":"BreadcrumbList","@id":"https:\/\/wear-iqoniq.com\/fr\/collection\/vestes\/veste-urbaine-en-polyester-recycle-iqoniq-odin-noir\/#breadcrumb","itemListElement":[{"@type":"ListItem","position":1,"name":"Home","item":"https:\/\/wear-iqoniq.com\/fr\/"},{"@type":"ListItem","position":2,"name":"Collection","item":"https:\/\/wear-iqoniq.com\/fr\/collection\/"},{"@type":"ListItem","position":3,"name":"Veste urbaine en polyester recycl\u00e9 IQONIQ Odin, noir"}]},{"@type":"WebSite","@id":"https:\/\/wear-iqoniq.com\/fr\/#website","url":"https:\/\/wear-iqoniq.com\/fr\/","name":"Iqoniq","description":"Wear Change","potentialAction":[{"@type":"SearchAction","target":{"@type":"EntryPoint","urlTemplate":"https:\/\/wear-iqoniq.com\/fr\/?s={search_term_string}"},"query-input":{"@type":"PropertyValueSpecification","valueRequired":true,"valueName":"search_term_string"}}],"inLanguage":"fr-FR"}]}},"_links":{"self":[{"href":"https:\/\/wear-iqoniq.com\/fr\/wp-json\/wp\/v2\/product\/331500","targetHints":{"allow":["GET"]}}],"collection":[{"href":"https:\/\/wear-iqoniq.com\/fr\/wp-json\/wp\/v2\/product"}],"about":[{"href":"https:\/\/wear-iqoniq.com\/fr\/wp-json\/wp\/v2\/types\/product"}],"wp:featuredmedia":[{"embeddable":true,"href":"https:\/\/wear-iqoniq.com\/fr\/wp-json\/wp\/v2\/media\/331164"}],"wp:attachment":[{"href":"https:\/\/wear-iqoniq.com\/fr\/wp-json\/wp\/v2\/media?parent=331500"}],"wp:term":[{"taxonomy":"product_cat","embeddable":true,"href":"https:\/\/wear-iqoniq.com\/fr\/wp-json\/wp\/v2\/product_cat?post=331500"},{"taxonomy":"product_tag","embeddable":true,"href":"https:\/\/wear-iqoniq.com\/fr\/wp-json\/wp\/v2\/product_tag?post=331500"}],"curies":[{"name":"wp","href":"https:\/\/api.w.org\/{rel}","templated":true}]}}