{"id":331498,"date":"2026-01-05T11:16:14","date_gmt":"2026-01-05T09:16:14","guid":{"rendered":"https:\/\/wear-iqoniq.com\/collection\/non%20class\u00e9\/parka-en-polyester-recycle-iqoniq-thelon-bleu-marine\/"},"modified":"2026-04-06T02:41:58","modified_gmt":"2026-04-06T00:41:58","slug":"parka-en-polyester-recycle-iqoniq-thelon-bleu-marine","status":"publish","type":"product","link":"https:\/\/wear-iqoniq.com\/fr\/collection\/vestes\/parka-en-polyester-recycle-iqoniq-thelon-bleu-marine\/","title":{"rendered":"Parka en polyester recycl\u00e9 IQONIQ Thelon, bleu marine"},"content":{"rendered":"<p>Parka imperm\u00e9able matelass\u00e9e unisexe, fabriqu\u00e9 \u00e0 partir de polyester 100 % recycl\u00e9. La veste offre une imperm\u00e9abilit\u00e9 de 4 000 mm, tout en \u00e9tant respirante et r\u00e9sistante au vent. Elle reprend toutes les caract\u00e9ristiques d\u2019un parka classique : dos plus long, fente arri\u00e8re, fermeture \u00e0 glissi\u00e8re centrale r\u00e9versible \u00e0 double sens, recouverte d\u2019une patte avant suppl\u00e9mentaire avec quatre boutons-pression cach\u00e9s, poignets \u00e9pur\u00e9s avec demi-poignet int\u00e9rieur. Le rembourrage est constitu\u00e9 de feuilles polyester 100% recycl\u00e9 et la doublure est en taffetas fin.  \u00c0 l\u2019arri\u00e8re du col se trouve une \u00e9tiquette de taille d\u00e9tachable, une \u00e9tiquette iqoniq craft, ainsi qu\u2019une \u00e9tiquette d\u2019entretien. L&rsquo;utilisation de v\u00e9ritables tissus recycl\u00e9s et les all\u00e9gations relatives \u00e0 l&rsquo;impact environnemental sont garanties par l&rsquo;utilisation du traceur physique disruptif AWARE\u2122 et de la technologie blockchain. En scannant le code QR, vous aurez acc\u00e8s \u00e0 un passeport num\u00e9rique d\u00e9di\u00e9.<\/p>\n","protected":false},"excerpt":{"rendered":"<p>Parka imperm\u00e9able matelass\u00e9e unisexe, fabriqu\u00e9 \u00e0 partir de polyester 100 % recycl\u00e9. La veste offre une imperm\u00e9abilit\u00e9 de 4 000 mm, tout en \u00e9tant respirante et r\u00e9sistante au vent. Elle reprend toutes les caract\u00e9ristiques d\u2019un parka classique : dos plus long, fente arri\u00e8re, fermeture \u00e0 glissi\u00e8re centrale r\u00e9versible \u00e0 double sens, recouverte d\u2019une patte avant [&hellip;]<\/p>\n","protected":false},"featured_media":330987,"template":"","meta":{"_acf_changed":false},"product_cat":[1191],"product_tag":[],"class_list":["post-331498","product","type-product","status-publish","has-post-thumbnail","hentry","product_cat-vestes","pa_color-navy","pa_fabric-type-armure-toile","pa_fit-modern-fit","pa_gender-unisex","pa_materials-100re-pes-5","pa_weight-95-gsm"],"acf":[],"yoast_head":"<!-- This site is optimized with the Yoast SEO plugin v27.0 - https:\/\/yoast.com\/product\/yoast-seo-wordpress\/ -->\n<title>Parka en polyester recycl\u00e9 IQONIQ Thelon, bleu marine - New Iqoniq<\/title>\n<meta name=\"robots\" content=\"index, follow, max-snippet:-1, max-image-preview:large, max-video-preview:-1\" \/>\n<link rel=\"canonical\" href=\"https:\/\/wear-iqoniq.com\/fr\/collection\/vestes\/parka-en-polyester-recycle-iqoniq-thelon-bleu-marine\/\" \/>\n<meta property=\"og:locale\" content=\"fr_FR\" \/>\n<meta property=\"og:type\" content=\"article\" \/>\n<meta property=\"og:title\" content=\"Parka en polyester recycl\u00e9 IQONIQ Thelon, bleu marine - New Iqoniq\" \/>\n<meta property=\"og:description\" content=\"Parka imperm\u00e9able matelass\u00e9e unisexe, fabriqu\u00e9 \u00e0 partir de polyester 100 % recycl\u00e9. La veste offre une imperm\u00e9abilit\u00e9 de 4 000 mm, tout en \u00e9tant respirante et r\u00e9sistante au vent. Elle reprend toutes les caract\u00e9ristiques d\u2019un parka classique : dos plus long, fente arri\u00e8re, fermeture \u00e0 glissi\u00e8re centrale r\u00e9versible \u00e0 double sens, recouverte d\u2019une patte avant [&hellip;]\" \/>\n<meta property=\"og:url\" content=\"https:\/\/wear-iqoniq.com\/fr\/collection\/vestes\/parka-en-polyester-recycle-iqoniq-thelon-bleu-marine\/\" \/>\n<meta property=\"og:site_name\" content=\"New Iqoniq\" \/>\n<meta property=\"article:modified_time\" content=\"2026-04-06T00:41:58+00:00\" \/>\n<meta property=\"og:image\" content=\"https:\/\/wear-iqoniq.com\/wp-content\/uploads\/sites\/13\/2026\/01\/T9702.002.L__S_0__7410f47977114cc8b591eaecd29efe3a.jpg\" \/>\n\t<meta property=\"og:image:width\" content=\"1024\" \/>\n\t<meta property=\"og:image:height\" content=\"1024\" \/>\n\t<meta property=\"og:image:type\" content=\"image\/jpeg\" \/>\n<meta name=\"twitter:card\" content=\"summary_large_image\" \/>\n<meta name=\"twitter:label1\" content=\"Dur\u00e9e de lecture estim\u00e9e\" \/>\n\t<meta name=\"twitter:data1\" content=\"1 minute\" \/>\n<script type=\"application\/ld+json\" class=\"yoast-schema-graph\">{\"@context\":\"https:\/\/schema.org\",\"@graph\":[{\"@type\":\"WebPage\",\"@id\":\"https:\/\/wear-iqoniq.com\/fr\/collection\/vestes\/parka-en-polyester-recycle-iqoniq-thelon-bleu-marine\/\",\"url\":\"https:\/\/wear-iqoniq.com\/fr\/collection\/vestes\/parka-en-polyester-recycle-iqoniq-thelon-bleu-marine\/\",\"name\":\"Parka en polyester recycl\u00e9 IQONIQ Thelon, bleu marine - New Iqoniq\",\"isPartOf\":{\"@id\":\"https:\/\/wear-iqoniq.com\/fr\/#website\"},\"primaryImageOfPage\":{\"@id\":\"https:\/\/wear-iqoniq.com\/fr\/collection\/vestes\/parka-en-polyester-recycle-iqoniq-thelon-bleu-marine\/#primaryimage\"},\"image\":{\"@id\":\"https:\/\/wear-iqoniq.com\/fr\/collection\/vestes\/parka-en-polyester-recycle-iqoniq-thelon-bleu-marine\/#primaryimage\"},\"thumbnailUrl\":\"https:\/\/wear-iqoniq.com\/wp-content\/uploads\/sites\/13\/2026\/01\/T9702.002.L__S_0__7410f47977114cc8b591eaecd29efe3a.jpg\",\"datePublished\":\"2026-01-05T09:16:14+00:00\",\"dateModified\":\"2026-04-06T00:41:58+00:00\",\"breadcrumb\":{\"@id\":\"https:\/\/wear-iqoniq.com\/fr\/collection\/vestes\/parka-en-polyester-recycle-iqoniq-thelon-bleu-marine\/#breadcrumb\"},\"inLanguage\":\"fr-FR\",\"potentialAction\":[{\"@type\":\"ReadAction\",\"target\":[\"https:\/\/wear-iqoniq.com\/fr\/collection\/vestes\/parka-en-polyester-recycle-iqoniq-thelon-bleu-marine\/\"]}]},{\"@type\":\"ImageObject\",\"inLanguage\":\"fr-FR\",\"@id\":\"https:\/\/wear-iqoniq.com\/fr\/collection\/vestes\/parka-en-polyester-recycle-iqoniq-thelon-bleu-marine\/#primaryimage\",\"url\":\"https:\/\/wear-iqoniq.com\/wp-content\/uploads\/sites\/13\/2026\/01\/T9702.002.L__S_0__7410f47977114cc8b591eaecd29efe3a.jpg\",\"contentUrl\":\"https:\/\/wear-iqoniq.com\/wp-content\/uploads\/sites\/13\/2026\/01\/T9702.002.L__S_0__7410f47977114cc8b591eaecd29efe3a.jpg\",\"width\":1024,\"height\":1024},{\"@type\":\"BreadcrumbList\",\"@id\":\"https:\/\/wear-iqoniq.com\/fr\/collection\/vestes\/parka-en-polyester-recycle-iqoniq-thelon-bleu-marine\/#breadcrumb\",\"itemListElement\":[{\"@type\":\"ListItem\",\"position\":1,\"name\":\"Home\",\"item\":\"https:\/\/wear-iqoniq.com\/fr\/\"},{\"@type\":\"ListItem\",\"position\":2,\"name\":\"Collection\",\"item\":\"https:\/\/wear-iqoniq.com\/fr\/collection\/\"},{\"@type\":\"ListItem\",\"position\":3,\"name\":\"Parka en polyester recycl\u00e9 IQONIQ Thelon, bleu marine\"}]},{\"@type\":\"WebSite\",\"@id\":\"https:\/\/wear-iqoniq.com\/fr\/#website\",\"url\":\"https:\/\/wear-iqoniq.com\/fr\/\",\"name\":\"Iqoniq\",\"description\":\"Wear Change\",\"potentialAction\":[{\"@type\":\"SearchAction\",\"target\":{\"@type\":\"EntryPoint\",\"urlTemplate\":\"https:\/\/wear-iqoniq.com\/fr\/?s={search_term_string}\"},\"query-input\":{\"@type\":\"PropertyValueSpecification\",\"valueRequired\":true,\"valueName\":\"search_term_string\"}}],\"inLanguage\":\"fr-FR\"}]}<\/script>\n<!-- \/ Yoast SEO plugin. -->","yoast_head_json":{"title":"Parka en polyester recycl\u00e9 IQONIQ Thelon, bleu marine - New Iqoniq","robots":{"index":"index","follow":"follow","max-snippet":"max-snippet:-1","max-image-preview":"max-image-preview:large","max-video-preview":"max-video-preview:-1"},"canonical":"https:\/\/wear-iqoniq.com\/fr\/collection\/vestes\/parka-en-polyester-recycle-iqoniq-thelon-bleu-marine\/","og_locale":"fr_FR","og_type":"article","og_title":"Parka en polyester recycl\u00e9 IQONIQ Thelon, bleu marine - New Iqoniq","og_description":"Parka imperm\u00e9able matelass\u00e9e unisexe, fabriqu\u00e9 \u00e0 partir de polyester 100 % recycl\u00e9. La veste offre une imperm\u00e9abilit\u00e9 de 4 000 mm, tout en \u00e9tant respirante et r\u00e9sistante au vent. Elle reprend toutes les caract\u00e9ristiques d\u2019un parka classique : dos plus long, fente arri\u00e8re, fermeture \u00e0 glissi\u00e8re centrale r\u00e9versible \u00e0 double sens, recouverte d\u2019une patte avant [&hellip;]","og_url":"https:\/\/wear-iqoniq.com\/fr\/collection\/vestes\/parka-en-polyester-recycle-iqoniq-thelon-bleu-marine\/","og_site_name":"New Iqoniq","article_modified_time":"2026-04-06T00:41:58+00:00","og_image":[{"width":1024,"height":1024,"url":"https:\/\/wear-iqoniq.com\/wp-content\/uploads\/sites\/13\/2026\/01\/T9702.002.L__S_0__7410f47977114cc8b591eaecd29efe3a.jpg","type":"image\/jpeg"}],"twitter_card":"summary_large_image","twitter_misc":{"Dur\u00e9e de lecture estim\u00e9e":"1 minute"},"schema":{"@context":"https:\/\/schema.org","@graph":[{"@type":"WebPage","@id":"https:\/\/wear-iqoniq.com\/fr\/collection\/vestes\/parka-en-polyester-recycle-iqoniq-thelon-bleu-marine\/","url":"https:\/\/wear-iqoniq.com\/fr\/collection\/vestes\/parka-en-polyester-recycle-iqoniq-thelon-bleu-marine\/","name":"Parka en polyester recycl\u00e9 IQONIQ Thelon, bleu marine - New Iqoniq","isPartOf":{"@id":"https:\/\/wear-iqoniq.com\/fr\/#website"},"primaryImageOfPage":{"@id":"https:\/\/wear-iqoniq.com\/fr\/collection\/vestes\/parka-en-polyester-recycle-iqoniq-thelon-bleu-marine\/#primaryimage"},"image":{"@id":"https:\/\/wear-iqoniq.com\/fr\/collection\/vestes\/parka-en-polyester-recycle-iqoniq-thelon-bleu-marine\/#primaryimage"},"thumbnailUrl":"https:\/\/wear-iqoniq.com\/wp-content\/uploads\/sites\/13\/2026\/01\/T9702.002.L__S_0__7410f47977114cc8b591eaecd29efe3a.jpg","datePublished":"2026-01-05T09:16:14+00:00","dateModified":"2026-04-06T00:41:58+00:00","breadcrumb":{"@id":"https:\/\/wear-iqoniq.com\/fr\/collection\/vestes\/parka-en-polyester-recycle-iqoniq-thelon-bleu-marine\/#breadcrumb"},"inLanguage":"fr-FR","potentialAction":[{"@type":"ReadAction","target":["https:\/\/wear-iqoniq.com\/fr\/collection\/vestes\/parka-en-polyester-recycle-iqoniq-thelon-bleu-marine\/"]}]},{"@type":"ImageObject","inLanguage":"fr-FR","@id":"https:\/\/wear-iqoniq.com\/fr\/collection\/vestes\/parka-en-polyester-recycle-iqoniq-thelon-bleu-marine\/#primaryimage","url":"https:\/\/wear-iqoniq.com\/wp-content\/uploads\/sites\/13\/2026\/01\/T9702.002.L__S_0__7410f47977114cc8b591eaecd29efe3a.jpg","contentUrl":"https:\/\/wear-iqoniq.com\/wp-content\/uploads\/sites\/13\/2026\/01\/T9702.002.L__S_0__7410f47977114cc8b591eaecd29efe3a.jpg","width":1024,"height":1024},{"@type":"BreadcrumbList","@id":"https:\/\/wear-iqoniq.com\/fr\/collection\/vestes\/parka-en-polyester-recycle-iqoniq-thelon-bleu-marine\/#breadcrumb","itemListElement":[{"@type":"ListItem","position":1,"name":"Home","item":"https:\/\/wear-iqoniq.com\/fr\/"},{"@type":"ListItem","position":2,"name":"Collection","item":"https:\/\/wear-iqoniq.com\/fr\/collection\/"},{"@type":"ListItem","position":3,"name":"Parka en polyester recycl\u00e9 IQONIQ Thelon, bleu marine"}]},{"@type":"WebSite","@id":"https:\/\/wear-iqoniq.com\/fr\/#website","url":"https:\/\/wear-iqoniq.com\/fr\/","name":"Iqoniq","description":"Wear Change","potentialAction":[{"@type":"SearchAction","target":{"@type":"EntryPoint","urlTemplate":"https:\/\/wear-iqoniq.com\/fr\/?s={search_term_string}"},"query-input":{"@type":"PropertyValueSpecification","valueRequired":true,"valueName":"search_term_string"}}],"inLanguage":"fr-FR"}]}},"_links":{"self":[{"href":"https:\/\/wear-iqoniq.com\/fr\/wp-json\/wp\/v2\/product\/331498","targetHints":{"allow":["GET"]}}],"collection":[{"href":"https:\/\/wear-iqoniq.com\/fr\/wp-json\/wp\/v2\/product"}],"about":[{"href":"https:\/\/wear-iqoniq.com\/fr\/wp-json\/wp\/v2\/types\/product"}],"wp:featuredmedia":[{"embeddable":true,"href":"https:\/\/wear-iqoniq.com\/fr\/wp-json\/wp\/v2\/media\/330987"}],"wp:attachment":[{"href":"https:\/\/wear-iqoniq.com\/fr\/wp-json\/wp\/v2\/media?parent=331498"}],"wp:term":[{"taxonomy":"product_cat","embeddable":true,"href":"https:\/\/wear-iqoniq.com\/fr\/wp-json\/wp\/v2\/product_cat?post=331498"},{"taxonomy":"product_tag","embeddable":true,"href":"https:\/\/wear-iqoniq.com\/fr\/wp-json\/wp\/v2\/product_tag?post=331498"}],"curies":[{"name":"wp","href":"https:\/\/api.w.org\/{rel}","templated":true}]}}