{"id":323029,"date":"2025-10-07T13:47:44","date_gmt":"2025-10-07T11:47:44","guid":{"rendered":"https:\/\/xdsomename.tempurl.host\/iqoniq\/collection\/non%20class\u00e9\/doudoune-femme-en-polyester-recycle-iqoniq-maiko-kaki\/"},"modified":"2026-04-20T02:20:19","modified_gmt":"2026-04-20T00:20:19","slug":"doudoune-femme-en-polyester-recycle-iqoniq-maiko-kaki","status":"publish","type":"product","link":"https:\/\/wear-iqoniq.com\/fr\/collection\/vestes\/doudoune-femme-en-polyester-recycle-iqoniq-maiko-kaki\/","title":{"rendered":"Doudoune femme en polyester recycl\u00e9 Maiko, kaki"},"content":{"rendered":"<p>Doudoune matelass\u00e9e femme coupe medium, fabriqu\u00e9e \u00e0 partir de de polyester recycl\u00e9 100 % post-consommation. Elle est dot\u00e9e d\u2019une fermeture \u00e9clair invers\u00e9e sur le devant et de poches zipp\u00e9es pratiques dissimul\u00e9es dans les coutures lat\u00e9rales. Toutes les fermetures sont \u00e9quip\u00e9es de tirettes assorties pour une finition \u00e9l\u00e9gante. Les poignets sont finis avec un biais \u00e9lastique, et toutes les coutures int\u00e9rieures sont proprement gans\u00e9es avec un biais recycl\u00e9. Impr\u00e9gnation d\u00e9perlante sans fluor ni PFAS.<br \/>\nL&rsquo;utilisation de mat\u00e9riaux de tissus recycl\u00e9s authentiques et les d\u00e9clarations d&rsquo;impact environnemental sont garanties, gr\u00e2ce \u00e0 l&rsquo;utilisation du traceur physique disruptif AWARE\u2122 et de la technologie blockchain. En scannant le code QR, vous aurez acc\u00e8s \u00e0 un passeport num\u00e9rique d\u00e9di\u00e9. 2 % des recettes de chaque produit vendu seront revers\u00e9s \u00e0 Water.org. Ce produit est certifi\u00e9 OEKO-TEX\u00ae STANDARD 100. La doudounne Maiko est \u00e9galement disponible en coupe homme.<\/p>\n","protected":false},"excerpt":{"rendered":"<p>Doudoune matelass\u00e9e femme coupe medium, fabriqu\u00e9e \u00e0 partir de de polyester recycl\u00e9 100 % post-consommation. Elle est dot\u00e9e d\u2019une fermeture \u00e9clair invers\u00e9e sur le devant et de poches zipp\u00e9es pratiques dissimul\u00e9es dans les coutures lat\u00e9rales. Toutes les fermetures sont \u00e9quip\u00e9es de tirettes assorties pour une finition \u00e9l\u00e9gante. Les poignets sont finis avec un biais \u00e9lastique, [&hellip;]<\/p>\n","protected":false},"featured_media":323247,"template":"","meta":{"_acf_changed":false},"product_cat":[1191],"product_tag":[],"class_list":["post-323029","product","type-product","status-publish","has-post-thumbnail","hentry","product_cat-vestes","pa_color-khaki","pa_fabric-type-armure-toile","pa_fit-medium-fit","pa_gender-women","pa_materials-100re-pes-5","pa_weight-70-gsm"],"acf":[],"yoast_head":"<!-- This site is optimized with the Yoast SEO plugin v27.0 - https:\/\/yoast.com\/product\/yoast-seo-wordpress\/ -->\n<title>Doudoune femme en polyester recycl\u00e9 Maiko, kaki - New Iqoniq<\/title>\n<meta name=\"robots\" content=\"index, follow, max-snippet:-1, max-image-preview:large, max-video-preview:-1\" \/>\n<link rel=\"canonical\" href=\"https:\/\/wear-iqoniq.com\/fr\/collection\/vestes\/doudoune-femme-en-polyester-recycle-iqoniq-maiko-kaki\/\" \/>\n<meta property=\"og:locale\" content=\"fr_FR\" \/>\n<meta property=\"og:type\" content=\"article\" \/>\n<meta property=\"og:title\" content=\"Doudoune femme en polyester recycl\u00e9 Maiko, kaki - New Iqoniq\" \/>\n<meta property=\"og:description\" content=\"Doudoune matelass\u00e9e femme coupe medium, fabriqu\u00e9e \u00e0 partir de de polyester recycl\u00e9 100 % post-consommation. Elle est dot\u00e9e d\u2019une fermeture \u00e9clair invers\u00e9e sur le devant et de poches zipp\u00e9es pratiques dissimul\u00e9es dans les coutures lat\u00e9rales. Toutes les fermetures sont \u00e9quip\u00e9es de tirettes assorties pour une finition \u00e9l\u00e9gante. Les poignets sont finis avec un biais \u00e9lastique, [&hellip;]\" \/>\n<meta property=\"og:url\" content=\"https:\/\/wear-iqoniq.com\/fr\/collection\/vestes\/doudoune-femme-en-polyester-recycle-iqoniq-maiko-kaki\/\" \/>\n<meta property=\"og:site_name\" content=\"New Iqoniq\" \/>\n<meta property=\"article:modified_time\" content=\"2026-04-20T00:20:19+00:00\" \/>\n<meta property=\"og:image\" content=\"https:\/\/wear-iqoniq.com\/wp-content\/uploads\/sites\/13\/2025\/08\/T4703.020.L__S_0__e3826742f2bd4dc099bf4a4fe8beecc8.jpg\" \/>\n\t<meta property=\"og:image:width\" content=\"1024\" \/>\n\t<meta property=\"og:image:height\" content=\"1024\" \/>\n\t<meta property=\"og:image:type\" content=\"image\/jpeg\" \/>\n<meta name=\"twitter:card\" content=\"summary_large_image\" \/>\n<meta name=\"twitter:label1\" content=\"Dur\u00e9e de lecture estim\u00e9e\" \/>\n\t<meta name=\"twitter:data1\" content=\"1 minute\" \/>\n<script type=\"application\/ld+json\" class=\"yoast-schema-graph\">{\"@context\":\"https:\/\/schema.org\",\"@graph\":[{\"@type\":\"WebPage\",\"@id\":\"https:\/\/wear-iqoniq.com\/fr\/collection\/vestes\/doudoune-femme-en-polyester-recycle-iqoniq-maiko-kaki\/\",\"url\":\"https:\/\/wear-iqoniq.com\/fr\/collection\/vestes\/doudoune-femme-en-polyester-recycle-iqoniq-maiko-kaki\/\",\"name\":\"Doudoune femme en polyester recycl\u00e9 Maiko, kaki - New Iqoniq\",\"isPartOf\":{\"@id\":\"https:\/\/wear-iqoniq.com\/fr\/#website\"},\"primaryImageOfPage\":{\"@id\":\"https:\/\/wear-iqoniq.com\/fr\/collection\/vestes\/doudoune-femme-en-polyester-recycle-iqoniq-maiko-kaki\/#primaryimage\"},\"image\":{\"@id\":\"https:\/\/wear-iqoniq.com\/fr\/collection\/vestes\/doudoune-femme-en-polyester-recycle-iqoniq-maiko-kaki\/#primaryimage\"},\"thumbnailUrl\":\"https:\/\/wear-iqoniq.com\/wp-content\/uploads\/sites\/13\/2025\/08\/T4703.020.L__S_0__e3826742f2bd4dc099bf4a4fe8beecc8.jpg\",\"datePublished\":\"2025-10-07T11:47:44+00:00\",\"dateModified\":\"2026-04-20T00:20:19+00:00\",\"breadcrumb\":{\"@id\":\"https:\/\/wear-iqoniq.com\/fr\/collection\/vestes\/doudoune-femme-en-polyester-recycle-iqoniq-maiko-kaki\/#breadcrumb\"},\"inLanguage\":\"fr-FR\",\"potentialAction\":[{\"@type\":\"ReadAction\",\"target\":[\"https:\/\/wear-iqoniq.com\/fr\/collection\/vestes\/doudoune-femme-en-polyester-recycle-iqoniq-maiko-kaki\/\"]}]},{\"@type\":\"ImageObject\",\"inLanguage\":\"fr-FR\",\"@id\":\"https:\/\/wear-iqoniq.com\/fr\/collection\/vestes\/doudoune-femme-en-polyester-recycle-iqoniq-maiko-kaki\/#primaryimage\",\"url\":\"https:\/\/wear-iqoniq.com\/wp-content\/uploads\/sites\/13\/2025\/08\/T4703.020.L__S_0__e3826742f2bd4dc099bf4a4fe8beecc8.jpg\",\"contentUrl\":\"https:\/\/wear-iqoniq.com\/wp-content\/uploads\/sites\/13\/2025\/08\/T4703.020.L__S_0__e3826742f2bd4dc099bf4a4fe8beecc8.jpg\",\"width\":1024,\"height\":1024},{\"@type\":\"BreadcrumbList\",\"@id\":\"https:\/\/wear-iqoniq.com\/fr\/collection\/vestes\/doudoune-femme-en-polyester-recycle-iqoniq-maiko-kaki\/#breadcrumb\",\"itemListElement\":[{\"@type\":\"ListItem\",\"position\":1,\"name\":\"Home\",\"item\":\"https:\/\/wear-iqoniq.com\/fr\/\"},{\"@type\":\"ListItem\",\"position\":2,\"name\":\"Collection\",\"item\":\"https:\/\/wear-iqoniq.com\/fr\/collection\/\"},{\"@type\":\"ListItem\",\"position\":3,\"name\":\"Doudoune femme en polyester recycl\u00e9 Maiko, kaki\"}]},{\"@type\":\"WebSite\",\"@id\":\"https:\/\/wear-iqoniq.com\/fr\/#website\",\"url\":\"https:\/\/wear-iqoniq.com\/fr\/\",\"name\":\"Iqoniq\",\"description\":\"Wear Change\",\"potentialAction\":[{\"@type\":\"SearchAction\",\"target\":{\"@type\":\"EntryPoint\",\"urlTemplate\":\"https:\/\/wear-iqoniq.com\/fr\/?s={search_term_string}\"},\"query-input\":{\"@type\":\"PropertyValueSpecification\",\"valueRequired\":true,\"valueName\":\"search_term_string\"}}],\"inLanguage\":\"fr-FR\"}]}<\/script>\n<!-- \/ Yoast SEO plugin. -->","yoast_head_json":{"title":"Doudoune femme en polyester recycl\u00e9 Maiko, kaki - New Iqoniq","robots":{"index":"index","follow":"follow","max-snippet":"max-snippet:-1","max-image-preview":"max-image-preview:large","max-video-preview":"max-video-preview:-1"},"canonical":"https:\/\/wear-iqoniq.com\/fr\/collection\/vestes\/doudoune-femme-en-polyester-recycle-iqoniq-maiko-kaki\/","og_locale":"fr_FR","og_type":"article","og_title":"Doudoune femme en polyester recycl\u00e9 Maiko, kaki - New Iqoniq","og_description":"Doudoune matelass\u00e9e femme coupe medium, fabriqu\u00e9e \u00e0 partir de de polyester recycl\u00e9 100 % post-consommation. Elle est dot\u00e9e d\u2019une fermeture \u00e9clair invers\u00e9e sur le devant et de poches zipp\u00e9es pratiques dissimul\u00e9es dans les coutures lat\u00e9rales. Toutes les fermetures sont \u00e9quip\u00e9es de tirettes assorties pour une finition \u00e9l\u00e9gante. Les poignets sont finis avec un biais \u00e9lastique, [&hellip;]","og_url":"https:\/\/wear-iqoniq.com\/fr\/collection\/vestes\/doudoune-femme-en-polyester-recycle-iqoniq-maiko-kaki\/","og_site_name":"New Iqoniq","article_modified_time":"2026-04-20T00:20:19+00:00","og_image":[{"width":1024,"height":1024,"url":"https:\/\/wear-iqoniq.com\/wp-content\/uploads\/sites\/13\/2025\/08\/T4703.020.L__S_0__e3826742f2bd4dc099bf4a4fe8beecc8.jpg","type":"image\/jpeg"}],"twitter_card":"summary_large_image","twitter_misc":{"Dur\u00e9e de lecture estim\u00e9e":"1 minute"},"schema":{"@context":"https:\/\/schema.org","@graph":[{"@type":"WebPage","@id":"https:\/\/wear-iqoniq.com\/fr\/collection\/vestes\/doudoune-femme-en-polyester-recycle-iqoniq-maiko-kaki\/","url":"https:\/\/wear-iqoniq.com\/fr\/collection\/vestes\/doudoune-femme-en-polyester-recycle-iqoniq-maiko-kaki\/","name":"Doudoune femme en polyester recycl\u00e9 Maiko, kaki - New Iqoniq","isPartOf":{"@id":"https:\/\/wear-iqoniq.com\/fr\/#website"},"primaryImageOfPage":{"@id":"https:\/\/wear-iqoniq.com\/fr\/collection\/vestes\/doudoune-femme-en-polyester-recycle-iqoniq-maiko-kaki\/#primaryimage"},"image":{"@id":"https:\/\/wear-iqoniq.com\/fr\/collection\/vestes\/doudoune-femme-en-polyester-recycle-iqoniq-maiko-kaki\/#primaryimage"},"thumbnailUrl":"https:\/\/wear-iqoniq.com\/wp-content\/uploads\/sites\/13\/2025\/08\/T4703.020.L__S_0__e3826742f2bd4dc099bf4a4fe8beecc8.jpg","datePublished":"2025-10-07T11:47:44+00:00","dateModified":"2026-04-20T00:20:19+00:00","breadcrumb":{"@id":"https:\/\/wear-iqoniq.com\/fr\/collection\/vestes\/doudoune-femme-en-polyester-recycle-iqoniq-maiko-kaki\/#breadcrumb"},"inLanguage":"fr-FR","potentialAction":[{"@type":"ReadAction","target":["https:\/\/wear-iqoniq.com\/fr\/collection\/vestes\/doudoune-femme-en-polyester-recycle-iqoniq-maiko-kaki\/"]}]},{"@type":"ImageObject","inLanguage":"fr-FR","@id":"https:\/\/wear-iqoniq.com\/fr\/collection\/vestes\/doudoune-femme-en-polyester-recycle-iqoniq-maiko-kaki\/#primaryimage","url":"https:\/\/wear-iqoniq.com\/wp-content\/uploads\/sites\/13\/2025\/08\/T4703.020.L__S_0__e3826742f2bd4dc099bf4a4fe8beecc8.jpg","contentUrl":"https:\/\/wear-iqoniq.com\/wp-content\/uploads\/sites\/13\/2025\/08\/T4703.020.L__S_0__e3826742f2bd4dc099bf4a4fe8beecc8.jpg","width":1024,"height":1024},{"@type":"BreadcrumbList","@id":"https:\/\/wear-iqoniq.com\/fr\/collection\/vestes\/doudoune-femme-en-polyester-recycle-iqoniq-maiko-kaki\/#breadcrumb","itemListElement":[{"@type":"ListItem","position":1,"name":"Home","item":"https:\/\/wear-iqoniq.com\/fr\/"},{"@type":"ListItem","position":2,"name":"Collection","item":"https:\/\/wear-iqoniq.com\/fr\/collection\/"},{"@type":"ListItem","position":3,"name":"Doudoune femme en polyester recycl\u00e9 Maiko, kaki"}]},{"@type":"WebSite","@id":"https:\/\/wear-iqoniq.com\/fr\/#website","url":"https:\/\/wear-iqoniq.com\/fr\/","name":"Iqoniq","description":"Wear Change","potentialAction":[{"@type":"SearchAction","target":{"@type":"EntryPoint","urlTemplate":"https:\/\/wear-iqoniq.com\/fr\/?s={search_term_string}"},"query-input":{"@type":"PropertyValueSpecification","valueRequired":true,"valueName":"search_term_string"}}],"inLanguage":"fr-FR"}]}},"_links":{"self":[{"href":"https:\/\/wear-iqoniq.com\/fr\/wp-json\/wp\/v2\/product\/323029","targetHints":{"allow":["GET"]}}],"collection":[{"href":"https:\/\/wear-iqoniq.com\/fr\/wp-json\/wp\/v2\/product"}],"about":[{"href":"https:\/\/wear-iqoniq.com\/fr\/wp-json\/wp\/v2\/types\/product"}],"wp:featuredmedia":[{"embeddable":true,"href":"https:\/\/wear-iqoniq.com\/fr\/wp-json\/wp\/v2\/media\/323247"}],"wp:attachment":[{"href":"https:\/\/wear-iqoniq.com\/fr\/wp-json\/wp\/v2\/media?parent=323029"}],"wp:term":[{"taxonomy":"product_cat","embeddable":true,"href":"https:\/\/wear-iqoniq.com\/fr\/wp-json\/wp\/v2\/product_cat?post=323029"},{"taxonomy":"product_tag","embeddable":true,"href":"https:\/\/wear-iqoniq.com\/fr\/wp-json\/wp\/v2\/product_tag?post=323029"}],"curies":[{"name":"wp","href":"https:\/\/api.w.org\/{rel}","templated":true}]}}