{"id":275762,"date":"2025-10-07T13:47:44","date_gmt":"2025-10-07T11:47:44","guid":{"rendered":"https:\/\/xdsomename.tempurl.host\/iqoniq\/collection\/non%20class\u00e9\/polo-pour-femmes-en-coton-recycle-iqoniq-yosemite-sky-blue\/"},"modified":"2026-04-07T02:17:54","modified_gmt":"2026-04-07T00:17:54","slug":"polo-pour-femmes-en-coton-recycle-iqoniq-yosemite-sky-blue","status":"publish","type":"product","link":"https:\/\/wear-iqoniq.com\/fr\/collection\/polos-fr\/polo-pour-femmes-en-coton-recycle-iqoniq-yosemite-sky-blue\/","title":{"rendered":"Polo en coton recycl\u00e9 Yosemite Femme, sky blue"},"content":{"rendered":"<p>Polo f\u00e9minin de coupe moyenne en 100 % coton, dont 50 % recycl\u00e9 et 50 % biologique, 220 G\/M\u00b2. Con\u00e7u pour compl\u00e9ter notre polo unisexe Yosemite T9200, cette version offre une coupe plus f\u00e9minine. Le polo poss\u00e8de une patte de boutonnage sans surpiq\u00fbre et trois boutons de couleur assortie. Col et poignets en c\u00f4tes plates 1&#215;1. L&rsquo;utilisation de v\u00e9ritables mat\u00e9riaux de tissus recycl\u00e9s &amp; organiques et les d\u00e9clarations d&rsquo;impact environnemental sont garanties, gr\u00e2ce \u00e0 l&rsquo;utilisation du traceur physique disruptif AWARE\u2122 et de la technologie blockchain. En scannant le code QR, vous aurez acc\u00e8s \u00e0 un passeport num\u00e9rique d\u00e9di\u00e9 du produit. 2 % des recettes de chaque produit vendu seront revers\u00e9s \u00e0 Water.org. Ce produit est certifi\u00e9 OEKO-TEX\u00ae STANDARD 100 Centexbel. En raison de la nature des fils recycl\u00e9s, des impuret\u00e9s et des variations de couleur peuvent appara\u00eetre.<\/p>\n","protected":false},"excerpt":{"rendered":"<p>Polo f\u00e9minin de coupe moyenne en 100 % coton, dont 50 % recycl\u00e9 et 50 % biologique, 220 G\/M\u00b2. Con\u00e7u pour compl\u00e9ter notre polo unisexe Yosemite T9200, cette version offre une coupe plus f\u00e9minine. Le polo poss\u00e8de une patte de boutonnage sans surpiq\u00fbre et trois boutons de couleur assortie. Col et poignets en c\u00f4tes plates [&hellip;]<\/p>\n","protected":false},"featured_media":318004,"template":"","meta":{"_acf_changed":false},"product_cat":[132],"product_tag":[],"class_list":["post-275762","product","type-product","status-publish","has-post-thumbnail","hentry","product_cat-polos-fr","pa_color-sky-blue","pa_fabric-type-pique","pa_fit-medium-fit","pa_gender-women","pa_materials-50-50re-cotton-5","pa_weight-220-gsm"],"acf":[],"yoast_head":"<!-- This site is optimized with the Yoast SEO plugin v27.0 - https:\/\/yoast.com\/product\/yoast-seo-wordpress\/ -->\n<title>Polo en coton recycl\u00e9 Yosemite Femme, sky blue - New Iqoniq<\/title>\n<meta name=\"robots\" content=\"index, follow, max-snippet:-1, max-image-preview:large, max-video-preview:-1\" \/>\n<link rel=\"canonical\" href=\"https:\/\/wear-iqoniq.com\/fr\/collection\/polos-fr\/polo-pour-femmes-en-coton-recycle-iqoniq-yosemite-sky-blue\/\" \/>\n<meta property=\"og:locale\" content=\"fr_FR\" \/>\n<meta property=\"og:type\" content=\"article\" \/>\n<meta property=\"og:title\" content=\"Polo en coton recycl\u00e9 Yosemite Femme, sky blue - New Iqoniq\" \/>\n<meta property=\"og:description\" content=\"Polo f\u00e9minin de coupe moyenne en 100 % coton, dont 50 % recycl\u00e9 et 50 % biologique, 220 G\/M\u00b2. Con\u00e7u pour compl\u00e9ter notre polo unisexe Yosemite T9200, cette version offre une coupe plus f\u00e9minine. Le polo poss\u00e8de une patte de boutonnage sans surpiq\u00fbre et trois boutons de couleur assortie. Col et poignets en c\u00f4tes plates [&hellip;]\" \/>\n<meta property=\"og:url\" content=\"https:\/\/wear-iqoniq.com\/fr\/collection\/polos-fr\/polo-pour-femmes-en-coton-recycle-iqoniq-yosemite-sky-blue\/\" \/>\n<meta property=\"og:site_name\" content=\"New Iqoniq\" \/>\n<meta property=\"article:modified_time\" content=\"2026-04-07T00:17:54+00:00\" \/>\n<meta property=\"og:image\" content=\"https:\/\/wear-iqoniq.com\/wp-content\/uploads\/sites\/13\/2025\/04\/T4200.022.L__S_0__89e5dbe0b63a4a9191c0f82c9362bdb9.jpg\" \/>\n\t<meta property=\"og:image:width\" content=\"1024\" \/>\n\t<meta property=\"og:image:height\" content=\"1024\" \/>\n\t<meta property=\"og:image:type\" content=\"image\/jpeg\" \/>\n<meta name=\"twitter:card\" content=\"summary_large_image\" \/>\n<meta name=\"twitter:label1\" content=\"Dur\u00e9e de lecture estim\u00e9e\" \/>\n\t<meta name=\"twitter:data1\" content=\"1 minute\" \/>\n<script type=\"application\/ld+json\" class=\"yoast-schema-graph\">{\"@context\":\"https:\/\/schema.org\",\"@graph\":[{\"@type\":\"WebPage\",\"@id\":\"https:\/\/wear-iqoniq.com\/fr\/collection\/polos-fr\/polo-pour-femmes-en-coton-recycle-iqoniq-yosemite-sky-blue\/\",\"url\":\"https:\/\/wear-iqoniq.com\/fr\/collection\/polos-fr\/polo-pour-femmes-en-coton-recycle-iqoniq-yosemite-sky-blue\/\",\"name\":\"Polo en coton recycl\u00e9 Yosemite Femme, sky blue - New Iqoniq\",\"isPartOf\":{\"@id\":\"https:\/\/wear-iqoniq.com\/fr\/#website\"},\"primaryImageOfPage\":{\"@id\":\"https:\/\/wear-iqoniq.com\/fr\/collection\/polos-fr\/polo-pour-femmes-en-coton-recycle-iqoniq-yosemite-sky-blue\/#primaryimage\"},\"image\":{\"@id\":\"https:\/\/wear-iqoniq.com\/fr\/collection\/polos-fr\/polo-pour-femmes-en-coton-recycle-iqoniq-yosemite-sky-blue\/#primaryimage\"},\"thumbnailUrl\":\"https:\/\/wear-iqoniq.com\/wp-content\/uploads\/sites\/13\/2025\/04\/T4200.022.L__S_0__89e5dbe0b63a4a9191c0f82c9362bdb9.jpg\",\"datePublished\":\"2025-10-07T11:47:44+00:00\",\"dateModified\":\"2026-04-07T00:17:54+00:00\",\"breadcrumb\":{\"@id\":\"https:\/\/wear-iqoniq.com\/fr\/collection\/polos-fr\/polo-pour-femmes-en-coton-recycle-iqoniq-yosemite-sky-blue\/#breadcrumb\"},\"inLanguage\":\"fr-FR\",\"potentialAction\":[{\"@type\":\"ReadAction\",\"target\":[\"https:\/\/wear-iqoniq.com\/fr\/collection\/polos-fr\/polo-pour-femmes-en-coton-recycle-iqoniq-yosemite-sky-blue\/\"]}]},{\"@type\":\"ImageObject\",\"inLanguage\":\"fr-FR\",\"@id\":\"https:\/\/wear-iqoniq.com\/fr\/collection\/polos-fr\/polo-pour-femmes-en-coton-recycle-iqoniq-yosemite-sky-blue\/#primaryimage\",\"url\":\"https:\/\/wear-iqoniq.com\/wp-content\/uploads\/sites\/13\/2025\/04\/T4200.022.L__S_0__89e5dbe0b63a4a9191c0f82c9362bdb9.jpg\",\"contentUrl\":\"https:\/\/wear-iqoniq.com\/wp-content\/uploads\/sites\/13\/2025\/04\/T4200.022.L__S_0__89e5dbe0b63a4a9191c0f82c9362bdb9.jpg\",\"width\":1024,\"height\":1024},{\"@type\":\"BreadcrumbList\",\"@id\":\"https:\/\/wear-iqoniq.com\/fr\/collection\/polos-fr\/polo-pour-femmes-en-coton-recycle-iqoniq-yosemite-sky-blue\/#breadcrumb\",\"itemListElement\":[{\"@type\":\"ListItem\",\"position\":1,\"name\":\"Home\",\"item\":\"https:\/\/wear-iqoniq.com\/fr\/\"},{\"@type\":\"ListItem\",\"position\":2,\"name\":\"Collection\",\"item\":\"https:\/\/wear-iqoniq.com\/fr\/collection\/\"},{\"@type\":\"ListItem\",\"position\":3,\"name\":\"Polo en coton recycl\u00e9 Yosemite Femme, sky blue\"}]},{\"@type\":\"WebSite\",\"@id\":\"https:\/\/wear-iqoniq.com\/fr\/#website\",\"url\":\"https:\/\/wear-iqoniq.com\/fr\/\",\"name\":\"Iqoniq\",\"description\":\"Wear Change\",\"potentialAction\":[{\"@type\":\"SearchAction\",\"target\":{\"@type\":\"EntryPoint\",\"urlTemplate\":\"https:\/\/wear-iqoniq.com\/fr\/?s={search_term_string}\"},\"query-input\":{\"@type\":\"PropertyValueSpecification\",\"valueRequired\":true,\"valueName\":\"search_term_string\"}}],\"inLanguage\":\"fr-FR\"}]}<\/script>\n<!-- \/ Yoast SEO plugin. -->","yoast_head_json":{"title":"Polo en coton recycl\u00e9 Yosemite Femme, sky blue - New Iqoniq","robots":{"index":"index","follow":"follow","max-snippet":"max-snippet:-1","max-image-preview":"max-image-preview:large","max-video-preview":"max-video-preview:-1"},"canonical":"https:\/\/wear-iqoniq.com\/fr\/collection\/polos-fr\/polo-pour-femmes-en-coton-recycle-iqoniq-yosemite-sky-blue\/","og_locale":"fr_FR","og_type":"article","og_title":"Polo en coton recycl\u00e9 Yosemite Femme, sky blue - New Iqoniq","og_description":"Polo f\u00e9minin de coupe moyenne en 100 % coton, dont 50 % recycl\u00e9 et 50 % biologique, 220 G\/M\u00b2. Con\u00e7u pour compl\u00e9ter notre polo unisexe Yosemite T9200, cette version offre une coupe plus f\u00e9minine. Le polo poss\u00e8de une patte de boutonnage sans surpiq\u00fbre et trois boutons de couleur assortie. Col et poignets en c\u00f4tes plates [&hellip;]","og_url":"https:\/\/wear-iqoniq.com\/fr\/collection\/polos-fr\/polo-pour-femmes-en-coton-recycle-iqoniq-yosemite-sky-blue\/","og_site_name":"New Iqoniq","article_modified_time":"2026-04-07T00:17:54+00:00","og_image":[{"width":1024,"height":1024,"url":"https:\/\/wear-iqoniq.com\/wp-content\/uploads\/sites\/13\/2025\/04\/T4200.022.L__S_0__89e5dbe0b63a4a9191c0f82c9362bdb9.jpg","type":"image\/jpeg"}],"twitter_card":"summary_large_image","twitter_misc":{"Dur\u00e9e de lecture estim\u00e9e":"1 minute"},"schema":{"@context":"https:\/\/schema.org","@graph":[{"@type":"WebPage","@id":"https:\/\/wear-iqoniq.com\/fr\/collection\/polos-fr\/polo-pour-femmes-en-coton-recycle-iqoniq-yosemite-sky-blue\/","url":"https:\/\/wear-iqoniq.com\/fr\/collection\/polos-fr\/polo-pour-femmes-en-coton-recycle-iqoniq-yosemite-sky-blue\/","name":"Polo en coton recycl\u00e9 Yosemite Femme, sky blue - New Iqoniq","isPartOf":{"@id":"https:\/\/wear-iqoniq.com\/fr\/#website"},"primaryImageOfPage":{"@id":"https:\/\/wear-iqoniq.com\/fr\/collection\/polos-fr\/polo-pour-femmes-en-coton-recycle-iqoniq-yosemite-sky-blue\/#primaryimage"},"image":{"@id":"https:\/\/wear-iqoniq.com\/fr\/collection\/polos-fr\/polo-pour-femmes-en-coton-recycle-iqoniq-yosemite-sky-blue\/#primaryimage"},"thumbnailUrl":"https:\/\/wear-iqoniq.com\/wp-content\/uploads\/sites\/13\/2025\/04\/T4200.022.L__S_0__89e5dbe0b63a4a9191c0f82c9362bdb9.jpg","datePublished":"2025-10-07T11:47:44+00:00","dateModified":"2026-04-07T00:17:54+00:00","breadcrumb":{"@id":"https:\/\/wear-iqoniq.com\/fr\/collection\/polos-fr\/polo-pour-femmes-en-coton-recycle-iqoniq-yosemite-sky-blue\/#breadcrumb"},"inLanguage":"fr-FR","potentialAction":[{"@type":"ReadAction","target":["https:\/\/wear-iqoniq.com\/fr\/collection\/polos-fr\/polo-pour-femmes-en-coton-recycle-iqoniq-yosemite-sky-blue\/"]}]},{"@type":"ImageObject","inLanguage":"fr-FR","@id":"https:\/\/wear-iqoniq.com\/fr\/collection\/polos-fr\/polo-pour-femmes-en-coton-recycle-iqoniq-yosemite-sky-blue\/#primaryimage","url":"https:\/\/wear-iqoniq.com\/wp-content\/uploads\/sites\/13\/2025\/04\/T4200.022.L__S_0__89e5dbe0b63a4a9191c0f82c9362bdb9.jpg","contentUrl":"https:\/\/wear-iqoniq.com\/wp-content\/uploads\/sites\/13\/2025\/04\/T4200.022.L__S_0__89e5dbe0b63a4a9191c0f82c9362bdb9.jpg","width":1024,"height":1024},{"@type":"BreadcrumbList","@id":"https:\/\/wear-iqoniq.com\/fr\/collection\/polos-fr\/polo-pour-femmes-en-coton-recycle-iqoniq-yosemite-sky-blue\/#breadcrumb","itemListElement":[{"@type":"ListItem","position":1,"name":"Home","item":"https:\/\/wear-iqoniq.com\/fr\/"},{"@type":"ListItem","position":2,"name":"Collection","item":"https:\/\/wear-iqoniq.com\/fr\/collection\/"},{"@type":"ListItem","position":3,"name":"Polo en coton recycl\u00e9 Yosemite Femme, sky blue"}]},{"@type":"WebSite","@id":"https:\/\/wear-iqoniq.com\/fr\/#website","url":"https:\/\/wear-iqoniq.com\/fr\/","name":"Iqoniq","description":"Wear Change","potentialAction":[{"@type":"SearchAction","target":{"@type":"EntryPoint","urlTemplate":"https:\/\/wear-iqoniq.com\/fr\/?s={search_term_string}"},"query-input":{"@type":"PropertyValueSpecification","valueRequired":true,"valueName":"search_term_string"}}],"inLanguage":"fr-FR"}]}},"_links":{"self":[{"href":"https:\/\/wear-iqoniq.com\/fr\/wp-json\/wp\/v2\/product\/275762","targetHints":{"allow":["GET"]}}],"collection":[{"href":"https:\/\/wear-iqoniq.com\/fr\/wp-json\/wp\/v2\/product"}],"about":[{"href":"https:\/\/wear-iqoniq.com\/fr\/wp-json\/wp\/v2\/types\/product"}],"wp:featuredmedia":[{"embeddable":true,"href":"https:\/\/wear-iqoniq.com\/fr\/wp-json\/wp\/v2\/media\/318004"}],"wp:attachment":[{"href":"https:\/\/wear-iqoniq.com\/fr\/wp-json\/wp\/v2\/media?parent=275762"}],"wp:term":[{"taxonomy":"product_cat","embeddable":true,"href":"https:\/\/wear-iqoniq.com\/fr\/wp-json\/wp\/v2\/product_cat?post=275762"},{"taxonomy":"product_tag","embeddable":true,"href":"https:\/\/wear-iqoniq.com\/fr\/wp-json\/wp\/v2\/product_tag?post=275762"}],"curies":[{"name":"wp","href":"https:\/\/api.w.org\/{rel}","templated":true}]}}