{"id":219384,"date":"2025-10-07T13:47:02","date_gmt":"2025-10-07T11:47:02","guid":{"rendered":"https:\/\/xdsomename.tempurl.host\/iqoniq\/collection\/non%20class\u00e9\/t-shirt-pour-femmes-en-coton-recycle-iqoniq-yala-blanc\/"},"modified":"2026-04-04T02:16:56","modified_gmt":"2026-04-04T00:16:56","slug":"t-shirt-pour-femmes-en-coton-recycle-iqoniq-yala-blanc","status":"publish","type":"product","link":"https:\/\/wear-iqoniq.com\/fr\/collection\/t-shirts-fr\/t-shirt-pour-femmes-en-coton-recycle-iqoniq-yala-blanc\/","title":{"rendered":"T-shirt pour femmes en coton recycl\u00e9 Yala, recycled white"},"content":{"rendered":"<p>T-shirt femme, coupe moderne, 100 % coton, dont 70 % de coton biologique et 30 % de coton recycl\u00e9, 160 G\/M\u00b2. Le t-shirt a une belle encolure ronde en tissu. L&rsquo;utilisation de v\u00e9ritables mat\u00e9riaux de tissus recycl\u00e9s &amp; organiques et les d\u00e9clarations d&rsquo;impact environnemental sont garanties, en utilisant le traceur physique disruptif AWARE\u2122 et la technologie blockchain. En scannant le code QR, vous aurez acc\u00e8s \u00e0 un passeport num\u00e9rique d\u00e9di\u00e9 du produit. 2 % des recettes de chaque produit vendu seront revers\u00e9s \u00e0 Water.org. Ce produit est certifi\u00e9 OEKO-TEX\u00ae STANDARD 100 Centexbel. En raison de la nature des fils recycl\u00e9s, des impuret\u00e9s et des variations de couleur peuvent appara\u00eetre.<\/p>\n","protected":false},"excerpt":{"rendered":"<p>T-shirt femme, coupe moderne, 100 % coton, dont 70 % de coton biologique et 30 % de coton recycl\u00e9, 160 G\/M\u00b2. Le t-shirt a une belle encolure ronde en tissu. L&rsquo;utilisation de v\u00e9ritables mat\u00e9riaux de tissus recycl\u00e9s &amp; organiques et les d\u00e9clarations d&rsquo;impact environnemental sont garanties, en utilisant le traceur physique disruptif AWARE\u2122 et la [&hellip;]<\/p>\n","protected":false},"featured_media":317843,"template":"","meta":{"_acf_changed":false},"product_cat":[145],"product_tag":[],"class_list":["post-219384","product","type-product","status-publish","has-post-thumbnail","hentry","product_cat-t-shirts-fr","pa_color-recy-white","pa_fabric-type-jersey-simple","pa_fit-modern-fit","pa_gender-women","pa_materials-70-30re-cotton-5","pa_weight-160-gsm"],"acf":[],"yoast_head":"<!-- This site is optimized with the Yoast SEO plugin v27.0 - https:\/\/yoast.com\/product\/yoast-seo-wordpress\/ -->\n<title>T-shirt pour femmes en coton recycl\u00e9 Yala, recycled white - New Iqoniq<\/title>\n<meta name=\"robots\" content=\"index, follow, max-snippet:-1, max-image-preview:large, max-video-preview:-1\" \/>\n<link rel=\"canonical\" href=\"https:\/\/wear-iqoniq.com\/fr\/collection\/t-shirts-fr\/t-shirt-pour-femmes-en-coton-recycle-iqoniq-yala-blanc\/\" \/>\n<meta property=\"og:locale\" content=\"fr_FR\" \/>\n<meta property=\"og:type\" content=\"article\" \/>\n<meta property=\"og:title\" content=\"T-shirt pour femmes en coton recycl\u00e9 Yala, recycled white - New Iqoniq\" \/>\n<meta property=\"og:description\" content=\"T-shirt femme, coupe moderne, 100 % coton, dont 70 % de coton biologique et 30 % de coton recycl\u00e9, 160 G\/M\u00b2. Le t-shirt a une belle encolure ronde en tissu. L&rsquo;utilisation de v\u00e9ritables mat\u00e9riaux de tissus recycl\u00e9s &amp; organiques et les d\u00e9clarations d&rsquo;impact environnemental sont garanties, en utilisant le traceur physique disruptif AWARE\u2122 et la [&hellip;]\" \/>\n<meta property=\"og:url\" content=\"https:\/\/wear-iqoniq.com\/fr\/collection\/t-shirts-fr\/t-shirt-pour-femmes-en-coton-recycle-iqoniq-yala-blanc\/\" \/>\n<meta property=\"og:site_name\" content=\"New Iqoniq\" \/>\n<meta property=\"article:modified_time\" content=\"2026-04-04T00:16:56+00:00\" \/>\n<meta property=\"og:image\" content=\"https:\/\/wear-iqoniq.com\/wp-content\/uploads\/sites\/13\/2025\/04\/T4100.004.L__S_0__9221bb472c40470d89e5c203438b6f7b.jpg\" \/>\n\t<meta property=\"og:image:width\" content=\"1024\" \/>\n\t<meta property=\"og:image:height\" content=\"1024\" \/>\n\t<meta property=\"og:image:type\" content=\"image\/jpeg\" \/>\n<meta name=\"twitter:card\" content=\"summary_large_image\" \/>\n<meta name=\"twitter:label1\" content=\"Dur\u00e9e de lecture estim\u00e9e\" \/>\n\t<meta name=\"twitter:data1\" content=\"1 minute\" \/>\n<script type=\"application\/ld+json\" class=\"yoast-schema-graph\">{\"@context\":\"https:\/\/schema.org\",\"@graph\":[{\"@type\":\"WebPage\",\"@id\":\"https:\/\/wear-iqoniq.com\/fr\/collection\/t-shirts-fr\/t-shirt-pour-femmes-en-coton-recycle-iqoniq-yala-blanc\/\",\"url\":\"https:\/\/wear-iqoniq.com\/fr\/collection\/t-shirts-fr\/t-shirt-pour-femmes-en-coton-recycle-iqoniq-yala-blanc\/\",\"name\":\"T-shirt pour femmes en coton recycl\u00e9 Yala, recycled white - New Iqoniq\",\"isPartOf\":{\"@id\":\"https:\/\/wear-iqoniq.com\/fr\/#website\"},\"primaryImageOfPage\":{\"@id\":\"https:\/\/wear-iqoniq.com\/fr\/collection\/t-shirts-fr\/t-shirt-pour-femmes-en-coton-recycle-iqoniq-yala-blanc\/#primaryimage\"},\"image\":{\"@id\":\"https:\/\/wear-iqoniq.com\/fr\/collection\/t-shirts-fr\/t-shirt-pour-femmes-en-coton-recycle-iqoniq-yala-blanc\/#primaryimage\"},\"thumbnailUrl\":\"https:\/\/wear-iqoniq.com\/wp-content\/uploads\/sites\/13\/2025\/04\/T4100.004.L__S_0__9221bb472c40470d89e5c203438b6f7b.jpg\",\"datePublished\":\"2025-10-07T11:47:02+00:00\",\"dateModified\":\"2026-04-04T00:16:56+00:00\",\"breadcrumb\":{\"@id\":\"https:\/\/wear-iqoniq.com\/fr\/collection\/t-shirts-fr\/t-shirt-pour-femmes-en-coton-recycle-iqoniq-yala-blanc\/#breadcrumb\"},\"inLanguage\":\"fr-FR\",\"potentialAction\":[{\"@type\":\"ReadAction\",\"target\":[\"https:\/\/wear-iqoniq.com\/fr\/collection\/t-shirts-fr\/t-shirt-pour-femmes-en-coton-recycle-iqoniq-yala-blanc\/\"]}]},{\"@type\":\"ImageObject\",\"inLanguage\":\"fr-FR\",\"@id\":\"https:\/\/wear-iqoniq.com\/fr\/collection\/t-shirts-fr\/t-shirt-pour-femmes-en-coton-recycle-iqoniq-yala-blanc\/#primaryimage\",\"url\":\"https:\/\/wear-iqoniq.com\/wp-content\/uploads\/sites\/13\/2025\/04\/T4100.004.L__S_0__9221bb472c40470d89e5c203438b6f7b.jpg\",\"contentUrl\":\"https:\/\/wear-iqoniq.com\/wp-content\/uploads\/sites\/13\/2025\/04\/T4100.004.L__S_0__9221bb472c40470d89e5c203438b6f7b.jpg\",\"width\":1024,\"height\":1024},{\"@type\":\"BreadcrumbList\",\"@id\":\"https:\/\/wear-iqoniq.com\/fr\/collection\/t-shirts-fr\/t-shirt-pour-femmes-en-coton-recycle-iqoniq-yala-blanc\/#breadcrumb\",\"itemListElement\":[{\"@type\":\"ListItem\",\"position\":1,\"name\":\"Home\",\"item\":\"https:\/\/wear-iqoniq.com\/fr\/\"},{\"@type\":\"ListItem\",\"position\":2,\"name\":\"Collection\",\"item\":\"https:\/\/wear-iqoniq.com\/fr\/collection\/\"},{\"@type\":\"ListItem\",\"position\":3,\"name\":\"T-shirt pour femmes en coton recycl\u00e9 Yala, recycled white\"}]},{\"@type\":\"WebSite\",\"@id\":\"https:\/\/wear-iqoniq.com\/fr\/#website\",\"url\":\"https:\/\/wear-iqoniq.com\/fr\/\",\"name\":\"Iqoniq\",\"description\":\"Wear Change\",\"potentialAction\":[{\"@type\":\"SearchAction\",\"target\":{\"@type\":\"EntryPoint\",\"urlTemplate\":\"https:\/\/wear-iqoniq.com\/fr\/?s={search_term_string}\"},\"query-input\":{\"@type\":\"PropertyValueSpecification\",\"valueRequired\":true,\"valueName\":\"search_term_string\"}}],\"inLanguage\":\"fr-FR\"}]}<\/script>\n<!-- \/ Yoast SEO plugin. -->","yoast_head_json":{"title":"T-shirt pour femmes en coton recycl\u00e9 Yala, recycled white - New Iqoniq","robots":{"index":"index","follow":"follow","max-snippet":"max-snippet:-1","max-image-preview":"max-image-preview:large","max-video-preview":"max-video-preview:-1"},"canonical":"https:\/\/wear-iqoniq.com\/fr\/collection\/t-shirts-fr\/t-shirt-pour-femmes-en-coton-recycle-iqoniq-yala-blanc\/","og_locale":"fr_FR","og_type":"article","og_title":"T-shirt pour femmes en coton recycl\u00e9 Yala, recycled white - New Iqoniq","og_description":"T-shirt femme, coupe moderne, 100 % coton, dont 70 % de coton biologique et 30 % de coton recycl\u00e9, 160 G\/M\u00b2. Le t-shirt a une belle encolure ronde en tissu. L&rsquo;utilisation de v\u00e9ritables mat\u00e9riaux de tissus recycl\u00e9s &amp; organiques et les d\u00e9clarations d&rsquo;impact environnemental sont garanties, en utilisant le traceur physique disruptif AWARE\u2122 et la [&hellip;]","og_url":"https:\/\/wear-iqoniq.com\/fr\/collection\/t-shirts-fr\/t-shirt-pour-femmes-en-coton-recycle-iqoniq-yala-blanc\/","og_site_name":"New Iqoniq","article_modified_time":"2026-04-04T00:16:56+00:00","og_image":[{"width":1024,"height":1024,"url":"https:\/\/wear-iqoniq.com\/wp-content\/uploads\/sites\/13\/2025\/04\/T4100.004.L__S_0__9221bb472c40470d89e5c203438b6f7b.jpg","type":"image\/jpeg"}],"twitter_card":"summary_large_image","twitter_misc":{"Dur\u00e9e de lecture estim\u00e9e":"1 minute"},"schema":{"@context":"https:\/\/schema.org","@graph":[{"@type":"WebPage","@id":"https:\/\/wear-iqoniq.com\/fr\/collection\/t-shirts-fr\/t-shirt-pour-femmes-en-coton-recycle-iqoniq-yala-blanc\/","url":"https:\/\/wear-iqoniq.com\/fr\/collection\/t-shirts-fr\/t-shirt-pour-femmes-en-coton-recycle-iqoniq-yala-blanc\/","name":"T-shirt pour femmes en coton recycl\u00e9 Yala, recycled white - New Iqoniq","isPartOf":{"@id":"https:\/\/wear-iqoniq.com\/fr\/#website"},"primaryImageOfPage":{"@id":"https:\/\/wear-iqoniq.com\/fr\/collection\/t-shirts-fr\/t-shirt-pour-femmes-en-coton-recycle-iqoniq-yala-blanc\/#primaryimage"},"image":{"@id":"https:\/\/wear-iqoniq.com\/fr\/collection\/t-shirts-fr\/t-shirt-pour-femmes-en-coton-recycle-iqoniq-yala-blanc\/#primaryimage"},"thumbnailUrl":"https:\/\/wear-iqoniq.com\/wp-content\/uploads\/sites\/13\/2025\/04\/T4100.004.L__S_0__9221bb472c40470d89e5c203438b6f7b.jpg","datePublished":"2025-10-07T11:47:02+00:00","dateModified":"2026-04-04T00:16:56+00:00","breadcrumb":{"@id":"https:\/\/wear-iqoniq.com\/fr\/collection\/t-shirts-fr\/t-shirt-pour-femmes-en-coton-recycle-iqoniq-yala-blanc\/#breadcrumb"},"inLanguage":"fr-FR","potentialAction":[{"@type":"ReadAction","target":["https:\/\/wear-iqoniq.com\/fr\/collection\/t-shirts-fr\/t-shirt-pour-femmes-en-coton-recycle-iqoniq-yala-blanc\/"]}]},{"@type":"ImageObject","inLanguage":"fr-FR","@id":"https:\/\/wear-iqoniq.com\/fr\/collection\/t-shirts-fr\/t-shirt-pour-femmes-en-coton-recycle-iqoniq-yala-blanc\/#primaryimage","url":"https:\/\/wear-iqoniq.com\/wp-content\/uploads\/sites\/13\/2025\/04\/T4100.004.L__S_0__9221bb472c40470d89e5c203438b6f7b.jpg","contentUrl":"https:\/\/wear-iqoniq.com\/wp-content\/uploads\/sites\/13\/2025\/04\/T4100.004.L__S_0__9221bb472c40470d89e5c203438b6f7b.jpg","width":1024,"height":1024},{"@type":"BreadcrumbList","@id":"https:\/\/wear-iqoniq.com\/fr\/collection\/t-shirts-fr\/t-shirt-pour-femmes-en-coton-recycle-iqoniq-yala-blanc\/#breadcrumb","itemListElement":[{"@type":"ListItem","position":1,"name":"Home","item":"https:\/\/wear-iqoniq.com\/fr\/"},{"@type":"ListItem","position":2,"name":"Collection","item":"https:\/\/wear-iqoniq.com\/fr\/collection\/"},{"@type":"ListItem","position":3,"name":"T-shirt pour femmes en coton recycl\u00e9 Yala, recycled white"}]},{"@type":"WebSite","@id":"https:\/\/wear-iqoniq.com\/fr\/#website","url":"https:\/\/wear-iqoniq.com\/fr\/","name":"Iqoniq","description":"Wear Change","potentialAction":[{"@type":"SearchAction","target":{"@type":"EntryPoint","urlTemplate":"https:\/\/wear-iqoniq.com\/fr\/?s={search_term_string}"},"query-input":{"@type":"PropertyValueSpecification","valueRequired":true,"valueName":"search_term_string"}}],"inLanguage":"fr-FR"}]}},"_links":{"self":[{"href":"https:\/\/wear-iqoniq.com\/fr\/wp-json\/wp\/v2\/product\/219384","targetHints":{"allow":["GET"]}}],"collection":[{"href":"https:\/\/wear-iqoniq.com\/fr\/wp-json\/wp\/v2\/product"}],"about":[{"href":"https:\/\/wear-iqoniq.com\/fr\/wp-json\/wp\/v2\/types\/product"}],"wp:featuredmedia":[{"embeddable":true,"href":"https:\/\/wear-iqoniq.com\/fr\/wp-json\/wp\/v2\/media\/317843"}],"wp:attachment":[{"href":"https:\/\/wear-iqoniq.com\/fr\/wp-json\/wp\/v2\/media?parent=219384"}],"wp:term":[{"taxonomy":"product_cat","embeddable":true,"href":"https:\/\/wear-iqoniq.com\/fr\/wp-json\/wp\/v2\/product_cat?post=219384"},{"taxonomy":"product_tag","embeddable":true,"href":"https:\/\/wear-iqoniq.com\/fr\/wp-json\/wp\/v2\/product_tag?post=219384"}],"curies":[{"name":"wp","href":"https:\/\/api.w.org\/{rel}","templated":true}]}}