{"id":214205,"date":"2025-10-07T13:54:23","date_gmt":"2025-10-07T11:54:23","guid":{"rendered":"https:\/\/xdsomename.tempurl.host\/iqoniq\/collection\/non%20class\u00e9\/veste-legere-en-polyester-recycle-iqoniq-logan-noir\/"},"modified":"2026-04-15T02:41:35","modified_gmt":"2026-04-15T00:41:35","slug":"veste-legere-en-polyester-recycle-iqoniq-logan-noir","status":"publish","type":"product","link":"https:\/\/wear-iqoniq.com\/fr\/collection\/vestes\/veste-legere-en-polyester-recycle-iqoniq-logan-noir\/","title":{"rendered":"Veste l\u00e9g\u00e8re en polyester recycl\u00e9 Logan, noir"},"content":{"rendered":"<p>Veste coupe d\u00e9contract\u00e9e unisexe 100 % de polyester recycl\u00e9 post-consommation en 70 G\/M\u00b2. La veste est dot\u00e9e d&rsquo;une capuche r\u00e9glable avec cordon \u00e9lastique, d&rsquo;une fermeture \u00e0 zip invers\u00e9e sur le devant et de poches passepoil\u00e9es. Toutes les fermetures \u00e0 zip sont dot\u00e9es de tirettes suppl\u00e9mentaires de couleur assortie pour un look raffin\u00e9. Les poignets sont enti\u00e8rement \u00e9lastiques. Le dos de la veste est l\u00e9g\u00e8rement plus long et incurv\u00e9 et l&rsquo;ourlet inf\u00e9rieur est dot\u00e9 d&rsquo;un \u00e9lastique et de bouchons pour une meilleure protection.  Impr\u00e9gnation d\u00e9perlante sans fluor ni PFAS. L&rsquo;utilisation de mat\u00e9riaux de tissus recycl\u00e9s authentiques et les d\u00e9clarations d&rsquo;impact environnemental sont garanties, gr\u00e2ce \u00e0 l&rsquo;utilisation du traceur physique disruptif AWARE\u2122 et de la technologie blockchain. En scannant le code QR, vous aurez acc\u00e8s \u00e0 un passeport num\u00e9rique d\u00e9di\u00e9. 2 % des recettes de chaque produit vendu seront revers\u00e9s \u00e0 Water.org. Ce produit est certifi\u00e9 OEKO-TEX\u00ae STANDARD 100.<\/p>\n","protected":false},"excerpt":{"rendered":"<p>Veste coupe d\u00e9contract\u00e9e unisexe 100 % de polyester recycl\u00e9 post-consommation en 70 G\/M\u00b2. La veste est dot\u00e9e d&rsquo;une capuche r\u00e9glable avec cordon \u00e9lastique, d&rsquo;une fermeture \u00e0 zip invers\u00e9e sur le devant et de poches passepoil\u00e9es. Toutes les fermetures \u00e0 zip sont dot\u00e9es de tirettes suppl\u00e9mentaires de couleur assortie pour un look raffin\u00e9. Les poignets sont [&hellip;]<\/p>\n","protected":false},"featured_media":320321,"template":"","meta":{"_acf_changed":false},"product_cat":[1191],"product_tag":[],"class_list":["post-214205","product","type-product","status-publish","has-post-thumbnail","hentry","product_cat-vestes","pa_color-black","pa_fabric-type-armure-toile","pa_fit-relaxed-fit","pa_gender-unisex","pa_materials-100re-pes-5","pa_weight-70-gsm"],"acf":[],"yoast_head":"<!-- This site is optimized with the Yoast SEO plugin v27.0 - https:\/\/yoast.com\/product\/yoast-seo-wordpress\/ -->\n<title>Veste l\u00e9g\u00e8re en polyester recycl\u00e9 Logan, noir - New Iqoniq<\/title>\n<meta name=\"robots\" content=\"index, follow, max-snippet:-1, max-image-preview:large, max-video-preview:-1\" \/>\n<link rel=\"canonical\" href=\"https:\/\/wear-iqoniq.com\/fr\/collection\/vestes\/veste-legere-en-polyester-recycle-iqoniq-logan-noir\/\" \/>\n<meta property=\"og:locale\" content=\"fr_FR\" \/>\n<meta property=\"og:type\" content=\"article\" \/>\n<meta property=\"og:title\" content=\"Veste l\u00e9g\u00e8re en polyester recycl\u00e9 Logan, noir - New Iqoniq\" \/>\n<meta property=\"og:description\" content=\"Veste coupe d\u00e9contract\u00e9e unisexe 100 % de polyester recycl\u00e9 post-consommation en 70 G\/M\u00b2. La veste est dot\u00e9e d&rsquo;une capuche r\u00e9glable avec cordon \u00e9lastique, d&rsquo;une fermeture \u00e0 zip invers\u00e9e sur le devant et de poches passepoil\u00e9es. Toutes les fermetures \u00e0 zip sont dot\u00e9es de tirettes suppl\u00e9mentaires de couleur assortie pour un look raffin\u00e9. Les poignets sont [&hellip;]\" \/>\n<meta property=\"og:url\" content=\"https:\/\/wear-iqoniq.com\/fr\/collection\/vestes\/veste-legere-en-polyester-recycle-iqoniq-logan-noir\/\" \/>\n<meta property=\"og:site_name\" content=\"New Iqoniq\" \/>\n<meta property=\"article:modified_time\" content=\"2026-04-15T00:41:35+00:00\" \/>\n<meta property=\"og:image\" content=\"https:\/\/wear-iqoniq.com\/wp-content\/uploads\/sites\/13\/2025\/04\/T9701.001.L__S_0__3e58451c39ed4a96bbd8277edff0b8ad.jpg\" \/>\n\t<meta property=\"og:image:width\" content=\"1024\" \/>\n\t<meta property=\"og:image:height\" content=\"1024\" \/>\n\t<meta property=\"og:image:type\" content=\"image\/jpeg\" \/>\n<meta name=\"twitter:card\" content=\"summary_large_image\" \/>\n<meta name=\"twitter:label1\" content=\"Dur\u00e9e de lecture estim\u00e9e\" \/>\n\t<meta name=\"twitter:data1\" content=\"1 minute\" \/>\n<script type=\"application\/ld+json\" class=\"yoast-schema-graph\">{\"@context\":\"https:\/\/schema.org\",\"@graph\":[{\"@type\":\"WebPage\",\"@id\":\"https:\/\/wear-iqoniq.com\/fr\/collection\/vestes\/veste-legere-en-polyester-recycle-iqoniq-logan-noir\/\",\"url\":\"https:\/\/wear-iqoniq.com\/fr\/collection\/vestes\/veste-legere-en-polyester-recycle-iqoniq-logan-noir\/\",\"name\":\"Veste l\u00e9g\u00e8re en polyester recycl\u00e9 Logan, noir - New Iqoniq\",\"isPartOf\":{\"@id\":\"https:\/\/wear-iqoniq.com\/fr\/#website\"},\"primaryImageOfPage\":{\"@id\":\"https:\/\/wear-iqoniq.com\/fr\/collection\/vestes\/veste-legere-en-polyester-recycle-iqoniq-logan-noir\/#primaryimage\"},\"image\":{\"@id\":\"https:\/\/wear-iqoniq.com\/fr\/collection\/vestes\/veste-legere-en-polyester-recycle-iqoniq-logan-noir\/#primaryimage\"},\"thumbnailUrl\":\"https:\/\/wear-iqoniq.com\/wp-content\/uploads\/sites\/13\/2025\/04\/T9701.001.L__S_0__3e58451c39ed4a96bbd8277edff0b8ad.jpg\",\"datePublished\":\"2025-10-07T11:54:23+00:00\",\"dateModified\":\"2026-04-15T00:41:35+00:00\",\"breadcrumb\":{\"@id\":\"https:\/\/wear-iqoniq.com\/fr\/collection\/vestes\/veste-legere-en-polyester-recycle-iqoniq-logan-noir\/#breadcrumb\"},\"inLanguage\":\"fr-FR\",\"potentialAction\":[{\"@type\":\"ReadAction\",\"target\":[\"https:\/\/wear-iqoniq.com\/fr\/collection\/vestes\/veste-legere-en-polyester-recycle-iqoniq-logan-noir\/\"]}]},{\"@type\":\"ImageObject\",\"inLanguage\":\"fr-FR\",\"@id\":\"https:\/\/wear-iqoniq.com\/fr\/collection\/vestes\/veste-legere-en-polyester-recycle-iqoniq-logan-noir\/#primaryimage\",\"url\":\"https:\/\/wear-iqoniq.com\/wp-content\/uploads\/sites\/13\/2025\/04\/T9701.001.L__S_0__3e58451c39ed4a96bbd8277edff0b8ad.jpg\",\"contentUrl\":\"https:\/\/wear-iqoniq.com\/wp-content\/uploads\/sites\/13\/2025\/04\/T9701.001.L__S_0__3e58451c39ed4a96bbd8277edff0b8ad.jpg\",\"width\":1024,\"height\":1024},{\"@type\":\"BreadcrumbList\",\"@id\":\"https:\/\/wear-iqoniq.com\/fr\/collection\/vestes\/veste-legere-en-polyester-recycle-iqoniq-logan-noir\/#breadcrumb\",\"itemListElement\":[{\"@type\":\"ListItem\",\"position\":1,\"name\":\"Home\",\"item\":\"https:\/\/wear-iqoniq.com\/fr\/\"},{\"@type\":\"ListItem\",\"position\":2,\"name\":\"Collection\",\"item\":\"https:\/\/wear-iqoniq.com\/fr\/collection\/\"},{\"@type\":\"ListItem\",\"position\":3,\"name\":\"Veste l\u00e9g\u00e8re en polyester recycl\u00e9 Logan, noir\"}]},{\"@type\":\"WebSite\",\"@id\":\"https:\/\/wear-iqoniq.com\/fr\/#website\",\"url\":\"https:\/\/wear-iqoniq.com\/fr\/\",\"name\":\"Iqoniq\",\"description\":\"Wear Change\",\"potentialAction\":[{\"@type\":\"SearchAction\",\"target\":{\"@type\":\"EntryPoint\",\"urlTemplate\":\"https:\/\/wear-iqoniq.com\/fr\/?s={search_term_string}\"},\"query-input\":{\"@type\":\"PropertyValueSpecification\",\"valueRequired\":true,\"valueName\":\"search_term_string\"}}],\"inLanguage\":\"fr-FR\"}]}<\/script>\n<!-- \/ Yoast SEO plugin. -->","yoast_head_json":{"title":"Veste l\u00e9g\u00e8re en polyester recycl\u00e9 Logan, noir - New Iqoniq","robots":{"index":"index","follow":"follow","max-snippet":"max-snippet:-1","max-image-preview":"max-image-preview:large","max-video-preview":"max-video-preview:-1"},"canonical":"https:\/\/wear-iqoniq.com\/fr\/collection\/vestes\/veste-legere-en-polyester-recycle-iqoniq-logan-noir\/","og_locale":"fr_FR","og_type":"article","og_title":"Veste l\u00e9g\u00e8re en polyester recycl\u00e9 Logan, noir - New Iqoniq","og_description":"Veste coupe d\u00e9contract\u00e9e unisexe 100 % de polyester recycl\u00e9 post-consommation en 70 G\/M\u00b2. La veste est dot\u00e9e d&rsquo;une capuche r\u00e9glable avec cordon \u00e9lastique, d&rsquo;une fermeture \u00e0 zip invers\u00e9e sur le devant et de poches passepoil\u00e9es. Toutes les fermetures \u00e0 zip sont dot\u00e9es de tirettes suppl\u00e9mentaires de couleur assortie pour un look raffin\u00e9. Les poignets sont [&hellip;]","og_url":"https:\/\/wear-iqoniq.com\/fr\/collection\/vestes\/veste-legere-en-polyester-recycle-iqoniq-logan-noir\/","og_site_name":"New Iqoniq","article_modified_time":"2026-04-15T00:41:35+00:00","og_image":[{"width":1024,"height":1024,"url":"https:\/\/wear-iqoniq.com\/wp-content\/uploads\/sites\/13\/2025\/04\/T9701.001.L__S_0__3e58451c39ed4a96bbd8277edff0b8ad.jpg","type":"image\/jpeg"}],"twitter_card":"summary_large_image","twitter_misc":{"Dur\u00e9e de lecture estim\u00e9e":"1 minute"},"schema":{"@context":"https:\/\/schema.org","@graph":[{"@type":"WebPage","@id":"https:\/\/wear-iqoniq.com\/fr\/collection\/vestes\/veste-legere-en-polyester-recycle-iqoniq-logan-noir\/","url":"https:\/\/wear-iqoniq.com\/fr\/collection\/vestes\/veste-legere-en-polyester-recycle-iqoniq-logan-noir\/","name":"Veste l\u00e9g\u00e8re en polyester recycl\u00e9 Logan, noir - New Iqoniq","isPartOf":{"@id":"https:\/\/wear-iqoniq.com\/fr\/#website"},"primaryImageOfPage":{"@id":"https:\/\/wear-iqoniq.com\/fr\/collection\/vestes\/veste-legere-en-polyester-recycle-iqoniq-logan-noir\/#primaryimage"},"image":{"@id":"https:\/\/wear-iqoniq.com\/fr\/collection\/vestes\/veste-legere-en-polyester-recycle-iqoniq-logan-noir\/#primaryimage"},"thumbnailUrl":"https:\/\/wear-iqoniq.com\/wp-content\/uploads\/sites\/13\/2025\/04\/T9701.001.L__S_0__3e58451c39ed4a96bbd8277edff0b8ad.jpg","datePublished":"2025-10-07T11:54:23+00:00","dateModified":"2026-04-15T00:41:35+00:00","breadcrumb":{"@id":"https:\/\/wear-iqoniq.com\/fr\/collection\/vestes\/veste-legere-en-polyester-recycle-iqoniq-logan-noir\/#breadcrumb"},"inLanguage":"fr-FR","potentialAction":[{"@type":"ReadAction","target":["https:\/\/wear-iqoniq.com\/fr\/collection\/vestes\/veste-legere-en-polyester-recycle-iqoniq-logan-noir\/"]}]},{"@type":"ImageObject","inLanguage":"fr-FR","@id":"https:\/\/wear-iqoniq.com\/fr\/collection\/vestes\/veste-legere-en-polyester-recycle-iqoniq-logan-noir\/#primaryimage","url":"https:\/\/wear-iqoniq.com\/wp-content\/uploads\/sites\/13\/2025\/04\/T9701.001.L__S_0__3e58451c39ed4a96bbd8277edff0b8ad.jpg","contentUrl":"https:\/\/wear-iqoniq.com\/wp-content\/uploads\/sites\/13\/2025\/04\/T9701.001.L__S_0__3e58451c39ed4a96bbd8277edff0b8ad.jpg","width":1024,"height":1024},{"@type":"BreadcrumbList","@id":"https:\/\/wear-iqoniq.com\/fr\/collection\/vestes\/veste-legere-en-polyester-recycle-iqoniq-logan-noir\/#breadcrumb","itemListElement":[{"@type":"ListItem","position":1,"name":"Home","item":"https:\/\/wear-iqoniq.com\/fr\/"},{"@type":"ListItem","position":2,"name":"Collection","item":"https:\/\/wear-iqoniq.com\/fr\/collection\/"},{"@type":"ListItem","position":3,"name":"Veste l\u00e9g\u00e8re en polyester recycl\u00e9 Logan, noir"}]},{"@type":"WebSite","@id":"https:\/\/wear-iqoniq.com\/fr\/#website","url":"https:\/\/wear-iqoniq.com\/fr\/","name":"Iqoniq","description":"Wear Change","potentialAction":[{"@type":"SearchAction","target":{"@type":"EntryPoint","urlTemplate":"https:\/\/wear-iqoniq.com\/fr\/?s={search_term_string}"},"query-input":{"@type":"PropertyValueSpecification","valueRequired":true,"valueName":"search_term_string"}}],"inLanguage":"fr-FR"}]}},"_links":{"self":[{"href":"https:\/\/wear-iqoniq.com\/fr\/wp-json\/wp\/v2\/product\/214205","targetHints":{"allow":["GET"]}}],"collection":[{"href":"https:\/\/wear-iqoniq.com\/fr\/wp-json\/wp\/v2\/product"}],"about":[{"href":"https:\/\/wear-iqoniq.com\/fr\/wp-json\/wp\/v2\/types\/product"}],"wp:featuredmedia":[{"embeddable":true,"href":"https:\/\/wear-iqoniq.com\/fr\/wp-json\/wp\/v2\/media\/320321"}],"wp:attachment":[{"href":"https:\/\/wear-iqoniq.com\/fr\/wp-json\/wp\/v2\/media?parent=214205"}],"wp:term":[{"taxonomy":"product_cat","embeddable":true,"href":"https:\/\/wear-iqoniq.com\/fr\/wp-json\/wp\/v2\/product_cat?post=214205"},{"taxonomy":"product_tag","embeddable":true,"href":"https:\/\/wear-iqoniq.com\/fr\/wp-json\/wp\/v2\/product_tag?post=214205"}],"curies":[{"name":"wp","href":"https:\/\/api.w.org\/{rel}","templated":true}]}}