{"id":214192,"date":"2025-10-07T13:47:44","date_gmt":"2025-10-07T11:47:44","guid":{"rendered":"https:\/\/xdsomename.tempurl.host\/iqoniq\/collection\/non%20class\u00e9\/bodywarmer-femme-en-polyester-recycle-iqoniq-meru-beige\/"},"modified":"2026-04-06T02:18:45","modified_gmt":"2026-04-06T00:18:45","slug":"bodywarmer-femme-en-polyester-recycle-iqoniq-meru-beige","status":"publish","type":"product","link":"https:\/\/wear-iqoniq.com\/fr\/collection\/vestes\/bodywarmer-femme-en-polyester-recycle-iqoniq-meru-beige\/","title":{"rendered":"Bodywarmer femme en polyester recycl\u00e9 Meru, beige"},"content":{"rendered":"<p>Bodywarmer coupe moyenne pour femme enti\u00e8rement molletonn\u00e9 avec un rembourrage perl\u00e9 en 100% polyester recycl\u00e9. Il est dot\u00e9 d&rsquo;une fermeture \u00e0 zip invers\u00e9e sur le devant et de poches zipp\u00e9es pratiques dans les coutures des panneaux lat\u00e9raux. Tirettes suppl\u00e9mentaires de couleur assortie pour un look raffin\u00e9. Les emmanchures sont dot\u00e9es d&rsquo;un \u00e9lastique et toutes les coutures \u00e0 l&rsquo;int\u00e9rieur sont finies proprement avec du tissu recycl\u00e9. Impr\u00e9gnation d\u00e9perlante sans fluor ni PFAS. L&rsquo;utilisation de mat\u00e9riaux recycl\u00e9s authentiques et les d\u00e9clarations d&rsquo;impact environnemental sont garanties, gr\u00e2ce \u00e0 l&rsquo;utilisation du traceur physique disruptif AWARE\u2122 et de la technologie blockchain. En scannant le code QR, vous aurez acc\u00e8s \u00e0 un passeport num\u00e9rique d\u00e9di\u00e9. 2 % des recettes de chaque produit vendu seront revers\u00e9s \u00e0 Water.org. Ce produit est certifi\u00e9 OEKO-TEX\u00ae STANDARD 100. Le bodywarmer Meru est \u00e9galement disponible en version homme.<\/p>\n","protected":false},"excerpt":{"rendered":"<p>Bodywarmer coupe moyenne pour femme enti\u00e8rement molletonn\u00e9 avec un rembourrage perl\u00e9 en 100% polyester recycl\u00e9. Il est dot\u00e9 d&rsquo;une fermeture \u00e0 zip invers\u00e9e sur le devant et de poches zipp\u00e9es pratiques dans les coutures des panneaux lat\u00e9raux. Tirettes suppl\u00e9mentaires de couleur assortie pour un look raffin\u00e9. Les emmanchures sont dot\u00e9es d&rsquo;un \u00e9lastique et toutes les [&hellip;]<\/p>\n","protected":false},"featured_media":318109,"template":"","meta":{"_acf_changed":false},"product_cat":[1191],"product_tag":[],"class_list":["post-214192","product","type-product","status-publish","has-post-thumbnail","hentry","product_cat-vestes","pa_color-beige","pa_fabric-type-armure-toile","pa_fit-medium-fit","pa_gender-women","pa_materials-100re-pes-5","pa_weight-70-gsm"],"acf":[],"yoast_head":"<!-- This site is optimized with the Yoast SEO plugin v27.0 - https:\/\/yoast.com\/product\/yoast-seo-wordpress\/ -->\n<title>Bodywarmer femme en polyester recycl\u00e9 Meru, beige - New Iqoniq<\/title>\n<meta name=\"robots\" content=\"index, follow, max-snippet:-1, max-image-preview:large, max-video-preview:-1\" \/>\n<link rel=\"canonical\" href=\"https:\/\/wear-iqoniq.com\/fr\/collection\/vestes\/bodywarmer-femme-en-polyester-recycle-iqoniq-meru-beige\/\" \/>\n<meta property=\"og:locale\" content=\"fr_FR\" \/>\n<meta property=\"og:type\" content=\"article\" \/>\n<meta property=\"og:title\" content=\"Bodywarmer femme en polyester recycl\u00e9 Meru, beige - New Iqoniq\" \/>\n<meta property=\"og:description\" content=\"Bodywarmer coupe moyenne pour femme enti\u00e8rement molletonn\u00e9 avec un rembourrage perl\u00e9 en 100% polyester recycl\u00e9. Il est dot\u00e9 d&rsquo;une fermeture \u00e0 zip invers\u00e9e sur le devant et de poches zipp\u00e9es pratiques dans les coutures des panneaux lat\u00e9raux. Tirettes suppl\u00e9mentaires de couleur assortie pour un look raffin\u00e9. Les emmanchures sont dot\u00e9es d&rsquo;un \u00e9lastique et toutes les [&hellip;]\" \/>\n<meta property=\"og:url\" content=\"https:\/\/wear-iqoniq.com\/fr\/collection\/vestes\/bodywarmer-femme-en-polyester-recycle-iqoniq-meru-beige\/\" \/>\n<meta property=\"og:site_name\" content=\"New Iqoniq\" \/>\n<meta property=\"article:modified_time\" content=\"2026-04-06T00:18:45+00:00\" \/>\n<meta property=\"og:image\" content=\"https:\/\/wear-iqoniq.com\/wp-content\/uploads\/sites\/13\/2025\/04\/T4702.030.L__S_0__b5d240d8adb24eb39415f86dbc682ed3.jpg\" \/>\n\t<meta property=\"og:image:width\" content=\"1024\" \/>\n\t<meta property=\"og:image:height\" content=\"1024\" \/>\n\t<meta property=\"og:image:type\" content=\"image\/jpeg\" \/>\n<meta name=\"twitter:card\" content=\"summary_large_image\" \/>\n<meta name=\"twitter:label1\" content=\"Dur\u00e9e de lecture estim\u00e9e\" \/>\n\t<meta name=\"twitter:data1\" content=\"1 minute\" \/>\n<script type=\"application\/ld+json\" class=\"yoast-schema-graph\">{\"@context\":\"https:\/\/schema.org\",\"@graph\":[{\"@type\":\"WebPage\",\"@id\":\"https:\/\/wear-iqoniq.com\/fr\/collection\/vestes\/bodywarmer-femme-en-polyester-recycle-iqoniq-meru-beige\/\",\"url\":\"https:\/\/wear-iqoniq.com\/fr\/collection\/vestes\/bodywarmer-femme-en-polyester-recycle-iqoniq-meru-beige\/\",\"name\":\"Bodywarmer femme en polyester recycl\u00e9 Meru, beige - New Iqoniq\",\"isPartOf\":{\"@id\":\"https:\/\/wear-iqoniq.com\/fr\/#website\"},\"primaryImageOfPage\":{\"@id\":\"https:\/\/wear-iqoniq.com\/fr\/collection\/vestes\/bodywarmer-femme-en-polyester-recycle-iqoniq-meru-beige\/#primaryimage\"},\"image\":{\"@id\":\"https:\/\/wear-iqoniq.com\/fr\/collection\/vestes\/bodywarmer-femme-en-polyester-recycle-iqoniq-meru-beige\/#primaryimage\"},\"thumbnailUrl\":\"https:\/\/wear-iqoniq.com\/wp-content\/uploads\/sites\/13\/2025\/04\/T4702.030.L__S_0__b5d240d8adb24eb39415f86dbc682ed3.jpg\",\"datePublished\":\"2025-10-07T11:47:44+00:00\",\"dateModified\":\"2026-04-06T00:18:45+00:00\",\"breadcrumb\":{\"@id\":\"https:\/\/wear-iqoniq.com\/fr\/collection\/vestes\/bodywarmer-femme-en-polyester-recycle-iqoniq-meru-beige\/#breadcrumb\"},\"inLanguage\":\"fr-FR\",\"potentialAction\":[{\"@type\":\"ReadAction\",\"target\":[\"https:\/\/wear-iqoniq.com\/fr\/collection\/vestes\/bodywarmer-femme-en-polyester-recycle-iqoniq-meru-beige\/\"]}]},{\"@type\":\"ImageObject\",\"inLanguage\":\"fr-FR\",\"@id\":\"https:\/\/wear-iqoniq.com\/fr\/collection\/vestes\/bodywarmer-femme-en-polyester-recycle-iqoniq-meru-beige\/#primaryimage\",\"url\":\"https:\/\/wear-iqoniq.com\/wp-content\/uploads\/sites\/13\/2025\/04\/T4702.030.L__S_0__b5d240d8adb24eb39415f86dbc682ed3.jpg\",\"contentUrl\":\"https:\/\/wear-iqoniq.com\/wp-content\/uploads\/sites\/13\/2025\/04\/T4702.030.L__S_0__b5d240d8adb24eb39415f86dbc682ed3.jpg\",\"width\":1024,\"height\":1024},{\"@type\":\"BreadcrumbList\",\"@id\":\"https:\/\/wear-iqoniq.com\/fr\/collection\/vestes\/bodywarmer-femme-en-polyester-recycle-iqoniq-meru-beige\/#breadcrumb\",\"itemListElement\":[{\"@type\":\"ListItem\",\"position\":1,\"name\":\"Home\",\"item\":\"https:\/\/wear-iqoniq.com\/fr\/\"},{\"@type\":\"ListItem\",\"position\":2,\"name\":\"Collection\",\"item\":\"https:\/\/wear-iqoniq.com\/fr\/collection\/\"},{\"@type\":\"ListItem\",\"position\":3,\"name\":\"Bodywarmer femme en polyester recycl\u00e9 Meru, beige\"}]},{\"@type\":\"WebSite\",\"@id\":\"https:\/\/wear-iqoniq.com\/fr\/#website\",\"url\":\"https:\/\/wear-iqoniq.com\/fr\/\",\"name\":\"Iqoniq\",\"description\":\"Wear Change\",\"potentialAction\":[{\"@type\":\"SearchAction\",\"target\":{\"@type\":\"EntryPoint\",\"urlTemplate\":\"https:\/\/wear-iqoniq.com\/fr\/?s={search_term_string}\"},\"query-input\":{\"@type\":\"PropertyValueSpecification\",\"valueRequired\":true,\"valueName\":\"search_term_string\"}}],\"inLanguage\":\"fr-FR\"}]}<\/script>\n<!-- \/ Yoast SEO plugin. -->","yoast_head_json":{"title":"Bodywarmer femme en polyester recycl\u00e9 Meru, beige - New Iqoniq","robots":{"index":"index","follow":"follow","max-snippet":"max-snippet:-1","max-image-preview":"max-image-preview:large","max-video-preview":"max-video-preview:-1"},"canonical":"https:\/\/wear-iqoniq.com\/fr\/collection\/vestes\/bodywarmer-femme-en-polyester-recycle-iqoniq-meru-beige\/","og_locale":"fr_FR","og_type":"article","og_title":"Bodywarmer femme en polyester recycl\u00e9 Meru, beige - New Iqoniq","og_description":"Bodywarmer coupe moyenne pour femme enti\u00e8rement molletonn\u00e9 avec un rembourrage perl\u00e9 en 100% polyester recycl\u00e9. Il est dot\u00e9 d&rsquo;une fermeture \u00e0 zip invers\u00e9e sur le devant et de poches zipp\u00e9es pratiques dans les coutures des panneaux lat\u00e9raux. Tirettes suppl\u00e9mentaires de couleur assortie pour un look raffin\u00e9. Les emmanchures sont dot\u00e9es d&rsquo;un \u00e9lastique et toutes les [&hellip;]","og_url":"https:\/\/wear-iqoniq.com\/fr\/collection\/vestes\/bodywarmer-femme-en-polyester-recycle-iqoniq-meru-beige\/","og_site_name":"New Iqoniq","article_modified_time":"2026-04-06T00:18:45+00:00","og_image":[{"width":1024,"height":1024,"url":"https:\/\/wear-iqoniq.com\/wp-content\/uploads\/sites\/13\/2025\/04\/T4702.030.L__S_0__b5d240d8adb24eb39415f86dbc682ed3.jpg","type":"image\/jpeg"}],"twitter_card":"summary_large_image","twitter_misc":{"Dur\u00e9e de lecture estim\u00e9e":"1 minute"},"schema":{"@context":"https:\/\/schema.org","@graph":[{"@type":"WebPage","@id":"https:\/\/wear-iqoniq.com\/fr\/collection\/vestes\/bodywarmer-femme-en-polyester-recycle-iqoniq-meru-beige\/","url":"https:\/\/wear-iqoniq.com\/fr\/collection\/vestes\/bodywarmer-femme-en-polyester-recycle-iqoniq-meru-beige\/","name":"Bodywarmer femme en polyester recycl\u00e9 Meru, beige - New Iqoniq","isPartOf":{"@id":"https:\/\/wear-iqoniq.com\/fr\/#website"},"primaryImageOfPage":{"@id":"https:\/\/wear-iqoniq.com\/fr\/collection\/vestes\/bodywarmer-femme-en-polyester-recycle-iqoniq-meru-beige\/#primaryimage"},"image":{"@id":"https:\/\/wear-iqoniq.com\/fr\/collection\/vestes\/bodywarmer-femme-en-polyester-recycle-iqoniq-meru-beige\/#primaryimage"},"thumbnailUrl":"https:\/\/wear-iqoniq.com\/wp-content\/uploads\/sites\/13\/2025\/04\/T4702.030.L__S_0__b5d240d8adb24eb39415f86dbc682ed3.jpg","datePublished":"2025-10-07T11:47:44+00:00","dateModified":"2026-04-06T00:18:45+00:00","breadcrumb":{"@id":"https:\/\/wear-iqoniq.com\/fr\/collection\/vestes\/bodywarmer-femme-en-polyester-recycle-iqoniq-meru-beige\/#breadcrumb"},"inLanguage":"fr-FR","potentialAction":[{"@type":"ReadAction","target":["https:\/\/wear-iqoniq.com\/fr\/collection\/vestes\/bodywarmer-femme-en-polyester-recycle-iqoniq-meru-beige\/"]}]},{"@type":"ImageObject","inLanguage":"fr-FR","@id":"https:\/\/wear-iqoniq.com\/fr\/collection\/vestes\/bodywarmer-femme-en-polyester-recycle-iqoniq-meru-beige\/#primaryimage","url":"https:\/\/wear-iqoniq.com\/wp-content\/uploads\/sites\/13\/2025\/04\/T4702.030.L__S_0__b5d240d8adb24eb39415f86dbc682ed3.jpg","contentUrl":"https:\/\/wear-iqoniq.com\/wp-content\/uploads\/sites\/13\/2025\/04\/T4702.030.L__S_0__b5d240d8adb24eb39415f86dbc682ed3.jpg","width":1024,"height":1024},{"@type":"BreadcrumbList","@id":"https:\/\/wear-iqoniq.com\/fr\/collection\/vestes\/bodywarmer-femme-en-polyester-recycle-iqoniq-meru-beige\/#breadcrumb","itemListElement":[{"@type":"ListItem","position":1,"name":"Home","item":"https:\/\/wear-iqoniq.com\/fr\/"},{"@type":"ListItem","position":2,"name":"Collection","item":"https:\/\/wear-iqoniq.com\/fr\/collection\/"},{"@type":"ListItem","position":3,"name":"Bodywarmer femme en polyester recycl\u00e9 Meru, beige"}]},{"@type":"WebSite","@id":"https:\/\/wear-iqoniq.com\/fr\/#website","url":"https:\/\/wear-iqoniq.com\/fr\/","name":"Iqoniq","description":"Wear Change","potentialAction":[{"@type":"SearchAction","target":{"@type":"EntryPoint","urlTemplate":"https:\/\/wear-iqoniq.com\/fr\/?s={search_term_string}"},"query-input":{"@type":"PropertyValueSpecification","valueRequired":true,"valueName":"search_term_string"}}],"inLanguage":"fr-FR"}]}},"_links":{"self":[{"href":"https:\/\/wear-iqoniq.com\/fr\/wp-json\/wp\/v2\/product\/214192","targetHints":{"allow":["GET"]}}],"collection":[{"href":"https:\/\/wear-iqoniq.com\/fr\/wp-json\/wp\/v2\/product"}],"about":[{"href":"https:\/\/wear-iqoniq.com\/fr\/wp-json\/wp\/v2\/types\/product"}],"wp:featuredmedia":[{"embeddable":true,"href":"https:\/\/wear-iqoniq.com\/fr\/wp-json\/wp\/v2\/media\/318109"}],"wp:attachment":[{"href":"https:\/\/wear-iqoniq.com\/fr\/wp-json\/wp\/v2\/media?parent=214192"}],"wp:term":[{"taxonomy":"product_cat","embeddable":true,"href":"https:\/\/wear-iqoniq.com\/fr\/wp-json\/wp\/v2\/product_cat?post=214192"},{"taxonomy":"product_tag","embeddable":true,"href":"https:\/\/wear-iqoniq.com\/fr\/wp-json\/wp\/v2\/product_tag?post=214192"}],"curies":[{"name":"wp","href":"https:\/\/api.w.org\/{rel}","templated":true}]}}