{"id":212377,"date":"2025-10-07T13:54:44","date_gmt":"2025-10-07T11:54:44","guid":{"rendered":"https:\/\/xdsomename.tempurl.host\/iqoniq\/collection\/non%20class\u00e9\/sherpa-en-polyester-recycle-iqoniq-diran-naturel\/"},"modified":"2026-04-05T02:42:08","modified_gmt":"2026-04-05T00:42:08","slug":"sherpa-en-polyester-recycle-iqoniq-diran-naturel","status":"publish","type":"product","link":"https:\/\/wear-iqoniq.com\/fr\/collection\/polaire\/sherpa-en-polyester-recycle-iqoniq-diran-naturel\/","title":{"rendered":"Sherpa en polyester recycl\u00e9 IQONIQ Diran, naturel"},"content":{"rendered":"<p>Sherpa unisexe coupe d\u00e9contract\u00e9e, avec fermeture \u00e0 zip, 100% polyester 320g\/m\u00b2 recycl\u00e9 post-consommation. Faites une d\u00e9claration de style avec cette veste cool et \u00e9l\u00e9gante. La veste est dot\u00e9e d&rsquo;une poche de poitrine tiss\u00e9e avec fermeture \u00e0 zip qui offre un bel espace de marquage. Toutes les fermetures \u00e0 zip sont dot\u00e9es de tirettes suppl\u00e9mentaires de couleur assortie pour un look raffin\u00e9. L&rsquo;utilisation de v\u00e9ritables mat\u00e9riaux de tissu recycl\u00e9s &amp; organiques et les d\u00e9clarations d&rsquo;impact environnemental sont garanties, en utilisant le traceur AWARE\u2122 et la technologie blockchain. En scannant le code QR, vous aurez acc\u00e8s \u00e0 un passeport num\u00e9rique d\u00e9di\u00e9 du produit. 2 % des recettes de chaque produit vendu seront revers\u00e9s \u00e0 Water.org. Ce produit est certifi\u00e9 OEKO-TEX\u00ae STANDARD 100.<\/p>\n","protected":false},"excerpt":{"rendered":"<p>Sherpa unisexe coupe d\u00e9contract\u00e9e, avec fermeture \u00e0 zip, 100% polyester 320g\/m\u00b2 recycl\u00e9 post-consommation. Faites une d\u00e9claration de style avec cette veste cool et \u00e9l\u00e9gante. La veste est dot\u00e9e d&rsquo;une poche de poitrine tiss\u00e9e avec fermeture \u00e0 zip qui offre un bel espace de marquage. Toutes les fermetures \u00e0 zip sont dot\u00e9es de tirettes suppl\u00e9mentaires de [&hellip;]<\/p>\n","protected":false},"featured_media":320363,"template":"","meta":{"_acf_changed":false},"product_cat":[1192],"product_tag":[],"class_list":["post-212377","product","type-product","status-publish","has-post-thumbnail","hentry","product_cat-polaire","pa_color-natural","pa_fabric-type-polaire-moutonnee","pa_fit-relaxed-fit","pa_gender-unisex","pa_materials-100re-pes-5","pa_weight-320-gsm"],"acf":[],"yoast_head":"<!-- This site is optimized with the Yoast SEO plugin v27.0 - https:\/\/yoast.com\/product\/yoast-seo-wordpress\/ -->\n<title>Sherpa en polyester recycl\u00e9 IQONIQ Diran, naturel - New Iqoniq<\/title>\n<meta name=\"robots\" content=\"index, follow, max-snippet:-1, max-image-preview:large, max-video-preview:-1\" \/>\n<link rel=\"canonical\" href=\"https:\/\/wear-iqoniq.com\/fr\/collection\/polaire\/sherpa-en-polyester-recycle-iqoniq-diran-naturel\/\" \/>\n<meta property=\"og:locale\" content=\"fr_FR\" \/>\n<meta property=\"og:type\" content=\"article\" \/>\n<meta property=\"og:title\" content=\"Sherpa en polyester recycl\u00e9 IQONIQ Diran, naturel - New Iqoniq\" \/>\n<meta property=\"og:description\" content=\"Sherpa unisexe coupe d\u00e9contract\u00e9e, avec fermeture \u00e0 zip, 100% polyester 320g\/m\u00b2 recycl\u00e9 post-consommation. Faites une d\u00e9claration de style avec cette veste cool et \u00e9l\u00e9gante. La veste est dot\u00e9e d&rsquo;une poche de poitrine tiss\u00e9e avec fermeture \u00e0 zip qui offre un bel espace de marquage. Toutes les fermetures \u00e0 zip sont dot\u00e9es de tirettes suppl\u00e9mentaires de [&hellip;]\" \/>\n<meta property=\"og:url\" content=\"https:\/\/wear-iqoniq.com\/fr\/collection\/polaire\/sherpa-en-polyester-recycle-iqoniq-diran-naturel\/\" \/>\n<meta property=\"og:site_name\" content=\"New Iqoniq\" \/>\n<meta property=\"article:modified_time\" content=\"2026-04-05T00:42:08+00:00\" \/>\n<meta property=\"og:image\" content=\"https:\/\/wear-iqoniq.com\/wp-content\/uploads\/sites\/13\/2025\/04\/T9800.026.L__S_0__93a0baf8531244eabb968be01c96ac5a.jpg\" \/>\n\t<meta property=\"og:image:width\" content=\"1024\" \/>\n\t<meta property=\"og:image:height\" content=\"1024\" \/>\n\t<meta property=\"og:image:type\" content=\"image\/jpeg\" \/>\n<meta name=\"twitter:card\" content=\"summary_large_image\" \/>\n<meta name=\"twitter:label1\" content=\"Dur\u00e9e de lecture estim\u00e9e\" \/>\n\t<meta name=\"twitter:data1\" content=\"1 minute\" \/>\n<script type=\"application\/ld+json\" class=\"yoast-schema-graph\">{\"@context\":\"https:\/\/schema.org\",\"@graph\":[{\"@type\":\"WebPage\",\"@id\":\"https:\/\/wear-iqoniq.com\/fr\/collection\/polaire\/sherpa-en-polyester-recycle-iqoniq-diran-naturel\/\",\"url\":\"https:\/\/wear-iqoniq.com\/fr\/collection\/polaire\/sherpa-en-polyester-recycle-iqoniq-diran-naturel\/\",\"name\":\"Sherpa en polyester recycl\u00e9 IQONIQ Diran, naturel - New Iqoniq\",\"isPartOf\":{\"@id\":\"https:\/\/wear-iqoniq.com\/fr\/#website\"},\"primaryImageOfPage\":{\"@id\":\"https:\/\/wear-iqoniq.com\/fr\/collection\/polaire\/sherpa-en-polyester-recycle-iqoniq-diran-naturel\/#primaryimage\"},\"image\":{\"@id\":\"https:\/\/wear-iqoniq.com\/fr\/collection\/polaire\/sherpa-en-polyester-recycle-iqoniq-diran-naturel\/#primaryimage\"},\"thumbnailUrl\":\"https:\/\/wear-iqoniq.com\/wp-content\/uploads\/sites\/13\/2025\/04\/T9800.026.L__S_0__93a0baf8531244eabb968be01c96ac5a.jpg\",\"datePublished\":\"2025-10-07T11:54:44+00:00\",\"dateModified\":\"2026-04-05T00:42:08+00:00\",\"breadcrumb\":{\"@id\":\"https:\/\/wear-iqoniq.com\/fr\/collection\/polaire\/sherpa-en-polyester-recycle-iqoniq-diran-naturel\/#breadcrumb\"},\"inLanguage\":\"fr-FR\",\"potentialAction\":[{\"@type\":\"ReadAction\",\"target\":[\"https:\/\/wear-iqoniq.com\/fr\/collection\/polaire\/sherpa-en-polyester-recycle-iqoniq-diran-naturel\/\"]}]},{\"@type\":\"ImageObject\",\"inLanguage\":\"fr-FR\",\"@id\":\"https:\/\/wear-iqoniq.com\/fr\/collection\/polaire\/sherpa-en-polyester-recycle-iqoniq-diran-naturel\/#primaryimage\",\"url\":\"https:\/\/wear-iqoniq.com\/wp-content\/uploads\/sites\/13\/2025\/04\/T9800.026.L__S_0__93a0baf8531244eabb968be01c96ac5a.jpg\",\"contentUrl\":\"https:\/\/wear-iqoniq.com\/wp-content\/uploads\/sites\/13\/2025\/04\/T9800.026.L__S_0__93a0baf8531244eabb968be01c96ac5a.jpg\",\"width\":1024,\"height\":1024},{\"@type\":\"BreadcrumbList\",\"@id\":\"https:\/\/wear-iqoniq.com\/fr\/collection\/polaire\/sherpa-en-polyester-recycle-iqoniq-diran-naturel\/#breadcrumb\",\"itemListElement\":[{\"@type\":\"ListItem\",\"position\":1,\"name\":\"Home\",\"item\":\"https:\/\/wear-iqoniq.com\/fr\/\"},{\"@type\":\"ListItem\",\"position\":2,\"name\":\"Collection\",\"item\":\"https:\/\/wear-iqoniq.com\/fr\/collection\/\"},{\"@type\":\"ListItem\",\"position\":3,\"name\":\"Sherpa en polyester recycl\u00e9 IQONIQ Diran, naturel\"}]},{\"@type\":\"WebSite\",\"@id\":\"https:\/\/wear-iqoniq.com\/fr\/#website\",\"url\":\"https:\/\/wear-iqoniq.com\/fr\/\",\"name\":\"Iqoniq\",\"description\":\"Wear Change\",\"potentialAction\":[{\"@type\":\"SearchAction\",\"target\":{\"@type\":\"EntryPoint\",\"urlTemplate\":\"https:\/\/wear-iqoniq.com\/fr\/?s={search_term_string}\"},\"query-input\":{\"@type\":\"PropertyValueSpecification\",\"valueRequired\":true,\"valueName\":\"search_term_string\"}}],\"inLanguage\":\"fr-FR\"}]}<\/script>\n<!-- \/ Yoast SEO plugin. -->","yoast_head_json":{"title":"Sherpa en polyester recycl\u00e9 IQONIQ Diran, naturel - New Iqoniq","robots":{"index":"index","follow":"follow","max-snippet":"max-snippet:-1","max-image-preview":"max-image-preview:large","max-video-preview":"max-video-preview:-1"},"canonical":"https:\/\/wear-iqoniq.com\/fr\/collection\/polaire\/sherpa-en-polyester-recycle-iqoniq-diran-naturel\/","og_locale":"fr_FR","og_type":"article","og_title":"Sherpa en polyester recycl\u00e9 IQONIQ Diran, naturel - New Iqoniq","og_description":"Sherpa unisexe coupe d\u00e9contract\u00e9e, avec fermeture \u00e0 zip, 100% polyester 320g\/m\u00b2 recycl\u00e9 post-consommation. Faites une d\u00e9claration de style avec cette veste cool et \u00e9l\u00e9gante. La veste est dot\u00e9e d&rsquo;une poche de poitrine tiss\u00e9e avec fermeture \u00e0 zip qui offre un bel espace de marquage. Toutes les fermetures \u00e0 zip sont dot\u00e9es de tirettes suppl\u00e9mentaires de [&hellip;]","og_url":"https:\/\/wear-iqoniq.com\/fr\/collection\/polaire\/sherpa-en-polyester-recycle-iqoniq-diran-naturel\/","og_site_name":"New Iqoniq","article_modified_time":"2026-04-05T00:42:08+00:00","og_image":[{"width":1024,"height":1024,"url":"https:\/\/wear-iqoniq.com\/wp-content\/uploads\/sites\/13\/2025\/04\/T9800.026.L__S_0__93a0baf8531244eabb968be01c96ac5a.jpg","type":"image\/jpeg"}],"twitter_card":"summary_large_image","twitter_misc":{"Dur\u00e9e de lecture estim\u00e9e":"1 minute"},"schema":{"@context":"https:\/\/schema.org","@graph":[{"@type":"WebPage","@id":"https:\/\/wear-iqoniq.com\/fr\/collection\/polaire\/sherpa-en-polyester-recycle-iqoniq-diran-naturel\/","url":"https:\/\/wear-iqoniq.com\/fr\/collection\/polaire\/sherpa-en-polyester-recycle-iqoniq-diran-naturel\/","name":"Sherpa en polyester recycl\u00e9 IQONIQ Diran, naturel - New Iqoniq","isPartOf":{"@id":"https:\/\/wear-iqoniq.com\/fr\/#website"},"primaryImageOfPage":{"@id":"https:\/\/wear-iqoniq.com\/fr\/collection\/polaire\/sherpa-en-polyester-recycle-iqoniq-diran-naturel\/#primaryimage"},"image":{"@id":"https:\/\/wear-iqoniq.com\/fr\/collection\/polaire\/sherpa-en-polyester-recycle-iqoniq-diran-naturel\/#primaryimage"},"thumbnailUrl":"https:\/\/wear-iqoniq.com\/wp-content\/uploads\/sites\/13\/2025\/04\/T9800.026.L__S_0__93a0baf8531244eabb968be01c96ac5a.jpg","datePublished":"2025-10-07T11:54:44+00:00","dateModified":"2026-04-05T00:42:08+00:00","breadcrumb":{"@id":"https:\/\/wear-iqoniq.com\/fr\/collection\/polaire\/sherpa-en-polyester-recycle-iqoniq-diran-naturel\/#breadcrumb"},"inLanguage":"fr-FR","potentialAction":[{"@type":"ReadAction","target":["https:\/\/wear-iqoniq.com\/fr\/collection\/polaire\/sherpa-en-polyester-recycle-iqoniq-diran-naturel\/"]}]},{"@type":"ImageObject","inLanguage":"fr-FR","@id":"https:\/\/wear-iqoniq.com\/fr\/collection\/polaire\/sherpa-en-polyester-recycle-iqoniq-diran-naturel\/#primaryimage","url":"https:\/\/wear-iqoniq.com\/wp-content\/uploads\/sites\/13\/2025\/04\/T9800.026.L__S_0__93a0baf8531244eabb968be01c96ac5a.jpg","contentUrl":"https:\/\/wear-iqoniq.com\/wp-content\/uploads\/sites\/13\/2025\/04\/T9800.026.L__S_0__93a0baf8531244eabb968be01c96ac5a.jpg","width":1024,"height":1024},{"@type":"BreadcrumbList","@id":"https:\/\/wear-iqoniq.com\/fr\/collection\/polaire\/sherpa-en-polyester-recycle-iqoniq-diran-naturel\/#breadcrumb","itemListElement":[{"@type":"ListItem","position":1,"name":"Home","item":"https:\/\/wear-iqoniq.com\/fr\/"},{"@type":"ListItem","position":2,"name":"Collection","item":"https:\/\/wear-iqoniq.com\/fr\/collection\/"},{"@type":"ListItem","position":3,"name":"Sherpa en polyester recycl\u00e9 IQONIQ Diran, naturel"}]},{"@type":"WebSite","@id":"https:\/\/wear-iqoniq.com\/fr\/#website","url":"https:\/\/wear-iqoniq.com\/fr\/","name":"Iqoniq","description":"Wear Change","potentialAction":[{"@type":"SearchAction","target":{"@type":"EntryPoint","urlTemplate":"https:\/\/wear-iqoniq.com\/fr\/?s={search_term_string}"},"query-input":{"@type":"PropertyValueSpecification","valueRequired":true,"valueName":"search_term_string"}}],"inLanguage":"fr-FR"}]}},"_links":{"self":[{"href":"https:\/\/wear-iqoniq.com\/fr\/wp-json\/wp\/v2\/product\/212377","targetHints":{"allow":["GET"]}}],"collection":[{"href":"https:\/\/wear-iqoniq.com\/fr\/wp-json\/wp\/v2\/product"}],"about":[{"href":"https:\/\/wear-iqoniq.com\/fr\/wp-json\/wp\/v2\/types\/product"}],"wp:featuredmedia":[{"embeddable":true,"href":"https:\/\/wear-iqoniq.com\/fr\/wp-json\/wp\/v2\/media\/320363"}],"wp:attachment":[{"href":"https:\/\/wear-iqoniq.com\/fr\/wp-json\/wp\/v2\/media?parent=212377"}],"wp:term":[{"taxonomy":"product_cat","embeddable":true,"href":"https:\/\/wear-iqoniq.com\/fr\/wp-json\/wp\/v2\/product_cat?post=212377"},{"taxonomy":"product_tag","embeddable":true,"href":"https:\/\/wear-iqoniq.com\/fr\/wp-json\/wp\/v2\/product_tag?post=212377"}],"curies":[{"name":"wp","href":"https:\/\/api.w.org\/{rel}","templated":true}]}}