{"id":212375,"date":"2025-10-07T13:54:23","date_gmt":"2025-10-07T11:54:23","guid":{"rendered":"https:\/\/xdsomename.tempurl.host\/iqoniq\/collection\/non%20class\u00e9\/polaire-a-zip-en-polyester-recycle-iqoniq-trivor-iceberg-green\/"},"modified":"2026-04-05T02:41:30","modified_gmt":"2026-04-05T00:41:30","slug":"polaire-a-zip-en-polyester-recycle-iqoniq-trivor-iceberg-green","status":"publish","type":"product","link":"https:\/\/wear-iqoniq.com\/fr\/collection\/polaire\/polaire-a-zip-en-polyester-recycle-iqoniq-trivor-iceberg-green\/","title":{"rendered":"Polaire \u00e0 zip en polyester recycl\u00e9 Talung, Iceberg green"},"content":{"rendered":"<p>Veste polaire coupe moyenne unisexe avec fermeture \u00e0 zip, 100% polyester recycl\u00e9 post-consommation en 240 g\/m\u00b2 avec finition anti-boulochage. Parfait pour les superpositions saisonni\u00e8res. Cette veste polaire douce et confortable est dot\u00e9e d&rsquo;une fermeture \u00e0 zip invers\u00e9e sur le devant et de poches zipp\u00e9es pratiques int\u00e9gr\u00e9es dans les coutures diagonales. Con\u00e7ue pour le style et le confort, elle est dot\u00e9e de manches raglan, d&rsquo;un \u00e9lastique au bas de l&rsquo;ourlet et des poignets et d&rsquo;une surpiq\u00fbre flat lock \u00e0 3 aiguilles distinctive pour un look sportif. L&rsquo;utilisation de v\u00e9ritables mat\u00e9riaux de tissus recycl\u00e9s &amp; organiques et les d\u00e9clarations d&rsquo;impact environnemental sont garanties, en utilisant le traceur AWARE\u2122 et la technologie blockchain. En scannant le code QR, vous aurez acc\u00e8s \u00e0 un passeport num\u00e9rique d\u00e9di\u00e9 du produit. 2 % des recettes de chaque produit vendu seront revers\u00e9s \u00e0 Water.org. Ce produit est certifi\u00e9 OEKO-TEX\u00ae STANDARD 100.<\/p>\n","protected":false},"excerpt":{"rendered":"<p>Veste polaire coupe moyenne unisexe avec fermeture \u00e0 zip, 100% polyester recycl\u00e9 post-consommation en 240 g\/m\u00b2 avec finition anti-boulochage. Parfait pour les superpositions saisonni\u00e8res. Cette veste polaire douce et confortable est dot\u00e9e d&rsquo;une fermeture \u00e0 zip invers\u00e9e sur le devant et de poches zipp\u00e9es pratiques int\u00e9gr\u00e9es dans les coutures diagonales. Con\u00e7ue pour le style et [&hellip;]<\/p>\n","protected":false},"featured_media":320307,"template":"","meta":{"_acf_changed":false},"product_cat":[1192],"product_tag":[],"class_list":["post-212375","product","type-product","status-publish","has-post-thumbnail","hentry","product_cat-polaire","pa_color-ice-green","pa_fabric-type-micro-polaire","pa_fit-medium-fit","pa_gender-unisex","pa_materials-100re-pes-5","pa_weight-240-gsm"],"acf":[],"yoast_head":"<!-- This site is optimized with the Yoast SEO plugin v27.0 - https:\/\/yoast.com\/product\/yoast-seo-wordpress\/ -->\n<title>Polaire \u00e0 zip en polyester recycl\u00e9 Talung, Iceberg green - New Iqoniq<\/title>\n<meta name=\"robots\" content=\"index, follow, max-snippet:-1, max-image-preview:large, max-video-preview:-1\" \/>\n<link rel=\"canonical\" href=\"https:\/\/wear-iqoniq.com\/fr\/collection\/polaire\/polaire-a-zip-en-polyester-recycle-iqoniq-trivor-iceberg-green\/\" \/>\n<meta property=\"og:locale\" content=\"fr_FR\" \/>\n<meta property=\"og:type\" content=\"article\" \/>\n<meta property=\"og:title\" content=\"Polaire \u00e0 zip en polyester recycl\u00e9 Talung, Iceberg green - New Iqoniq\" \/>\n<meta property=\"og:description\" content=\"Veste polaire coupe moyenne unisexe avec fermeture \u00e0 zip, 100% polyester recycl\u00e9 post-consommation en 240 g\/m\u00b2 avec finition anti-boulochage. Parfait pour les superpositions saisonni\u00e8res. Cette veste polaire douce et confortable est dot\u00e9e d&rsquo;une fermeture \u00e0 zip invers\u00e9e sur le devant et de poches zipp\u00e9es pratiques int\u00e9gr\u00e9es dans les coutures diagonales. Con\u00e7ue pour le style et [&hellip;]\" \/>\n<meta property=\"og:url\" content=\"https:\/\/wear-iqoniq.com\/fr\/collection\/polaire\/polaire-a-zip-en-polyester-recycle-iqoniq-trivor-iceberg-green\/\" \/>\n<meta property=\"og:site_name\" content=\"New Iqoniq\" \/>\n<meta property=\"article:modified_time\" content=\"2026-04-05T00:41:30+00:00\" \/>\n<meta property=\"og:image\" content=\"https:\/\/wear-iqoniq.com\/wp-content\/uploads\/sites\/13\/2025\/04\/T9603.023.L__S_0__1cf22025b9ec41668f98fa21648d2c53.jpg\" \/>\n\t<meta property=\"og:image:width\" content=\"1024\" \/>\n\t<meta property=\"og:image:height\" content=\"1024\" \/>\n\t<meta property=\"og:image:type\" content=\"image\/jpeg\" \/>\n<meta name=\"twitter:card\" content=\"summary_large_image\" \/>\n<meta name=\"twitter:label1\" content=\"Dur\u00e9e de lecture estim\u00e9e\" \/>\n\t<meta name=\"twitter:data1\" content=\"1 minute\" \/>\n<script type=\"application\/ld+json\" class=\"yoast-schema-graph\">{\"@context\":\"https:\/\/schema.org\",\"@graph\":[{\"@type\":\"WebPage\",\"@id\":\"https:\/\/wear-iqoniq.com\/fr\/collection\/polaire\/polaire-a-zip-en-polyester-recycle-iqoniq-trivor-iceberg-green\/\",\"url\":\"https:\/\/wear-iqoniq.com\/fr\/collection\/polaire\/polaire-a-zip-en-polyester-recycle-iqoniq-trivor-iceberg-green\/\",\"name\":\"Polaire \u00e0 zip en polyester recycl\u00e9 Talung, Iceberg green - New Iqoniq\",\"isPartOf\":{\"@id\":\"https:\/\/wear-iqoniq.com\/fr\/#website\"},\"primaryImageOfPage\":{\"@id\":\"https:\/\/wear-iqoniq.com\/fr\/collection\/polaire\/polaire-a-zip-en-polyester-recycle-iqoniq-trivor-iceberg-green\/#primaryimage\"},\"image\":{\"@id\":\"https:\/\/wear-iqoniq.com\/fr\/collection\/polaire\/polaire-a-zip-en-polyester-recycle-iqoniq-trivor-iceberg-green\/#primaryimage\"},\"thumbnailUrl\":\"https:\/\/wear-iqoniq.com\/wp-content\/uploads\/sites\/13\/2025\/04\/T9603.023.L__S_0__1cf22025b9ec41668f98fa21648d2c53.jpg\",\"datePublished\":\"2025-10-07T11:54:23+00:00\",\"dateModified\":\"2026-04-05T00:41:30+00:00\",\"breadcrumb\":{\"@id\":\"https:\/\/wear-iqoniq.com\/fr\/collection\/polaire\/polaire-a-zip-en-polyester-recycle-iqoniq-trivor-iceberg-green\/#breadcrumb\"},\"inLanguage\":\"fr-FR\",\"potentialAction\":[{\"@type\":\"ReadAction\",\"target\":[\"https:\/\/wear-iqoniq.com\/fr\/collection\/polaire\/polaire-a-zip-en-polyester-recycle-iqoniq-trivor-iceberg-green\/\"]}]},{\"@type\":\"ImageObject\",\"inLanguage\":\"fr-FR\",\"@id\":\"https:\/\/wear-iqoniq.com\/fr\/collection\/polaire\/polaire-a-zip-en-polyester-recycle-iqoniq-trivor-iceberg-green\/#primaryimage\",\"url\":\"https:\/\/wear-iqoniq.com\/wp-content\/uploads\/sites\/13\/2025\/04\/T9603.023.L__S_0__1cf22025b9ec41668f98fa21648d2c53.jpg\",\"contentUrl\":\"https:\/\/wear-iqoniq.com\/wp-content\/uploads\/sites\/13\/2025\/04\/T9603.023.L__S_0__1cf22025b9ec41668f98fa21648d2c53.jpg\",\"width\":1024,\"height\":1024},{\"@type\":\"BreadcrumbList\",\"@id\":\"https:\/\/wear-iqoniq.com\/fr\/collection\/polaire\/polaire-a-zip-en-polyester-recycle-iqoniq-trivor-iceberg-green\/#breadcrumb\",\"itemListElement\":[{\"@type\":\"ListItem\",\"position\":1,\"name\":\"Home\",\"item\":\"https:\/\/wear-iqoniq.com\/fr\/\"},{\"@type\":\"ListItem\",\"position\":2,\"name\":\"Collection\",\"item\":\"https:\/\/wear-iqoniq.com\/fr\/collection\/\"},{\"@type\":\"ListItem\",\"position\":3,\"name\":\"Polaire \u00e0 zip en polyester recycl\u00e9 Talung, Iceberg green\"}]},{\"@type\":\"WebSite\",\"@id\":\"https:\/\/wear-iqoniq.com\/fr\/#website\",\"url\":\"https:\/\/wear-iqoniq.com\/fr\/\",\"name\":\"Iqoniq\",\"description\":\"Wear Change\",\"potentialAction\":[{\"@type\":\"SearchAction\",\"target\":{\"@type\":\"EntryPoint\",\"urlTemplate\":\"https:\/\/wear-iqoniq.com\/fr\/?s={search_term_string}\"},\"query-input\":{\"@type\":\"PropertyValueSpecification\",\"valueRequired\":true,\"valueName\":\"search_term_string\"}}],\"inLanguage\":\"fr-FR\"}]}<\/script>\n<!-- \/ Yoast SEO plugin. -->","yoast_head_json":{"title":"Polaire \u00e0 zip en polyester recycl\u00e9 Talung, Iceberg green - New Iqoniq","robots":{"index":"index","follow":"follow","max-snippet":"max-snippet:-1","max-image-preview":"max-image-preview:large","max-video-preview":"max-video-preview:-1"},"canonical":"https:\/\/wear-iqoniq.com\/fr\/collection\/polaire\/polaire-a-zip-en-polyester-recycle-iqoniq-trivor-iceberg-green\/","og_locale":"fr_FR","og_type":"article","og_title":"Polaire \u00e0 zip en polyester recycl\u00e9 Talung, Iceberg green - New Iqoniq","og_description":"Veste polaire coupe moyenne unisexe avec fermeture \u00e0 zip, 100% polyester recycl\u00e9 post-consommation en 240 g\/m\u00b2 avec finition anti-boulochage. Parfait pour les superpositions saisonni\u00e8res. Cette veste polaire douce et confortable est dot\u00e9e d&rsquo;une fermeture \u00e0 zip invers\u00e9e sur le devant et de poches zipp\u00e9es pratiques int\u00e9gr\u00e9es dans les coutures diagonales. Con\u00e7ue pour le style et [&hellip;]","og_url":"https:\/\/wear-iqoniq.com\/fr\/collection\/polaire\/polaire-a-zip-en-polyester-recycle-iqoniq-trivor-iceberg-green\/","og_site_name":"New Iqoniq","article_modified_time":"2026-04-05T00:41:30+00:00","og_image":[{"width":1024,"height":1024,"url":"https:\/\/wear-iqoniq.com\/wp-content\/uploads\/sites\/13\/2025\/04\/T9603.023.L__S_0__1cf22025b9ec41668f98fa21648d2c53.jpg","type":"image\/jpeg"}],"twitter_card":"summary_large_image","twitter_misc":{"Dur\u00e9e de lecture estim\u00e9e":"1 minute"},"schema":{"@context":"https:\/\/schema.org","@graph":[{"@type":"WebPage","@id":"https:\/\/wear-iqoniq.com\/fr\/collection\/polaire\/polaire-a-zip-en-polyester-recycle-iqoniq-trivor-iceberg-green\/","url":"https:\/\/wear-iqoniq.com\/fr\/collection\/polaire\/polaire-a-zip-en-polyester-recycle-iqoniq-trivor-iceberg-green\/","name":"Polaire \u00e0 zip en polyester recycl\u00e9 Talung, Iceberg green - New Iqoniq","isPartOf":{"@id":"https:\/\/wear-iqoniq.com\/fr\/#website"},"primaryImageOfPage":{"@id":"https:\/\/wear-iqoniq.com\/fr\/collection\/polaire\/polaire-a-zip-en-polyester-recycle-iqoniq-trivor-iceberg-green\/#primaryimage"},"image":{"@id":"https:\/\/wear-iqoniq.com\/fr\/collection\/polaire\/polaire-a-zip-en-polyester-recycle-iqoniq-trivor-iceberg-green\/#primaryimage"},"thumbnailUrl":"https:\/\/wear-iqoniq.com\/wp-content\/uploads\/sites\/13\/2025\/04\/T9603.023.L__S_0__1cf22025b9ec41668f98fa21648d2c53.jpg","datePublished":"2025-10-07T11:54:23+00:00","dateModified":"2026-04-05T00:41:30+00:00","breadcrumb":{"@id":"https:\/\/wear-iqoniq.com\/fr\/collection\/polaire\/polaire-a-zip-en-polyester-recycle-iqoniq-trivor-iceberg-green\/#breadcrumb"},"inLanguage":"fr-FR","potentialAction":[{"@type":"ReadAction","target":["https:\/\/wear-iqoniq.com\/fr\/collection\/polaire\/polaire-a-zip-en-polyester-recycle-iqoniq-trivor-iceberg-green\/"]}]},{"@type":"ImageObject","inLanguage":"fr-FR","@id":"https:\/\/wear-iqoniq.com\/fr\/collection\/polaire\/polaire-a-zip-en-polyester-recycle-iqoniq-trivor-iceberg-green\/#primaryimage","url":"https:\/\/wear-iqoniq.com\/wp-content\/uploads\/sites\/13\/2025\/04\/T9603.023.L__S_0__1cf22025b9ec41668f98fa21648d2c53.jpg","contentUrl":"https:\/\/wear-iqoniq.com\/wp-content\/uploads\/sites\/13\/2025\/04\/T9603.023.L__S_0__1cf22025b9ec41668f98fa21648d2c53.jpg","width":1024,"height":1024},{"@type":"BreadcrumbList","@id":"https:\/\/wear-iqoniq.com\/fr\/collection\/polaire\/polaire-a-zip-en-polyester-recycle-iqoniq-trivor-iceberg-green\/#breadcrumb","itemListElement":[{"@type":"ListItem","position":1,"name":"Home","item":"https:\/\/wear-iqoniq.com\/fr\/"},{"@type":"ListItem","position":2,"name":"Collection","item":"https:\/\/wear-iqoniq.com\/fr\/collection\/"},{"@type":"ListItem","position":3,"name":"Polaire \u00e0 zip en polyester recycl\u00e9 Talung, Iceberg green"}]},{"@type":"WebSite","@id":"https:\/\/wear-iqoniq.com\/fr\/#website","url":"https:\/\/wear-iqoniq.com\/fr\/","name":"Iqoniq","description":"Wear Change","potentialAction":[{"@type":"SearchAction","target":{"@type":"EntryPoint","urlTemplate":"https:\/\/wear-iqoniq.com\/fr\/?s={search_term_string}"},"query-input":{"@type":"PropertyValueSpecification","valueRequired":true,"valueName":"search_term_string"}}],"inLanguage":"fr-FR"}]}},"_links":{"self":[{"href":"https:\/\/wear-iqoniq.com\/fr\/wp-json\/wp\/v2\/product\/212375","targetHints":{"allow":["GET"]}}],"collection":[{"href":"https:\/\/wear-iqoniq.com\/fr\/wp-json\/wp\/v2\/product"}],"about":[{"href":"https:\/\/wear-iqoniq.com\/fr\/wp-json\/wp\/v2\/types\/product"}],"wp:featuredmedia":[{"embeddable":true,"href":"https:\/\/wear-iqoniq.com\/fr\/wp-json\/wp\/v2\/media\/320307"}],"wp:attachment":[{"href":"https:\/\/wear-iqoniq.com\/fr\/wp-json\/wp\/v2\/media?parent=212375"}],"wp:term":[{"taxonomy":"product_cat","embeddable":true,"href":"https:\/\/wear-iqoniq.com\/fr\/wp-json\/wp\/v2\/product_cat?post=212375"},{"taxonomy":"product_tag","embeddable":true,"href":"https:\/\/wear-iqoniq.com\/fr\/wp-json\/wp\/v2\/product_tag?post=212375"}],"curies":[{"name":"wp","href":"https:\/\/api.w.org\/{rel}","templated":true}]}}