{"id":212371,"date":"2025-10-07T13:47:44","date_gmt":"2025-10-07T11:47:44","guid":{"rendered":"https:\/\/xdsomename.tempurl.host\/iqoniq\/collection\/non%20class\u00e9\/veste-femme-soft-shell-en-polyester-recycle-iqoniq-makalu-kaki\/"},"modified":"2026-04-07T02:18:22","modified_gmt":"2026-04-07T00:18:22","slug":"veste-femme-soft-shell-en-polyester-recycle-iqoniq-makalu-kaki","status":"publish","type":"product","link":"https:\/\/wear-iqoniq.com\/fr\/collection\/vestes\/veste-femme-soft-shell-en-polyester-recycle-iqoniq-makalu-kaki\/","title":{"rendered":"Veste femme soft shell en polyester recycl\u00e9 Makalu, kaki"},"content":{"rendered":"<p>Veste soft shell coupe moyenne pour femme fabriqu\u00e9e en polyester recycl\u00e9 avec un tissu \u00e0 trois couches de 300 g\/m\u00b2, utilisant une membrane TPU recycl\u00e9e et de la micro polaire douce \u00e0 l&rsquo;int\u00e9rieur. La veste est \u00e9quip\u00e9e d&rsquo;une fermeture \u00e0 zip invers\u00e9e sur le devant et de poches \u00e0 zip dans les coutures des panneaux lat\u00e9raux. Elle poss\u00e8de une capuche r\u00e9glable. Les poignets des manches sont r\u00e9glables par fermeture velcro. La veste est d\u00e9perlante gr\u00e2ce au BIONIC-FINISH\u00ae ECO (tissu avec membrane TPU recycl\u00e9e jusqu&rsquo;\u00e0 5000 mm d&rsquo;imperm\u00e9abilit\u00e9). Elle est coupe-vent et respirant jusqu&rsquo;\u00e0 1500g\/m2\/24h. L&rsquo;utilisation de mat\u00e9riaux recycl\u00e9s authentiques et les d\u00e9clarations d&rsquo;impact environnemental sont garanties, gr\u00e2ce \u00e0 l&rsquo;utilisation du traceur AWARE\u2122 et de la technologie blockchain. En scannant le code QR, vous aurez acc\u00e8s \u00e0 un passeport num\u00e9rique d\u00e9di\u00e9. 2 % des recettes de chaque produit vendu seront revers\u00e9s \u00e0 Water.org. Ce produit est certifi\u00e9 OEKO-TEX\u00ae STANDARD 100.<\/p>\n","protected":false},"excerpt":{"rendered":"<p>Veste soft shell coupe moyenne pour femme fabriqu\u00e9e en polyester recycl\u00e9 avec un tissu \u00e0 trois couches de 300 g\/m\u00b2, utilisant une membrane TPU recycl\u00e9e et de la micro polaire douce \u00e0 l&rsquo;int\u00e9rieur. La veste est \u00e9quip\u00e9e d&rsquo;une fermeture \u00e0 zip invers\u00e9e sur le devant et de poches \u00e0 zip dans les coutures des panneaux [&hellip;]<\/p>\n","protected":false},"featured_media":318060,"template":"","meta":{"_acf_changed":false},"product_cat":[1191],"product_tag":[],"class_list":["post-212371","product","type-product","status-publish","has-post-thumbnail","hentry","product_cat-vestes","pa_color-khaki","pa_fabric-type-softshell","pa_fit-medium-fit","pa_gender-women","pa_materials-softshell-5","pa_weight-300-gsm"],"acf":[],"yoast_head":"<!-- This site is optimized with the Yoast SEO plugin v27.0 - https:\/\/yoast.com\/product\/yoast-seo-wordpress\/ -->\n<title>Veste femme soft shell en polyester recycl\u00e9 Makalu, kaki - New Iqoniq<\/title>\n<meta name=\"robots\" content=\"index, follow, max-snippet:-1, max-image-preview:large, max-video-preview:-1\" \/>\n<link rel=\"canonical\" href=\"https:\/\/wear-iqoniq.com\/fr\/collection\/vestes\/veste-femme-soft-shell-en-polyester-recycle-iqoniq-makalu-kaki\/\" \/>\n<meta property=\"og:locale\" content=\"fr_FR\" \/>\n<meta property=\"og:type\" content=\"article\" \/>\n<meta property=\"og:title\" content=\"Veste femme soft shell en polyester recycl\u00e9 Makalu, kaki - New Iqoniq\" \/>\n<meta property=\"og:description\" content=\"Veste soft shell coupe moyenne pour femme fabriqu\u00e9e en polyester recycl\u00e9 avec un tissu \u00e0 trois couches de 300 g\/m\u00b2, utilisant une membrane TPU recycl\u00e9e et de la micro polaire douce \u00e0 l&rsquo;int\u00e9rieur. La veste est \u00e9quip\u00e9e d&rsquo;une fermeture \u00e0 zip invers\u00e9e sur le devant et de poches \u00e0 zip dans les coutures des panneaux [&hellip;]\" \/>\n<meta property=\"og:url\" content=\"https:\/\/wear-iqoniq.com\/fr\/collection\/vestes\/veste-femme-soft-shell-en-polyester-recycle-iqoniq-makalu-kaki\/\" \/>\n<meta property=\"og:site_name\" content=\"New Iqoniq\" \/>\n<meta property=\"article:modified_time\" content=\"2026-04-07T00:18:22+00:00\" \/>\n<meta property=\"og:image\" content=\"https:\/\/wear-iqoniq.com\/wp-content\/uploads\/sites\/13\/2025\/04\/T4700.020.L__S_0__6f4f7e69b18d4d6c9594c17258ffeb3a.jpg\" \/>\n\t<meta property=\"og:image:width\" content=\"1024\" \/>\n\t<meta property=\"og:image:height\" content=\"1024\" \/>\n\t<meta property=\"og:image:type\" content=\"image\/jpeg\" \/>\n<meta name=\"twitter:card\" content=\"summary_large_image\" \/>\n<meta name=\"twitter:label1\" content=\"Dur\u00e9e de lecture estim\u00e9e\" \/>\n\t<meta name=\"twitter:data1\" content=\"1 minute\" \/>\n<script type=\"application\/ld+json\" class=\"yoast-schema-graph\">{\"@context\":\"https:\/\/schema.org\",\"@graph\":[{\"@type\":\"WebPage\",\"@id\":\"https:\/\/wear-iqoniq.com\/fr\/collection\/vestes\/veste-femme-soft-shell-en-polyester-recycle-iqoniq-makalu-kaki\/\",\"url\":\"https:\/\/wear-iqoniq.com\/fr\/collection\/vestes\/veste-femme-soft-shell-en-polyester-recycle-iqoniq-makalu-kaki\/\",\"name\":\"Veste femme soft shell en polyester recycl\u00e9 Makalu, kaki - New Iqoniq\",\"isPartOf\":{\"@id\":\"https:\/\/wear-iqoniq.com\/fr\/#website\"},\"primaryImageOfPage\":{\"@id\":\"https:\/\/wear-iqoniq.com\/fr\/collection\/vestes\/veste-femme-soft-shell-en-polyester-recycle-iqoniq-makalu-kaki\/#primaryimage\"},\"image\":{\"@id\":\"https:\/\/wear-iqoniq.com\/fr\/collection\/vestes\/veste-femme-soft-shell-en-polyester-recycle-iqoniq-makalu-kaki\/#primaryimage\"},\"thumbnailUrl\":\"https:\/\/wear-iqoniq.com\/wp-content\/uploads\/sites\/13\/2025\/04\/T4700.020.L__S_0__6f4f7e69b18d4d6c9594c17258ffeb3a.jpg\",\"datePublished\":\"2025-10-07T11:47:44+00:00\",\"dateModified\":\"2026-04-07T00:18:22+00:00\",\"breadcrumb\":{\"@id\":\"https:\/\/wear-iqoniq.com\/fr\/collection\/vestes\/veste-femme-soft-shell-en-polyester-recycle-iqoniq-makalu-kaki\/#breadcrumb\"},\"inLanguage\":\"fr-FR\",\"potentialAction\":[{\"@type\":\"ReadAction\",\"target\":[\"https:\/\/wear-iqoniq.com\/fr\/collection\/vestes\/veste-femme-soft-shell-en-polyester-recycle-iqoniq-makalu-kaki\/\"]}]},{\"@type\":\"ImageObject\",\"inLanguage\":\"fr-FR\",\"@id\":\"https:\/\/wear-iqoniq.com\/fr\/collection\/vestes\/veste-femme-soft-shell-en-polyester-recycle-iqoniq-makalu-kaki\/#primaryimage\",\"url\":\"https:\/\/wear-iqoniq.com\/wp-content\/uploads\/sites\/13\/2025\/04\/T4700.020.L__S_0__6f4f7e69b18d4d6c9594c17258ffeb3a.jpg\",\"contentUrl\":\"https:\/\/wear-iqoniq.com\/wp-content\/uploads\/sites\/13\/2025\/04\/T4700.020.L__S_0__6f4f7e69b18d4d6c9594c17258ffeb3a.jpg\",\"width\":1024,\"height\":1024},{\"@type\":\"BreadcrumbList\",\"@id\":\"https:\/\/wear-iqoniq.com\/fr\/collection\/vestes\/veste-femme-soft-shell-en-polyester-recycle-iqoniq-makalu-kaki\/#breadcrumb\",\"itemListElement\":[{\"@type\":\"ListItem\",\"position\":1,\"name\":\"Home\",\"item\":\"https:\/\/wear-iqoniq.com\/fr\/\"},{\"@type\":\"ListItem\",\"position\":2,\"name\":\"Collection\",\"item\":\"https:\/\/wear-iqoniq.com\/fr\/collection\/\"},{\"@type\":\"ListItem\",\"position\":3,\"name\":\"Veste femme soft shell en polyester recycl\u00e9 Makalu, kaki\"}]},{\"@type\":\"WebSite\",\"@id\":\"https:\/\/wear-iqoniq.com\/fr\/#website\",\"url\":\"https:\/\/wear-iqoniq.com\/fr\/\",\"name\":\"Iqoniq\",\"description\":\"Wear Change\",\"potentialAction\":[{\"@type\":\"SearchAction\",\"target\":{\"@type\":\"EntryPoint\",\"urlTemplate\":\"https:\/\/wear-iqoniq.com\/fr\/?s={search_term_string}\"},\"query-input\":{\"@type\":\"PropertyValueSpecification\",\"valueRequired\":true,\"valueName\":\"search_term_string\"}}],\"inLanguage\":\"fr-FR\"}]}<\/script>\n<!-- \/ Yoast SEO plugin. -->","yoast_head_json":{"title":"Veste femme soft shell en polyester recycl\u00e9 Makalu, kaki - New Iqoniq","robots":{"index":"index","follow":"follow","max-snippet":"max-snippet:-1","max-image-preview":"max-image-preview:large","max-video-preview":"max-video-preview:-1"},"canonical":"https:\/\/wear-iqoniq.com\/fr\/collection\/vestes\/veste-femme-soft-shell-en-polyester-recycle-iqoniq-makalu-kaki\/","og_locale":"fr_FR","og_type":"article","og_title":"Veste femme soft shell en polyester recycl\u00e9 Makalu, kaki - New Iqoniq","og_description":"Veste soft shell coupe moyenne pour femme fabriqu\u00e9e en polyester recycl\u00e9 avec un tissu \u00e0 trois couches de 300 g\/m\u00b2, utilisant une membrane TPU recycl\u00e9e et de la micro polaire douce \u00e0 l&rsquo;int\u00e9rieur. La veste est \u00e9quip\u00e9e d&rsquo;une fermeture \u00e0 zip invers\u00e9e sur le devant et de poches \u00e0 zip dans les coutures des panneaux [&hellip;]","og_url":"https:\/\/wear-iqoniq.com\/fr\/collection\/vestes\/veste-femme-soft-shell-en-polyester-recycle-iqoniq-makalu-kaki\/","og_site_name":"New Iqoniq","article_modified_time":"2026-04-07T00:18:22+00:00","og_image":[{"width":1024,"height":1024,"url":"https:\/\/wear-iqoniq.com\/wp-content\/uploads\/sites\/13\/2025\/04\/T4700.020.L__S_0__6f4f7e69b18d4d6c9594c17258ffeb3a.jpg","type":"image\/jpeg"}],"twitter_card":"summary_large_image","twitter_misc":{"Dur\u00e9e de lecture estim\u00e9e":"1 minute"},"schema":{"@context":"https:\/\/schema.org","@graph":[{"@type":"WebPage","@id":"https:\/\/wear-iqoniq.com\/fr\/collection\/vestes\/veste-femme-soft-shell-en-polyester-recycle-iqoniq-makalu-kaki\/","url":"https:\/\/wear-iqoniq.com\/fr\/collection\/vestes\/veste-femme-soft-shell-en-polyester-recycle-iqoniq-makalu-kaki\/","name":"Veste femme soft shell en polyester recycl\u00e9 Makalu, kaki - New Iqoniq","isPartOf":{"@id":"https:\/\/wear-iqoniq.com\/fr\/#website"},"primaryImageOfPage":{"@id":"https:\/\/wear-iqoniq.com\/fr\/collection\/vestes\/veste-femme-soft-shell-en-polyester-recycle-iqoniq-makalu-kaki\/#primaryimage"},"image":{"@id":"https:\/\/wear-iqoniq.com\/fr\/collection\/vestes\/veste-femme-soft-shell-en-polyester-recycle-iqoniq-makalu-kaki\/#primaryimage"},"thumbnailUrl":"https:\/\/wear-iqoniq.com\/wp-content\/uploads\/sites\/13\/2025\/04\/T4700.020.L__S_0__6f4f7e69b18d4d6c9594c17258ffeb3a.jpg","datePublished":"2025-10-07T11:47:44+00:00","dateModified":"2026-04-07T00:18:22+00:00","breadcrumb":{"@id":"https:\/\/wear-iqoniq.com\/fr\/collection\/vestes\/veste-femme-soft-shell-en-polyester-recycle-iqoniq-makalu-kaki\/#breadcrumb"},"inLanguage":"fr-FR","potentialAction":[{"@type":"ReadAction","target":["https:\/\/wear-iqoniq.com\/fr\/collection\/vestes\/veste-femme-soft-shell-en-polyester-recycle-iqoniq-makalu-kaki\/"]}]},{"@type":"ImageObject","inLanguage":"fr-FR","@id":"https:\/\/wear-iqoniq.com\/fr\/collection\/vestes\/veste-femme-soft-shell-en-polyester-recycle-iqoniq-makalu-kaki\/#primaryimage","url":"https:\/\/wear-iqoniq.com\/wp-content\/uploads\/sites\/13\/2025\/04\/T4700.020.L__S_0__6f4f7e69b18d4d6c9594c17258ffeb3a.jpg","contentUrl":"https:\/\/wear-iqoniq.com\/wp-content\/uploads\/sites\/13\/2025\/04\/T4700.020.L__S_0__6f4f7e69b18d4d6c9594c17258ffeb3a.jpg","width":1024,"height":1024},{"@type":"BreadcrumbList","@id":"https:\/\/wear-iqoniq.com\/fr\/collection\/vestes\/veste-femme-soft-shell-en-polyester-recycle-iqoniq-makalu-kaki\/#breadcrumb","itemListElement":[{"@type":"ListItem","position":1,"name":"Home","item":"https:\/\/wear-iqoniq.com\/fr\/"},{"@type":"ListItem","position":2,"name":"Collection","item":"https:\/\/wear-iqoniq.com\/fr\/collection\/"},{"@type":"ListItem","position":3,"name":"Veste femme soft shell en polyester recycl\u00e9 Makalu, kaki"}]},{"@type":"WebSite","@id":"https:\/\/wear-iqoniq.com\/fr\/#website","url":"https:\/\/wear-iqoniq.com\/fr\/","name":"Iqoniq","description":"Wear Change","potentialAction":[{"@type":"SearchAction","target":{"@type":"EntryPoint","urlTemplate":"https:\/\/wear-iqoniq.com\/fr\/?s={search_term_string}"},"query-input":{"@type":"PropertyValueSpecification","valueRequired":true,"valueName":"search_term_string"}}],"inLanguage":"fr-FR"}]}},"_links":{"self":[{"href":"https:\/\/wear-iqoniq.com\/fr\/wp-json\/wp\/v2\/product\/212371","targetHints":{"allow":["GET"]}}],"collection":[{"href":"https:\/\/wear-iqoniq.com\/fr\/wp-json\/wp\/v2\/product"}],"about":[{"href":"https:\/\/wear-iqoniq.com\/fr\/wp-json\/wp\/v2\/types\/product"}],"wp:featuredmedia":[{"embeddable":true,"href":"https:\/\/wear-iqoniq.com\/fr\/wp-json\/wp\/v2\/media\/318060"}],"wp:attachment":[{"href":"https:\/\/wear-iqoniq.com\/fr\/wp-json\/wp\/v2\/media?parent=212371"}],"wp:term":[{"taxonomy":"product_cat","embeddable":true,"href":"https:\/\/wear-iqoniq.com\/fr\/wp-json\/wp\/v2\/product_cat?post=212371"},{"taxonomy":"product_tag","embeddable":true,"href":"https:\/\/wear-iqoniq.com\/fr\/wp-json\/wp\/v2\/product_tag?post=212371"}],"curies":[{"name":"wp","href":"https:\/\/api.w.org\/{rel}","templated":true}]}}