{"id":200348,"date":"2025-10-07T13:51:43","date_gmt":"2025-10-07T11:51:43","guid":{"rendered":"https:\/\/xdsomename.tempurl.host\/iqoniq\/collection\/non%20class\u00e9\/sweater-a-col-rond-en-coton-recycle-kruger-bleu-marine\/"},"modified":"2026-04-05T02:32:32","modified_gmt":"2026-04-05T00:32:32","slug":"sweater-a-col-rond-en-coton-recycle-kruger-bleu-marin","status":"publish","type":"product","link":"https:\/\/wear-iqoniq.com\/fr\/collection\/sweatshirts-fr\/sweater-a-col-rond-en-coton-recycle-kruger-bleu-marin\/","title":{"rendered":"Sweater \u00e0 col rond en coton recycl\u00e9 Kruger, bleu marine"},"content":{"rendered":"<p>Sweater unisexe \u00e0 coupe d\u00e9contract\u00e9e et col rond fabriqu\u00e9 en 100 % coton, dont 50 % recycl\u00e9 et 50 % biologique, en 340 G\/M\u00b2. Le pull a des \u00e9paules tombantes, des manches longues plus larges et  c\u00f4tes 2&#215;2. L&rsquo;int\u00e9rieur est en polaire bross\u00e9e pour plus de confort. L&rsquo;utilisation de v\u00e9ritables mat\u00e9riaux de tissus recycl\u00e9s &amp; organiques et les d\u00e9clarations d&rsquo;impact environnemental sont garanties, en utilisant le traceur physique disruptif AWARE\u2122 et la technologie blockchain. En scannant le code QR, vous aurez acc\u00e8s \u00e0 un passeport num\u00e9rique d\u00e9di\u00e9 du produit. 2 % des recettes de chaque produit vendu seront revers\u00e9s \u00e0 Water.org. Ce produit est certifi\u00e9 OEKO-TEX\u00ae STANDARD 100 Centexbel. En raison de la nature des fils recycl\u00e9s, des impuret\u00e9s et des variations de couleur peuvent appara\u00eetre.<\/p>\n","protected":false},"excerpt":{"rendered":"<p>Sweater unisexe \u00e0 coupe d\u00e9contract\u00e9e et col rond fabriqu\u00e9 en 100 % coton, dont 50 % recycl\u00e9 et 50 % biologique, en 340 G\/M\u00b2. Le pull a des \u00e9paules tombantes, des manches longues plus larges et c\u00f4tes 2&#215;2. L&rsquo;int\u00e9rieur est en polaire bross\u00e9e pour plus de confort. L&rsquo;utilisation de v\u00e9ritables mat\u00e9riaux de tissus recycl\u00e9s &amp; [&hellip;]<\/p>\n","protected":false},"featured_media":319355,"template":"","meta":{"_acf_changed":false},"product_cat":[139],"product_tag":[],"class_list":["post-200348","product","type-product","status-publish","has-post-thumbnail","hentry","product_cat-sweatshirts-fr","pa_color-navy","pa_fabric-type-sweat-en-molleton-gratte","pa_fit-relaxed-fit","pa_gender-unisex","pa_materials-50-50re-cotton-5","pa_weight-340-gsm"],"acf":[],"yoast_head":"<!-- This site is optimized with the Yoast SEO plugin v27.0 - https:\/\/yoast.com\/product\/yoast-seo-wordpress\/ -->\n<title>Sweater \u00e0 col rond en coton recycl\u00e9 Kruger, bleu marine - New Iqoniq<\/title>\n<meta name=\"robots\" content=\"index, follow, max-snippet:-1, max-image-preview:large, max-video-preview:-1\" \/>\n<link rel=\"canonical\" href=\"https:\/\/wear-iqoniq.com\/fr\/collection\/sweatshirts-fr\/sweater-a-col-rond-en-coton-recycle-kruger-bleu-marin\/\" \/>\n<meta property=\"og:locale\" content=\"fr_FR\" \/>\n<meta property=\"og:type\" content=\"article\" \/>\n<meta property=\"og:title\" content=\"Sweater \u00e0 col rond en coton recycl\u00e9 Kruger, bleu marine - New Iqoniq\" \/>\n<meta property=\"og:description\" content=\"Sweater unisexe \u00e0 coupe d\u00e9contract\u00e9e et col rond fabriqu\u00e9 en 100 % coton, dont 50 % recycl\u00e9 et 50 % biologique, en 340 G\/M\u00b2. Le pull a des \u00e9paules tombantes, des manches longues plus larges et c\u00f4tes 2&#215;2. L&rsquo;int\u00e9rieur est en polaire bross\u00e9e pour plus de confort. L&rsquo;utilisation de v\u00e9ritables mat\u00e9riaux de tissus recycl\u00e9s &amp; [&hellip;]\" \/>\n<meta property=\"og:url\" content=\"https:\/\/wear-iqoniq.com\/fr\/collection\/sweatshirts-fr\/sweater-a-col-rond-en-coton-recycle-kruger-bleu-marin\/\" \/>\n<meta property=\"og:site_name\" content=\"New Iqoniq\" \/>\n<meta property=\"article:modified_time\" content=\"2026-04-05T00:32:32+00:00\" \/>\n<meta property=\"og:image\" content=\"https:\/\/wear-iqoniq.com\/wp-content\/uploads\/sites\/13\/2025\/04\/T9302.002.L__S_0__b7b3127bedcb4b92a6de6648a0bdc7d9.jpg\" \/>\n\t<meta property=\"og:image:width\" content=\"1024\" \/>\n\t<meta property=\"og:image:height\" content=\"1024\" \/>\n\t<meta property=\"og:image:type\" content=\"image\/jpeg\" \/>\n<meta name=\"twitter:card\" content=\"summary_large_image\" \/>\n<meta name=\"twitter:label1\" content=\"Dur\u00e9e de lecture estim\u00e9e\" \/>\n\t<meta name=\"twitter:data1\" content=\"1 minute\" \/>\n<script type=\"application\/ld+json\" class=\"yoast-schema-graph\">{\"@context\":\"https:\/\/schema.org\",\"@graph\":[{\"@type\":\"WebPage\",\"@id\":\"https:\/\/wear-iqoniq.com\/fr\/collection\/sweatshirts-fr\/sweater-a-col-rond-en-coton-recycle-kruger-bleu-marin\/\",\"url\":\"https:\/\/wear-iqoniq.com\/fr\/collection\/sweatshirts-fr\/sweater-a-col-rond-en-coton-recycle-kruger-bleu-marin\/\",\"name\":\"Sweater \u00e0 col rond en coton recycl\u00e9 Kruger, bleu marine - New Iqoniq\",\"isPartOf\":{\"@id\":\"https:\/\/wear-iqoniq.com\/fr\/#website\"},\"primaryImageOfPage\":{\"@id\":\"https:\/\/wear-iqoniq.com\/fr\/collection\/sweatshirts-fr\/sweater-a-col-rond-en-coton-recycle-kruger-bleu-marin\/#primaryimage\"},\"image\":{\"@id\":\"https:\/\/wear-iqoniq.com\/fr\/collection\/sweatshirts-fr\/sweater-a-col-rond-en-coton-recycle-kruger-bleu-marin\/#primaryimage\"},\"thumbnailUrl\":\"https:\/\/wear-iqoniq.com\/wp-content\/uploads\/sites\/13\/2025\/04\/T9302.002.L__S_0__b7b3127bedcb4b92a6de6648a0bdc7d9.jpg\",\"datePublished\":\"2025-10-07T11:51:43+00:00\",\"dateModified\":\"2026-04-05T00:32:32+00:00\",\"breadcrumb\":{\"@id\":\"https:\/\/wear-iqoniq.com\/fr\/collection\/sweatshirts-fr\/sweater-a-col-rond-en-coton-recycle-kruger-bleu-marin\/#breadcrumb\"},\"inLanguage\":\"fr-FR\",\"potentialAction\":[{\"@type\":\"ReadAction\",\"target\":[\"https:\/\/wear-iqoniq.com\/fr\/collection\/sweatshirts-fr\/sweater-a-col-rond-en-coton-recycle-kruger-bleu-marin\/\"]}]},{\"@type\":\"ImageObject\",\"inLanguage\":\"fr-FR\",\"@id\":\"https:\/\/wear-iqoniq.com\/fr\/collection\/sweatshirts-fr\/sweater-a-col-rond-en-coton-recycle-kruger-bleu-marin\/#primaryimage\",\"url\":\"https:\/\/wear-iqoniq.com\/wp-content\/uploads\/sites\/13\/2025\/04\/T9302.002.L__S_0__b7b3127bedcb4b92a6de6648a0bdc7d9.jpg\",\"contentUrl\":\"https:\/\/wear-iqoniq.com\/wp-content\/uploads\/sites\/13\/2025\/04\/T9302.002.L__S_0__b7b3127bedcb4b92a6de6648a0bdc7d9.jpg\",\"width\":1024,\"height\":1024},{\"@type\":\"BreadcrumbList\",\"@id\":\"https:\/\/wear-iqoniq.com\/fr\/collection\/sweatshirts-fr\/sweater-a-col-rond-en-coton-recycle-kruger-bleu-marin\/#breadcrumb\",\"itemListElement\":[{\"@type\":\"ListItem\",\"position\":1,\"name\":\"Home\",\"item\":\"https:\/\/wear-iqoniq.com\/fr\/\"},{\"@type\":\"ListItem\",\"position\":2,\"name\":\"Collection\",\"item\":\"https:\/\/wear-iqoniq.com\/fr\/collection\/\"},{\"@type\":\"ListItem\",\"position\":3,\"name\":\"Sweater \u00e0 col rond en coton recycl\u00e9 Kruger, bleu marine\"}]},{\"@type\":\"WebSite\",\"@id\":\"https:\/\/wear-iqoniq.com\/fr\/#website\",\"url\":\"https:\/\/wear-iqoniq.com\/fr\/\",\"name\":\"Iqoniq\",\"description\":\"Wear Change\",\"potentialAction\":[{\"@type\":\"SearchAction\",\"target\":{\"@type\":\"EntryPoint\",\"urlTemplate\":\"https:\/\/wear-iqoniq.com\/fr\/?s={search_term_string}\"},\"query-input\":{\"@type\":\"PropertyValueSpecification\",\"valueRequired\":true,\"valueName\":\"search_term_string\"}}],\"inLanguage\":\"fr-FR\"}]}<\/script>\n<!-- \/ Yoast SEO plugin. -->","yoast_head_json":{"title":"Sweater \u00e0 col rond en coton recycl\u00e9 Kruger, bleu marine - New Iqoniq","robots":{"index":"index","follow":"follow","max-snippet":"max-snippet:-1","max-image-preview":"max-image-preview:large","max-video-preview":"max-video-preview:-1"},"canonical":"https:\/\/wear-iqoniq.com\/fr\/collection\/sweatshirts-fr\/sweater-a-col-rond-en-coton-recycle-kruger-bleu-marin\/","og_locale":"fr_FR","og_type":"article","og_title":"Sweater \u00e0 col rond en coton recycl\u00e9 Kruger, bleu marine - New Iqoniq","og_description":"Sweater unisexe \u00e0 coupe d\u00e9contract\u00e9e et col rond fabriqu\u00e9 en 100 % coton, dont 50 % recycl\u00e9 et 50 % biologique, en 340 G\/M\u00b2. Le pull a des \u00e9paules tombantes, des manches longues plus larges et c\u00f4tes 2&#215;2. L&rsquo;int\u00e9rieur est en polaire bross\u00e9e pour plus de confort. L&rsquo;utilisation de v\u00e9ritables mat\u00e9riaux de tissus recycl\u00e9s &amp; [&hellip;]","og_url":"https:\/\/wear-iqoniq.com\/fr\/collection\/sweatshirts-fr\/sweater-a-col-rond-en-coton-recycle-kruger-bleu-marin\/","og_site_name":"New Iqoniq","article_modified_time":"2026-04-05T00:32:32+00:00","og_image":[{"width":1024,"height":1024,"url":"https:\/\/wear-iqoniq.com\/wp-content\/uploads\/sites\/13\/2025\/04\/T9302.002.L__S_0__b7b3127bedcb4b92a6de6648a0bdc7d9.jpg","type":"image\/jpeg"}],"twitter_card":"summary_large_image","twitter_misc":{"Dur\u00e9e de lecture estim\u00e9e":"1 minute"},"schema":{"@context":"https:\/\/schema.org","@graph":[{"@type":"WebPage","@id":"https:\/\/wear-iqoniq.com\/fr\/collection\/sweatshirts-fr\/sweater-a-col-rond-en-coton-recycle-kruger-bleu-marin\/","url":"https:\/\/wear-iqoniq.com\/fr\/collection\/sweatshirts-fr\/sweater-a-col-rond-en-coton-recycle-kruger-bleu-marin\/","name":"Sweater \u00e0 col rond en coton recycl\u00e9 Kruger, bleu marine - New Iqoniq","isPartOf":{"@id":"https:\/\/wear-iqoniq.com\/fr\/#website"},"primaryImageOfPage":{"@id":"https:\/\/wear-iqoniq.com\/fr\/collection\/sweatshirts-fr\/sweater-a-col-rond-en-coton-recycle-kruger-bleu-marin\/#primaryimage"},"image":{"@id":"https:\/\/wear-iqoniq.com\/fr\/collection\/sweatshirts-fr\/sweater-a-col-rond-en-coton-recycle-kruger-bleu-marin\/#primaryimage"},"thumbnailUrl":"https:\/\/wear-iqoniq.com\/wp-content\/uploads\/sites\/13\/2025\/04\/T9302.002.L__S_0__b7b3127bedcb4b92a6de6648a0bdc7d9.jpg","datePublished":"2025-10-07T11:51:43+00:00","dateModified":"2026-04-05T00:32:32+00:00","breadcrumb":{"@id":"https:\/\/wear-iqoniq.com\/fr\/collection\/sweatshirts-fr\/sweater-a-col-rond-en-coton-recycle-kruger-bleu-marin\/#breadcrumb"},"inLanguage":"fr-FR","potentialAction":[{"@type":"ReadAction","target":["https:\/\/wear-iqoniq.com\/fr\/collection\/sweatshirts-fr\/sweater-a-col-rond-en-coton-recycle-kruger-bleu-marin\/"]}]},{"@type":"ImageObject","inLanguage":"fr-FR","@id":"https:\/\/wear-iqoniq.com\/fr\/collection\/sweatshirts-fr\/sweater-a-col-rond-en-coton-recycle-kruger-bleu-marin\/#primaryimage","url":"https:\/\/wear-iqoniq.com\/wp-content\/uploads\/sites\/13\/2025\/04\/T9302.002.L__S_0__b7b3127bedcb4b92a6de6648a0bdc7d9.jpg","contentUrl":"https:\/\/wear-iqoniq.com\/wp-content\/uploads\/sites\/13\/2025\/04\/T9302.002.L__S_0__b7b3127bedcb4b92a6de6648a0bdc7d9.jpg","width":1024,"height":1024},{"@type":"BreadcrumbList","@id":"https:\/\/wear-iqoniq.com\/fr\/collection\/sweatshirts-fr\/sweater-a-col-rond-en-coton-recycle-kruger-bleu-marin\/#breadcrumb","itemListElement":[{"@type":"ListItem","position":1,"name":"Home","item":"https:\/\/wear-iqoniq.com\/fr\/"},{"@type":"ListItem","position":2,"name":"Collection","item":"https:\/\/wear-iqoniq.com\/fr\/collection\/"},{"@type":"ListItem","position":3,"name":"Sweater \u00e0 col rond en coton recycl\u00e9 Kruger, bleu marine"}]},{"@type":"WebSite","@id":"https:\/\/wear-iqoniq.com\/fr\/#website","url":"https:\/\/wear-iqoniq.com\/fr\/","name":"Iqoniq","description":"Wear Change","potentialAction":[{"@type":"SearchAction","target":{"@type":"EntryPoint","urlTemplate":"https:\/\/wear-iqoniq.com\/fr\/?s={search_term_string}"},"query-input":{"@type":"PropertyValueSpecification","valueRequired":true,"valueName":"search_term_string"}}],"inLanguage":"fr-FR"}]}},"_links":{"self":[{"href":"https:\/\/wear-iqoniq.com\/fr\/wp-json\/wp\/v2\/product\/200348","targetHints":{"allow":["GET"]}}],"collection":[{"href":"https:\/\/wear-iqoniq.com\/fr\/wp-json\/wp\/v2\/product"}],"about":[{"href":"https:\/\/wear-iqoniq.com\/fr\/wp-json\/wp\/v2\/types\/product"}],"wp:featuredmedia":[{"embeddable":true,"href":"https:\/\/wear-iqoniq.com\/fr\/wp-json\/wp\/v2\/media\/319355"}],"wp:attachment":[{"href":"https:\/\/wear-iqoniq.com\/fr\/wp-json\/wp\/v2\/media?parent=200348"}],"wp:term":[{"taxonomy":"product_cat","embeddable":true,"href":"https:\/\/wear-iqoniq.com\/fr\/wp-json\/wp\/v2\/product_cat?post=200348"},{"taxonomy":"product_tag","embeddable":true,"href":"https:\/\/wear-iqoniq.com\/fr\/wp-json\/wp\/v2\/product_tag?post=200348"}],"curies":[{"name":"wp","href":"https:\/\/api.w.org\/{rel}","templated":true}]}}