{"id":331519,"date":"2026-01-05T11:29:54","date_gmt":"2026-01-05T09:29:54","guid":{"rendered":"https:\/\/wear-iqoniq.com\/collection\/sin%20categor\u00eda\/odin-chaqueta-urbana-poliester-reciclado-azul-marino\/"},"modified":"2026-04-06T03:42:08","modified_gmt":"2026-04-06T01:42:08","slug":"odin-chaqueta-urbana-poliester-reciclado-azul-marino","status":"publish","type":"product","link":"https:\/\/wear-iqoniq.com\/es\/collection\/chaquetas\/odin-chaqueta-urbana-poliester-reciclado-azul-marino\/","title":{"rendered":"Odin Chaqueta Urbana Poli\u00e9ster Reciclado, azul marino"},"content":{"rendered":"<p>Chaqueta urbana unisex confeccionada en poli\u00e9ster 100% reciclado con membrana RTPU (certificaci\u00f3n GRS). Dise\u00f1ada para un estilo casual chic, esta chaqueta cuenta con cremallera CF sin n\u00edquel, tirador met\u00e1lico de primera calidad y cord\u00f3n a lo largo de la cremallera. Dos bolsillos laterales de ribete con cierre a presi\u00f3n oculto. Cuello del mismo tejido, mangas y bajo con ribete el\u00e1stico para un tacto suave. Forrada con cremallera oculta en el bajo y el pecho izquierdo para facilitar su decoraci\u00f3n. La prenda est\u00e1 cosida con hilo de poli\u00e9ster reciclado. En la nuca, una etiqueta de talla extra\u00edble con una etiqueta colgante iqoniq craft y otra de cuidado en la costura interior izquierda. El uso de tejido reciclado genuino y las declaraciones de impacto ambiental est\u00e1n garantizados mediante el uso del rastreador f\u00edsico disruptivo AWARE\u2122 y la tecnolog\u00eda blockchain. Al escanear el c\u00f3digo QR, acceder\u00e1 a un pasaporte digital dedicado.<\/p>\n","protected":false},"excerpt":{"rendered":"<p>Chaqueta urbana unisex confeccionada en poli\u00e9ster 100% reciclado con membrana RTPU (certificaci\u00f3n GRS). Dise\u00f1ada para un estilo casual chic, esta chaqueta cuenta con cremallera CF sin n\u00edquel, tirador met\u00e1lico de primera calidad y cord\u00f3n a lo largo de la cremallera. Dos bolsillos laterales de ribete con cierre a presi\u00f3n oculto. Cuello del mismo tejido, mangas [&hellip;]<\/p>\n","protected":false},"featured_media":331308,"template":"","meta":{"_acf_changed":false},"product_cat":[1197],"product_tag":[],"class_list":["post-331519","product","type-product","status-publish","has-post-thumbnail","hentry","product_cat-chaquetas","pa_color-navy","pa_fabric-type-tejido-liso","pa_fit-medium-fit","pa_gender-unisex","pa_materials-100re-pes-4","pa_weight-95-gsm"],"acf":[],"yoast_head":"<!-- This site is optimized with the Yoast SEO plugin v27.0 - https:\/\/yoast.com\/product\/yoast-seo-wordpress\/ -->\n<title>Odin Chaqueta Urbana Poli\u00e9ster Reciclado, azul marino - New Iqoniq<\/title>\n<meta name=\"robots\" content=\"index, follow, max-snippet:-1, max-image-preview:large, max-video-preview:-1\" \/>\n<link rel=\"canonical\" href=\"https:\/\/wear-iqoniq.com\/es\/collection\/chaquetas\/odin-chaqueta-urbana-poliester-reciclado-azul-marino\/\" \/>\n<meta property=\"og:locale\" content=\"es_ES\" \/>\n<meta property=\"og:type\" content=\"article\" \/>\n<meta property=\"og:title\" content=\"Odin Chaqueta Urbana Poli\u00e9ster Reciclado, azul marino - New Iqoniq\" \/>\n<meta property=\"og:description\" content=\"Chaqueta urbana unisex confeccionada en poli\u00e9ster 100% reciclado con membrana RTPU (certificaci\u00f3n GRS). Dise\u00f1ada para un estilo casual chic, esta chaqueta cuenta con cremallera CF sin n\u00edquel, tirador met\u00e1lico de primera calidad y cord\u00f3n a lo largo de la cremallera. Dos bolsillos laterales de ribete con cierre a presi\u00f3n oculto. Cuello del mismo tejido, mangas [&hellip;]\" \/>\n<meta property=\"og:url\" content=\"https:\/\/wear-iqoniq.com\/es\/collection\/chaquetas\/odin-chaqueta-urbana-poliester-reciclado-azul-marino\/\" \/>\n<meta property=\"og:site_name\" content=\"New Iqoniq\" \/>\n<meta property=\"article:modified_time\" content=\"2026-04-06T01:42:08+00:00\" \/>\n<meta property=\"og:image\" content=\"https:\/\/wear-iqoniq.com\/wp-content\/uploads\/sites\/13\/2026\/01\/T9703.002.L__S_0__c84330d118334a4590e25bf5fdb650dd.jpg\" \/>\n\t<meta property=\"og:image:width\" content=\"1024\" \/>\n\t<meta property=\"og:image:height\" content=\"1024\" \/>\n\t<meta property=\"og:image:type\" content=\"image\/jpeg\" \/>\n<meta name=\"twitter:card\" content=\"summary_large_image\" \/>\n<meta name=\"twitter:label1\" content=\"Tiempo de lectura\" \/>\n\t<meta name=\"twitter:data1\" content=\"1 minuto\" \/>\n<script type=\"application\/ld+json\" class=\"yoast-schema-graph\">{\"@context\":\"https:\/\/schema.org\",\"@graph\":[{\"@type\":\"WebPage\",\"@id\":\"https:\/\/wear-iqoniq.com\/es\/collection\/chaquetas\/odin-chaqueta-urbana-poliester-reciclado-azul-marino\/\",\"url\":\"https:\/\/wear-iqoniq.com\/es\/collection\/chaquetas\/odin-chaqueta-urbana-poliester-reciclado-azul-marino\/\",\"name\":\"Odin Chaqueta Urbana Poli\u00e9ster Reciclado, azul marino - New Iqoniq\",\"isPartOf\":{\"@id\":\"https:\/\/wear-iqoniq.com\/es\/#website\"},\"primaryImageOfPage\":{\"@id\":\"https:\/\/wear-iqoniq.com\/es\/collection\/chaquetas\/odin-chaqueta-urbana-poliester-reciclado-azul-marino\/#primaryimage\"},\"image\":{\"@id\":\"https:\/\/wear-iqoniq.com\/es\/collection\/chaquetas\/odin-chaqueta-urbana-poliester-reciclado-azul-marino\/#primaryimage\"},\"thumbnailUrl\":\"https:\/\/wear-iqoniq.com\/wp-content\/uploads\/sites\/13\/2026\/01\/T9703.002.L__S_0__c84330d118334a4590e25bf5fdb650dd.jpg\",\"datePublished\":\"2026-01-05T09:29:54+00:00\",\"dateModified\":\"2026-04-06T01:42:08+00:00\",\"breadcrumb\":{\"@id\":\"https:\/\/wear-iqoniq.com\/es\/collection\/chaquetas\/odin-chaqueta-urbana-poliester-reciclado-azul-marino\/#breadcrumb\"},\"inLanguage\":\"es\",\"potentialAction\":[{\"@type\":\"ReadAction\",\"target\":[\"https:\/\/wear-iqoniq.com\/es\/collection\/chaquetas\/odin-chaqueta-urbana-poliester-reciclado-azul-marino\/\"]}]},{\"@type\":\"ImageObject\",\"inLanguage\":\"es\",\"@id\":\"https:\/\/wear-iqoniq.com\/es\/collection\/chaquetas\/odin-chaqueta-urbana-poliester-reciclado-azul-marino\/#primaryimage\",\"url\":\"https:\/\/wear-iqoniq.com\/wp-content\/uploads\/sites\/13\/2026\/01\/T9703.002.L__S_0__c84330d118334a4590e25bf5fdb650dd.jpg\",\"contentUrl\":\"https:\/\/wear-iqoniq.com\/wp-content\/uploads\/sites\/13\/2026\/01\/T9703.002.L__S_0__c84330d118334a4590e25bf5fdb650dd.jpg\",\"width\":1024,\"height\":1024},{\"@type\":\"BreadcrumbList\",\"@id\":\"https:\/\/wear-iqoniq.com\/es\/collection\/chaquetas\/odin-chaqueta-urbana-poliester-reciclado-azul-marino\/#breadcrumb\",\"itemListElement\":[{\"@type\":\"ListItem\",\"position\":1,\"name\":\"Home\",\"item\":\"https:\/\/wear-iqoniq.com\/es\/\"},{\"@type\":\"ListItem\",\"position\":2,\"name\":\"Coleccion\",\"item\":\"https:\/\/wear-iqoniq.com\/es\/coleccion\/\"},{\"@type\":\"ListItem\",\"position\":3,\"name\":\"Odin Chaqueta Urbana Poli\u00e9ster Reciclado, azul marino\"}]},{\"@type\":\"WebSite\",\"@id\":\"https:\/\/wear-iqoniq.com\/es\/#website\",\"url\":\"https:\/\/wear-iqoniq.com\/es\/\",\"name\":\"Iqoniq\",\"description\":\"Wear Change\",\"potentialAction\":[{\"@type\":\"SearchAction\",\"target\":{\"@type\":\"EntryPoint\",\"urlTemplate\":\"https:\/\/wear-iqoniq.com\/es\/?s={search_term_string}\"},\"query-input\":{\"@type\":\"PropertyValueSpecification\",\"valueRequired\":true,\"valueName\":\"search_term_string\"}}],\"inLanguage\":\"es\"}]}<\/script>\n<!-- \/ Yoast SEO plugin. -->","yoast_head_json":{"title":"Odin Chaqueta Urbana Poli\u00e9ster Reciclado, azul marino - New Iqoniq","robots":{"index":"index","follow":"follow","max-snippet":"max-snippet:-1","max-image-preview":"max-image-preview:large","max-video-preview":"max-video-preview:-1"},"canonical":"https:\/\/wear-iqoniq.com\/es\/collection\/chaquetas\/odin-chaqueta-urbana-poliester-reciclado-azul-marino\/","og_locale":"es_ES","og_type":"article","og_title":"Odin Chaqueta Urbana Poli\u00e9ster Reciclado, azul marino - New Iqoniq","og_description":"Chaqueta urbana unisex confeccionada en poli\u00e9ster 100% reciclado con membrana RTPU (certificaci\u00f3n GRS). Dise\u00f1ada para un estilo casual chic, esta chaqueta cuenta con cremallera CF sin n\u00edquel, tirador met\u00e1lico de primera calidad y cord\u00f3n a lo largo de la cremallera. Dos bolsillos laterales de ribete con cierre a presi\u00f3n oculto. Cuello del mismo tejido, mangas [&hellip;]","og_url":"https:\/\/wear-iqoniq.com\/es\/collection\/chaquetas\/odin-chaqueta-urbana-poliester-reciclado-azul-marino\/","og_site_name":"New Iqoniq","article_modified_time":"2026-04-06T01:42:08+00:00","og_image":[{"width":1024,"height":1024,"url":"https:\/\/wear-iqoniq.com\/wp-content\/uploads\/sites\/13\/2026\/01\/T9703.002.L__S_0__c84330d118334a4590e25bf5fdb650dd.jpg","type":"image\/jpeg"}],"twitter_card":"summary_large_image","twitter_misc":{"Tiempo de lectura":"1 minuto"},"schema":{"@context":"https:\/\/schema.org","@graph":[{"@type":"WebPage","@id":"https:\/\/wear-iqoniq.com\/es\/collection\/chaquetas\/odin-chaqueta-urbana-poliester-reciclado-azul-marino\/","url":"https:\/\/wear-iqoniq.com\/es\/collection\/chaquetas\/odin-chaqueta-urbana-poliester-reciclado-azul-marino\/","name":"Odin Chaqueta Urbana Poli\u00e9ster Reciclado, azul marino - New Iqoniq","isPartOf":{"@id":"https:\/\/wear-iqoniq.com\/es\/#website"},"primaryImageOfPage":{"@id":"https:\/\/wear-iqoniq.com\/es\/collection\/chaquetas\/odin-chaqueta-urbana-poliester-reciclado-azul-marino\/#primaryimage"},"image":{"@id":"https:\/\/wear-iqoniq.com\/es\/collection\/chaquetas\/odin-chaqueta-urbana-poliester-reciclado-azul-marino\/#primaryimage"},"thumbnailUrl":"https:\/\/wear-iqoniq.com\/wp-content\/uploads\/sites\/13\/2026\/01\/T9703.002.L__S_0__c84330d118334a4590e25bf5fdb650dd.jpg","datePublished":"2026-01-05T09:29:54+00:00","dateModified":"2026-04-06T01:42:08+00:00","breadcrumb":{"@id":"https:\/\/wear-iqoniq.com\/es\/collection\/chaquetas\/odin-chaqueta-urbana-poliester-reciclado-azul-marino\/#breadcrumb"},"inLanguage":"es","potentialAction":[{"@type":"ReadAction","target":["https:\/\/wear-iqoniq.com\/es\/collection\/chaquetas\/odin-chaqueta-urbana-poliester-reciclado-azul-marino\/"]}]},{"@type":"ImageObject","inLanguage":"es","@id":"https:\/\/wear-iqoniq.com\/es\/collection\/chaquetas\/odin-chaqueta-urbana-poliester-reciclado-azul-marino\/#primaryimage","url":"https:\/\/wear-iqoniq.com\/wp-content\/uploads\/sites\/13\/2026\/01\/T9703.002.L__S_0__c84330d118334a4590e25bf5fdb650dd.jpg","contentUrl":"https:\/\/wear-iqoniq.com\/wp-content\/uploads\/sites\/13\/2026\/01\/T9703.002.L__S_0__c84330d118334a4590e25bf5fdb650dd.jpg","width":1024,"height":1024},{"@type":"BreadcrumbList","@id":"https:\/\/wear-iqoniq.com\/es\/collection\/chaquetas\/odin-chaqueta-urbana-poliester-reciclado-azul-marino\/#breadcrumb","itemListElement":[{"@type":"ListItem","position":1,"name":"Home","item":"https:\/\/wear-iqoniq.com\/es\/"},{"@type":"ListItem","position":2,"name":"Coleccion","item":"https:\/\/wear-iqoniq.com\/es\/coleccion\/"},{"@type":"ListItem","position":3,"name":"Odin Chaqueta Urbana Poli\u00e9ster Reciclado, azul marino"}]},{"@type":"WebSite","@id":"https:\/\/wear-iqoniq.com\/es\/#website","url":"https:\/\/wear-iqoniq.com\/es\/","name":"Iqoniq","description":"Wear Change","potentialAction":[{"@type":"SearchAction","target":{"@type":"EntryPoint","urlTemplate":"https:\/\/wear-iqoniq.com\/es\/?s={search_term_string}"},"query-input":{"@type":"PropertyValueSpecification","valueRequired":true,"valueName":"search_term_string"}}],"inLanguage":"es"}]}},"_links":{"self":[{"href":"https:\/\/wear-iqoniq.com\/es\/wp-json\/wp\/v2\/product\/331519","targetHints":{"allow":["GET"]}}],"collection":[{"href":"https:\/\/wear-iqoniq.com\/es\/wp-json\/wp\/v2\/product"}],"about":[{"href":"https:\/\/wear-iqoniq.com\/es\/wp-json\/wp\/v2\/types\/product"}],"wp:featuredmedia":[{"embeddable":true,"href":"https:\/\/wear-iqoniq.com\/es\/wp-json\/wp\/v2\/media\/331308"}],"wp:attachment":[{"href":"https:\/\/wear-iqoniq.com\/es\/wp-json\/wp\/v2\/media?parent=331519"}],"wp:term":[{"taxonomy":"product_cat","embeddable":true,"href":"https:\/\/wear-iqoniq.com\/es\/wp-json\/wp\/v2\/product_cat?post=331519"},{"taxonomy":"product_tag","embeddable":true,"href":"https:\/\/wear-iqoniq.com\/es\/wp-json\/wp\/v2\/product_tag?post=331519"}],"curies":[{"name":"wp","href":"https:\/\/api.w.org\/{rel}","templated":true}]}}