{"id":331517,"date":"2026-01-05T11:16:14","date_gmt":"2026-01-05T09:16:14","guid":{"rendered":"https:\/\/wear-iqoniq.com\/collection\/sin%20categor\u00eda\/thelon-parka-poliester-reciclado-caqui\/"},"modified":"2026-04-06T03:41:59","modified_gmt":"2026-04-06T01:41:59","slug":"thelon-parka-poliester-reciclado-caqui","status":"publish","type":"product","link":"https:\/\/wear-iqoniq.com\/es\/collection\/chaquetas\/thelon-parka-poliester-reciclado-caqui\/","title":{"rendered":"Thelon Parka Poli\u00e9ster Reciclado, caqui"},"content":{"rendered":"<p>Chaqueta impermeable y acolchada unisex, confeccionada en poli\u00e9ster 100% reciclado. Impermeable hasta 4000 mm, transpirable y cortavientos. Espalda m\u00e1s larga, abertura trasera, cremallera invertida CF de doble sentido, tapeta frontal adicional con cuatro broches ocultos, pu\u00f1os impecables con medio pu\u00f1o interior adicional, capucha con topes en el interior del cuello y costuras decorativas horizontales. Est\u00e1 acolchada con l\u00e1minas de poli\u00e9ster 100% reciclado y forrada con tafet\u00e1n fino. Cremallera oculta en el bajo y el pecho izquierdo facilita la decoraci\u00f3n. Cosida con hilo de poli\u00e9ster reciclado. En la nuca, una etiqueta de talla extra\u00edble con una etiqueta colgante iqoniq craft y otra de cuidado en la costura lateral interior izquierda. El uso de tejido reciclado genuino y las declaraciones de impacto ambiental est\u00e1n garantizados mediante el uso del rastreador f\u00edsico disruptivo AWARE\u2122 y la tecnolog\u00eda blockchain. Al escanear el c\u00f3digo QR, acceder\u00e1s a un pasaporte digita espec\u00edfico.<\/p>\n","protected":false},"excerpt":{"rendered":"<p>Chaqueta impermeable y acolchada unisex, confeccionada en poli\u00e9ster 100% reciclado. Impermeable hasta 4000 mm, transpirable y cortavientos. Espalda m\u00e1s larga, abertura trasera, cremallera invertida CF de doble sentido, tapeta frontal adicional con cuatro broches ocultos, pu\u00f1os impecables con medio pu\u00f1o interior adicional, capucha con topes en el interior del cuello y costuras decorativas horizontales. Est\u00e1 [&hellip;]<\/p>\n","protected":false},"featured_media":331145,"template":"","meta":{"_acf_changed":false},"product_cat":[1197],"product_tag":[],"class_list":["post-331517","product","type-product","status-publish","has-post-thumbnail","hentry","product_cat-chaquetas","pa_color-khaki","pa_fabric-type-tejido-liso","pa_fit-modern-fit","pa_gender-unisex","pa_materials-100re-pes-4","pa_weight-95-gsm"],"acf":[],"yoast_head":"<!-- This site is optimized with the Yoast SEO plugin v27.0 - https:\/\/yoast.com\/product\/yoast-seo-wordpress\/ -->\n<title>Thelon Parka Poli\u00e9ster Reciclado, caqui - New Iqoniq<\/title>\n<meta name=\"robots\" content=\"index, follow, max-snippet:-1, max-image-preview:large, max-video-preview:-1\" \/>\n<link rel=\"canonical\" href=\"https:\/\/wear-iqoniq.com\/es\/collection\/chaquetas\/thelon-parka-poliester-reciclado-caqui\/\" \/>\n<meta property=\"og:locale\" content=\"es_ES\" \/>\n<meta property=\"og:type\" content=\"article\" \/>\n<meta property=\"og:title\" content=\"Thelon Parka Poli\u00e9ster Reciclado, caqui - New Iqoniq\" \/>\n<meta property=\"og:description\" content=\"Chaqueta impermeable y acolchada unisex, confeccionada en poli\u00e9ster 100% reciclado. Impermeable hasta 4000 mm, transpirable y cortavientos. Espalda m\u00e1s larga, abertura trasera, cremallera invertida CF de doble sentido, tapeta frontal adicional con cuatro broches ocultos, pu\u00f1os impecables con medio pu\u00f1o interior adicional, capucha con topes en el interior del cuello y costuras decorativas horizontales. Est\u00e1 [&hellip;]\" \/>\n<meta property=\"og:url\" content=\"https:\/\/wear-iqoniq.com\/es\/collection\/chaquetas\/thelon-parka-poliester-reciclado-caqui\/\" \/>\n<meta property=\"og:site_name\" content=\"New Iqoniq\" \/>\n<meta property=\"article:modified_time\" content=\"2026-04-06T01:41:59+00:00\" \/>\n<meta property=\"og:image\" content=\"https:\/\/wear-iqoniq.com\/wp-content\/uploads\/sites\/13\/2026\/01\/T9702.020.L__S_0__2b67d6bda537400f9929e9c866499dd0.jpg\" \/>\n\t<meta property=\"og:image:width\" content=\"1024\" \/>\n\t<meta property=\"og:image:height\" content=\"1024\" \/>\n\t<meta property=\"og:image:type\" content=\"image\/jpeg\" \/>\n<meta name=\"twitter:card\" content=\"summary_large_image\" \/>\n<meta name=\"twitter:label1\" content=\"Tiempo de lectura\" \/>\n\t<meta name=\"twitter:data1\" content=\"1 minuto\" \/>\n<script type=\"application\/ld+json\" class=\"yoast-schema-graph\">{\"@context\":\"https:\/\/schema.org\",\"@graph\":[{\"@type\":\"WebPage\",\"@id\":\"https:\/\/wear-iqoniq.com\/es\/collection\/chaquetas\/thelon-parka-poliester-reciclado-caqui\/\",\"url\":\"https:\/\/wear-iqoniq.com\/es\/collection\/chaquetas\/thelon-parka-poliester-reciclado-caqui\/\",\"name\":\"Thelon Parka Poli\u00e9ster Reciclado, caqui - New Iqoniq\",\"isPartOf\":{\"@id\":\"https:\/\/wear-iqoniq.com\/es\/#website\"},\"primaryImageOfPage\":{\"@id\":\"https:\/\/wear-iqoniq.com\/es\/collection\/chaquetas\/thelon-parka-poliester-reciclado-caqui\/#primaryimage\"},\"image\":{\"@id\":\"https:\/\/wear-iqoniq.com\/es\/collection\/chaquetas\/thelon-parka-poliester-reciclado-caqui\/#primaryimage\"},\"thumbnailUrl\":\"https:\/\/wear-iqoniq.com\/wp-content\/uploads\/sites\/13\/2026\/01\/T9702.020.L__S_0__2b67d6bda537400f9929e9c866499dd0.jpg\",\"datePublished\":\"2026-01-05T09:16:14+00:00\",\"dateModified\":\"2026-04-06T01:41:59+00:00\",\"breadcrumb\":{\"@id\":\"https:\/\/wear-iqoniq.com\/es\/collection\/chaquetas\/thelon-parka-poliester-reciclado-caqui\/#breadcrumb\"},\"inLanguage\":\"es\",\"potentialAction\":[{\"@type\":\"ReadAction\",\"target\":[\"https:\/\/wear-iqoniq.com\/es\/collection\/chaquetas\/thelon-parka-poliester-reciclado-caqui\/\"]}]},{\"@type\":\"ImageObject\",\"inLanguage\":\"es\",\"@id\":\"https:\/\/wear-iqoniq.com\/es\/collection\/chaquetas\/thelon-parka-poliester-reciclado-caqui\/#primaryimage\",\"url\":\"https:\/\/wear-iqoniq.com\/wp-content\/uploads\/sites\/13\/2026\/01\/T9702.020.L__S_0__2b67d6bda537400f9929e9c866499dd0.jpg\",\"contentUrl\":\"https:\/\/wear-iqoniq.com\/wp-content\/uploads\/sites\/13\/2026\/01\/T9702.020.L__S_0__2b67d6bda537400f9929e9c866499dd0.jpg\",\"width\":1024,\"height\":1024},{\"@type\":\"BreadcrumbList\",\"@id\":\"https:\/\/wear-iqoniq.com\/es\/collection\/chaquetas\/thelon-parka-poliester-reciclado-caqui\/#breadcrumb\",\"itemListElement\":[{\"@type\":\"ListItem\",\"position\":1,\"name\":\"Home\",\"item\":\"https:\/\/wear-iqoniq.com\/es\/\"},{\"@type\":\"ListItem\",\"position\":2,\"name\":\"Coleccion\",\"item\":\"https:\/\/wear-iqoniq.com\/es\/coleccion\/\"},{\"@type\":\"ListItem\",\"position\":3,\"name\":\"Thelon Parka Poli\u00e9ster Reciclado, caqui\"}]},{\"@type\":\"WebSite\",\"@id\":\"https:\/\/wear-iqoniq.com\/es\/#website\",\"url\":\"https:\/\/wear-iqoniq.com\/es\/\",\"name\":\"Iqoniq\",\"description\":\"Wear Change\",\"potentialAction\":[{\"@type\":\"SearchAction\",\"target\":{\"@type\":\"EntryPoint\",\"urlTemplate\":\"https:\/\/wear-iqoniq.com\/es\/?s={search_term_string}\"},\"query-input\":{\"@type\":\"PropertyValueSpecification\",\"valueRequired\":true,\"valueName\":\"search_term_string\"}}],\"inLanguage\":\"es\"}]}<\/script>\n<!-- \/ Yoast SEO plugin. -->","yoast_head_json":{"title":"Thelon Parka Poli\u00e9ster Reciclado, caqui - New Iqoniq","robots":{"index":"index","follow":"follow","max-snippet":"max-snippet:-1","max-image-preview":"max-image-preview:large","max-video-preview":"max-video-preview:-1"},"canonical":"https:\/\/wear-iqoniq.com\/es\/collection\/chaquetas\/thelon-parka-poliester-reciclado-caqui\/","og_locale":"es_ES","og_type":"article","og_title":"Thelon Parka Poli\u00e9ster Reciclado, caqui - New Iqoniq","og_description":"Chaqueta impermeable y acolchada unisex, confeccionada en poli\u00e9ster 100% reciclado. Impermeable hasta 4000 mm, transpirable y cortavientos. Espalda m\u00e1s larga, abertura trasera, cremallera invertida CF de doble sentido, tapeta frontal adicional con cuatro broches ocultos, pu\u00f1os impecables con medio pu\u00f1o interior adicional, capucha con topes en el interior del cuello y costuras decorativas horizontales. Est\u00e1 [&hellip;]","og_url":"https:\/\/wear-iqoniq.com\/es\/collection\/chaquetas\/thelon-parka-poliester-reciclado-caqui\/","og_site_name":"New Iqoniq","article_modified_time":"2026-04-06T01:41:59+00:00","og_image":[{"width":1024,"height":1024,"url":"https:\/\/wear-iqoniq.com\/wp-content\/uploads\/sites\/13\/2026\/01\/T9702.020.L__S_0__2b67d6bda537400f9929e9c866499dd0.jpg","type":"image\/jpeg"}],"twitter_card":"summary_large_image","twitter_misc":{"Tiempo de lectura":"1 minuto"},"schema":{"@context":"https:\/\/schema.org","@graph":[{"@type":"WebPage","@id":"https:\/\/wear-iqoniq.com\/es\/collection\/chaquetas\/thelon-parka-poliester-reciclado-caqui\/","url":"https:\/\/wear-iqoniq.com\/es\/collection\/chaquetas\/thelon-parka-poliester-reciclado-caqui\/","name":"Thelon Parka Poli\u00e9ster Reciclado, caqui - New Iqoniq","isPartOf":{"@id":"https:\/\/wear-iqoniq.com\/es\/#website"},"primaryImageOfPage":{"@id":"https:\/\/wear-iqoniq.com\/es\/collection\/chaquetas\/thelon-parka-poliester-reciclado-caqui\/#primaryimage"},"image":{"@id":"https:\/\/wear-iqoniq.com\/es\/collection\/chaquetas\/thelon-parka-poliester-reciclado-caqui\/#primaryimage"},"thumbnailUrl":"https:\/\/wear-iqoniq.com\/wp-content\/uploads\/sites\/13\/2026\/01\/T9702.020.L__S_0__2b67d6bda537400f9929e9c866499dd0.jpg","datePublished":"2026-01-05T09:16:14+00:00","dateModified":"2026-04-06T01:41:59+00:00","breadcrumb":{"@id":"https:\/\/wear-iqoniq.com\/es\/collection\/chaquetas\/thelon-parka-poliester-reciclado-caqui\/#breadcrumb"},"inLanguage":"es","potentialAction":[{"@type":"ReadAction","target":["https:\/\/wear-iqoniq.com\/es\/collection\/chaquetas\/thelon-parka-poliester-reciclado-caqui\/"]}]},{"@type":"ImageObject","inLanguage":"es","@id":"https:\/\/wear-iqoniq.com\/es\/collection\/chaquetas\/thelon-parka-poliester-reciclado-caqui\/#primaryimage","url":"https:\/\/wear-iqoniq.com\/wp-content\/uploads\/sites\/13\/2026\/01\/T9702.020.L__S_0__2b67d6bda537400f9929e9c866499dd0.jpg","contentUrl":"https:\/\/wear-iqoniq.com\/wp-content\/uploads\/sites\/13\/2026\/01\/T9702.020.L__S_0__2b67d6bda537400f9929e9c866499dd0.jpg","width":1024,"height":1024},{"@type":"BreadcrumbList","@id":"https:\/\/wear-iqoniq.com\/es\/collection\/chaquetas\/thelon-parka-poliester-reciclado-caqui\/#breadcrumb","itemListElement":[{"@type":"ListItem","position":1,"name":"Home","item":"https:\/\/wear-iqoniq.com\/es\/"},{"@type":"ListItem","position":2,"name":"Coleccion","item":"https:\/\/wear-iqoniq.com\/es\/coleccion\/"},{"@type":"ListItem","position":3,"name":"Thelon Parka Poli\u00e9ster Reciclado, caqui"}]},{"@type":"WebSite","@id":"https:\/\/wear-iqoniq.com\/es\/#website","url":"https:\/\/wear-iqoniq.com\/es\/","name":"Iqoniq","description":"Wear Change","potentialAction":[{"@type":"SearchAction","target":{"@type":"EntryPoint","urlTemplate":"https:\/\/wear-iqoniq.com\/es\/?s={search_term_string}"},"query-input":{"@type":"PropertyValueSpecification","valueRequired":true,"valueName":"search_term_string"}}],"inLanguage":"es"}]}},"_links":{"self":[{"href":"https:\/\/wear-iqoniq.com\/es\/wp-json\/wp\/v2\/product\/331517","targetHints":{"allow":["GET"]}}],"collection":[{"href":"https:\/\/wear-iqoniq.com\/es\/wp-json\/wp\/v2\/product"}],"about":[{"href":"https:\/\/wear-iqoniq.com\/es\/wp-json\/wp\/v2\/types\/product"}],"wp:featuredmedia":[{"embeddable":true,"href":"https:\/\/wear-iqoniq.com\/es\/wp-json\/wp\/v2\/media\/331145"}],"wp:attachment":[{"href":"https:\/\/wear-iqoniq.com\/es\/wp-json\/wp\/v2\/media?parent=331517"}],"wp:term":[{"taxonomy":"product_cat","embeddable":true,"href":"https:\/\/wear-iqoniq.com\/es\/wp-json\/wp\/v2\/product_cat?post=331517"},{"taxonomy":"product_tag","embeddable":true,"href":"https:\/\/wear-iqoniq.com\/es\/wp-json\/wp\/v2\/product_tag?post=331517"}],"curies":[{"name":"wp","href":"https:\/\/api.w.org\/{rel}","templated":true}]}}