{"id":323066,"date":"2025-10-07T13:47:44","date_gmt":"2025-10-07T11:47:44","guid":{"rendered":"https:\/\/xdsomename.tempurl.host\/iqoniq\/collection\/sin%20categor\u00eda\/chaqueta-de-poliester-reciclado-para-mujer-iqoniq-maiko-azul-marino\/"},"modified":"2026-04-20T03:20:17","modified_gmt":"2026-04-20T01:20:17","slug":"chaqueta-de-poliester-reciclado-para-mujer-iqoniq-maiko-azul-marino","status":"publish","type":"product","link":"https:\/\/wear-iqoniq.com\/es\/collection\/chaquetas\/chaqueta-de-poliester-reciclado-para-mujer-iqoniq-maiko-azul-marino\/","title":{"rendered":"Maiko Chaqueta Acolchada Mujer Poli\u00e9ster Reciclado, azul mar"},"content":{"rendered":"<p>Chaqueta acolchada de corte medio para mujer, confeccionada con 100% poli\u00e9ster reciclado posconsumo. Est\u00e1 completamente acolchada con relleno de poli\u00e9ster 100% reciclado. Presenta una cremallera invertida en la parte delantera y pr\u00e1cticos bolsillos con cremallera en las costuras laterales. Todas las cremalleras cuentan con tiradores adicionales a juego para un look refinado. Los pu\u00f1os tienen ribete el\u00e1stico y todas las costuras interiores tienen un acabado impecable con ribete reciclado. Impregnaci\u00f3n hidr\u00f3fuga sin fl\u00faor ni PFAS. El uso de materiales textiles reciclados genuinos y las declaraciones de impacto ambiental est\u00e1n garantizadas mediante el uso del trazador f\u00edsico disruptivo AWARE\u2122 y la tecnolog\u00eda blockchain. Al escanear el c\u00f3digo QR, acceder\u00e1s a un pasaporte digital espec\u00edfico. El 2% de los beneficios de cada producto vendido se donar\u00e1 a Water.org. Cuenta con la certificaci\u00f3n OEKO-TEX\u00ae STANDARD 100. La chaqueta acolchada Maiko tambi\u00e9n est\u00e1 disponible en talla para hombre.<\/p>\n","protected":false},"excerpt":{"rendered":"<p>Chaqueta acolchada de corte medio para mujer, confeccionada con 100% poli\u00e9ster reciclado posconsumo. Est\u00e1 completamente acolchada con relleno de poli\u00e9ster 100% reciclado. Presenta una cremallera invertida en la parte delantera y pr\u00e1cticos bolsillos con cremallera en las costuras laterales. Todas las cremalleras cuentan con tiradores adicionales a juego para un look refinado. Los pu\u00f1os tienen [&hellip;]<\/p>\n","protected":false},"featured_media":323243,"template":"","meta":{"_acf_changed":false},"product_cat":[1197],"product_tag":[],"class_list":["post-323066","product","type-product","status-publish","has-post-thumbnail","hentry","product_cat-chaquetas","pa_color-navy","pa_fabric-type-tejido-liso","pa_fit-medium-fit","pa_gender-women","pa_materials-100re-pes-4","pa_weight-70-gsm"],"acf":[],"yoast_head":"<!-- This site is optimized with the Yoast SEO plugin v27.0 - https:\/\/yoast.com\/product\/yoast-seo-wordpress\/ -->\n<title>Maiko Chaqueta Acolchada Mujer Poli\u00e9ster Reciclado, azul mar - New Iqoniq<\/title>\n<meta name=\"robots\" content=\"index, follow, max-snippet:-1, max-image-preview:large, max-video-preview:-1\" \/>\n<link rel=\"canonical\" href=\"https:\/\/wear-iqoniq.com\/es\/collection\/chaquetas\/chaqueta-de-poliester-reciclado-para-mujer-iqoniq-maiko-azul-marino\/\" \/>\n<meta property=\"og:locale\" content=\"es_ES\" \/>\n<meta property=\"og:type\" content=\"article\" \/>\n<meta property=\"og:title\" content=\"Maiko Chaqueta Acolchada Mujer Poli\u00e9ster Reciclado, azul mar - New Iqoniq\" \/>\n<meta property=\"og:description\" content=\"Chaqueta acolchada de corte medio para mujer, confeccionada con 100% poli\u00e9ster reciclado posconsumo. Est\u00e1 completamente acolchada con relleno de poli\u00e9ster 100% reciclado. Presenta una cremallera invertida en la parte delantera y pr\u00e1cticos bolsillos con cremallera en las costuras laterales. Todas las cremalleras cuentan con tiradores adicionales a juego para un look refinado. Los pu\u00f1os tienen [&hellip;]\" \/>\n<meta property=\"og:url\" content=\"https:\/\/wear-iqoniq.com\/es\/collection\/chaquetas\/chaqueta-de-poliester-reciclado-para-mujer-iqoniq-maiko-azul-marino\/\" \/>\n<meta property=\"og:site_name\" content=\"New Iqoniq\" \/>\n<meta property=\"article:modified_time\" content=\"2026-04-20T01:20:17+00:00\" \/>\n<meta property=\"og:image\" content=\"https:\/\/wear-iqoniq.com\/wp-content\/uploads\/sites\/13\/2025\/08\/T4703.002.L__S_0__cb30b67cd9e34525a400a3fe2726c5a0.jpg\" \/>\n\t<meta property=\"og:image:width\" content=\"1024\" \/>\n\t<meta property=\"og:image:height\" content=\"1024\" \/>\n\t<meta property=\"og:image:type\" content=\"image\/jpeg\" \/>\n<meta name=\"twitter:card\" content=\"summary_large_image\" \/>\n<meta name=\"twitter:label1\" content=\"Tiempo de lectura\" \/>\n\t<meta name=\"twitter:data1\" content=\"1 minuto\" \/>\n<script type=\"application\/ld+json\" class=\"yoast-schema-graph\">{\"@context\":\"https:\/\/schema.org\",\"@graph\":[{\"@type\":\"WebPage\",\"@id\":\"https:\/\/wear-iqoniq.com\/es\/collection\/chaquetas\/chaqueta-de-poliester-reciclado-para-mujer-iqoniq-maiko-azul-marino\/\",\"url\":\"https:\/\/wear-iqoniq.com\/es\/collection\/chaquetas\/chaqueta-de-poliester-reciclado-para-mujer-iqoniq-maiko-azul-marino\/\",\"name\":\"Maiko Chaqueta Acolchada Mujer Poli\u00e9ster Reciclado, azul mar - New Iqoniq\",\"isPartOf\":{\"@id\":\"https:\/\/wear-iqoniq.com\/es\/#website\"},\"primaryImageOfPage\":{\"@id\":\"https:\/\/wear-iqoniq.com\/es\/collection\/chaquetas\/chaqueta-de-poliester-reciclado-para-mujer-iqoniq-maiko-azul-marino\/#primaryimage\"},\"image\":{\"@id\":\"https:\/\/wear-iqoniq.com\/es\/collection\/chaquetas\/chaqueta-de-poliester-reciclado-para-mujer-iqoniq-maiko-azul-marino\/#primaryimage\"},\"thumbnailUrl\":\"https:\/\/wear-iqoniq.com\/wp-content\/uploads\/sites\/13\/2025\/08\/T4703.002.L__S_0__cb30b67cd9e34525a400a3fe2726c5a0.jpg\",\"datePublished\":\"2025-10-07T11:47:44+00:00\",\"dateModified\":\"2026-04-20T01:20:17+00:00\",\"breadcrumb\":{\"@id\":\"https:\/\/wear-iqoniq.com\/es\/collection\/chaquetas\/chaqueta-de-poliester-reciclado-para-mujer-iqoniq-maiko-azul-marino\/#breadcrumb\"},\"inLanguage\":\"es\",\"potentialAction\":[{\"@type\":\"ReadAction\",\"target\":[\"https:\/\/wear-iqoniq.com\/es\/collection\/chaquetas\/chaqueta-de-poliester-reciclado-para-mujer-iqoniq-maiko-azul-marino\/\"]}]},{\"@type\":\"ImageObject\",\"inLanguage\":\"es\",\"@id\":\"https:\/\/wear-iqoniq.com\/es\/collection\/chaquetas\/chaqueta-de-poliester-reciclado-para-mujer-iqoniq-maiko-azul-marino\/#primaryimage\",\"url\":\"https:\/\/wear-iqoniq.com\/wp-content\/uploads\/sites\/13\/2025\/08\/T4703.002.L__S_0__cb30b67cd9e34525a400a3fe2726c5a0.jpg\",\"contentUrl\":\"https:\/\/wear-iqoniq.com\/wp-content\/uploads\/sites\/13\/2025\/08\/T4703.002.L__S_0__cb30b67cd9e34525a400a3fe2726c5a0.jpg\",\"width\":1024,\"height\":1024},{\"@type\":\"BreadcrumbList\",\"@id\":\"https:\/\/wear-iqoniq.com\/es\/collection\/chaquetas\/chaqueta-de-poliester-reciclado-para-mujer-iqoniq-maiko-azul-marino\/#breadcrumb\",\"itemListElement\":[{\"@type\":\"ListItem\",\"position\":1,\"name\":\"Home\",\"item\":\"https:\/\/wear-iqoniq.com\/es\/\"},{\"@type\":\"ListItem\",\"position\":2,\"name\":\"Coleccion\",\"item\":\"https:\/\/wear-iqoniq.com\/es\/coleccion\/\"},{\"@type\":\"ListItem\",\"position\":3,\"name\":\"Maiko Chaqueta Acolchada Mujer Poli\u00e9ster Reciclado, azul mar\"}]},{\"@type\":\"WebSite\",\"@id\":\"https:\/\/wear-iqoniq.com\/es\/#website\",\"url\":\"https:\/\/wear-iqoniq.com\/es\/\",\"name\":\"Iqoniq\",\"description\":\"Wear Change\",\"potentialAction\":[{\"@type\":\"SearchAction\",\"target\":{\"@type\":\"EntryPoint\",\"urlTemplate\":\"https:\/\/wear-iqoniq.com\/es\/?s={search_term_string}\"},\"query-input\":{\"@type\":\"PropertyValueSpecification\",\"valueRequired\":true,\"valueName\":\"search_term_string\"}}],\"inLanguage\":\"es\"}]}<\/script>\n<!-- \/ Yoast SEO plugin. -->","yoast_head_json":{"title":"Maiko Chaqueta Acolchada Mujer Poli\u00e9ster Reciclado, azul mar - New Iqoniq","robots":{"index":"index","follow":"follow","max-snippet":"max-snippet:-1","max-image-preview":"max-image-preview:large","max-video-preview":"max-video-preview:-1"},"canonical":"https:\/\/wear-iqoniq.com\/es\/collection\/chaquetas\/chaqueta-de-poliester-reciclado-para-mujer-iqoniq-maiko-azul-marino\/","og_locale":"es_ES","og_type":"article","og_title":"Maiko Chaqueta Acolchada Mujer Poli\u00e9ster Reciclado, azul mar - New Iqoniq","og_description":"Chaqueta acolchada de corte medio para mujer, confeccionada con 100% poli\u00e9ster reciclado posconsumo. Est\u00e1 completamente acolchada con relleno de poli\u00e9ster 100% reciclado. Presenta una cremallera invertida en la parte delantera y pr\u00e1cticos bolsillos con cremallera en las costuras laterales. Todas las cremalleras cuentan con tiradores adicionales a juego para un look refinado. Los pu\u00f1os tienen [&hellip;]","og_url":"https:\/\/wear-iqoniq.com\/es\/collection\/chaquetas\/chaqueta-de-poliester-reciclado-para-mujer-iqoniq-maiko-azul-marino\/","og_site_name":"New Iqoniq","article_modified_time":"2026-04-20T01:20:17+00:00","og_image":[{"width":1024,"height":1024,"url":"https:\/\/wear-iqoniq.com\/wp-content\/uploads\/sites\/13\/2025\/08\/T4703.002.L__S_0__cb30b67cd9e34525a400a3fe2726c5a0.jpg","type":"image\/jpeg"}],"twitter_card":"summary_large_image","twitter_misc":{"Tiempo de lectura":"1 minuto"},"schema":{"@context":"https:\/\/schema.org","@graph":[{"@type":"WebPage","@id":"https:\/\/wear-iqoniq.com\/es\/collection\/chaquetas\/chaqueta-de-poliester-reciclado-para-mujer-iqoniq-maiko-azul-marino\/","url":"https:\/\/wear-iqoniq.com\/es\/collection\/chaquetas\/chaqueta-de-poliester-reciclado-para-mujer-iqoniq-maiko-azul-marino\/","name":"Maiko Chaqueta Acolchada Mujer Poli\u00e9ster Reciclado, azul mar - New Iqoniq","isPartOf":{"@id":"https:\/\/wear-iqoniq.com\/es\/#website"},"primaryImageOfPage":{"@id":"https:\/\/wear-iqoniq.com\/es\/collection\/chaquetas\/chaqueta-de-poliester-reciclado-para-mujer-iqoniq-maiko-azul-marino\/#primaryimage"},"image":{"@id":"https:\/\/wear-iqoniq.com\/es\/collection\/chaquetas\/chaqueta-de-poliester-reciclado-para-mujer-iqoniq-maiko-azul-marino\/#primaryimage"},"thumbnailUrl":"https:\/\/wear-iqoniq.com\/wp-content\/uploads\/sites\/13\/2025\/08\/T4703.002.L__S_0__cb30b67cd9e34525a400a3fe2726c5a0.jpg","datePublished":"2025-10-07T11:47:44+00:00","dateModified":"2026-04-20T01:20:17+00:00","breadcrumb":{"@id":"https:\/\/wear-iqoniq.com\/es\/collection\/chaquetas\/chaqueta-de-poliester-reciclado-para-mujer-iqoniq-maiko-azul-marino\/#breadcrumb"},"inLanguage":"es","potentialAction":[{"@type":"ReadAction","target":["https:\/\/wear-iqoniq.com\/es\/collection\/chaquetas\/chaqueta-de-poliester-reciclado-para-mujer-iqoniq-maiko-azul-marino\/"]}]},{"@type":"ImageObject","inLanguage":"es","@id":"https:\/\/wear-iqoniq.com\/es\/collection\/chaquetas\/chaqueta-de-poliester-reciclado-para-mujer-iqoniq-maiko-azul-marino\/#primaryimage","url":"https:\/\/wear-iqoniq.com\/wp-content\/uploads\/sites\/13\/2025\/08\/T4703.002.L__S_0__cb30b67cd9e34525a400a3fe2726c5a0.jpg","contentUrl":"https:\/\/wear-iqoniq.com\/wp-content\/uploads\/sites\/13\/2025\/08\/T4703.002.L__S_0__cb30b67cd9e34525a400a3fe2726c5a0.jpg","width":1024,"height":1024},{"@type":"BreadcrumbList","@id":"https:\/\/wear-iqoniq.com\/es\/collection\/chaquetas\/chaqueta-de-poliester-reciclado-para-mujer-iqoniq-maiko-azul-marino\/#breadcrumb","itemListElement":[{"@type":"ListItem","position":1,"name":"Home","item":"https:\/\/wear-iqoniq.com\/es\/"},{"@type":"ListItem","position":2,"name":"Coleccion","item":"https:\/\/wear-iqoniq.com\/es\/coleccion\/"},{"@type":"ListItem","position":3,"name":"Maiko Chaqueta Acolchada Mujer Poli\u00e9ster Reciclado, azul mar"}]},{"@type":"WebSite","@id":"https:\/\/wear-iqoniq.com\/es\/#website","url":"https:\/\/wear-iqoniq.com\/es\/","name":"Iqoniq","description":"Wear Change","potentialAction":[{"@type":"SearchAction","target":{"@type":"EntryPoint","urlTemplate":"https:\/\/wear-iqoniq.com\/es\/?s={search_term_string}"},"query-input":{"@type":"PropertyValueSpecification","valueRequired":true,"valueName":"search_term_string"}}],"inLanguage":"es"}]}},"_links":{"self":[{"href":"https:\/\/wear-iqoniq.com\/es\/wp-json\/wp\/v2\/product\/323066","targetHints":{"allow":["GET"]}}],"collection":[{"href":"https:\/\/wear-iqoniq.com\/es\/wp-json\/wp\/v2\/product"}],"about":[{"href":"https:\/\/wear-iqoniq.com\/es\/wp-json\/wp\/v2\/types\/product"}],"wp:featuredmedia":[{"embeddable":true,"href":"https:\/\/wear-iqoniq.com\/es\/wp-json\/wp\/v2\/media\/323243"}],"wp:attachment":[{"href":"https:\/\/wear-iqoniq.com\/es\/wp-json\/wp\/v2\/media?parent=323066"}],"wp:term":[{"taxonomy":"product_cat","embeddable":true,"href":"https:\/\/wear-iqoniq.com\/es\/wp-json\/wp\/v2\/product_cat?post=323066"},{"taxonomy":"product_tag","embeddable":true,"href":"https:\/\/wear-iqoniq.com\/es\/wp-json\/wp\/v2\/product_tag?post=323066"}],"curies":[{"name":"wp","href":"https:\/\/api.w.org\/{rel}","templated":true}]}}