{"id":257494,"date":"2025-10-07T13:47:44","date_gmt":"2025-10-07T11:47:44","guid":{"rendered":"https:\/\/xdsomename.tempurl.host\/iqoniq\/collection\/sin%20categor\u00eda\/chaleco-mujer-iqoniq-meru-de-poliester-reciclado-caqui\/"},"modified":"2026-04-16T03:18:43","modified_gmt":"2026-04-16T01:18:43","slug":"chaleco-mujer-iqoniq-meru-de-poliester-reciclado-caqui","status":"publish","type":"product","link":"https:\/\/wear-iqoniq.com\/es\/collection\/chaquetas\/chaleco-mujer-iqoniq-meru-de-poliester-reciclado-caqui\/","title":{"rendered":"Meru Chaleco Mujer Poliester Reciclado, caqui"},"content":{"rendered":"<p>Chaleco medium fit de mujer confeccionado 100% con poli\u00e9ster reciclado. Totalmente acolchado con relleno de perlas de poli\u00e9ster 100% reciclado. Tiene pr\u00e1cticos bolsillos con cremallera en las costuras laterales. Todas las cremalleras tienen tiradores adicionales en colores a juego para una apariencia refinada. Las sisas tienen ribetes el\u00e1sticos y todas las costuras del interior tienen un acabado limpio con ribetes reciclados. Impregnaci\u00f3n repelente al agua libre de fl\u00faor\/PFAS. El uso de materiales de tela reciclados genuinos y las afirmaciones de impacto ambiental est\u00e1n garantizados mediante el uso del trazador f\u00edsico disruptivo AWARE\u2122 y la tecnolog\u00eda blockchain. Al escanear el c\u00f3digo QR, obtendr\u00e1s acceso a un pasaporte digital exclusivo. El 2% de los ingresos de cada producto vendido se donar\u00e1 a Water.org. Este producto tiene la certificaci\u00f3n OEKO-TEX\u00ae STANDARD 100. El chaleco tambi\u00e9n est\u00e1 disponible para hombre.<\/p>\n","protected":false},"excerpt":{"rendered":"<p>Chaleco medium fit de mujer confeccionado 100% con poli\u00e9ster reciclado. Totalmente acolchado con relleno de perlas de poli\u00e9ster 100% reciclado. Tiene pr\u00e1cticos bolsillos con cremallera en las costuras laterales. Todas las cremalleras tienen tiradores adicionales en colores a juego para una apariencia refinada. Las sisas tienen ribetes el\u00e1sticos y todas las costuras del interior tienen [&hellip;]<\/p>\n","protected":false},"featured_media":318098,"template":"","meta":{"_acf_changed":false},"product_cat":[1197],"product_tag":[],"class_list":["post-257494","product","type-product","status-publish","has-post-thumbnail","hentry","product_cat-chaquetas","pa_color-khaki","pa_fabric-type-tejido-liso","pa_fit-medium-fit","pa_gender-women","pa_materials-100re-pes-4","pa_weight-70-gsm"],"acf":[],"yoast_head":"<!-- This site is optimized with the Yoast SEO plugin v27.0 - https:\/\/yoast.com\/product\/yoast-seo-wordpress\/ -->\n<title>Meru Chaleco Mujer Poliester Reciclado, caqui - New Iqoniq<\/title>\n<meta name=\"robots\" content=\"index, follow, max-snippet:-1, max-image-preview:large, max-video-preview:-1\" \/>\n<link rel=\"canonical\" href=\"https:\/\/wear-iqoniq.com\/es\/collection\/chaquetas\/chaleco-mujer-iqoniq-meru-de-poliester-reciclado-caqui\/\" \/>\n<meta property=\"og:locale\" content=\"es_ES\" \/>\n<meta property=\"og:type\" content=\"article\" \/>\n<meta property=\"og:title\" content=\"Meru Chaleco Mujer Poliester Reciclado, caqui - New Iqoniq\" \/>\n<meta property=\"og:description\" content=\"Chaleco medium fit de mujer confeccionado 100% con poli\u00e9ster reciclado. Totalmente acolchado con relleno de perlas de poli\u00e9ster 100% reciclado. Tiene pr\u00e1cticos bolsillos con cremallera en las costuras laterales. Todas las cremalleras tienen tiradores adicionales en colores a juego para una apariencia refinada. Las sisas tienen ribetes el\u00e1sticos y todas las costuras del interior tienen [&hellip;]\" \/>\n<meta property=\"og:url\" content=\"https:\/\/wear-iqoniq.com\/es\/collection\/chaquetas\/chaleco-mujer-iqoniq-meru-de-poliester-reciclado-caqui\/\" \/>\n<meta property=\"og:site_name\" content=\"New Iqoniq\" \/>\n<meta property=\"article:modified_time\" content=\"2026-04-16T01:18:43+00:00\" \/>\n<meta property=\"og:image\" content=\"https:\/\/wear-iqoniq.com\/wp-content\/uploads\/sites\/13\/2025\/04\/T4702.020.L__S_0__b3c6914577dc48a68cf6b1cae3d1e0c7.jpg\" \/>\n\t<meta property=\"og:image:width\" content=\"1024\" \/>\n\t<meta property=\"og:image:height\" content=\"1024\" \/>\n\t<meta property=\"og:image:type\" content=\"image\/jpeg\" \/>\n<meta name=\"twitter:card\" content=\"summary_large_image\" \/>\n<meta name=\"twitter:label1\" content=\"Tiempo de lectura\" \/>\n\t<meta name=\"twitter:data1\" content=\"1 minuto\" \/>\n<script type=\"application\/ld+json\" class=\"yoast-schema-graph\">{\"@context\":\"https:\/\/schema.org\",\"@graph\":[{\"@type\":\"WebPage\",\"@id\":\"https:\/\/wear-iqoniq.com\/es\/collection\/chaquetas\/chaleco-mujer-iqoniq-meru-de-poliester-reciclado-caqui\/\",\"url\":\"https:\/\/wear-iqoniq.com\/es\/collection\/chaquetas\/chaleco-mujer-iqoniq-meru-de-poliester-reciclado-caqui\/\",\"name\":\"Meru Chaleco Mujer Poliester Reciclado, caqui - New Iqoniq\",\"isPartOf\":{\"@id\":\"https:\/\/wear-iqoniq.com\/es\/#website\"},\"primaryImageOfPage\":{\"@id\":\"https:\/\/wear-iqoniq.com\/es\/collection\/chaquetas\/chaleco-mujer-iqoniq-meru-de-poliester-reciclado-caqui\/#primaryimage\"},\"image\":{\"@id\":\"https:\/\/wear-iqoniq.com\/es\/collection\/chaquetas\/chaleco-mujer-iqoniq-meru-de-poliester-reciclado-caqui\/#primaryimage\"},\"thumbnailUrl\":\"https:\/\/wear-iqoniq.com\/wp-content\/uploads\/sites\/13\/2025\/04\/T4702.020.L__S_0__b3c6914577dc48a68cf6b1cae3d1e0c7.jpg\",\"datePublished\":\"2025-10-07T11:47:44+00:00\",\"dateModified\":\"2026-04-16T01:18:43+00:00\",\"breadcrumb\":{\"@id\":\"https:\/\/wear-iqoniq.com\/es\/collection\/chaquetas\/chaleco-mujer-iqoniq-meru-de-poliester-reciclado-caqui\/#breadcrumb\"},\"inLanguage\":\"es\",\"potentialAction\":[{\"@type\":\"ReadAction\",\"target\":[\"https:\/\/wear-iqoniq.com\/es\/collection\/chaquetas\/chaleco-mujer-iqoniq-meru-de-poliester-reciclado-caqui\/\"]}]},{\"@type\":\"ImageObject\",\"inLanguage\":\"es\",\"@id\":\"https:\/\/wear-iqoniq.com\/es\/collection\/chaquetas\/chaleco-mujer-iqoniq-meru-de-poliester-reciclado-caqui\/#primaryimage\",\"url\":\"https:\/\/wear-iqoniq.com\/wp-content\/uploads\/sites\/13\/2025\/04\/T4702.020.L__S_0__b3c6914577dc48a68cf6b1cae3d1e0c7.jpg\",\"contentUrl\":\"https:\/\/wear-iqoniq.com\/wp-content\/uploads\/sites\/13\/2025\/04\/T4702.020.L__S_0__b3c6914577dc48a68cf6b1cae3d1e0c7.jpg\",\"width\":1024,\"height\":1024},{\"@type\":\"BreadcrumbList\",\"@id\":\"https:\/\/wear-iqoniq.com\/es\/collection\/chaquetas\/chaleco-mujer-iqoniq-meru-de-poliester-reciclado-caqui\/#breadcrumb\",\"itemListElement\":[{\"@type\":\"ListItem\",\"position\":1,\"name\":\"Home\",\"item\":\"https:\/\/wear-iqoniq.com\/es\/\"},{\"@type\":\"ListItem\",\"position\":2,\"name\":\"Coleccion\",\"item\":\"https:\/\/wear-iqoniq.com\/es\/coleccion\/\"},{\"@type\":\"ListItem\",\"position\":3,\"name\":\"Meru Chaleco Mujer Poliester Reciclado, caqui\"}]},{\"@type\":\"WebSite\",\"@id\":\"https:\/\/wear-iqoniq.com\/es\/#website\",\"url\":\"https:\/\/wear-iqoniq.com\/es\/\",\"name\":\"Iqoniq\",\"description\":\"Wear Change\",\"potentialAction\":[{\"@type\":\"SearchAction\",\"target\":{\"@type\":\"EntryPoint\",\"urlTemplate\":\"https:\/\/wear-iqoniq.com\/es\/?s={search_term_string}\"},\"query-input\":{\"@type\":\"PropertyValueSpecification\",\"valueRequired\":true,\"valueName\":\"search_term_string\"}}],\"inLanguage\":\"es\"}]}<\/script>\n<!-- \/ Yoast SEO plugin. -->","yoast_head_json":{"title":"Meru Chaleco Mujer Poliester Reciclado, caqui - New Iqoniq","robots":{"index":"index","follow":"follow","max-snippet":"max-snippet:-1","max-image-preview":"max-image-preview:large","max-video-preview":"max-video-preview:-1"},"canonical":"https:\/\/wear-iqoniq.com\/es\/collection\/chaquetas\/chaleco-mujer-iqoniq-meru-de-poliester-reciclado-caqui\/","og_locale":"es_ES","og_type":"article","og_title":"Meru Chaleco Mujer Poliester Reciclado, caqui - New Iqoniq","og_description":"Chaleco medium fit de mujer confeccionado 100% con poli\u00e9ster reciclado. Totalmente acolchado con relleno de perlas de poli\u00e9ster 100% reciclado. Tiene pr\u00e1cticos bolsillos con cremallera en las costuras laterales. Todas las cremalleras tienen tiradores adicionales en colores a juego para una apariencia refinada. Las sisas tienen ribetes el\u00e1sticos y todas las costuras del interior tienen [&hellip;]","og_url":"https:\/\/wear-iqoniq.com\/es\/collection\/chaquetas\/chaleco-mujer-iqoniq-meru-de-poliester-reciclado-caqui\/","og_site_name":"New Iqoniq","article_modified_time":"2026-04-16T01:18:43+00:00","og_image":[{"width":1024,"height":1024,"url":"https:\/\/wear-iqoniq.com\/wp-content\/uploads\/sites\/13\/2025\/04\/T4702.020.L__S_0__b3c6914577dc48a68cf6b1cae3d1e0c7.jpg","type":"image\/jpeg"}],"twitter_card":"summary_large_image","twitter_misc":{"Tiempo de lectura":"1 minuto"},"schema":{"@context":"https:\/\/schema.org","@graph":[{"@type":"WebPage","@id":"https:\/\/wear-iqoniq.com\/es\/collection\/chaquetas\/chaleco-mujer-iqoniq-meru-de-poliester-reciclado-caqui\/","url":"https:\/\/wear-iqoniq.com\/es\/collection\/chaquetas\/chaleco-mujer-iqoniq-meru-de-poliester-reciclado-caqui\/","name":"Meru Chaleco Mujer Poliester Reciclado, caqui - New Iqoniq","isPartOf":{"@id":"https:\/\/wear-iqoniq.com\/es\/#website"},"primaryImageOfPage":{"@id":"https:\/\/wear-iqoniq.com\/es\/collection\/chaquetas\/chaleco-mujer-iqoniq-meru-de-poliester-reciclado-caqui\/#primaryimage"},"image":{"@id":"https:\/\/wear-iqoniq.com\/es\/collection\/chaquetas\/chaleco-mujer-iqoniq-meru-de-poliester-reciclado-caqui\/#primaryimage"},"thumbnailUrl":"https:\/\/wear-iqoniq.com\/wp-content\/uploads\/sites\/13\/2025\/04\/T4702.020.L__S_0__b3c6914577dc48a68cf6b1cae3d1e0c7.jpg","datePublished":"2025-10-07T11:47:44+00:00","dateModified":"2026-04-16T01:18:43+00:00","breadcrumb":{"@id":"https:\/\/wear-iqoniq.com\/es\/collection\/chaquetas\/chaleco-mujer-iqoniq-meru-de-poliester-reciclado-caqui\/#breadcrumb"},"inLanguage":"es","potentialAction":[{"@type":"ReadAction","target":["https:\/\/wear-iqoniq.com\/es\/collection\/chaquetas\/chaleco-mujer-iqoniq-meru-de-poliester-reciclado-caqui\/"]}]},{"@type":"ImageObject","inLanguage":"es","@id":"https:\/\/wear-iqoniq.com\/es\/collection\/chaquetas\/chaleco-mujer-iqoniq-meru-de-poliester-reciclado-caqui\/#primaryimage","url":"https:\/\/wear-iqoniq.com\/wp-content\/uploads\/sites\/13\/2025\/04\/T4702.020.L__S_0__b3c6914577dc48a68cf6b1cae3d1e0c7.jpg","contentUrl":"https:\/\/wear-iqoniq.com\/wp-content\/uploads\/sites\/13\/2025\/04\/T4702.020.L__S_0__b3c6914577dc48a68cf6b1cae3d1e0c7.jpg","width":1024,"height":1024},{"@type":"BreadcrumbList","@id":"https:\/\/wear-iqoniq.com\/es\/collection\/chaquetas\/chaleco-mujer-iqoniq-meru-de-poliester-reciclado-caqui\/#breadcrumb","itemListElement":[{"@type":"ListItem","position":1,"name":"Home","item":"https:\/\/wear-iqoniq.com\/es\/"},{"@type":"ListItem","position":2,"name":"Coleccion","item":"https:\/\/wear-iqoniq.com\/es\/coleccion\/"},{"@type":"ListItem","position":3,"name":"Meru Chaleco Mujer Poliester Reciclado, caqui"}]},{"@type":"WebSite","@id":"https:\/\/wear-iqoniq.com\/es\/#website","url":"https:\/\/wear-iqoniq.com\/es\/","name":"Iqoniq","description":"Wear Change","potentialAction":[{"@type":"SearchAction","target":{"@type":"EntryPoint","urlTemplate":"https:\/\/wear-iqoniq.com\/es\/?s={search_term_string}"},"query-input":{"@type":"PropertyValueSpecification","valueRequired":true,"valueName":"search_term_string"}}],"inLanguage":"es"}]}},"_links":{"self":[{"href":"https:\/\/wear-iqoniq.com\/es\/wp-json\/wp\/v2\/product\/257494","targetHints":{"allow":["GET"]}}],"collection":[{"href":"https:\/\/wear-iqoniq.com\/es\/wp-json\/wp\/v2\/product"}],"about":[{"href":"https:\/\/wear-iqoniq.com\/es\/wp-json\/wp\/v2\/types\/product"}],"wp:featuredmedia":[{"embeddable":true,"href":"https:\/\/wear-iqoniq.com\/es\/wp-json\/wp\/v2\/media\/318098"}],"wp:attachment":[{"href":"https:\/\/wear-iqoniq.com\/es\/wp-json\/wp\/v2\/media?parent=257494"}],"wp:term":[{"taxonomy":"product_cat","embeddable":true,"href":"https:\/\/wear-iqoniq.com\/es\/wp-json\/wp\/v2\/product_cat?post=257494"},{"taxonomy":"product_tag","embeddable":true,"href":"https:\/\/wear-iqoniq.com\/es\/wp-json\/wp\/v2\/product_tag?post=257494"}],"curies":[{"name":"wp","href":"https:\/\/api.w.org\/{rel}","templated":true}]}}