{"id":215422,"date":"2025-10-07T13:48:53","date_gmt":"2025-10-07T11:48:53","guid":{"rendered":"https:\/\/xdsomename.tempurl.host\/iqoniq\/collection\/sin%20categor\u00eda\/camiseta-iqoniq-tikal-poliester-reciclado-secado-rapido-iceberg-green\/"},"modified":"2026-04-14T03:22:32","modified_gmt":"2026-04-14T01:22:32","slug":"camiseta-iqoniq-tikal-poliester-reciclado-secado-rapido-iceberg-green","status":"publish","type":"product","link":"https:\/\/wear-iqoniq.com\/es\/collection\/camisetas-es\/camiseta-iqoniq-tikal-poliester-reciclado-secado-rapido-iceberg-green\/","title":{"rendered":"Tikal Camiseta Deportiva Poli\u00e9ster Reciclado, Iceberg green"},"content":{"rendered":"<p>Camiseta deportiva unisex de corte medio confeccionada 100% en poli\u00e9ster reciclado posconsumo de 150 G\/M\u00b2. Esta camiseta de uso activo est\u00e1 confeccionada con tejido mini ribstop de alta calidad con tecnolog\u00eda de secado r\u00e1pido, lo que la hace adecuada para m\u00faltiples deportes. La camiseta tiene mangas ragl\u00e1n y escote redondo del mismo tejido. El uso de materiales de tela reciclados genuinos y las afirmaciones de impacto ambiental est\u00e1n garantizados mediante el uso del trazador f\u00edsico disruptivo AWARE\u2122 y la tecnolog\u00eda blockchain. Al escanear el c\u00f3digo QR, obtendr\u00e1s acceso a un pasaporte digital exclusivo del producto. El 2% de los ingresos de cada producto vendido se donar\u00e1 a Water.org.<\/p>\n","protected":false},"excerpt":{"rendered":"<p>Camiseta deportiva unisex de corte medio confeccionada 100% en poli\u00e9ster reciclado posconsumo de 150 G\/M\u00b2. Esta camiseta de uso activo est\u00e1 confeccionada con tejido mini ribstop de alta calidad con tecnolog\u00eda de secado r\u00e1pido, lo que la hace adecuada para m\u00faltiples deportes. La camiseta tiene mangas ragl\u00e1n y escote redondo del mismo tejido. El uso [&hellip;]<\/p>\n","protected":false},"featured_media":318462,"template":"","meta":{"_acf_changed":false},"product_cat":[147],"product_tag":[],"class_list":["post-215422","product","type-product","status-publish","has-post-thumbnail","hentry","product_cat-camisetas-es","pa_color-ice-green","pa_fabric-type-mini-ripstop","pa_fit-medium-fit","pa_gender-unisex","pa_materials-100re-pes-4","pa_weight-150-gsm"],"acf":[],"yoast_head":"<!-- This site is optimized with the Yoast SEO plugin v27.0 - https:\/\/yoast.com\/product\/yoast-seo-wordpress\/ -->\n<title>Tikal Camiseta Deportiva Poli\u00e9ster Reciclado, Iceberg green - New Iqoniq<\/title>\n<meta name=\"robots\" content=\"index, follow, max-snippet:-1, max-image-preview:large, max-video-preview:-1\" \/>\n<link rel=\"canonical\" href=\"https:\/\/wear-iqoniq.com\/es\/collection\/camisetas-es\/camiseta-iqoniq-tikal-poliester-reciclado-secado-rapido-iceberg-green\/\" \/>\n<meta property=\"og:locale\" content=\"es_ES\" \/>\n<meta property=\"og:type\" content=\"article\" \/>\n<meta property=\"og:title\" content=\"Tikal Camiseta Deportiva Poli\u00e9ster Reciclado, Iceberg green - New Iqoniq\" \/>\n<meta property=\"og:description\" content=\"Camiseta deportiva unisex de corte medio confeccionada 100% en poli\u00e9ster reciclado posconsumo de 150 G\/M\u00b2. Esta camiseta de uso activo est\u00e1 confeccionada con tejido mini ribstop de alta calidad con tecnolog\u00eda de secado r\u00e1pido, lo que la hace adecuada para m\u00faltiples deportes. La camiseta tiene mangas ragl\u00e1n y escote redondo del mismo tejido. El uso [&hellip;]\" \/>\n<meta property=\"og:url\" content=\"https:\/\/wear-iqoniq.com\/es\/collection\/camisetas-es\/camiseta-iqoniq-tikal-poliester-reciclado-secado-rapido-iceberg-green\/\" \/>\n<meta property=\"og:site_name\" content=\"New Iqoniq\" \/>\n<meta property=\"article:modified_time\" content=\"2026-04-14T01:22:32+00:00\" \/>\n<meta property=\"og:image\" content=\"https:\/\/wear-iqoniq.com\/wp-content\/uploads\/sites\/13\/2025\/04\/T9102.023.L__S_0__b9c58dd1458f4181a96f22f961163ac1.jpg\" \/>\n\t<meta property=\"og:image:width\" content=\"1024\" \/>\n\t<meta property=\"og:image:height\" content=\"1024\" \/>\n\t<meta property=\"og:image:type\" content=\"image\/jpeg\" \/>\n<meta name=\"twitter:card\" content=\"summary_large_image\" \/>\n<meta name=\"twitter:label1\" content=\"Tiempo de lectura\" \/>\n\t<meta name=\"twitter:data1\" content=\"1 minuto\" \/>\n<script type=\"application\/ld+json\" class=\"yoast-schema-graph\">{\"@context\":\"https:\/\/schema.org\",\"@graph\":[{\"@type\":\"WebPage\",\"@id\":\"https:\/\/wear-iqoniq.com\/es\/collection\/camisetas-es\/camiseta-iqoniq-tikal-poliester-reciclado-secado-rapido-iceberg-green\/\",\"url\":\"https:\/\/wear-iqoniq.com\/es\/collection\/camisetas-es\/camiseta-iqoniq-tikal-poliester-reciclado-secado-rapido-iceberg-green\/\",\"name\":\"Tikal Camiseta Deportiva Poli\u00e9ster Reciclado, Iceberg green - New Iqoniq\",\"isPartOf\":{\"@id\":\"https:\/\/wear-iqoniq.com\/es\/#website\"},\"primaryImageOfPage\":{\"@id\":\"https:\/\/wear-iqoniq.com\/es\/collection\/camisetas-es\/camiseta-iqoniq-tikal-poliester-reciclado-secado-rapido-iceberg-green\/#primaryimage\"},\"image\":{\"@id\":\"https:\/\/wear-iqoniq.com\/es\/collection\/camisetas-es\/camiseta-iqoniq-tikal-poliester-reciclado-secado-rapido-iceberg-green\/#primaryimage\"},\"thumbnailUrl\":\"https:\/\/wear-iqoniq.com\/wp-content\/uploads\/sites\/13\/2025\/04\/T9102.023.L__S_0__b9c58dd1458f4181a96f22f961163ac1.jpg\",\"datePublished\":\"2025-10-07T11:48:53+00:00\",\"dateModified\":\"2026-04-14T01:22:32+00:00\",\"breadcrumb\":{\"@id\":\"https:\/\/wear-iqoniq.com\/es\/collection\/camisetas-es\/camiseta-iqoniq-tikal-poliester-reciclado-secado-rapido-iceberg-green\/#breadcrumb\"},\"inLanguage\":\"es\",\"potentialAction\":[{\"@type\":\"ReadAction\",\"target\":[\"https:\/\/wear-iqoniq.com\/es\/collection\/camisetas-es\/camiseta-iqoniq-tikal-poliester-reciclado-secado-rapido-iceberg-green\/\"]}]},{\"@type\":\"ImageObject\",\"inLanguage\":\"es\",\"@id\":\"https:\/\/wear-iqoniq.com\/es\/collection\/camisetas-es\/camiseta-iqoniq-tikal-poliester-reciclado-secado-rapido-iceberg-green\/#primaryimage\",\"url\":\"https:\/\/wear-iqoniq.com\/wp-content\/uploads\/sites\/13\/2025\/04\/T9102.023.L__S_0__b9c58dd1458f4181a96f22f961163ac1.jpg\",\"contentUrl\":\"https:\/\/wear-iqoniq.com\/wp-content\/uploads\/sites\/13\/2025\/04\/T9102.023.L__S_0__b9c58dd1458f4181a96f22f961163ac1.jpg\",\"width\":1024,\"height\":1024},{\"@type\":\"BreadcrumbList\",\"@id\":\"https:\/\/wear-iqoniq.com\/es\/collection\/camisetas-es\/camiseta-iqoniq-tikal-poliester-reciclado-secado-rapido-iceberg-green\/#breadcrumb\",\"itemListElement\":[{\"@type\":\"ListItem\",\"position\":1,\"name\":\"Home\",\"item\":\"https:\/\/wear-iqoniq.com\/es\/\"},{\"@type\":\"ListItem\",\"position\":2,\"name\":\"Coleccion\",\"item\":\"https:\/\/wear-iqoniq.com\/es\/coleccion\/\"},{\"@type\":\"ListItem\",\"position\":3,\"name\":\"Tikal Camiseta Deportiva Poli\u00e9ster Reciclado, Iceberg green\"}]},{\"@type\":\"WebSite\",\"@id\":\"https:\/\/wear-iqoniq.com\/es\/#website\",\"url\":\"https:\/\/wear-iqoniq.com\/es\/\",\"name\":\"Iqoniq\",\"description\":\"Wear Change\",\"potentialAction\":[{\"@type\":\"SearchAction\",\"target\":{\"@type\":\"EntryPoint\",\"urlTemplate\":\"https:\/\/wear-iqoniq.com\/es\/?s={search_term_string}\"},\"query-input\":{\"@type\":\"PropertyValueSpecification\",\"valueRequired\":true,\"valueName\":\"search_term_string\"}}],\"inLanguage\":\"es\"}]}<\/script>\n<!-- \/ Yoast SEO plugin. -->","yoast_head_json":{"title":"Tikal Camiseta Deportiva Poli\u00e9ster Reciclado, Iceberg green - New Iqoniq","robots":{"index":"index","follow":"follow","max-snippet":"max-snippet:-1","max-image-preview":"max-image-preview:large","max-video-preview":"max-video-preview:-1"},"canonical":"https:\/\/wear-iqoniq.com\/es\/collection\/camisetas-es\/camiseta-iqoniq-tikal-poliester-reciclado-secado-rapido-iceberg-green\/","og_locale":"es_ES","og_type":"article","og_title":"Tikal Camiseta Deportiva Poli\u00e9ster Reciclado, Iceberg green - New Iqoniq","og_description":"Camiseta deportiva unisex de corte medio confeccionada 100% en poli\u00e9ster reciclado posconsumo de 150 G\/M\u00b2. Esta camiseta de uso activo est\u00e1 confeccionada con tejido mini ribstop de alta calidad con tecnolog\u00eda de secado r\u00e1pido, lo que la hace adecuada para m\u00faltiples deportes. La camiseta tiene mangas ragl\u00e1n y escote redondo del mismo tejido. El uso [&hellip;]","og_url":"https:\/\/wear-iqoniq.com\/es\/collection\/camisetas-es\/camiseta-iqoniq-tikal-poliester-reciclado-secado-rapido-iceberg-green\/","og_site_name":"New Iqoniq","article_modified_time":"2026-04-14T01:22:32+00:00","og_image":[{"width":1024,"height":1024,"url":"https:\/\/wear-iqoniq.com\/wp-content\/uploads\/sites\/13\/2025\/04\/T9102.023.L__S_0__b9c58dd1458f4181a96f22f961163ac1.jpg","type":"image\/jpeg"}],"twitter_card":"summary_large_image","twitter_misc":{"Tiempo de lectura":"1 minuto"},"schema":{"@context":"https:\/\/schema.org","@graph":[{"@type":"WebPage","@id":"https:\/\/wear-iqoniq.com\/es\/collection\/camisetas-es\/camiseta-iqoniq-tikal-poliester-reciclado-secado-rapido-iceberg-green\/","url":"https:\/\/wear-iqoniq.com\/es\/collection\/camisetas-es\/camiseta-iqoniq-tikal-poliester-reciclado-secado-rapido-iceberg-green\/","name":"Tikal Camiseta Deportiva Poli\u00e9ster Reciclado, Iceberg green - New Iqoniq","isPartOf":{"@id":"https:\/\/wear-iqoniq.com\/es\/#website"},"primaryImageOfPage":{"@id":"https:\/\/wear-iqoniq.com\/es\/collection\/camisetas-es\/camiseta-iqoniq-tikal-poliester-reciclado-secado-rapido-iceberg-green\/#primaryimage"},"image":{"@id":"https:\/\/wear-iqoniq.com\/es\/collection\/camisetas-es\/camiseta-iqoniq-tikal-poliester-reciclado-secado-rapido-iceberg-green\/#primaryimage"},"thumbnailUrl":"https:\/\/wear-iqoniq.com\/wp-content\/uploads\/sites\/13\/2025\/04\/T9102.023.L__S_0__b9c58dd1458f4181a96f22f961163ac1.jpg","datePublished":"2025-10-07T11:48:53+00:00","dateModified":"2026-04-14T01:22:32+00:00","breadcrumb":{"@id":"https:\/\/wear-iqoniq.com\/es\/collection\/camisetas-es\/camiseta-iqoniq-tikal-poliester-reciclado-secado-rapido-iceberg-green\/#breadcrumb"},"inLanguage":"es","potentialAction":[{"@type":"ReadAction","target":["https:\/\/wear-iqoniq.com\/es\/collection\/camisetas-es\/camiseta-iqoniq-tikal-poliester-reciclado-secado-rapido-iceberg-green\/"]}]},{"@type":"ImageObject","inLanguage":"es","@id":"https:\/\/wear-iqoniq.com\/es\/collection\/camisetas-es\/camiseta-iqoniq-tikal-poliester-reciclado-secado-rapido-iceberg-green\/#primaryimage","url":"https:\/\/wear-iqoniq.com\/wp-content\/uploads\/sites\/13\/2025\/04\/T9102.023.L__S_0__b9c58dd1458f4181a96f22f961163ac1.jpg","contentUrl":"https:\/\/wear-iqoniq.com\/wp-content\/uploads\/sites\/13\/2025\/04\/T9102.023.L__S_0__b9c58dd1458f4181a96f22f961163ac1.jpg","width":1024,"height":1024},{"@type":"BreadcrumbList","@id":"https:\/\/wear-iqoniq.com\/es\/collection\/camisetas-es\/camiseta-iqoniq-tikal-poliester-reciclado-secado-rapido-iceberg-green\/#breadcrumb","itemListElement":[{"@type":"ListItem","position":1,"name":"Home","item":"https:\/\/wear-iqoniq.com\/es\/"},{"@type":"ListItem","position":2,"name":"Coleccion","item":"https:\/\/wear-iqoniq.com\/es\/coleccion\/"},{"@type":"ListItem","position":3,"name":"Tikal Camiseta Deportiva Poli\u00e9ster Reciclado, Iceberg green"}]},{"@type":"WebSite","@id":"https:\/\/wear-iqoniq.com\/es\/#website","url":"https:\/\/wear-iqoniq.com\/es\/","name":"Iqoniq","description":"Wear Change","potentialAction":[{"@type":"SearchAction","target":{"@type":"EntryPoint","urlTemplate":"https:\/\/wear-iqoniq.com\/es\/?s={search_term_string}"},"query-input":{"@type":"PropertyValueSpecification","valueRequired":true,"valueName":"search_term_string"}}],"inLanguage":"es"}]}},"_links":{"self":[{"href":"https:\/\/wear-iqoniq.com\/es\/wp-json\/wp\/v2\/product\/215422","targetHints":{"allow":["GET"]}}],"collection":[{"href":"https:\/\/wear-iqoniq.com\/es\/wp-json\/wp\/v2\/product"}],"about":[{"href":"https:\/\/wear-iqoniq.com\/es\/wp-json\/wp\/v2\/types\/product"}],"wp:featuredmedia":[{"embeddable":true,"href":"https:\/\/wear-iqoniq.com\/es\/wp-json\/wp\/v2\/media\/318462"}],"wp:attachment":[{"href":"https:\/\/wear-iqoniq.com\/es\/wp-json\/wp\/v2\/media?parent=215422"}],"wp:term":[{"taxonomy":"product_cat","embeddable":true,"href":"https:\/\/wear-iqoniq.com\/es\/wp-json\/wp\/v2\/product_cat?post=215422"},{"taxonomy":"product_tag","embeddable":true,"href":"https:\/\/wear-iqoniq.com\/es\/wp-json\/wp\/v2\/product_tag?post=215422"}],"curies":[{"name":"wp","href":"https:\/\/api.w.org\/{rel}","templated":true}]}}