{"id":214274,"date":"2025-10-07T13:54:23","date_gmt":"2025-10-07T11:54:23","guid":{"rendered":"https:\/\/xdsomename.tempurl.host\/iqoniq\/collection\/sin%20categor\u00eda\/chaqueta-diran-polar-poliester-reciclado-iqoniq-negro\/"},"modified":"2026-04-14T03:42:01","modified_gmt":"2026-04-14T01:42:01","slug":"chaqueta-diran-polar-poliester-reciclado-iqoniq-negro","status":"publish","type":"product","link":"https:\/\/wear-iqoniq.com\/es\/collection\/chaquetas-polares\/chaqueta-diran-polar-poliester-reciclado-iqoniq-negro\/","title":{"rendered":"Diran Chaqueta Polar Poli\u00e9ster Reciclado, negro"},"content":{"rendered":"<p>\u00abChaqueta relaxed fit unisex de forro polar con cremallera. Poli\u00e9ster 100% reciclado en 320 G\/M\u00b2. Haz una declaraci\u00f3n de estilo con esta chaqueta \u00ab\u00bbimprescindible\u00bb\u00bb fresca y elegante. Encuadernaci\u00f3n refinada en la chaqueta completa y aspecto de punto suave desde el interior. La chaqueta tiene un bolsillo tejido en el pecho con cremallera que ofrece una buena decoraci\u00f3n personalizada. Todas las cremalleras tienen tiradores adicionales en colores a juego para una apariencia refinada. El uso de materiales de tela org\u00e1nicos y reciclados genuinos y las declaraciones de impacto ambiental est\u00e1n garantizadas mediante el uso del trazador f\u00edsico disruptivo AWARE\u2122 y la tecnolog\u00eda blockchain. Al escanear el c\u00f3digo QR, obtendr\u00e1 acceso a un pasaporte digital exclusivo del producto. El 2% de los ingresos de cada producto vendido se donar\u00e1 a Water.org. Este producto tiene la certificaci\u00f3n OEKO-TEX\u00ae STANDARD 100.\u00bb<\/p>\n","protected":false},"excerpt":{"rendered":"<p>\u00abChaqueta relaxed fit unisex de forro polar con cremallera. Poli\u00e9ster 100% reciclado en 320 G\/M\u00b2. Haz una declaraci\u00f3n de estilo con esta chaqueta \u00ab\u00bbimprescindible\u00bb\u00bb fresca y elegante. Encuadernaci\u00f3n refinada en la chaqueta completa y aspecto de punto suave desde el interior. La chaqueta tiene un bolsillo tejido en el pecho con cremallera que ofrece una [&hellip;]<\/p>\n","protected":false},"featured_media":320359,"template":"","meta":{"_acf_changed":false},"product_cat":[1198],"product_tag":[],"class_list":["post-214274","product","type-product","status-publish","has-post-thumbnail","hentry","product_cat-chaquetas-polares","pa_color-black","pa_fabric-type-pile-fleece","pa_fit-relaxed-fit","pa_gender-unisex","pa_materials-100re-pes-4","pa_weight-320-gsm"],"acf":[],"yoast_head":"<!-- This site is optimized with the Yoast SEO plugin v27.0 - https:\/\/yoast.com\/product\/yoast-seo-wordpress\/ -->\n<title>Diran Chaqueta Polar Poli\u00e9ster Reciclado, negro - New Iqoniq<\/title>\n<meta name=\"robots\" content=\"index, follow, max-snippet:-1, max-image-preview:large, max-video-preview:-1\" \/>\n<link rel=\"canonical\" href=\"https:\/\/wear-iqoniq.com\/es\/collection\/chaquetas-polares\/chaqueta-diran-polar-poliester-reciclado-iqoniq-negro\/\" \/>\n<meta property=\"og:locale\" content=\"es_ES\" \/>\n<meta property=\"og:type\" content=\"article\" \/>\n<meta property=\"og:title\" content=\"Diran Chaqueta Polar Poli\u00e9ster Reciclado, negro - New Iqoniq\" \/>\n<meta property=\"og:description\" content=\"\u00abChaqueta relaxed fit unisex de forro polar con cremallera. Poli\u00e9ster 100% reciclado en 320 G\/M\u00b2. Haz una declaraci\u00f3n de estilo con esta chaqueta \u00ab\u00bbimprescindible\u00bb\u00bb fresca y elegante. Encuadernaci\u00f3n refinada en la chaqueta completa y aspecto de punto suave desde el interior. La chaqueta tiene un bolsillo tejido en el pecho con cremallera que ofrece una [&hellip;]\" \/>\n<meta property=\"og:url\" content=\"https:\/\/wear-iqoniq.com\/es\/collection\/chaquetas-polares\/chaqueta-diran-polar-poliester-reciclado-iqoniq-negro\/\" \/>\n<meta property=\"og:site_name\" content=\"New Iqoniq\" \/>\n<meta property=\"article:modified_time\" content=\"2026-04-14T01:42:01+00:00\" \/>\n<meta property=\"og:image\" content=\"https:\/\/wear-iqoniq.com\/wp-content\/uploads\/sites\/13\/2025\/04\/T9800.001.L__S_0__eb8c85fcd7c74e1987741e09a94f3c16.jpg\" \/>\n\t<meta property=\"og:image:width\" content=\"1024\" \/>\n\t<meta property=\"og:image:height\" content=\"1024\" \/>\n\t<meta property=\"og:image:type\" content=\"image\/jpeg\" \/>\n<meta name=\"twitter:card\" content=\"summary_large_image\" \/>\n<meta name=\"twitter:label1\" content=\"Tiempo de lectura\" \/>\n\t<meta name=\"twitter:data1\" content=\"1 minuto\" \/>\n<script type=\"application\/ld+json\" class=\"yoast-schema-graph\">{\"@context\":\"https:\/\/schema.org\",\"@graph\":[{\"@type\":\"WebPage\",\"@id\":\"https:\/\/wear-iqoniq.com\/es\/collection\/chaquetas-polares\/chaqueta-diran-polar-poliester-reciclado-iqoniq-negro\/\",\"url\":\"https:\/\/wear-iqoniq.com\/es\/collection\/chaquetas-polares\/chaqueta-diran-polar-poliester-reciclado-iqoniq-negro\/\",\"name\":\"Diran Chaqueta Polar Poli\u00e9ster Reciclado, negro - New Iqoniq\",\"isPartOf\":{\"@id\":\"https:\/\/wear-iqoniq.com\/es\/#website\"},\"primaryImageOfPage\":{\"@id\":\"https:\/\/wear-iqoniq.com\/es\/collection\/chaquetas-polares\/chaqueta-diran-polar-poliester-reciclado-iqoniq-negro\/#primaryimage\"},\"image\":{\"@id\":\"https:\/\/wear-iqoniq.com\/es\/collection\/chaquetas-polares\/chaqueta-diran-polar-poliester-reciclado-iqoniq-negro\/#primaryimage\"},\"thumbnailUrl\":\"https:\/\/wear-iqoniq.com\/wp-content\/uploads\/sites\/13\/2025\/04\/T9800.001.L__S_0__eb8c85fcd7c74e1987741e09a94f3c16.jpg\",\"datePublished\":\"2025-10-07T11:54:23+00:00\",\"dateModified\":\"2026-04-14T01:42:01+00:00\",\"breadcrumb\":{\"@id\":\"https:\/\/wear-iqoniq.com\/es\/collection\/chaquetas-polares\/chaqueta-diran-polar-poliester-reciclado-iqoniq-negro\/#breadcrumb\"},\"inLanguage\":\"es\",\"potentialAction\":[{\"@type\":\"ReadAction\",\"target\":[\"https:\/\/wear-iqoniq.com\/es\/collection\/chaquetas-polares\/chaqueta-diran-polar-poliester-reciclado-iqoniq-negro\/\"]}]},{\"@type\":\"ImageObject\",\"inLanguage\":\"es\",\"@id\":\"https:\/\/wear-iqoniq.com\/es\/collection\/chaquetas-polares\/chaqueta-diran-polar-poliester-reciclado-iqoniq-negro\/#primaryimage\",\"url\":\"https:\/\/wear-iqoniq.com\/wp-content\/uploads\/sites\/13\/2025\/04\/T9800.001.L__S_0__eb8c85fcd7c74e1987741e09a94f3c16.jpg\",\"contentUrl\":\"https:\/\/wear-iqoniq.com\/wp-content\/uploads\/sites\/13\/2025\/04\/T9800.001.L__S_0__eb8c85fcd7c74e1987741e09a94f3c16.jpg\",\"width\":1024,\"height\":1024},{\"@type\":\"BreadcrumbList\",\"@id\":\"https:\/\/wear-iqoniq.com\/es\/collection\/chaquetas-polares\/chaqueta-diran-polar-poliester-reciclado-iqoniq-negro\/#breadcrumb\",\"itemListElement\":[{\"@type\":\"ListItem\",\"position\":1,\"name\":\"Home\",\"item\":\"https:\/\/wear-iqoniq.com\/es\/\"},{\"@type\":\"ListItem\",\"position\":2,\"name\":\"Coleccion\",\"item\":\"https:\/\/wear-iqoniq.com\/es\/coleccion\/\"},{\"@type\":\"ListItem\",\"position\":3,\"name\":\"Diran Chaqueta Polar Poli\u00e9ster Reciclado, negro\"}]},{\"@type\":\"WebSite\",\"@id\":\"https:\/\/wear-iqoniq.com\/es\/#website\",\"url\":\"https:\/\/wear-iqoniq.com\/es\/\",\"name\":\"Iqoniq\",\"description\":\"Wear Change\",\"potentialAction\":[{\"@type\":\"SearchAction\",\"target\":{\"@type\":\"EntryPoint\",\"urlTemplate\":\"https:\/\/wear-iqoniq.com\/es\/?s={search_term_string}\"},\"query-input\":{\"@type\":\"PropertyValueSpecification\",\"valueRequired\":true,\"valueName\":\"search_term_string\"}}],\"inLanguage\":\"es\"}]}<\/script>\n<!-- \/ Yoast SEO plugin. -->","yoast_head_json":{"title":"Diran Chaqueta Polar Poli\u00e9ster Reciclado, negro - New Iqoniq","robots":{"index":"index","follow":"follow","max-snippet":"max-snippet:-1","max-image-preview":"max-image-preview:large","max-video-preview":"max-video-preview:-1"},"canonical":"https:\/\/wear-iqoniq.com\/es\/collection\/chaquetas-polares\/chaqueta-diran-polar-poliester-reciclado-iqoniq-negro\/","og_locale":"es_ES","og_type":"article","og_title":"Diran Chaqueta Polar Poli\u00e9ster Reciclado, negro - New Iqoniq","og_description":"\u00abChaqueta relaxed fit unisex de forro polar con cremallera. Poli\u00e9ster 100% reciclado en 320 G\/M\u00b2. Haz una declaraci\u00f3n de estilo con esta chaqueta \u00ab\u00bbimprescindible\u00bb\u00bb fresca y elegante. Encuadernaci\u00f3n refinada en la chaqueta completa y aspecto de punto suave desde el interior. La chaqueta tiene un bolsillo tejido en el pecho con cremallera que ofrece una [&hellip;]","og_url":"https:\/\/wear-iqoniq.com\/es\/collection\/chaquetas-polares\/chaqueta-diran-polar-poliester-reciclado-iqoniq-negro\/","og_site_name":"New Iqoniq","article_modified_time":"2026-04-14T01:42:01+00:00","og_image":[{"width":1024,"height":1024,"url":"https:\/\/wear-iqoniq.com\/wp-content\/uploads\/sites\/13\/2025\/04\/T9800.001.L__S_0__eb8c85fcd7c74e1987741e09a94f3c16.jpg","type":"image\/jpeg"}],"twitter_card":"summary_large_image","twitter_misc":{"Tiempo de lectura":"1 minuto"},"schema":{"@context":"https:\/\/schema.org","@graph":[{"@type":"WebPage","@id":"https:\/\/wear-iqoniq.com\/es\/collection\/chaquetas-polares\/chaqueta-diran-polar-poliester-reciclado-iqoniq-negro\/","url":"https:\/\/wear-iqoniq.com\/es\/collection\/chaquetas-polares\/chaqueta-diran-polar-poliester-reciclado-iqoniq-negro\/","name":"Diran Chaqueta Polar Poli\u00e9ster Reciclado, negro - New Iqoniq","isPartOf":{"@id":"https:\/\/wear-iqoniq.com\/es\/#website"},"primaryImageOfPage":{"@id":"https:\/\/wear-iqoniq.com\/es\/collection\/chaquetas-polares\/chaqueta-diran-polar-poliester-reciclado-iqoniq-negro\/#primaryimage"},"image":{"@id":"https:\/\/wear-iqoniq.com\/es\/collection\/chaquetas-polares\/chaqueta-diran-polar-poliester-reciclado-iqoniq-negro\/#primaryimage"},"thumbnailUrl":"https:\/\/wear-iqoniq.com\/wp-content\/uploads\/sites\/13\/2025\/04\/T9800.001.L__S_0__eb8c85fcd7c74e1987741e09a94f3c16.jpg","datePublished":"2025-10-07T11:54:23+00:00","dateModified":"2026-04-14T01:42:01+00:00","breadcrumb":{"@id":"https:\/\/wear-iqoniq.com\/es\/collection\/chaquetas-polares\/chaqueta-diran-polar-poliester-reciclado-iqoniq-negro\/#breadcrumb"},"inLanguage":"es","potentialAction":[{"@type":"ReadAction","target":["https:\/\/wear-iqoniq.com\/es\/collection\/chaquetas-polares\/chaqueta-diran-polar-poliester-reciclado-iqoniq-negro\/"]}]},{"@type":"ImageObject","inLanguage":"es","@id":"https:\/\/wear-iqoniq.com\/es\/collection\/chaquetas-polares\/chaqueta-diran-polar-poliester-reciclado-iqoniq-negro\/#primaryimage","url":"https:\/\/wear-iqoniq.com\/wp-content\/uploads\/sites\/13\/2025\/04\/T9800.001.L__S_0__eb8c85fcd7c74e1987741e09a94f3c16.jpg","contentUrl":"https:\/\/wear-iqoniq.com\/wp-content\/uploads\/sites\/13\/2025\/04\/T9800.001.L__S_0__eb8c85fcd7c74e1987741e09a94f3c16.jpg","width":1024,"height":1024},{"@type":"BreadcrumbList","@id":"https:\/\/wear-iqoniq.com\/es\/collection\/chaquetas-polares\/chaqueta-diran-polar-poliester-reciclado-iqoniq-negro\/#breadcrumb","itemListElement":[{"@type":"ListItem","position":1,"name":"Home","item":"https:\/\/wear-iqoniq.com\/es\/"},{"@type":"ListItem","position":2,"name":"Coleccion","item":"https:\/\/wear-iqoniq.com\/es\/coleccion\/"},{"@type":"ListItem","position":3,"name":"Diran Chaqueta Polar Poli\u00e9ster Reciclado, negro"}]},{"@type":"WebSite","@id":"https:\/\/wear-iqoniq.com\/es\/#website","url":"https:\/\/wear-iqoniq.com\/es\/","name":"Iqoniq","description":"Wear Change","potentialAction":[{"@type":"SearchAction","target":{"@type":"EntryPoint","urlTemplate":"https:\/\/wear-iqoniq.com\/es\/?s={search_term_string}"},"query-input":{"@type":"PropertyValueSpecification","valueRequired":true,"valueName":"search_term_string"}}],"inLanguage":"es"}]}},"_links":{"self":[{"href":"https:\/\/wear-iqoniq.com\/es\/wp-json\/wp\/v2\/product\/214274","targetHints":{"allow":["GET"]}}],"collection":[{"href":"https:\/\/wear-iqoniq.com\/es\/wp-json\/wp\/v2\/product"}],"about":[{"href":"https:\/\/wear-iqoniq.com\/es\/wp-json\/wp\/v2\/types\/product"}],"wp:featuredmedia":[{"embeddable":true,"href":"https:\/\/wear-iqoniq.com\/es\/wp-json\/wp\/v2\/media\/320359"}],"wp:attachment":[{"href":"https:\/\/wear-iqoniq.com\/es\/wp-json\/wp\/v2\/media?parent=214274"}],"wp:term":[{"taxonomy":"product_cat","embeddable":true,"href":"https:\/\/wear-iqoniq.com\/es\/wp-json\/wp\/v2\/product_cat?post=214274"},{"taxonomy":"product_tag","embeddable":true,"href":"https:\/\/wear-iqoniq.com\/es\/wp-json\/wp\/v2\/product_tag?post=214274"}],"curies":[{"name":"wp","href":"https:\/\/api.w.org\/{rel}","templated":true}]}}