{"id":214273,"date":"2025-10-07T13:54:23","date_gmt":"2025-10-07T11:54:23","guid":{"rendered":"https:\/\/xdsomename.tempurl.host\/iqoniq\/collection\/sin%20categor\u00eda\/chaqueta-ligera-iqoniq-logan-de-poliester-reciclado-gris-plateado\/"},"modified":"2026-04-15T03:41:48","modified_gmt":"2026-04-15T01:41:48","slug":"chaqueta-ligera-iqoniq-logan-de-poliester-reciclado-gris-plateado","status":"publish","type":"product","link":"https:\/\/wear-iqoniq.com\/es\/collection\/chaquetas\/chaqueta-ligera-iqoniq-logan-de-poliester-reciclado-gris-plateado\/","title":{"rendered":"Logan Chaqueta Corta Vientos Poli\u00e9ster Reciclado, gris plate"},"content":{"rendered":"<p>Chaqueta ligera relaxed fit unisex confeccionada 100% en poli\u00e9ster reciclado posconsumo de 70 G\/M\u00b2. Capucha ajustable con cord\u00f3n el\u00e1stico, cremallera invertida en la parte delantera y bolsillos ribeteados con costura. Todas las cremalleras tienen tiradores adicionales en colores a juego para una apariencia refinada. Los pu\u00f1os son totalmente el\u00e1sticos. La parte trasera de la chaqueta es ligeramente m\u00e1s larga y curvada y el dobladillo inferior tiene un cord\u00f3n el\u00e1stico y topes para una mejor protecci\u00f3n. Impregnaci\u00f3n repelente al agua libre de fl\u00faor\/PFAS. El uso de materiales de tela reciclados genuinos y las afirmaciones de impacto ambiental est\u00e1n garantizados mediante el uso del trazador f\u00edsico disruptivo AWARE\u2122 y la tecnolog\u00eda blockchain. Al escanear el c\u00f3digo QR, obtendr\u00e1s acceso a un pasaporte digital exclusivo. El 2% de los ingresos de cada producto vendido se donar\u00e1 a Water.org. Este producto tiene la certificaci\u00f3n OEKO-TEX\u00ae STANDARD 100.<\/p>\n","protected":false},"excerpt":{"rendered":"<p>Chaqueta ligera relaxed fit unisex confeccionada 100% en poli\u00e9ster reciclado posconsumo de 70 G\/M\u00b2. Capucha ajustable con cord\u00f3n el\u00e1stico, cremallera invertida en la parte delantera y bolsillos ribeteados con costura. Todas las cremalleras tienen tiradores adicionales en colores a juego para una apariencia refinada. Los pu\u00f1os son totalmente el\u00e1sticos. La parte trasera de la chaqueta [&hellip;]<\/p>\n","protected":false},"featured_media":320352,"template":"","meta":{"_acf_changed":false},"product_cat":[1197],"product_tag":[],"class_list":["post-214273","product","type-product","status-publish","has-post-thumbnail","hentry","product_cat-chaquetas","pa_color-silvergrey","pa_fabric-type-tejido-liso","pa_fit-relaxed-fit","pa_gender-unisex","pa_materials-100re-pes-4","pa_weight-70-gsm"],"acf":[],"yoast_head":"<!-- This site is optimized with the Yoast SEO plugin v27.0 - https:\/\/yoast.com\/product\/yoast-seo-wordpress\/ -->\n<title>Logan Chaqueta Corta Vientos Poli\u00e9ster Reciclado, gris plate - New Iqoniq<\/title>\n<meta name=\"robots\" content=\"index, follow, max-snippet:-1, max-image-preview:large, max-video-preview:-1\" \/>\n<link rel=\"canonical\" href=\"https:\/\/wear-iqoniq.com\/es\/collection\/chaquetas\/chaqueta-ligera-iqoniq-logan-de-poliester-reciclado-gris-plateado\/\" \/>\n<meta property=\"og:locale\" content=\"es_ES\" \/>\n<meta property=\"og:type\" content=\"article\" \/>\n<meta property=\"og:title\" content=\"Logan Chaqueta Corta Vientos Poli\u00e9ster Reciclado, gris plate - New Iqoniq\" \/>\n<meta property=\"og:description\" content=\"Chaqueta ligera relaxed fit unisex confeccionada 100% en poli\u00e9ster reciclado posconsumo de 70 G\/M\u00b2. Capucha ajustable con cord\u00f3n el\u00e1stico, cremallera invertida en la parte delantera y bolsillos ribeteados con costura. Todas las cremalleras tienen tiradores adicionales en colores a juego para una apariencia refinada. Los pu\u00f1os son totalmente el\u00e1sticos. La parte trasera de la chaqueta [&hellip;]\" \/>\n<meta property=\"og:url\" content=\"https:\/\/wear-iqoniq.com\/es\/collection\/chaquetas\/chaqueta-ligera-iqoniq-logan-de-poliester-reciclado-gris-plateado\/\" \/>\n<meta property=\"og:site_name\" content=\"New Iqoniq\" \/>\n<meta property=\"article:modified_time\" content=\"2026-04-15T01:41:48+00:00\" \/>\n<meta property=\"og:image\" content=\"https:\/\/wear-iqoniq.com\/wp-content\/uploads\/sites\/13\/2025\/04\/T9701.035.L__S_0__f929631685b746f5abeb85718ddb4523.jpg\" \/>\n\t<meta property=\"og:image:width\" content=\"1024\" \/>\n\t<meta property=\"og:image:height\" content=\"1024\" \/>\n\t<meta property=\"og:image:type\" content=\"image\/jpeg\" \/>\n<meta name=\"twitter:card\" content=\"summary_large_image\" \/>\n<meta name=\"twitter:label1\" content=\"Tiempo de lectura\" \/>\n\t<meta name=\"twitter:data1\" content=\"1 minuto\" \/>\n<script type=\"application\/ld+json\" class=\"yoast-schema-graph\">{\"@context\":\"https:\/\/schema.org\",\"@graph\":[{\"@type\":\"WebPage\",\"@id\":\"https:\/\/wear-iqoniq.com\/es\/collection\/chaquetas\/chaqueta-ligera-iqoniq-logan-de-poliester-reciclado-gris-plateado\/\",\"url\":\"https:\/\/wear-iqoniq.com\/es\/collection\/chaquetas\/chaqueta-ligera-iqoniq-logan-de-poliester-reciclado-gris-plateado\/\",\"name\":\"Logan Chaqueta Corta Vientos Poli\u00e9ster Reciclado, gris plate - New Iqoniq\",\"isPartOf\":{\"@id\":\"https:\/\/wear-iqoniq.com\/es\/#website\"},\"primaryImageOfPage\":{\"@id\":\"https:\/\/wear-iqoniq.com\/es\/collection\/chaquetas\/chaqueta-ligera-iqoniq-logan-de-poliester-reciclado-gris-plateado\/#primaryimage\"},\"image\":{\"@id\":\"https:\/\/wear-iqoniq.com\/es\/collection\/chaquetas\/chaqueta-ligera-iqoniq-logan-de-poliester-reciclado-gris-plateado\/#primaryimage\"},\"thumbnailUrl\":\"https:\/\/wear-iqoniq.com\/wp-content\/uploads\/sites\/13\/2025\/04\/T9701.035.L__S_0__f929631685b746f5abeb85718ddb4523.jpg\",\"datePublished\":\"2025-10-07T11:54:23+00:00\",\"dateModified\":\"2026-04-15T01:41:48+00:00\",\"breadcrumb\":{\"@id\":\"https:\/\/wear-iqoniq.com\/es\/collection\/chaquetas\/chaqueta-ligera-iqoniq-logan-de-poliester-reciclado-gris-plateado\/#breadcrumb\"},\"inLanguage\":\"es\",\"potentialAction\":[{\"@type\":\"ReadAction\",\"target\":[\"https:\/\/wear-iqoniq.com\/es\/collection\/chaquetas\/chaqueta-ligera-iqoniq-logan-de-poliester-reciclado-gris-plateado\/\"]}]},{\"@type\":\"ImageObject\",\"inLanguage\":\"es\",\"@id\":\"https:\/\/wear-iqoniq.com\/es\/collection\/chaquetas\/chaqueta-ligera-iqoniq-logan-de-poliester-reciclado-gris-plateado\/#primaryimage\",\"url\":\"https:\/\/wear-iqoniq.com\/wp-content\/uploads\/sites\/13\/2025\/04\/T9701.035.L__S_0__f929631685b746f5abeb85718ddb4523.jpg\",\"contentUrl\":\"https:\/\/wear-iqoniq.com\/wp-content\/uploads\/sites\/13\/2025\/04\/T9701.035.L__S_0__f929631685b746f5abeb85718ddb4523.jpg\",\"width\":1024,\"height\":1024},{\"@type\":\"BreadcrumbList\",\"@id\":\"https:\/\/wear-iqoniq.com\/es\/collection\/chaquetas\/chaqueta-ligera-iqoniq-logan-de-poliester-reciclado-gris-plateado\/#breadcrumb\",\"itemListElement\":[{\"@type\":\"ListItem\",\"position\":1,\"name\":\"Home\",\"item\":\"https:\/\/wear-iqoniq.com\/es\/\"},{\"@type\":\"ListItem\",\"position\":2,\"name\":\"Coleccion\",\"item\":\"https:\/\/wear-iqoniq.com\/es\/coleccion\/\"},{\"@type\":\"ListItem\",\"position\":3,\"name\":\"Logan Chaqueta Corta Vientos Poli\u00e9ster Reciclado, gris plate\"}]},{\"@type\":\"WebSite\",\"@id\":\"https:\/\/wear-iqoniq.com\/es\/#website\",\"url\":\"https:\/\/wear-iqoniq.com\/es\/\",\"name\":\"Iqoniq\",\"description\":\"Wear Change\",\"potentialAction\":[{\"@type\":\"SearchAction\",\"target\":{\"@type\":\"EntryPoint\",\"urlTemplate\":\"https:\/\/wear-iqoniq.com\/es\/?s={search_term_string}\"},\"query-input\":{\"@type\":\"PropertyValueSpecification\",\"valueRequired\":true,\"valueName\":\"search_term_string\"}}],\"inLanguage\":\"es\"}]}<\/script>\n<!-- \/ Yoast SEO plugin. -->","yoast_head_json":{"title":"Logan Chaqueta Corta Vientos Poli\u00e9ster Reciclado, gris plate - New Iqoniq","robots":{"index":"index","follow":"follow","max-snippet":"max-snippet:-1","max-image-preview":"max-image-preview:large","max-video-preview":"max-video-preview:-1"},"canonical":"https:\/\/wear-iqoniq.com\/es\/collection\/chaquetas\/chaqueta-ligera-iqoniq-logan-de-poliester-reciclado-gris-plateado\/","og_locale":"es_ES","og_type":"article","og_title":"Logan Chaqueta Corta Vientos Poli\u00e9ster Reciclado, gris plate - New Iqoniq","og_description":"Chaqueta ligera relaxed fit unisex confeccionada 100% en poli\u00e9ster reciclado posconsumo de 70 G\/M\u00b2. Capucha ajustable con cord\u00f3n el\u00e1stico, cremallera invertida en la parte delantera y bolsillos ribeteados con costura. Todas las cremalleras tienen tiradores adicionales en colores a juego para una apariencia refinada. Los pu\u00f1os son totalmente el\u00e1sticos. La parte trasera de la chaqueta [&hellip;]","og_url":"https:\/\/wear-iqoniq.com\/es\/collection\/chaquetas\/chaqueta-ligera-iqoniq-logan-de-poliester-reciclado-gris-plateado\/","og_site_name":"New Iqoniq","article_modified_time":"2026-04-15T01:41:48+00:00","og_image":[{"width":1024,"height":1024,"url":"https:\/\/wear-iqoniq.com\/wp-content\/uploads\/sites\/13\/2025\/04\/T9701.035.L__S_0__f929631685b746f5abeb85718ddb4523.jpg","type":"image\/jpeg"}],"twitter_card":"summary_large_image","twitter_misc":{"Tiempo de lectura":"1 minuto"},"schema":{"@context":"https:\/\/schema.org","@graph":[{"@type":"WebPage","@id":"https:\/\/wear-iqoniq.com\/es\/collection\/chaquetas\/chaqueta-ligera-iqoniq-logan-de-poliester-reciclado-gris-plateado\/","url":"https:\/\/wear-iqoniq.com\/es\/collection\/chaquetas\/chaqueta-ligera-iqoniq-logan-de-poliester-reciclado-gris-plateado\/","name":"Logan Chaqueta Corta Vientos Poli\u00e9ster Reciclado, gris plate - New Iqoniq","isPartOf":{"@id":"https:\/\/wear-iqoniq.com\/es\/#website"},"primaryImageOfPage":{"@id":"https:\/\/wear-iqoniq.com\/es\/collection\/chaquetas\/chaqueta-ligera-iqoniq-logan-de-poliester-reciclado-gris-plateado\/#primaryimage"},"image":{"@id":"https:\/\/wear-iqoniq.com\/es\/collection\/chaquetas\/chaqueta-ligera-iqoniq-logan-de-poliester-reciclado-gris-plateado\/#primaryimage"},"thumbnailUrl":"https:\/\/wear-iqoniq.com\/wp-content\/uploads\/sites\/13\/2025\/04\/T9701.035.L__S_0__f929631685b746f5abeb85718ddb4523.jpg","datePublished":"2025-10-07T11:54:23+00:00","dateModified":"2026-04-15T01:41:48+00:00","breadcrumb":{"@id":"https:\/\/wear-iqoniq.com\/es\/collection\/chaquetas\/chaqueta-ligera-iqoniq-logan-de-poliester-reciclado-gris-plateado\/#breadcrumb"},"inLanguage":"es","potentialAction":[{"@type":"ReadAction","target":["https:\/\/wear-iqoniq.com\/es\/collection\/chaquetas\/chaqueta-ligera-iqoniq-logan-de-poliester-reciclado-gris-plateado\/"]}]},{"@type":"ImageObject","inLanguage":"es","@id":"https:\/\/wear-iqoniq.com\/es\/collection\/chaquetas\/chaqueta-ligera-iqoniq-logan-de-poliester-reciclado-gris-plateado\/#primaryimage","url":"https:\/\/wear-iqoniq.com\/wp-content\/uploads\/sites\/13\/2025\/04\/T9701.035.L__S_0__f929631685b746f5abeb85718ddb4523.jpg","contentUrl":"https:\/\/wear-iqoniq.com\/wp-content\/uploads\/sites\/13\/2025\/04\/T9701.035.L__S_0__f929631685b746f5abeb85718ddb4523.jpg","width":1024,"height":1024},{"@type":"BreadcrumbList","@id":"https:\/\/wear-iqoniq.com\/es\/collection\/chaquetas\/chaqueta-ligera-iqoniq-logan-de-poliester-reciclado-gris-plateado\/#breadcrumb","itemListElement":[{"@type":"ListItem","position":1,"name":"Home","item":"https:\/\/wear-iqoniq.com\/es\/"},{"@type":"ListItem","position":2,"name":"Coleccion","item":"https:\/\/wear-iqoniq.com\/es\/coleccion\/"},{"@type":"ListItem","position":3,"name":"Logan Chaqueta Corta Vientos Poli\u00e9ster Reciclado, gris plate"}]},{"@type":"WebSite","@id":"https:\/\/wear-iqoniq.com\/es\/#website","url":"https:\/\/wear-iqoniq.com\/es\/","name":"Iqoniq","description":"Wear Change","potentialAction":[{"@type":"SearchAction","target":{"@type":"EntryPoint","urlTemplate":"https:\/\/wear-iqoniq.com\/es\/?s={search_term_string}"},"query-input":{"@type":"PropertyValueSpecification","valueRequired":true,"valueName":"search_term_string"}}],"inLanguage":"es"}]}},"_links":{"self":[{"href":"https:\/\/wear-iqoniq.com\/es\/wp-json\/wp\/v2\/product\/214273","targetHints":{"allow":["GET"]}}],"collection":[{"href":"https:\/\/wear-iqoniq.com\/es\/wp-json\/wp\/v2\/product"}],"about":[{"href":"https:\/\/wear-iqoniq.com\/es\/wp-json\/wp\/v2\/types\/product"}],"wp:featuredmedia":[{"embeddable":true,"href":"https:\/\/wear-iqoniq.com\/es\/wp-json\/wp\/v2\/media\/320352"}],"wp:attachment":[{"href":"https:\/\/wear-iqoniq.com\/es\/wp-json\/wp\/v2\/media?parent=214273"}],"wp:term":[{"taxonomy":"product_cat","embeddable":true,"href":"https:\/\/wear-iqoniq.com\/es\/wp-json\/wp\/v2\/product_cat?post=214273"},{"taxonomy":"product_tag","embeddable":true,"href":"https:\/\/wear-iqoniq.com\/es\/wp-json\/wp\/v2\/product_tag?post=214273"}],"curies":[{"name":"wp","href":"https:\/\/api.w.org\/{rel}","templated":true}]}}