{"id":214244,"date":"2025-10-07T13:47:02","date_gmt":"2025-10-07T11:47:02","guid":{"rendered":"https:\/\/xdsomename.tempurl.host\/iqoniq\/collection\/sin%20categor\u00eda\/chaqueta-makalu-de-poliester-reciclado-para-hombre-iqoniq-caqui\/"},"modified":"2026-04-15T03:16:17","modified_gmt":"2026-04-15T01:16:17","slug":"chaqueta-makalu-de-poliester-reciclado-para-hombre-iqoniq-caqui","status":"publish","type":"product","link":"https:\/\/wear-iqoniq.com\/es\/collection\/chaquetas\/chaqueta-makalu-de-poliester-reciclado-para-hombre-iqoniq-caqui\/","title":{"rendered":"Makalu Chaqueta ShoftShell Hombre Poli\u00e9ster Reciclado, caqui"},"content":{"rendered":"<p>Chaqueta soft shell medium fit para hombre confeccionada en poli\u00e9ster reciclado con tejido de 3 capas de 300 G\/M\u00b2. Utiliza membrana de TPU reciclado y suave micropolar en el interior. Cremallera invertida en la parte delantera y bolsillos laterales con cremallera. Capucha ajustable con topes interiores para una mejor protecci\u00f3n. Pu\u00f1os de las mangas ajustables con cierre de velcro. Tirador de cremallera adicional. Repelente al agua con BIONIC-FINISH\u00ae ECO (el tejido es con membrana de TPU reciclada hasta 5000 mm impermeable). Cortavientos y transpirable hasta 1500g\/m2\/24h. El uso de materiales reciclados genuinos y las declaraciones de impacto ambiental est\u00e1n garantizadas mediante el uso del trazador f\u00edsico disruptivo AWARE\u2122 y la tecnolog\u00eda blockchain. Al escanear el c\u00f3digo QR, obtendr\u00e1 acceso a un pasaporte digital exclusivo. El 2% de los ingresos de cada producto vendido se donar\u00e1 a Water.org. Este producto tiene la certificaci\u00f3n OEKO-TEX\u00ae STANDARD 100. Tambi\u00e9n en talla mujer.<\/p>\n","protected":false},"excerpt":{"rendered":"<p>Chaqueta soft shell medium fit para hombre confeccionada en poli\u00e9ster reciclado con tejido de 3 capas de 300 G\/M\u00b2. Utiliza membrana de TPU reciclado y suave micropolar en el interior. Cremallera invertida en la parte delantera y bolsillos laterales con cremallera. Capucha ajustable con topes interiores para una mejor protecci\u00f3n. Pu\u00f1os de las mangas ajustables [&hellip;]<\/p>\n","protected":false},"featured_media":317760,"template":"","meta":{"_acf_changed":false},"product_cat":[1197],"product_tag":[],"class_list":["post-214244","product","type-product","status-publish","has-post-thumbnail","hentry","product_cat-chaquetas","pa_color-khaki","pa_fabric-type-softshell","pa_fit-medium-fit","pa_gender-men","pa_materials-softshell-4","pa_weight-300-gsm"],"acf":[],"yoast_head":"<!-- This site is optimized with the Yoast SEO plugin v27.0 - https:\/\/yoast.com\/product\/yoast-seo-wordpress\/ -->\n<title>Makalu Chaqueta ShoftShell Hombre Poli\u00e9ster Reciclado, caqui - New Iqoniq<\/title>\n<meta name=\"robots\" content=\"index, follow, max-snippet:-1, max-image-preview:large, max-video-preview:-1\" \/>\n<link rel=\"canonical\" href=\"https:\/\/wear-iqoniq.com\/es\/collection\/chaquetas\/chaqueta-makalu-de-poliester-reciclado-para-hombre-iqoniq-caqui\/\" \/>\n<meta property=\"og:locale\" content=\"es_ES\" \/>\n<meta property=\"og:type\" content=\"article\" \/>\n<meta property=\"og:title\" content=\"Makalu Chaqueta ShoftShell Hombre Poli\u00e9ster Reciclado, caqui - New Iqoniq\" \/>\n<meta property=\"og:description\" content=\"Chaqueta soft shell medium fit para hombre confeccionada en poli\u00e9ster reciclado con tejido de 3 capas de 300 G\/M\u00b2. Utiliza membrana de TPU reciclado y suave micropolar en el interior. Cremallera invertida en la parte delantera y bolsillos laterales con cremallera. Capucha ajustable con topes interiores para una mejor protecci\u00f3n. Pu\u00f1os de las mangas ajustables [&hellip;]\" \/>\n<meta property=\"og:url\" content=\"https:\/\/wear-iqoniq.com\/es\/collection\/chaquetas\/chaqueta-makalu-de-poliester-reciclado-para-hombre-iqoniq-caqui\/\" \/>\n<meta property=\"og:site_name\" content=\"New Iqoniq\" \/>\n<meta property=\"article:modified_time\" content=\"2026-04-15T01:16:17+00:00\" \/>\n<meta property=\"og:image\" content=\"https:\/\/wear-iqoniq.com\/wp-content\/uploads\/sites\/13\/2025\/04\/T1700.020.L__S_0__f77b6f54d0cb4718ab39712ad732fd43.jpg\" \/>\n\t<meta property=\"og:image:width\" content=\"1024\" \/>\n\t<meta property=\"og:image:height\" content=\"1024\" \/>\n\t<meta property=\"og:image:type\" content=\"image\/jpeg\" \/>\n<meta name=\"twitter:card\" content=\"summary_large_image\" \/>\n<meta name=\"twitter:label1\" content=\"Tiempo de lectura\" \/>\n\t<meta name=\"twitter:data1\" content=\"1 minuto\" \/>\n<script type=\"application\/ld+json\" class=\"yoast-schema-graph\">{\"@context\":\"https:\/\/schema.org\",\"@graph\":[{\"@type\":\"WebPage\",\"@id\":\"https:\/\/wear-iqoniq.com\/es\/collection\/chaquetas\/chaqueta-makalu-de-poliester-reciclado-para-hombre-iqoniq-caqui\/\",\"url\":\"https:\/\/wear-iqoniq.com\/es\/collection\/chaquetas\/chaqueta-makalu-de-poliester-reciclado-para-hombre-iqoniq-caqui\/\",\"name\":\"Makalu Chaqueta ShoftShell Hombre Poli\u00e9ster Reciclado, caqui - New Iqoniq\",\"isPartOf\":{\"@id\":\"https:\/\/wear-iqoniq.com\/es\/#website\"},\"primaryImageOfPage\":{\"@id\":\"https:\/\/wear-iqoniq.com\/es\/collection\/chaquetas\/chaqueta-makalu-de-poliester-reciclado-para-hombre-iqoniq-caqui\/#primaryimage\"},\"image\":{\"@id\":\"https:\/\/wear-iqoniq.com\/es\/collection\/chaquetas\/chaqueta-makalu-de-poliester-reciclado-para-hombre-iqoniq-caqui\/#primaryimage\"},\"thumbnailUrl\":\"https:\/\/wear-iqoniq.com\/wp-content\/uploads\/sites\/13\/2025\/04\/T1700.020.L__S_0__f77b6f54d0cb4718ab39712ad732fd43.jpg\",\"datePublished\":\"2025-10-07T11:47:02+00:00\",\"dateModified\":\"2026-04-15T01:16:17+00:00\",\"breadcrumb\":{\"@id\":\"https:\/\/wear-iqoniq.com\/es\/collection\/chaquetas\/chaqueta-makalu-de-poliester-reciclado-para-hombre-iqoniq-caqui\/#breadcrumb\"},\"inLanguage\":\"es\",\"potentialAction\":[{\"@type\":\"ReadAction\",\"target\":[\"https:\/\/wear-iqoniq.com\/es\/collection\/chaquetas\/chaqueta-makalu-de-poliester-reciclado-para-hombre-iqoniq-caqui\/\"]}]},{\"@type\":\"ImageObject\",\"inLanguage\":\"es\",\"@id\":\"https:\/\/wear-iqoniq.com\/es\/collection\/chaquetas\/chaqueta-makalu-de-poliester-reciclado-para-hombre-iqoniq-caqui\/#primaryimage\",\"url\":\"https:\/\/wear-iqoniq.com\/wp-content\/uploads\/sites\/13\/2025\/04\/T1700.020.L__S_0__f77b6f54d0cb4718ab39712ad732fd43.jpg\",\"contentUrl\":\"https:\/\/wear-iqoniq.com\/wp-content\/uploads\/sites\/13\/2025\/04\/T1700.020.L__S_0__f77b6f54d0cb4718ab39712ad732fd43.jpg\",\"width\":1024,\"height\":1024},{\"@type\":\"BreadcrumbList\",\"@id\":\"https:\/\/wear-iqoniq.com\/es\/collection\/chaquetas\/chaqueta-makalu-de-poliester-reciclado-para-hombre-iqoniq-caqui\/#breadcrumb\",\"itemListElement\":[{\"@type\":\"ListItem\",\"position\":1,\"name\":\"Home\",\"item\":\"https:\/\/wear-iqoniq.com\/es\/\"},{\"@type\":\"ListItem\",\"position\":2,\"name\":\"Coleccion\",\"item\":\"https:\/\/wear-iqoniq.com\/es\/coleccion\/\"},{\"@type\":\"ListItem\",\"position\":3,\"name\":\"Makalu Chaqueta ShoftShell Hombre Poli\u00e9ster Reciclado, caqui\"}]},{\"@type\":\"WebSite\",\"@id\":\"https:\/\/wear-iqoniq.com\/es\/#website\",\"url\":\"https:\/\/wear-iqoniq.com\/es\/\",\"name\":\"Iqoniq\",\"description\":\"Wear Change\",\"potentialAction\":[{\"@type\":\"SearchAction\",\"target\":{\"@type\":\"EntryPoint\",\"urlTemplate\":\"https:\/\/wear-iqoniq.com\/es\/?s={search_term_string}\"},\"query-input\":{\"@type\":\"PropertyValueSpecification\",\"valueRequired\":true,\"valueName\":\"search_term_string\"}}],\"inLanguage\":\"es\"}]}<\/script>\n<!-- \/ Yoast SEO plugin. -->","yoast_head_json":{"title":"Makalu Chaqueta ShoftShell Hombre Poli\u00e9ster Reciclado, caqui - New Iqoniq","robots":{"index":"index","follow":"follow","max-snippet":"max-snippet:-1","max-image-preview":"max-image-preview:large","max-video-preview":"max-video-preview:-1"},"canonical":"https:\/\/wear-iqoniq.com\/es\/collection\/chaquetas\/chaqueta-makalu-de-poliester-reciclado-para-hombre-iqoniq-caqui\/","og_locale":"es_ES","og_type":"article","og_title":"Makalu Chaqueta ShoftShell Hombre Poli\u00e9ster Reciclado, caqui - New Iqoniq","og_description":"Chaqueta soft shell medium fit para hombre confeccionada en poli\u00e9ster reciclado con tejido de 3 capas de 300 G\/M\u00b2. Utiliza membrana de TPU reciclado y suave micropolar en el interior. Cremallera invertida en la parte delantera y bolsillos laterales con cremallera. Capucha ajustable con topes interiores para una mejor protecci\u00f3n. Pu\u00f1os de las mangas ajustables [&hellip;]","og_url":"https:\/\/wear-iqoniq.com\/es\/collection\/chaquetas\/chaqueta-makalu-de-poliester-reciclado-para-hombre-iqoniq-caqui\/","og_site_name":"New Iqoniq","article_modified_time":"2026-04-15T01:16:17+00:00","og_image":[{"width":1024,"height":1024,"url":"https:\/\/wear-iqoniq.com\/wp-content\/uploads\/sites\/13\/2025\/04\/T1700.020.L__S_0__f77b6f54d0cb4718ab39712ad732fd43.jpg","type":"image\/jpeg"}],"twitter_card":"summary_large_image","twitter_misc":{"Tiempo de lectura":"1 minuto"},"schema":{"@context":"https:\/\/schema.org","@graph":[{"@type":"WebPage","@id":"https:\/\/wear-iqoniq.com\/es\/collection\/chaquetas\/chaqueta-makalu-de-poliester-reciclado-para-hombre-iqoniq-caqui\/","url":"https:\/\/wear-iqoniq.com\/es\/collection\/chaquetas\/chaqueta-makalu-de-poliester-reciclado-para-hombre-iqoniq-caqui\/","name":"Makalu Chaqueta ShoftShell Hombre Poli\u00e9ster Reciclado, caqui - New Iqoniq","isPartOf":{"@id":"https:\/\/wear-iqoniq.com\/es\/#website"},"primaryImageOfPage":{"@id":"https:\/\/wear-iqoniq.com\/es\/collection\/chaquetas\/chaqueta-makalu-de-poliester-reciclado-para-hombre-iqoniq-caqui\/#primaryimage"},"image":{"@id":"https:\/\/wear-iqoniq.com\/es\/collection\/chaquetas\/chaqueta-makalu-de-poliester-reciclado-para-hombre-iqoniq-caqui\/#primaryimage"},"thumbnailUrl":"https:\/\/wear-iqoniq.com\/wp-content\/uploads\/sites\/13\/2025\/04\/T1700.020.L__S_0__f77b6f54d0cb4718ab39712ad732fd43.jpg","datePublished":"2025-10-07T11:47:02+00:00","dateModified":"2026-04-15T01:16:17+00:00","breadcrumb":{"@id":"https:\/\/wear-iqoniq.com\/es\/collection\/chaquetas\/chaqueta-makalu-de-poliester-reciclado-para-hombre-iqoniq-caqui\/#breadcrumb"},"inLanguage":"es","potentialAction":[{"@type":"ReadAction","target":["https:\/\/wear-iqoniq.com\/es\/collection\/chaquetas\/chaqueta-makalu-de-poliester-reciclado-para-hombre-iqoniq-caqui\/"]}]},{"@type":"ImageObject","inLanguage":"es","@id":"https:\/\/wear-iqoniq.com\/es\/collection\/chaquetas\/chaqueta-makalu-de-poliester-reciclado-para-hombre-iqoniq-caqui\/#primaryimage","url":"https:\/\/wear-iqoniq.com\/wp-content\/uploads\/sites\/13\/2025\/04\/T1700.020.L__S_0__f77b6f54d0cb4718ab39712ad732fd43.jpg","contentUrl":"https:\/\/wear-iqoniq.com\/wp-content\/uploads\/sites\/13\/2025\/04\/T1700.020.L__S_0__f77b6f54d0cb4718ab39712ad732fd43.jpg","width":1024,"height":1024},{"@type":"BreadcrumbList","@id":"https:\/\/wear-iqoniq.com\/es\/collection\/chaquetas\/chaqueta-makalu-de-poliester-reciclado-para-hombre-iqoniq-caqui\/#breadcrumb","itemListElement":[{"@type":"ListItem","position":1,"name":"Home","item":"https:\/\/wear-iqoniq.com\/es\/"},{"@type":"ListItem","position":2,"name":"Coleccion","item":"https:\/\/wear-iqoniq.com\/es\/coleccion\/"},{"@type":"ListItem","position":3,"name":"Makalu Chaqueta ShoftShell Hombre Poli\u00e9ster Reciclado, caqui"}]},{"@type":"WebSite","@id":"https:\/\/wear-iqoniq.com\/es\/#website","url":"https:\/\/wear-iqoniq.com\/es\/","name":"Iqoniq","description":"Wear Change","potentialAction":[{"@type":"SearchAction","target":{"@type":"EntryPoint","urlTemplate":"https:\/\/wear-iqoniq.com\/es\/?s={search_term_string}"},"query-input":{"@type":"PropertyValueSpecification","valueRequired":true,"valueName":"search_term_string"}}],"inLanguage":"es"}]}},"_links":{"self":[{"href":"https:\/\/wear-iqoniq.com\/es\/wp-json\/wp\/v2\/product\/214244","targetHints":{"allow":["GET"]}}],"collection":[{"href":"https:\/\/wear-iqoniq.com\/es\/wp-json\/wp\/v2\/product"}],"about":[{"href":"https:\/\/wear-iqoniq.com\/es\/wp-json\/wp\/v2\/types\/product"}],"wp:featuredmedia":[{"embeddable":true,"href":"https:\/\/wear-iqoniq.com\/es\/wp-json\/wp\/v2\/media\/317760"}],"wp:attachment":[{"href":"https:\/\/wear-iqoniq.com\/es\/wp-json\/wp\/v2\/media?parent=214244"}],"wp:term":[{"taxonomy":"product_cat","embeddable":true,"href":"https:\/\/wear-iqoniq.com\/es\/wp-json\/wp\/v2\/product_cat?post=214244"},{"taxonomy":"product_tag","embeddable":true,"href":"https:\/\/wear-iqoniq.com\/es\/wp-json\/wp\/v2\/product_tag?post=214244"}],"curies":[{"name":"wp","href":"https:\/\/api.w.org\/{rel}","templated":true}]}}