{"id":212393,"date":"2025-10-07T13:53:14","date_gmt":"2025-10-07T11:53:14","guid":{"rendered":"https:\/\/xdsomename.tempurl.host\/iqoniq\/collection\/sin%20categor\u00eda\/sudadera-trivor-con-capucha-poliester-reciclado-iqoniq-negro\/"},"modified":"2026-04-05T03:37:11","modified_gmt":"2026-04-05T01:37:11","slug":"sudadera-trivor-con-capucha-poliester-reciclado-iqoniq-negro","status":"publish","type":"product","link":"https:\/\/wear-iqoniq.com\/es\/collection\/chaquetas-polares\/sudadera-trivor-con-capucha-poliester-reciclado-iqoniq-negro\/","title":{"rendered":"Trivor Sudadera Capucha Microfibra Poli\u00e9ster Reciclado, negr"},"content":{"rendered":"<p>Sudadera medium fit con capucha unisex de micropolar confeccionada 100% en poli\u00e9ster reciclado posconsumo de 240 G\/M\u00b2. Esta sudadera con capucha de forro polar te envuelve en suavidad y calidez. Tiene un pr\u00e1ctico bolsillo canguro, capucha de doble capa con cord\u00f3n tonal y ojales met\u00e1licos. La media luna interior de tejido ofrece un perfecto estampado interior del cuello personalizado. El dobladillo inferior y los pu\u00f1os de las mangas est\u00e1n confeccionados en el mismo tejido para mayor suavidad. El uso de materiales de tela org\u00e1nicos y reciclados genuinos y las declaraciones de impacto ambiental est\u00e1n garantizadas mediante el uso del trazador f\u00edsico disruptivo AWARE\u2122 y la tecnolog\u00eda blockchain. Al escanear el c\u00f3digo QR, obtendr\u00e1 acceso a un pasaporte digital exclusivo del producto. El 2% de los ingresos de cada producto vendido se donar\u00e1 a Water.org. Este producto tiene la certificaci\u00f3n OEKO-TEX\u00ae STANDARD 100.<\/p>\n","protected":false},"excerpt":{"rendered":"<p>Sudadera medium fit con capucha unisex de micropolar confeccionada 100% en poli\u00e9ster reciclado posconsumo de 240 G\/M\u00b2. Esta sudadera con capucha de forro polar te envuelve en suavidad y calidez. Tiene un pr\u00e1ctico bolsillo canguro, capucha de doble capa con cord\u00f3n tonal y ojales met\u00e1licos. La media luna interior de tejido ofrece un perfecto estampado [&hellip;]<\/p>\n","protected":false},"featured_media":319869,"template":"","meta":{"_acf_changed":false},"product_cat":[1198],"product_tag":[],"class_list":["post-212393","product","type-product","status-publish","has-post-thumbnail","hentry","product_cat-chaquetas-polares","pa_color-black","pa_fabric-type-micropolar","pa_fit-medium-fit","pa_gender-unisex","pa_materials-100re-pes-4","pa_weight-240-gsm"],"acf":[],"yoast_head":"<!-- This site is optimized with the Yoast SEO plugin v27.0 - https:\/\/yoast.com\/product\/yoast-seo-wordpress\/ -->\n<title>Trivor Sudadera Capucha Microfibra Poli\u00e9ster Reciclado, negr - New Iqoniq<\/title>\n<meta name=\"robots\" content=\"index, follow, max-snippet:-1, max-image-preview:large, max-video-preview:-1\" \/>\n<link rel=\"canonical\" href=\"https:\/\/wear-iqoniq.com\/es\/collection\/chaquetas-polares\/sudadera-trivor-con-capucha-poliester-reciclado-iqoniq-negro\/\" \/>\n<meta property=\"og:locale\" content=\"es_ES\" \/>\n<meta property=\"og:type\" content=\"article\" \/>\n<meta property=\"og:title\" content=\"Trivor Sudadera Capucha Microfibra Poli\u00e9ster Reciclado, negr - New Iqoniq\" \/>\n<meta property=\"og:description\" content=\"Sudadera medium fit con capucha unisex de micropolar confeccionada 100% en poli\u00e9ster reciclado posconsumo de 240 G\/M\u00b2. Esta sudadera con capucha de forro polar te envuelve en suavidad y calidez. Tiene un pr\u00e1ctico bolsillo canguro, capucha de doble capa con cord\u00f3n tonal y ojales met\u00e1licos. La media luna interior de tejido ofrece un perfecto estampado [&hellip;]\" \/>\n<meta property=\"og:url\" content=\"https:\/\/wear-iqoniq.com\/es\/collection\/chaquetas-polares\/sudadera-trivor-con-capucha-poliester-reciclado-iqoniq-negro\/\" \/>\n<meta property=\"og:site_name\" content=\"New Iqoniq\" \/>\n<meta property=\"article:modified_time\" content=\"2026-04-05T01:37:11+00:00\" \/>\n<meta property=\"og:image\" content=\"https:\/\/wear-iqoniq.com\/wp-content\/uploads\/sites\/13\/2025\/04\/T9403.001.L__S_0__1e76aa168b7041258228c6fd0c0e544a.jpg\" \/>\n\t<meta property=\"og:image:width\" content=\"1024\" \/>\n\t<meta property=\"og:image:height\" content=\"1024\" \/>\n\t<meta property=\"og:image:type\" content=\"image\/jpeg\" \/>\n<meta name=\"twitter:card\" content=\"summary_large_image\" \/>\n<meta name=\"twitter:label1\" content=\"Tiempo de lectura\" \/>\n\t<meta name=\"twitter:data1\" content=\"1 minuto\" \/>\n<script type=\"application\/ld+json\" class=\"yoast-schema-graph\">{\"@context\":\"https:\/\/schema.org\",\"@graph\":[{\"@type\":\"WebPage\",\"@id\":\"https:\/\/wear-iqoniq.com\/es\/collection\/chaquetas-polares\/sudadera-trivor-con-capucha-poliester-reciclado-iqoniq-negro\/\",\"url\":\"https:\/\/wear-iqoniq.com\/es\/collection\/chaquetas-polares\/sudadera-trivor-con-capucha-poliester-reciclado-iqoniq-negro\/\",\"name\":\"Trivor Sudadera Capucha Microfibra Poli\u00e9ster Reciclado, negr - New Iqoniq\",\"isPartOf\":{\"@id\":\"https:\/\/wear-iqoniq.com\/es\/#website\"},\"primaryImageOfPage\":{\"@id\":\"https:\/\/wear-iqoniq.com\/es\/collection\/chaquetas-polares\/sudadera-trivor-con-capucha-poliester-reciclado-iqoniq-negro\/#primaryimage\"},\"image\":{\"@id\":\"https:\/\/wear-iqoniq.com\/es\/collection\/chaquetas-polares\/sudadera-trivor-con-capucha-poliester-reciclado-iqoniq-negro\/#primaryimage\"},\"thumbnailUrl\":\"https:\/\/wear-iqoniq.com\/wp-content\/uploads\/sites\/13\/2025\/04\/T9403.001.L__S_0__1e76aa168b7041258228c6fd0c0e544a.jpg\",\"datePublished\":\"2025-10-07T11:53:14+00:00\",\"dateModified\":\"2026-04-05T01:37:11+00:00\",\"breadcrumb\":{\"@id\":\"https:\/\/wear-iqoniq.com\/es\/collection\/chaquetas-polares\/sudadera-trivor-con-capucha-poliester-reciclado-iqoniq-negro\/#breadcrumb\"},\"inLanguage\":\"es\",\"potentialAction\":[{\"@type\":\"ReadAction\",\"target\":[\"https:\/\/wear-iqoniq.com\/es\/collection\/chaquetas-polares\/sudadera-trivor-con-capucha-poliester-reciclado-iqoniq-negro\/\"]}]},{\"@type\":\"ImageObject\",\"inLanguage\":\"es\",\"@id\":\"https:\/\/wear-iqoniq.com\/es\/collection\/chaquetas-polares\/sudadera-trivor-con-capucha-poliester-reciclado-iqoniq-negro\/#primaryimage\",\"url\":\"https:\/\/wear-iqoniq.com\/wp-content\/uploads\/sites\/13\/2025\/04\/T9403.001.L__S_0__1e76aa168b7041258228c6fd0c0e544a.jpg\",\"contentUrl\":\"https:\/\/wear-iqoniq.com\/wp-content\/uploads\/sites\/13\/2025\/04\/T9403.001.L__S_0__1e76aa168b7041258228c6fd0c0e544a.jpg\",\"width\":1024,\"height\":1024},{\"@type\":\"BreadcrumbList\",\"@id\":\"https:\/\/wear-iqoniq.com\/es\/collection\/chaquetas-polares\/sudadera-trivor-con-capucha-poliester-reciclado-iqoniq-negro\/#breadcrumb\",\"itemListElement\":[{\"@type\":\"ListItem\",\"position\":1,\"name\":\"Home\",\"item\":\"https:\/\/wear-iqoniq.com\/es\/\"},{\"@type\":\"ListItem\",\"position\":2,\"name\":\"Coleccion\",\"item\":\"https:\/\/wear-iqoniq.com\/es\/coleccion\/\"},{\"@type\":\"ListItem\",\"position\":3,\"name\":\"Trivor Sudadera Capucha Microfibra Poli\u00e9ster Reciclado, negr\"}]},{\"@type\":\"WebSite\",\"@id\":\"https:\/\/wear-iqoniq.com\/es\/#website\",\"url\":\"https:\/\/wear-iqoniq.com\/es\/\",\"name\":\"Iqoniq\",\"description\":\"Wear Change\",\"potentialAction\":[{\"@type\":\"SearchAction\",\"target\":{\"@type\":\"EntryPoint\",\"urlTemplate\":\"https:\/\/wear-iqoniq.com\/es\/?s={search_term_string}\"},\"query-input\":{\"@type\":\"PropertyValueSpecification\",\"valueRequired\":true,\"valueName\":\"search_term_string\"}}],\"inLanguage\":\"es\"}]}<\/script>\n<!-- \/ Yoast SEO plugin. -->","yoast_head_json":{"title":"Trivor Sudadera Capucha Microfibra Poli\u00e9ster Reciclado, negr - New Iqoniq","robots":{"index":"index","follow":"follow","max-snippet":"max-snippet:-1","max-image-preview":"max-image-preview:large","max-video-preview":"max-video-preview:-1"},"canonical":"https:\/\/wear-iqoniq.com\/es\/collection\/chaquetas-polares\/sudadera-trivor-con-capucha-poliester-reciclado-iqoniq-negro\/","og_locale":"es_ES","og_type":"article","og_title":"Trivor Sudadera Capucha Microfibra Poli\u00e9ster Reciclado, negr - New Iqoniq","og_description":"Sudadera medium fit con capucha unisex de micropolar confeccionada 100% en poli\u00e9ster reciclado posconsumo de 240 G\/M\u00b2. Esta sudadera con capucha de forro polar te envuelve en suavidad y calidez. Tiene un pr\u00e1ctico bolsillo canguro, capucha de doble capa con cord\u00f3n tonal y ojales met\u00e1licos. La media luna interior de tejido ofrece un perfecto estampado [&hellip;]","og_url":"https:\/\/wear-iqoniq.com\/es\/collection\/chaquetas-polares\/sudadera-trivor-con-capucha-poliester-reciclado-iqoniq-negro\/","og_site_name":"New Iqoniq","article_modified_time":"2026-04-05T01:37:11+00:00","og_image":[{"width":1024,"height":1024,"url":"https:\/\/wear-iqoniq.com\/wp-content\/uploads\/sites\/13\/2025\/04\/T9403.001.L__S_0__1e76aa168b7041258228c6fd0c0e544a.jpg","type":"image\/jpeg"}],"twitter_card":"summary_large_image","twitter_misc":{"Tiempo de lectura":"1 minuto"},"schema":{"@context":"https:\/\/schema.org","@graph":[{"@type":"WebPage","@id":"https:\/\/wear-iqoniq.com\/es\/collection\/chaquetas-polares\/sudadera-trivor-con-capucha-poliester-reciclado-iqoniq-negro\/","url":"https:\/\/wear-iqoniq.com\/es\/collection\/chaquetas-polares\/sudadera-trivor-con-capucha-poliester-reciclado-iqoniq-negro\/","name":"Trivor Sudadera Capucha Microfibra Poli\u00e9ster Reciclado, negr - New Iqoniq","isPartOf":{"@id":"https:\/\/wear-iqoniq.com\/es\/#website"},"primaryImageOfPage":{"@id":"https:\/\/wear-iqoniq.com\/es\/collection\/chaquetas-polares\/sudadera-trivor-con-capucha-poliester-reciclado-iqoniq-negro\/#primaryimage"},"image":{"@id":"https:\/\/wear-iqoniq.com\/es\/collection\/chaquetas-polares\/sudadera-trivor-con-capucha-poliester-reciclado-iqoniq-negro\/#primaryimage"},"thumbnailUrl":"https:\/\/wear-iqoniq.com\/wp-content\/uploads\/sites\/13\/2025\/04\/T9403.001.L__S_0__1e76aa168b7041258228c6fd0c0e544a.jpg","datePublished":"2025-10-07T11:53:14+00:00","dateModified":"2026-04-05T01:37:11+00:00","breadcrumb":{"@id":"https:\/\/wear-iqoniq.com\/es\/collection\/chaquetas-polares\/sudadera-trivor-con-capucha-poliester-reciclado-iqoniq-negro\/#breadcrumb"},"inLanguage":"es","potentialAction":[{"@type":"ReadAction","target":["https:\/\/wear-iqoniq.com\/es\/collection\/chaquetas-polares\/sudadera-trivor-con-capucha-poliester-reciclado-iqoniq-negro\/"]}]},{"@type":"ImageObject","inLanguage":"es","@id":"https:\/\/wear-iqoniq.com\/es\/collection\/chaquetas-polares\/sudadera-trivor-con-capucha-poliester-reciclado-iqoniq-negro\/#primaryimage","url":"https:\/\/wear-iqoniq.com\/wp-content\/uploads\/sites\/13\/2025\/04\/T9403.001.L__S_0__1e76aa168b7041258228c6fd0c0e544a.jpg","contentUrl":"https:\/\/wear-iqoniq.com\/wp-content\/uploads\/sites\/13\/2025\/04\/T9403.001.L__S_0__1e76aa168b7041258228c6fd0c0e544a.jpg","width":1024,"height":1024},{"@type":"BreadcrumbList","@id":"https:\/\/wear-iqoniq.com\/es\/collection\/chaquetas-polares\/sudadera-trivor-con-capucha-poliester-reciclado-iqoniq-negro\/#breadcrumb","itemListElement":[{"@type":"ListItem","position":1,"name":"Home","item":"https:\/\/wear-iqoniq.com\/es\/"},{"@type":"ListItem","position":2,"name":"Coleccion","item":"https:\/\/wear-iqoniq.com\/es\/coleccion\/"},{"@type":"ListItem","position":3,"name":"Trivor Sudadera Capucha Microfibra Poli\u00e9ster Reciclado, negr"}]},{"@type":"WebSite","@id":"https:\/\/wear-iqoniq.com\/es\/#website","url":"https:\/\/wear-iqoniq.com\/es\/","name":"Iqoniq","description":"Wear Change","potentialAction":[{"@type":"SearchAction","target":{"@type":"EntryPoint","urlTemplate":"https:\/\/wear-iqoniq.com\/es\/?s={search_term_string}"},"query-input":{"@type":"PropertyValueSpecification","valueRequired":true,"valueName":"search_term_string"}}],"inLanguage":"es"}]}},"_links":{"self":[{"href":"https:\/\/wear-iqoniq.com\/es\/wp-json\/wp\/v2\/product\/212393","targetHints":{"allow":["GET"]}}],"collection":[{"href":"https:\/\/wear-iqoniq.com\/es\/wp-json\/wp\/v2\/product"}],"about":[{"href":"https:\/\/wear-iqoniq.com\/es\/wp-json\/wp\/v2\/types\/product"}],"wp:featuredmedia":[{"embeddable":true,"href":"https:\/\/wear-iqoniq.com\/es\/wp-json\/wp\/v2\/media\/319869"}],"wp:attachment":[{"href":"https:\/\/wear-iqoniq.com\/es\/wp-json\/wp\/v2\/media?parent=212393"}],"wp:term":[{"taxonomy":"product_cat","embeddable":true,"href":"https:\/\/wear-iqoniq.com\/es\/wp-json\/wp\/v2\/product_cat?post=212393"},{"taxonomy":"product_tag","embeddable":true,"href":"https:\/\/wear-iqoniq.com\/es\/wp-json\/wp\/v2\/product_tag?post=212393"}],"curies":[{"name":"wp","href":"https:\/\/api.w.org\/{rel}","templated":true}]}}