{"id":200042,"date":"2025-10-07T13:52:50","date_gmt":"2025-10-07T11:52:50","guid":{"rendered":"https:\/\/xdsomename.tempurl.host\/iqoniq\/collection\/sin%20categor\u00eda\/sudadera-torres-algodon-reciclado-sin-tenir-azul-marino-sin\/"},"modified":"2026-04-07T03:37:15","modified_gmt":"2026-04-07T01:37:15","slug":"sudadera-torres-algodon-reciclado-sin-tenir-azul-marino","status":"publish","type":"product","link":"https:\/\/wear-iqoniq.com\/es\/collection\/sudaderas-es\/sudadera-torres-algodon-reciclado-sin-tenir-azul-marino\/","title":{"rendered":"Torres Sudadera Capucha Mid Weight Algod\u00f3n Reciclado, heathe"},"content":{"rendered":"<p>Sudadera con capucha classic fit unisex confeccionada 100% algod\u00f3n, 50% reciclado y 50% org\u00e1nico, en 340 G\/M\u00b2. Es la misma sudadera con capucha que nuestra sudadera IQONIQ &#8216;Jasper&#8217;. Solo hay una diferencia: eliminamos el proceso del tinte. Hemos mezclado algod\u00f3n reciclado en su color existente con algod\u00f3n org\u00e1nico virgen. Esto crea el hermoso efecto jaspeado. El interior es de vell\u00f3n cepillado suave para mayor comodidad. El uso de materiales de tela org\u00e1nicos y reciclados genuinos y las afirmaciones de impacto ambiental est\u00e1n garantizados mediante el uso de la tecnolog\u00eda de cadena de bloques y el trazador f\u00edsico disruptivo AWARE\u2122. Al escanear el c\u00f3digo QR, obtendr\u00e1s acceso a un pasaporte digital dedicado del producto. El 2% de las ganancias de cada producto vendido se donar\u00e1 a Water.org. Este producto cuenta con la certificaci\u00f3n OEKO-TEX\u00ae STANDARD 100 Centexbel. Debido a la naturaleza de los hilos reciclados, pueden aparecer impurezas y variaciones de color.<\/p>\n","protected":false},"excerpt":{"rendered":"<p>Sudadera con capucha classic fit unisex confeccionada 100% algod\u00f3n, 50% reciclado y 50% org\u00e1nico, en 340 G\/M\u00b2. Es la misma sudadera con capucha que nuestra sudadera IQONIQ &#8216;Jasper&#8217;. Solo hay una diferencia: eliminamos el proceso del tinte. Hemos mezclado algod\u00f3n reciclado en su color existente con algod\u00f3n org\u00e1nico virgen. Esto crea el hermoso efecto jaspeado. [&hellip;]<\/p>\n","protected":false},"featured_media":319736,"template":"","meta":{"_acf_changed":false},"product_cat":[141],"product_tag":[],"class_list":["post-200042","product","type-product","status-publish","has-post-thumbnail","hentry","product_cat-sudaderas-es","pa_color-heathernav","pa_fabric-type-brushed-sweat","pa_fit-classic-fit","pa_gender-unisex","pa_materials-50-50re-cotton-4","pa_weight-340-gsm"],"acf":[],"yoast_head":"<!-- This site is optimized with the Yoast SEO plugin v27.0 - https:\/\/yoast.com\/product\/yoast-seo-wordpress\/ -->\n<title>Torres Sudadera Capucha Mid Weight Algod\u00f3n Reciclado, heathe - New Iqoniq<\/title>\n<meta name=\"robots\" content=\"index, follow, max-snippet:-1, max-image-preview:large, max-video-preview:-1\" \/>\n<link rel=\"canonical\" href=\"https:\/\/wear-iqoniq.com\/es\/collection\/sudaderas-es\/sudadera-torres-algodon-reciclado-sin-tenir-azul-marino\/\" \/>\n<meta property=\"og:locale\" content=\"es_ES\" \/>\n<meta property=\"og:type\" content=\"article\" \/>\n<meta property=\"og:title\" content=\"Torres Sudadera Capucha Mid Weight Algod\u00f3n Reciclado, heathe - New Iqoniq\" \/>\n<meta property=\"og:description\" content=\"Sudadera con capucha classic fit unisex confeccionada 100% algod\u00f3n, 50% reciclado y 50% org\u00e1nico, en 340 G\/M\u00b2. Es la misma sudadera con capucha que nuestra sudadera IQONIQ &#8216;Jasper&#8217;. Solo hay una diferencia: eliminamos el proceso del tinte. Hemos mezclado algod\u00f3n reciclado en su color existente con algod\u00f3n org\u00e1nico virgen. Esto crea el hermoso efecto jaspeado. [&hellip;]\" \/>\n<meta property=\"og:url\" content=\"https:\/\/wear-iqoniq.com\/es\/collection\/sudaderas-es\/sudadera-torres-algodon-reciclado-sin-tenir-azul-marino\/\" \/>\n<meta property=\"og:site_name\" content=\"New Iqoniq\" \/>\n<meta property=\"article:modified_time\" content=\"2026-04-07T01:37:15+00:00\" \/>\n<meta property=\"og:image\" content=\"https:\/\/wear-iqoniq.com\/wp-content\/uploads\/sites\/13\/2025\/04\/T9401.016.L__S_0__72e87f0c02b5498f93123a336c393663.jpg\" \/>\n\t<meta property=\"og:image:width\" content=\"1024\" \/>\n\t<meta property=\"og:image:height\" content=\"1024\" \/>\n\t<meta property=\"og:image:type\" content=\"image\/jpeg\" \/>\n<meta name=\"twitter:card\" content=\"summary_large_image\" \/>\n<meta name=\"twitter:label1\" content=\"Tiempo de lectura\" \/>\n\t<meta name=\"twitter:data1\" content=\"1 minuto\" \/>\n<script type=\"application\/ld+json\" class=\"yoast-schema-graph\">{\"@context\":\"https:\/\/schema.org\",\"@graph\":[{\"@type\":\"WebPage\",\"@id\":\"https:\/\/wear-iqoniq.com\/es\/collection\/sudaderas-es\/sudadera-torres-algodon-reciclado-sin-tenir-azul-marino\/\",\"url\":\"https:\/\/wear-iqoniq.com\/es\/collection\/sudaderas-es\/sudadera-torres-algodon-reciclado-sin-tenir-azul-marino\/\",\"name\":\"Torres Sudadera Capucha Mid Weight Algod\u00f3n Reciclado, heathe - New Iqoniq\",\"isPartOf\":{\"@id\":\"https:\/\/wear-iqoniq.com\/es\/#website\"},\"primaryImageOfPage\":{\"@id\":\"https:\/\/wear-iqoniq.com\/es\/collection\/sudaderas-es\/sudadera-torres-algodon-reciclado-sin-tenir-azul-marino\/#primaryimage\"},\"image\":{\"@id\":\"https:\/\/wear-iqoniq.com\/es\/collection\/sudaderas-es\/sudadera-torres-algodon-reciclado-sin-tenir-azul-marino\/#primaryimage\"},\"thumbnailUrl\":\"https:\/\/wear-iqoniq.com\/wp-content\/uploads\/sites\/13\/2025\/04\/T9401.016.L__S_0__72e87f0c02b5498f93123a336c393663.jpg\",\"datePublished\":\"2025-10-07T11:52:50+00:00\",\"dateModified\":\"2026-04-07T01:37:15+00:00\",\"breadcrumb\":{\"@id\":\"https:\/\/wear-iqoniq.com\/es\/collection\/sudaderas-es\/sudadera-torres-algodon-reciclado-sin-tenir-azul-marino\/#breadcrumb\"},\"inLanguage\":\"es\",\"potentialAction\":[{\"@type\":\"ReadAction\",\"target\":[\"https:\/\/wear-iqoniq.com\/es\/collection\/sudaderas-es\/sudadera-torres-algodon-reciclado-sin-tenir-azul-marino\/\"]}]},{\"@type\":\"ImageObject\",\"inLanguage\":\"es\",\"@id\":\"https:\/\/wear-iqoniq.com\/es\/collection\/sudaderas-es\/sudadera-torres-algodon-reciclado-sin-tenir-azul-marino\/#primaryimage\",\"url\":\"https:\/\/wear-iqoniq.com\/wp-content\/uploads\/sites\/13\/2025\/04\/T9401.016.L__S_0__72e87f0c02b5498f93123a336c393663.jpg\",\"contentUrl\":\"https:\/\/wear-iqoniq.com\/wp-content\/uploads\/sites\/13\/2025\/04\/T9401.016.L__S_0__72e87f0c02b5498f93123a336c393663.jpg\",\"width\":1024,\"height\":1024},{\"@type\":\"BreadcrumbList\",\"@id\":\"https:\/\/wear-iqoniq.com\/es\/collection\/sudaderas-es\/sudadera-torres-algodon-reciclado-sin-tenir-azul-marino\/#breadcrumb\",\"itemListElement\":[{\"@type\":\"ListItem\",\"position\":1,\"name\":\"Home\",\"item\":\"https:\/\/wear-iqoniq.com\/es\/\"},{\"@type\":\"ListItem\",\"position\":2,\"name\":\"Coleccion\",\"item\":\"https:\/\/wear-iqoniq.com\/es\/coleccion\/\"},{\"@type\":\"ListItem\",\"position\":3,\"name\":\"Torres Sudadera Capucha Mid Weight Algod\u00f3n Reciclado, heathe\"}]},{\"@type\":\"WebSite\",\"@id\":\"https:\/\/wear-iqoniq.com\/es\/#website\",\"url\":\"https:\/\/wear-iqoniq.com\/es\/\",\"name\":\"Iqoniq\",\"description\":\"Wear Change\",\"potentialAction\":[{\"@type\":\"SearchAction\",\"target\":{\"@type\":\"EntryPoint\",\"urlTemplate\":\"https:\/\/wear-iqoniq.com\/es\/?s={search_term_string}\"},\"query-input\":{\"@type\":\"PropertyValueSpecification\",\"valueRequired\":true,\"valueName\":\"search_term_string\"}}],\"inLanguage\":\"es\"}]}<\/script>\n<!-- \/ Yoast SEO plugin. -->","yoast_head_json":{"title":"Torres Sudadera Capucha Mid Weight Algod\u00f3n Reciclado, heathe - New Iqoniq","robots":{"index":"index","follow":"follow","max-snippet":"max-snippet:-1","max-image-preview":"max-image-preview:large","max-video-preview":"max-video-preview:-1"},"canonical":"https:\/\/wear-iqoniq.com\/es\/collection\/sudaderas-es\/sudadera-torres-algodon-reciclado-sin-tenir-azul-marino\/","og_locale":"es_ES","og_type":"article","og_title":"Torres Sudadera Capucha Mid Weight Algod\u00f3n Reciclado, heathe - New Iqoniq","og_description":"Sudadera con capucha classic fit unisex confeccionada 100% algod\u00f3n, 50% reciclado y 50% org\u00e1nico, en 340 G\/M\u00b2. Es la misma sudadera con capucha que nuestra sudadera IQONIQ &#8216;Jasper&#8217;. Solo hay una diferencia: eliminamos el proceso del tinte. Hemos mezclado algod\u00f3n reciclado en su color existente con algod\u00f3n org\u00e1nico virgen. Esto crea el hermoso efecto jaspeado. [&hellip;]","og_url":"https:\/\/wear-iqoniq.com\/es\/collection\/sudaderas-es\/sudadera-torres-algodon-reciclado-sin-tenir-azul-marino\/","og_site_name":"New Iqoniq","article_modified_time":"2026-04-07T01:37:15+00:00","og_image":[{"width":1024,"height":1024,"url":"https:\/\/wear-iqoniq.com\/wp-content\/uploads\/sites\/13\/2025\/04\/T9401.016.L__S_0__72e87f0c02b5498f93123a336c393663.jpg","type":"image\/jpeg"}],"twitter_card":"summary_large_image","twitter_misc":{"Tiempo de lectura":"1 minuto"},"schema":{"@context":"https:\/\/schema.org","@graph":[{"@type":"WebPage","@id":"https:\/\/wear-iqoniq.com\/es\/collection\/sudaderas-es\/sudadera-torres-algodon-reciclado-sin-tenir-azul-marino\/","url":"https:\/\/wear-iqoniq.com\/es\/collection\/sudaderas-es\/sudadera-torres-algodon-reciclado-sin-tenir-azul-marino\/","name":"Torres Sudadera Capucha Mid Weight Algod\u00f3n Reciclado, heathe - New Iqoniq","isPartOf":{"@id":"https:\/\/wear-iqoniq.com\/es\/#website"},"primaryImageOfPage":{"@id":"https:\/\/wear-iqoniq.com\/es\/collection\/sudaderas-es\/sudadera-torres-algodon-reciclado-sin-tenir-azul-marino\/#primaryimage"},"image":{"@id":"https:\/\/wear-iqoniq.com\/es\/collection\/sudaderas-es\/sudadera-torres-algodon-reciclado-sin-tenir-azul-marino\/#primaryimage"},"thumbnailUrl":"https:\/\/wear-iqoniq.com\/wp-content\/uploads\/sites\/13\/2025\/04\/T9401.016.L__S_0__72e87f0c02b5498f93123a336c393663.jpg","datePublished":"2025-10-07T11:52:50+00:00","dateModified":"2026-04-07T01:37:15+00:00","breadcrumb":{"@id":"https:\/\/wear-iqoniq.com\/es\/collection\/sudaderas-es\/sudadera-torres-algodon-reciclado-sin-tenir-azul-marino\/#breadcrumb"},"inLanguage":"es","potentialAction":[{"@type":"ReadAction","target":["https:\/\/wear-iqoniq.com\/es\/collection\/sudaderas-es\/sudadera-torres-algodon-reciclado-sin-tenir-azul-marino\/"]}]},{"@type":"ImageObject","inLanguage":"es","@id":"https:\/\/wear-iqoniq.com\/es\/collection\/sudaderas-es\/sudadera-torres-algodon-reciclado-sin-tenir-azul-marino\/#primaryimage","url":"https:\/\/wear-iqoniq.com\/wp-content\/uploads\/sites\/13\/2025\/04\/T9401.016.L__S_0__72e87f0c02b5498f93123a336c393663.jpg","contentUrl":"https:\/\/wear-iqoniq.com\/wp-content\/uploads\/sites\/13\/2025\/04\/T9401.016.L__S_0__72e87f0c02b5498f93123a336c393663.jpg","width":1024,"height":1024},{"@type":"BreadcrumbList","@id":"https:\/\/wear-iqoniq.com\/es\/collection\/sudaderas-es\/sudadera-torres-algodon-reciclado-sin-tenir-azul-marino\/#breadcrumb","itemListElement":[{"@type":"ListItem","position":1,"name":"Home","item":"https:\/\/wear-iqoniq.com\/es\/"},{"@type":"ListItem","position":2,"name":"Coleccion","item":"https:\/\/wear-iqoniq.com\/es\/coleccion\/"},{"@type":"ListItem","position":3,"name":"Torres Sudadera Capucha Mid Weight Algod\u00f3n Reciclado, heathe"}]},{"@type":"WebSite","@id":"https:\/\/wear-iqoniq.com\/es\/#website","url":"https:\/\/wear-iqoniq.com\/es\/","name":"Iqoniq","description":"Wear Change","potentialAction":[{"@type":"SearchAction","target":{"@type":"EntryPoint","urlTemplate":"https:\/\/wear-iqoniq.com\/es\/?s={search_term_string}"},"query-input":{"@type":"PropertyValueSpecification","valueRequired":true,"valueName":"search_term_string"}}],"inLanguage":"es"}]}},"_links":{"self":[{"href":"https:\/\/wear-iqoniq.com\/es\/wp-json\/wp\/v2\/product\/200042","targetHints":{"allow":["GET"]}}],"collection":[{"href":"https:\/\/wear-iqoniq.com\/es\/wp-json\/wp\/v2\/product"}],"about":[{"href":"https:\/\/wear-iqoniq.com\/es\/wp-json\/wp\/v2\/types\/product"}],"wp:featuredmedia":[{"embeddable":true,"href":"https:\/\/wear-iqoniq.com\/es\/wp-json\/wp\/v2\/media\/319736"}],"wp:attachment":[{"href":"https:\/\/wear-iqoniq.com\/es\/wp-json\/wp\/v2\/media?parent=200042"}],"wp:term":[{"taxonomy":"product_cat","embeddable":true,"href":"https:\/\/wear-iqoniq.com\/es\/wp-json\/wp\/v2\/product_cat?post=200042"},{"taxonomy":"product_tag","embeddable":true,"href":"https:\/\/wear-iqoniq.com\/es\/wp-json\/wp\/v2\/product_tag?post=200042"}],"curies":[{"name":"wp","href":"https:\/\/api.w.org\/{rel}","templated":true}]}}