{"id":199987,"date":"2025-10-07T13:50:53","date_gmt":"2025-10-07T11:50:53","guid":{"rendered":"https:\/\/xdsomename.tempurl.host\/iqoniq\/collection\/sin%20categor\u00eda\/polo-yosemite-de-algodon-reciclado-verdigris\/"},"modified":"2026-04-04T03:29:14","modified_gmt":"2026-04-04T01:29:14","slug":"polo-yosemite-de-algodon-reciclado-verdigris","status":"publish","type":"product","link":"https:\/\/wear-iqoniq.com\/es\/collection\/polos-es\/polo-yosemite-de-algodon-reciclado-verdigris\/","title":{"rendered":"Yosemite Polo Pique Unisex Algod\u00f3n Reciclado, verdigris"},"content":{"rendered":"<p>Polo unisex medium fit confeccionado 100% algod\u00f3n, 50% reciclado y 50% org\u00e1nico, en 220 G\/M\u00b2. El polo tiene tapeta delantera con dos botones a tono y canal\u00e9 plano 1&#215;1. El uso de materiales de tela org\u00e1nicos y reciclados genuinos y las afirmaciones de impacto ambiental est\u00e1n garantizados mediante el uso de la tecnolog\u00eda de cadena de bloques y el trazador f\u00edsico disruptivo AWARE\u2122. Al escanear el c\u00f3digo QR, obtendr\u00e1s acceso a un pasaporte digital dedicado del producto. El 2% de las ganancias de cada producto vendido se donar\u00e1 a Water.org. Este producto cuenta con la certificaci\u00f3n OEKO-TEX\u00ae STANDARD 100 Centexbel. Debido a la naturaleza de los hilos reciclados, pueden aparecer impurezas y variaciones de color.<\/p>\n","protected":false},"excerpt":{"rendered":"<p>Polo unisex medium fit confeccionado 100% algod\u00f3n, 50% reciclado y 50% org\u00e1nico, en 220 G\/M\u00b2. El polo tiene tapeta delantera con dos botones a tono y canal\u00e9 plano 1&#215;1. El uso de materiales de tela org\u00e1nicos y reciclados genuinos y las afirmaciones de impacto ambiental est\u00e1n garantizados mediante el uso de la tecnolog\u00eda de cadena [&hellip;]<\/p>\n","protected":false},"featured_media":319057,"template":"","meta":{"_acf_changed":false},"product_cat":[134],"product_tag":[],"class_list":["post-199987","product","type-product","status-publish","has-post-thumbnail","hentry","product_cat-polos-es","pa_color-verdigris","pa_fabric-type-pique","pa_fit-medium-fit","pa_gender-unisex","pa_materials-50-50re-cotton-4","pa_weight-220-gsm"],"acf":[],"yoast_head":"<!-- This site is optimized with the Yoast SEO plugin v27.0 - https:\/\/yoast.com\/product\/yoast-seo-wordpress\/ -->\n<title>Yosemite Polo Pique Unisex Algod\u00f3n Reciclado, verdigris - New Iqoniq<\/title>\n<meta name=\"robots\" content=\"index, follow, max-snippet:-1, max-image-preview:large, max-video-preview:-1\" \/>\n<link rel=\"canonical\" href=\"https:\/\/wear-iqoniq.com\/es\/collection\/polos-es\/polo-yosemite-de-algodon-reciclado-verdigris\/\" \/>\n<meta property=\"og:locale\" content=\"es_ES\" \/>\n<meta property=\"og:type\" content=\"article\" \/>\n<meta property=\"og:title\" content=\"Yosemite Polo Pique Unisex Algod\u00f3n Reciclado, verdigris - New Iqoniq\" \/>\n<meta property=\"og:description\" content=\"Polo unisex medium fit confeccionado 100% algod\u00f3n, 50% reciclado y 50% org\u00e1nico, en 220 G\/M\u00b2. El polo tiene tapeta delantera con dos botones a tono y canal\u00e9 plano 1&#215;1. El uso de materiales de tela org\u00e1nicos y reciclados genuinos y las afirmaciones de impacto ambiental est\u00e1n garantizados mediante el uso de la tecnolog\u00eda de cadena [&hellip;]\" \/>\n<meta property=\"og:url\" content=\"https:\/\/wear-iqoniq.com\/es\/collection\/polos-es\/polo-yosemite-de-algodon-reciclado-verdigris\/\" \/>\n<meta property=\"og:site_name\" content=\"New Iqoniq\" \/>\n<meta property=\"article:modified_time\" content=\"2026-04-04T01:29:14+00:00\" \/>\n<meta property=\"og:image\" content=\"https:\/\/wear-iqoniq.com\/wp-content\/uploads\/sites\/13\/2025\/04\/T9200.009.L__S_0__c7fc4125ba824188aeaccc78bb91b55e.jpg\" \/>\n\t<meta property=\"og:image:width\" content=\"1024\" \/>\n\t<meta property=\"og:image:height\" content=\"1024\" \/>\n\t<meta property=\"og:image:type\" content=\"image\/jpeg\" \/>\n<meta name=\"twitter:card\" content=\"summary_large_image\" \/>\n<meta name=\"twitter:label1\" content=\"Tiempo de lectura\" \/>\n\t<meta name=\"twitter:data1\" content=\"1 minuto\" \/>\n<script type=\"application\/ld+json\" class=\"yoast-schema-graph\">{\"@context\":\"https:\/\/schema.org\",\"@graph\":[{\"@type\":\"WebPage\",\"@id\":\"https:\/\/wear-iqoniq.com\/es\/collection\/polos-es\/polo-yosemite-de-algodon-reciclado-verdigris\/\",\"url\":\"https:\/\/wear-iqoniq.com\/es\/collection\/polos-es\/polo-yosemite-de-algodon-reciclado-verdigris\/\",\"name\":\"Yosemite Polo Pique Unisex Algod\u00f3n Reciclado, verdigris - New Iqoniq\",\"isPartOf\":{\"@id\":\"https:\/\/wear-iqoniq.com\/es\/#website\"},\"primaryImageOfPage\":{\"@id\":\"https:\/\/wear-iqoniq.com\/es\/collection\/polos-es\/polo-yosemite-de-algodon-reciclado-verdigris\/#primaryimage\"},\"image\":{\"@id\":\"https:\/\/wear-iqoniq.com\/es\/collection\/polos-es\/polo-yosemite-de-algodon-reciclado-verdigris\/#primaryimage\"},\"thumbnailUrl\":\"https:\/\/wear-iqoniq.com\/wp-content\/uploads\/sites\/13\/2025\/04\/T9200.009.L__S_0__c7fc4125ba824188aeaccc78bb91b55e.jpg\",\"datePublished\":\"2025-10-07T11:50:53+00:00\",\"dateModified\":\"2026-04-04T01:29:14+00:00\",\"breadcrumb\":{\"@id\":\"https:\/\/wear-iqoniq.com\/es\/collection\/polos-es\/polo-yosemite-de-algodon-reciclado-verdigris\/#breadcrumb\"},\"inLanguage\":\"es\",\"potentialAction\":[{\"@type\":\"ReadAction\",\"target\":[\"https:\/\/wear-iqoniq.com\/es\/collection\/polos-es\/polo-yosemite-de-algodon-reciclado-verdigris\/\"]}]},{\"@type\":\"ImageObject\",\"inLanguage\":\"es\",\"@id\":\"https:\/\/wear-iqoniq.com\/es\/collection\/polos-es\/polo-yosemite-de-algodon-reciclado-verdigris\/#primaryimage\",\"url\":\"https:\/\/wear-iqoniq.com\/wp-content\/uploads\/sites\/13\/2025\/04\/T9200.009.L__S_0__c7fc4125ba824188aeaccc78bb91b55e.jpg\",\"contentUrl\":\"https:\/\/wear-iqoniq.com\/wp-content\/uploads\/sites\/13\/2025\/04\/T9200.009.L__S_0__c7fc4125ba824188aeaccc78bb91b55e.jpg\",\"width\":1024,\"height\":1024},{\"@type\":\"BreadcrumbList\",\"@id\":\"https:\/\/wear-iqoniq.com\/es\/collection\/polos-es\/polo-yosemite-de-algodon-reciclado-verdigris\/#breadcrumb\",\"itemListElement\":[{\"@type\":\"ListItem\",\"position\":1,\"name\":\"Home\",\"item\":\"https:\/\/wear-iqoniq.com\/es\/\"},{\"@type\":\"ListItem\",\"position\":2,\"name\":\"Coleccion\",\"item\":\"https:\/\/wear-iqoniq.com\/es\/coleccion\/\"},{\"@type\":\"ListItem\",\"position\":3,\"name\":\"Yosemite Polo Pique Unisex Algod\u00f3n Reciclado, verdigris\"}]},{\"@type\":\"WebSite\",\"@id\":\"https:\/\/wear-iqoniq.com\/es\/#website\",\"url\":\"https:\/\/wear-iqoniq.com\/es\/\",\"name\":\"Iqoniq\",\"description\":\"Wear Change\",\"potentialAction\":[{\"@type\":\"SearchAction\",\"target\":{\"@type\":\"EntryPoint\",\"urlTemplate\":\"https:\/\/wear-iqoniq.com\/es\/?s={search_term_string}\"},\"query-input\":{\"@type\":\"PropertyValueSpecification\",\"valueRequired\":true,\"valueName\":\"search_term_string\"}}],\"inLanguage\":\"es\"}]}<\/script>\n<!-- \/ Yoast SEO plugin. -->","yoast_head_json":{"title":"Yosemite Polo Pique Unisex Algod\u00f3n Reciclado, verdigris - New Iqoniq","robots":{"index":"index","follow":"follow","max-snippet":"max-snippet:-1","max-image-preview":"max-image-preview:large","max-video-preview":"max-video-preview:-1"},"canonical":"https:\/\/wear-iqoniq.com\/es\/collection\/polos-es\/polo-yosemite-de-algodon-reciclado-verdigris\/","og_locale":"es_ES","og_type":"article","og_title":"Yosemite Polo Pique Unisex Algod\u00f3n Reciclado, verdigris - New Iqoniq","og_description":"Polo unisex medium fit confeccionado 100% algod\u00f3n, 50% reciclado y 50% org\u00e1nico, en 220 G\/M\u00b2. El polo tiene tapeta delantera con dos botones a tono y canal\u00e9 plano 1&#215;1. El uso de materiales de tela org\u00e1nicos y reciclados genuinos y las afirmaciones de impacto ambiental est\u00e1n garantizados mediante el uso de la tecnolog\u00eda de cadena [&hellip;]","og_url":"https:\/\/wear-iqoniq.com\/es\/collection\/polos-es\/polo-yosemite-de-algodon-reciclado-verdigris\/","og_site_name":"New Iqoniq","article_modified_time":"2026-04-04T01:29:14+00:00","og_image":[{"width":1024,"height":1024,"url":"https:\/\/wear-iqoniq.com\/wp-content\/uploads\/sites\/13\/2025\/04\/T9200.009.L__S_0__c7fc4125ba824188aeaccc78bb91b55e.jpg","type":"image\/jpeg"}],"twitter_card":"summary_large_image","twitter_misc":{"Tiempo de lectura":"1 minuto"},"schema":{"@context":"https:\/\/schema.org","@graph":[{"@type":"WebPage","@id":"https:\/\/wear-iqoniq.com\/es\/collection\/polos-es\/polo-yosemite-de-algodon-reciclado-verdigris\/","url":"https:\/\/wear-iqoniq.com\/es\/collection\/polos-es\/polo-yosemite-de-algodon-reciclado-verdigris\/","name":"Yosemite Polo Pique Unisex Algod\u00f3n Reciclado, verdigris - New Iqoniq","isPartOf":{"@id":"https:\/\/wear-iqoniq.com\/es\/#website"},"primaryImageOfPage":{"@id":"https:\/\/wear-iqoniq.com\/es\/collection\/polos-es\/polo-yosemite-de-algodon-reciclado-verdigris\/#primaryimage"},"image":{"@id":"https:\/\/wear-iqoniq.com\/es\/collection\/polos-es\/polo-yosemite-de-algodon-reciclado-verdigris\/#primaryimage"},"thumbnailUrl":"https:\/\/wear-iqoniq.com\/wp-content\/uploads\/sites\/13\/2025\/04\/T9200.009.L__S_0__c7fc4125ba824188aeaccc78bb91b55e.jpg","datePublished":"2025-10-07T11:50:53+00:00","dateModified":"2026-04-04T01:29:14+00:00","breadcrumb":{"@id":"https:\/\/wear-iqoniq.com\/es\/collection\/polos-es\/polo-yosemite-de-algodon-reciclado-verdigris\/#breadcrumb"},"inLanguage":"es","potentialAction":[{"@type":"ReadAction","target":["https:\/\/wear-iqoniq.com\/es\/collection\/polos-es\/polo-yosemite-de-algodon-reciclado-verdigris\/"]}]},{"@type":"ImageObject","inLanguage":"es","@id":"https:\/\/wear-iqoniq.com\/es\/collection\/polos-es\/polo-yosemite-de-algodon-reciclado-verdigris\/#primaryimage","url":"https:\/\/wear-iqoniq.com\/wp-content\/uploads\/sites\/13\/2025\/04\/T9200.009.L__S_0__c7fc4125ba824188aeaccc78bb91b55e.jpg","contentUrl":"https:\/\/wear-iqoniq.com\/wp-content\/uploads\/sites\/13\/2025\/04\/T9200.009.L__S_0__c7fc4125ba824188aeaccc78bb91b55e.jpg","width":1024,"height":1024},{"@type":"BreadcrumbList","@id":"https:\/\/wear-iqoniq.com\/es\/collection\/polos-es\/polo-yosemite-de-algodon-reciclado-verdigris\/#breadcrumb","itemListElement":[{"@type":"ListItem","position":1,"name":"Home","item":"https:\/\/wear-iqoniq.com\/es\/"},{"@type":"ListItem","position":2,"name":"Coleccion","item":"https:\/\/wear-iqoniq.com\/es\/coleccion\/"},{"@type":"ListItem","position":3,"name":"Yosemite Polo Pique Unisex Algod\u00f3n Reciclado, verdigris"}]},{"@type":"WebSite","@id":"https:\/\/wear-iqoniq.com\/es\/#website","url":"https:\/\/wear-iqoniq.com\/es\/","name":"Iqoniq","description":"Wear Change","potentialAction":[{"@type":"SearchAction","target":{"@type":"EntryPoint","urlTemplate":"https:\/\/wear-iqoniq.com\/es\/?s={search_term_string}"},"query-input":{"@type":"PropertyValueSpecification","valueRequired":true,"valueName":"search_term_string"}}],"inLanguage":"es"}]}},"_links":{"self":[{"href":"https:\/\/wear-iqoniq.com\/es\/wp-json\/wp\/v2\/product\/199987","targetHints":{"allow":["GET"]}}],"collection":[{"href":"https:\/\/wear-iqoniq.com\/es\/wp-json\/wp\/v2\/product"}],"about":[{"href":"https:\/\/wear-iqoniq.com\/es\/wp-json\/wp\/v2\/types\/product"}],"wp:featuredmedia":[{"embeddable":true,"href":"https:\/\/wear-iqoniq.com\/es\/wp-json\/wp\/v2\/media\/319057"}],"wp:attachment":[{"href":"https:\/\/wear-iqoniq.com\/es\/wp-json\/wp\/v2\/media?parent=199987"}],"wp:term":[{"taxonomy":"product_cat","embeddable":true,"href":"https:\/\/wear-iqoniq.com\/es\/wp-json\/wp\/v2\/product_cat?post=199987"},{"taxonomy":"product_tag","embeddable":true,"href":"https:\/\/wear-iqoniq.com\/es\/wp-json\/wp\/v2\/product_tag?post=199987"}],"curies":[{"name":"wp","href":"https:\/\/api.w.org\/{rel}","templated":true}]}}