{"id":199975,"date":"2025-10-07T13:48:53","date_gmt":"2025-10-07T11:48:53","guid":{"rendered":"https:\/\/xdsomename.tempurl.host\/iqoniq\/collection\/sin%20categor\u00eda\/camiseta-manuel-algodon-reciclado-sin-tenir-antracita-no-te\/"},"modified":"2026-04-20T03:22:08","modified_gmt":"2026-04-20T01:22:08","slug":"camiseta-manuel-algodon-reciclado-sin-tenir-antracita-no-te","status":"publish","type":"product","link":"https:\/\/wear-iqoniq.com\/es\/collection\/camisetas-es\/camiseta-manuel-algodon-reciclado-sin-tenir-antracita-no-te\/","title":{"rendered":"Camiseta Manuel algod\u00f3n reciclado sin te\u00f1ir, heather anthrac"},"content":{"rendered":"<p>Camiseta unisex classic fit confeccionada 100% algod\u00f3n, 50% reciclado y 50% org\u00e1nico, en 180 G\/M\u00b2. Es la misma camiseta que nuestra camiseta IQONIQ &#8216;Bryce&#8217;. Solo hay una diferencia: eliminamos el proceso del tinte. Hemos mezclado algod\u00f3n reciclado en su color existente con algod\u00f3n org\u00e1nico virgen, lo que crea el hermoso efecto jaspeado. El uso de materiales de tela org\u00e1nicos y reciclados genuinos y las afirmaciones de impacto ambiental est\u00e1n garantizados mediante el uso de la tecnolog\u00eda de cadena de bloques y el trazador f\u00edsico disruptivo AWARE\u2122. Al escanear el c\u00f3digo QR, obtendr\u00e1s acceso a un pasaporte digital dedicado del producto. El 2% de las ganancias de cada producto vendido se donar\u00e1 a Water.org. Este producto cuenta con la certificaci\u00f3n OEKO-TEX\u00ae STANDARD 100 Centexbel. Debido a la naturaleza de los hilos reciclados, pueden aparecer impurezas y variaciones de color.<\/p>\n","protected":false},"excerpt":{"rendered":"<p>Camiseta unisex classic fit confeccionada 100% algod\u00f3n, 50% reciclado y 50% org\u00e1nico, en 180 G\/M\u00b2. Es la misma camiseta que nuestra camiseta IQONIQ &#8216;Bryce&#8217;. Solo hay una diferencia: eliminamos el proceso del tinte. Hemos mezclado algod\u00f3n reciclado en su color existente con algod\u00f3n org\u00e1nico virgen, lo que crea el hermoso efecto jaspeado. El uso de [&hellip;]<\/p>\n","protected":false},"featured_media":318406,"template":"","meta":{"_acf_changed":false},"product_cat":[147],"product_tag":[],"class_list":["post-199975","product","type-product","status-publish","has-post-thumbnail","hentry","product_cat-camisetas-es","pa_color-undye-antr","pa_fabric-type-single-jersey","pa_fit-classic-fit","pa_gender-unisex","pa_materials-50-50re-cotton-4","pa_weight-180-gsm"],"acf":[],"yoast_head":"<!-- This site is optimized with the Yoast SEO plugin v27.0 - https:\/\/yoast.com\/product\/yoast-seo-wordpress\/ -->\n<title>Camiseta Manuel algod\u00f3n reciclado sin te\u00f1ir, heather anthrac - New Iqoniq<\/title>\n<meta name=\"robots\" content=\"index, follow, max-snippet:-1, max-image-preview:large, max-video-preview:-1\" \/>\n<link rel=\"canonical\" href=\"https:\/\/wear-iqoniq.com\/es\/collection\/camisetas-es\/camiseta-manuel-algodon-reciclado-sin-tenir-antracita-no-te\/\" \/>\n<meta property=\"og:locale\" content=\"es_ES\" \/>\n<meta property=\"og:type\" content=\"article\" \/>\n<meta property=\"og:title\" content=\"Camiseta Manuel algod\u00f3n reciclado sin te\u00f1ir, heather anthrac - New Iqoniq\" \/>\n<meta property=\"og:description\" content=\"Camiseta unisex classic fit confeccionada 100% algod\u00f3n, 50% reciclado y 50% org\u00e1nico, en 180 G\/M\u00b2. Es la misma camiseta que nuestra camiseta IQONIQ &#8216;Bryce&#8217;. Solo hay una diferencia: eliminamos el proceso del tinte. Hemos mezclado algod\u00f3n reciclado en su color existente con algod\u00f3n org\u00e1nico virgen, lo que crea el hermoso efecto jaspeado. El uso de [&hellip;]\" \/>\n<meta property=\"og:url\" content=\"https:\/\/wear-iqoniq.com\/es\/collection\/camisetas-es\/camiseta-manuel-algodon-reciclado-sin-tenir-antracita-no-te\/\" \/>\n<meta property=\"og:site_name\" content=\"New Iqoniq\" \/>\n<meta property=\"article:modified_time\" content=\"2026-04-20T01:22:08+00:00\" \/>\n<meta property=\"og:image\" content=\"https:\/\/wear-iqoniq.com\/wp-content\/uploads\/sites\/13\/2025\/04\/T9101.014.L__S_0__4c9035eba0554f9695307650fdf44262.jpg\" \/>\n\t<meta property=\"og:image:width\" content=\"1024\" \/>\n\t<meta property=\"og:image:height\" content=\"1024\" \/>\n\t<meta property=\"og:image:type\" content=\"image\/jpeg\" \/>\n<meta name=\"twitter:card\" content=\"summary_large_image\" \/>\n<meta name=\"twitter:label1\" content=\"Tiempo de lectura\" \/>\n\t<meta name=\"twitter:data1\" content=\"1 minuto\" \/>\n<script type=\"application\/ld+json\" class=\"yoast-schema-graph\">{\"@context\":\"https:\/\/schema.org\",\"@graph\":[{\"@type\":\"WebPage\",\"@id\":\"https:\/\/wear-iqoniq.com\/es\/collection\/camisetas-es\/camiseta-manuel-algodon-reciclado-sin-tenir-antracita-no-te\/\",\"url\":\"https:\/\/wear-iqoniq.com\/es\/collection\/camisetas-es\/camiseta-manuel-algodon-reciclado-sin-tenir-antracita-no-te\/\",\"name\":\"Camiseta Manuel algod\u00f3n reciclado sin te\u00f1ir, heather anthrac - New Iqoniq\",\"isPartOf\":{\"@id\":\"https:\/\/wear-iqoniq.com\/es\/#website\"},\"primaryImageOfPage\":{\"@id\":\"https:\/\/wear-iqoniq.com\/es\/collection\/camisetas-es\/camiseta-manuel-algodon-reciclado-sin-tenir-antracita-no-te\/#primaryimage\"},\"image\":{\"@id\":\"https:\/\/wear-iqoniq.com\/es\/collection\/camisetas-es\/camiseta-manuel-algodon-reciclado-sin-tenir-antracita-no-te\/#primaryimage\"},\"thumbnailUrl\":\"https:\/\/wear-iqoniq.com\/wp-content\/uploads\/sites\/13\/2025\/04\/T9101.014.L__S_0__4c9035eba0554f9695307650fdf44262.jpg\",\"datePublished\":\"2025-10-07T11:48:53+00:00\",\"dateModified\":\"2026-04-20T01:22:08+00:00\",\"breadcrumb\":{\"@id\":\"https:\/\/wear-iqoniq.com\/es\/collection\/camisetas-es\/camiseta-manuel-algodon-reciclado-sin-tenir-antracita-no-te\/#breadcrumb\"},\"inLanguage\":\"es\",\"potentialAction\":[{\"@type\":\"ReadAction\",\"target\":[\"https:\/\/wear-iqoniq.com\/es\/collection\/camisetas-es\/camiseta-manuel-algodon-reciclado-sin-tenir-antracita-no-te\/\"]}]},{\"@type\":\"ImageObject\",\"inLanguage\":\"es\",\"@id\":\"https:\/\/wear-iqoniq.com\/es\/collection\/camisetas-es\/camiseta-manuel-algodon-reciclado-sin-tenir-antracita-no-te\/#primaryimage\",\"url\":\"https:\/\/wear-iqoniq.com\/wp-content\/uploads\/sites\/13\/2025\/04\/T9101.014.L__S_0__4c9035eba0554f9695307650fdf44262.jpg\",\"contentUrl\":\"https:\/\/wear-iqoniq.com\/wp-content\/uploads\/sites\/13\/2025\/04\/T9101.014.L__S_0__4c9035eba0554f9695307650fdf44262.jpg\",\"width\":1024,\"height\":1024},{\"@type\":\"BreadcrumbList\",\"@id\":\"https:\/\/wear-iqoniq.com\/es\/collection\/camisetas-es\/camiseta-manuel-algodon-reciclado-sin-tenir-antracita-no-te\/#breadcrumb\",\"itemListElement\":[{\"@type\":\"ListItem\",\"position\":1,\"name\":\"Home\",\"item\":\"https:\/\/wear-iqoniq.com\/es\/\"},{\"@type\":\"ListItem\",\"position\":2,\"name\":\"Coleccion\",\"item\":\"https:\/\/wear-iqoniq.com\/es\/coleccion\/\"},{\"@type\":\"ListItem\",\"position\":3,\"name\":\"Camiseta Manuel algod\u00f3n reciclado sin te\u00f1ir, heather anthrac\"}]},{\"@type\":\"WebSite\",\"@id\":\"https:\/\/wear-iqoniq.com\/es\/#website\",\"url\":\"https:\/\/wear-iqoniq.com\/es\/\",\"name\":\"Iqoniq\",\"description\":\"Wear Change\",\"potentialAction\":[{\"@type\":\"SearchAction\",\"target\":{\"@type\":\"EntryPoint\",\"urlTemplate\":\"https:\/\/wear-iqoniq.com\/es\/?s={search_term_string}\"},\"query-input\":{\"@type\":\"PropertyValueSpecification\",\"valueRequired\":true,\"valueName\":\"search_term_string\"}}],\"inLanguage\":\"es\"}]}<\/script>\n<!-- \/ Yoast SEO plugin. -->","yoast_head_json":{"title":"Camiseta Manuel algod\u00f3n reciclado sin te\u00f1ir, heather anthrac - New Iqoniq","robots":{"index":"index","follow":"follow","max-snippet":"max-snippet:-1","max-image-preview":"max-image-preview:large","max-video-preview":"max-video-preview:-1"},"canonical":"https:\/\/wear-iqoniq.com\/es\/collection\/camisetas-es\/camiseta-manuel-algodon-reciclado-sin-tenir-antracita-no-te\/","og_locale":"es_ES","og_type":"article","og_title":"Camiseta Manuel algod\u00f3n reciclado sin te\u00f1ir, heather anthrac - New Iqoniq","og_description":"Camiseta unisex classic fit confeccionada 100% algod\u00f3n, 50% reciclado y 50% org\u00e1nico, en 180 G\/M\u00b2. Es la misma camiseta que nuestra camiseta IQONIQ &#8216;Bryce&#8217;. Solo hay una diferencia: eliminamos el proceso del tinte. Hemos mezclado algod\u00f3n reciclado en su color existente con algod\u00f3n org\u00e1nico virgen, lo que crea el hermoso efecto jaspeado. El uso de [&hellip;]","og_url":"https:\/\/wear-iqoniq.com\/es\/collection\/camisetas-es\/camiseta-manuel-algodon-reciclado-sin-tenir-antracita-no-te\/","og_site_name":"New Iqoniq","article_modified_time":"2026-04-20T01:22:08+00:00","og_image":[{"width":1024,"height":1024,"url":"https:\/\/wear-iqoniq.com\/wp-content\/uploads\/sites\/13\/2025\/04\/T9101.014.L__S_0__4c9035eba0554f9695307650fdf44262.jpg","type":"image\/jpeg"}],"twitter_card":"summary_large_image","twitter_misc":{"Tiempo de lectura":"1 minuto"},"schema":{"@context":"https:\/\/schema.org","@graph":[{"@type":"WebPage","@id":"https:\/\/wear-iqoniq.com\/es\/collection\/camisetas-es\/camiseta-manuel-algodon-reciclado-sin-tenir-antracita-no-te\/","url":"https:\/\/wear-iqoniq.com\/es\/collection\/camisetas-es\/camiseta-manuel-algodon-reciclado-sin-tenir-antracita-no-te\/","name":"Camiseta Manuel algod\u00f3n reciclado sin te\u00f1ir, heather anthrac - New Iqoniq","isPartOf":{"@id":"https:\/\/wear-iqoniq.com\/es\/#website"},"primaryImageOfPage":{"@id":"https:\/\/wear-iqoniq.com\/es\/collection\/camisetas-es\/camiseta-manuel-algodon-reciclado-sin-tenir-antracita-no-te\/#primaryimage"},"image":{"@id":"https:\/\/wear-iqoniq.com\/es\/collection\/camisetas-es\/camiseta-manuel-algodon-reciclado-sin-tenir-antracita-no-te\/#primaryimage"},"thumbnailUrl":"https:\/\/wear-iqoniq.com\/wp-content\/uploads\/sites\/13\/2025\/04\/T9101.014.L__S_0__4c9035eba0554f9695307650fdf44262.jpg","datePublished":"2025-10-07T11:48:53+00:00","dateModified":"2026-04-20T01:22:08+00:00","breadcrumb":{"@id":"https:\/\/wear-iqoniq.com\/es\/collection\/camisetas-es\/camiseta-manuel-algodon-reciclado-sin-tenir-antracita-no-te\/#breadcrumb"},"inLanguage":"es","potentialAction":[{"@type":"ReadAction","target":["https:\/\/wear-iqoniq.com\/es\/collection\/camisetas-es\/camiseta-manuel-algodon-reciclado-sin-tenir-antracita-no-te\/"]}]},{"@type":"ImageObject","inLanguage":"es","@id":"https:\/\/wear-iqoniq.com\/es\/collection\/camisetas-es\/camiseta-manuel-algodon-reciclado-sin-tenir-antracita-no-te\/#primaryimage","url":"https:\/\/wear-iqoniq.com\/wp-content\/uploads\/sites\/13\/2025\/04\/T9101.014.L__S_0__4c9035eba0554f9695307650fdf44262.jpg","contentUrl":"https:\/\/wear-iqoniq.com\/wp-content\/uploads\/sites\/13\/2025\/04\/T9101.014.L__S_0__4c9035eba0554f9695307650fdf44262.jpg","width":1024,"height":1024},{"@type":"BreadcrumbList","@id":"https:\/\/wear-iqoniq.com\/es\/collection\/camisetas-es\/camiseta-manuel-algodon-reciclado-sin-tenir-antracita-no-te\/#breadcrumb","itemListElement":[{"@type":"ListItem","position":1,"name":"Home","item":"https:\/\/wear-iqoniq.com\/es\/"},{"@type":"ListItem","position":2,"name":"Coleccion","item":"https:\/\/wear-iqoniq.com\/es\/coleccion\/"},{"@type":"ListItem","position":3,"name":"Camiseta Manuel algod\u00f3n reciclado sin te\u00f1ir, heather anthrac"}]},{"@type":"WebSite","@id":"https:\/\/wear-iqoniq.com\/es\/#website","url":"https:\/\/wear-iqoniq.com\/es\/","name":"Iqoniq","description":"Wear Change","potentialAction":[{"@type":"SearchAction","target":{"@type":"EntryPoint","urlTemplate":"https:\/\/wear-iqoniq.com\/es\/?s={search_term_string}"},"query-input":{"@type":"PropertyValueSpecification","valueRequired":true,"valueName":"search_term_string"}}],"inLanguage":"es"}]}},"_links":{"self":[{"href":"https:\/\/wear-iqoniq.com\/es\/wp-json\/wp\/v2\/product\/199975","targetHints":{"allow":["GET"]}}],"collection":[{"href":"https:\/\/wear-iqoniq.com\/es\/wp-json\/wp\/v2\/product"}],"about":[{"href":"https:\/\/wear-iqoniq.com\/es\/wp-json\/wp\/v2\/types\/product"}],"wp:featuredmedia":[{"embeddable":true,"href":"https:\/\/wear-iqoniq.com\/es\/wp-json\/wp\/v2\/media\/318406"}],"wp:attachment":[{"href":"https:\/\/wear-iqoniq.com\/es\/wp-json\/wp\/v2\/media?parent=199975"}],"wp:term":[{"taxonomy":"product_cat","embeddable":true,"href":"https:\/\/wear-iqoniq.com\/es\/wp-json\/wp\/v2\/product_cat?post=199975"},{"taxonomy":"product_tag","embeddable":true,"href":"https:\/\/wear-iqoniq.com\/es\/wp-json\/wp\/v2\/product_tag?post=199975"}],"curies":[{"name":"wp","href":"https:\/\/api.w.org\/{rel}","templated":true}]}}