{"id":331510,"date":"2026-01-05T11:29:54","date_gmt":"2026-01-05T09:29:54","guid":{"rendered":"https:\/\/wear-iqoniq.com\/collection\/unkategorisiert\/iqoniq-odin-urban-jacke-aus-recyceltem-polyester-navy-blau\/"},"modified":"2026-04-06T03:12:10","modified_gmt":"2026-04-06T01:12:10","slug":"iqoniq-odin-urban-jacke-aus-recyceltem-polyester-navy-blau","status":"publish","type":"product","link":"https:\/\/wear-iqoniq.com\/de\/collection\/jacken\/iqoniq-odin-urban-jacke-aus-recyceltem-polyester-navy-blau\/","title":{"rendered":"IQONIQ Odin Urban Jacke aus recyceltem Polyester, navy blau"},"content":{"rendered":"<p>Unisex-Jacke im Urban-Style aus 100% recyceltem Polyester mit rTPU-Membran (GRS-zertifiziert). Sie ist ein absolutes &#8222;Casual-Schick&#8220;. Der CF-Rei\u00dfverschluss besteht aus nickelfreiem Metall mit einem hochwertigen Zipper-Puller und einer Cord-Filling entlang der Rei\u00dfverschlussl\u00e4nge, zwei Taschen an den Seiten mit verdecktem Druckknopfverschluss, einen Kragen aus dem gleichen Material, B\u00fcndchen &amp; Saum mit elastischem Rippstrick f\u00fcr einen weichen Griff. Die Jacke ist gef\u00fcttert und hat einen verdeckten Rei\u00dfverschluss am unteren Saum und auf der linken Brustseite, um das Veredeln zu erleichtern. Das gesamte Kleidungsst\u00fcck ist mit recyceltem Polyester-Garn gen\u00e4ht. Im Nacken befindet sich ein abrei\u00dfbares Gr\u00f6\u00dfenetikett. Die Verwendung von recyceltem Material und die Angaben zur Umweltvertr\u00e4glichkeit werden durch den Einsatz des disruptiven physikalischen Tracers AWARE\u2122 und der Blockchain-Technologie garantiert. Durch Scannen des QR-Codes erhalten Sie Zugang zu einem speziellen digitalen Pass.<\/p>\n","protected":false},"excerpt":{"rendered":"<p>Unisex-Jacke im Urban-Style aus 100% recyceltem Polyester mit rTPU-Membran (GRS-zertifiziert). Sie ist ein absolutes &#8222;Casual-Schick&#8220;. Der CF-Rei\u00dfverschluss besteht aus nickelfreiem Metall mit einem hochwertigen Zipper-Puller und einer Cord-Filling entlang der Rei\u00dfverschlussl\u00e4nge, zwei Taschen an den Seiten mit verdecktem Druckknopfverschluss, einen Kragen aus dem gleichen Material, B\u00fcndchen &amp; Saum mit elastischem Rippstrick f\u00fcr einen weichen Griff. [&hellip;]<\/p>\n","protected":false},"featured_media":331306,"template":"","meta":{"_acf_changed":false},"product_cat":[1193],"product_tag":[],"class_list":["post-331510","product","type-product","status-publish","has-post-thumbnail","hentry","product_cat-jacken","pa_color-navy","pa_fabric-type-leinwandbindung","pa_fit-medium-fit","pa_gender-unisex","pa_materials-100re-pes-3","pa_weight-95-gsm"],"acf":[],"yoast_head":"<!-- This site is optimized with the Yoast SEO plugin v27.0 - https:\/\/yoast.com\/product\/yoast-seo-wordpress\/ -->\n<title>IQONIQ Odin Urban Jacke aus recyceltem Polyester, navy blau - New Iqoniq<\/title>\n<meta name=\"robots\" content=\"index, follow, max-snippet:-1, max-image-preview:large, max-video-preview:-1\" \/>\n<link rel=\"canonical\" href=\"https:\/\/wear-iqoniq.com\/de\/collection\/jacken\/iqoniq-odin-urban-jacke-aus-recyceltem-polyester-navy-blau\/\" \/>\n<meta property=\"og:locale\" content=\"de_DE\" \/>\n<meta property=\"og:type\" content=\"article\" \/>\n<meta property=\"og:title\" content=\"IQONIQ Odin Urban Jacke aus recyceltem Polyester, navy blau - New Iqoniq\" \/>\n<meta property=\"og:description\" content=\"Unisex-Jacke im Urban-Style aus 100% recyceltem Polyester mit rTPU-Membran (GRS-zertifiziert). Sie ist ein absolutes &#8222;Casual-Schick&#8220;. Der CF-Rei\u00dfverschluss besteht aus nickelfreiem Metall mit einem hochwertigen Zipper-Puller und einer Cord-Filling entlang der Rei\u00dfverschlussl\u00e4nge, zwei Taschen an den Seiten mit verdecktem Druckknopfverschluss, einen Kragen aus dem gleichen Material, B\u00fcndchen &amp; Saum mit elastischem Rippstrick f\u00fcr einen weichen Griff. [&hellip;]\" \/>\n<meta property=\"og:url\" content=\"https:\/\/wear-iqoniq.com\/de\/collection\/jacken\/iqoniq-odin-urban-jacke-aus-recyceltem-polyester-navy-blau\/\" \/>\n<meta property=\"og:site_name\" content=\"New Iqoniq\" \/>\n<meta property=\"article:modified_time\" content=\"2026-04-06T01:12:10+00:00\" \/>\n<meta property=\"og:image\" content=\"https:\/\/wear-iqoniq.com\/wp-content\/uploads\/sites\/13\/2026\/01\/T9703.002.L__S_0__c84330d118334a4590e25bf5fdb650dd.jpg\" \/>\n\t<meta property=\"og:image:width\" content=\"1024\" \/>\n\t<meta property=\"og:image:height\" content=\"1024\" \/>\n\t<meta property=\"og:image:type\" content=\"image\/jpeg\" \/>\n<meta name=\"twitter:card\" content=\"summary_large_image\" \/>\n<meta name=\"twitter:label1\" content=\"Gesch\u00e4tzte Lesezeit\" \/>\n\t<meta name=\"twitter:data1\" content=\"1\u00a0Minute\" \/>\n<script type=\"application\/ld+json\" class=\"yoast-schema-graph\">{\"@context\":\"https:\/\/schema.org\",\"@graph\":[{\"@type\":\"WebPage\",\"@id\":\"https:\/\/wear-iqoniq.com\/de\/collection\/jacken\/iqoniq-odin-urban-jacke-aus-recyceltem-polyester-navy-blau\/\",\"url\":\"https:\/\/wear-iqoniq.com\/de\/collection\/jacken\/iqoniq-odin-urban-jacke-aus-recyceltem-polyester-navy-blau\/\",\"name\":\"IQONIQ Odin Urban Jacke aus recyceltem Polyester, navy blau - New Iqoniq\",\"isPartOf\":{\"@id\":\"https:\/\/wear-iqoniq.com\/de\/#website\"},\"primaryImageOfPage\":{\"@id\":\"https:\/\/wear-iqoniq.com\/de\/collection\/jacken\/iqoniq-odin-urban-jacke-aus-recyceltem-polyester-navy-blau\/#primaryimage\"},\"image\":{\"@id\":\"https:\/\/wear-iqoniq.com\/de\/collection\/jacken\/iqoniq-odin-urban-jacke-aus-recyceltem-polyester-navy-blau\/#primaryimage\"},\"thumbnailUrl\":\"https:\/\/wear-iqoniq.com\/wp-content\/uploads\/sites\/13\/2026\/01\/T9703.002.L__S_0__c84330d118334a4590e25bf5fdb650dd.jpg\",\"datePublished\":\"2026-01-05T09:29:54+00:00\",\"dateModified\":\"2026-04-06T01:12:10+00:00\",\"breadcrumb\":{\"@id\":\"https:\/\/wear-iqoniq.com\/de\/collection\/jacken\/iqoniq-odin-urban-jacke-aus-recyceltem-polyester-navy-blau\/#breadcrumb\"},\"inLanguage\":\"de\",\"potentialAction\":[{\"@type\":\"ReadAction\",\"target\":[\"https:\/\/wear-iqoniq.com\/de\/collection\/jacken\/iqoniq-odin-urban-jacke-aus-recyceltem-polyester-navy-blau\/\"]}]},{\"@type\":\"ImageObject\",\"inLanguage\":\"de\",\"@id\":\"https:\/\/wear-iqoniq.com\/de\/collection\/jacken\/iqoniq-odin-urban-jacke-aus-recyceltem-polyester-navy-blau\/#primaryimage\",\"url\":\"https:\/\/wear-iqoniq.com\/wp-content\/uploads\/sites\/13\/2026\/01\/T9703.002.L__S_0__c84330d118334a4590e25bf5fdb650dd.jpg\",\"contentUrl\":\"https:\/\/wear-iqoniq.com\/wp-content\/uploads\/sites\/13\/2026\/01\/T9703.002.L__S_0__c84330d118334a4590e25bf5fdb650dd.jpg\",\"width\":1024,\"height\":1024},{\"@type\":\"BreadcrumbList\",\"@id\":\"https:\/\/wear-iqoniq.com\/de\/collection\/jacken\/iqoniq-odin-urban-jacke-aus-recyceltem-polyester-navy-blau\/#breadcrumb\",\"itemListElement\":[{\"@type\":\"ListItem\",\"position\":1,\"name\":\"Home\",\"item\":\"https:\/\/wear-iqoniq.com\/de\/\"},{\"@type\":\"ListItem\",\"position\":2,\"name\":\"Kollektion\",\"item\":\"https:\/\/wear-iqoniq.com\/de\/kollektion\/\"},{\"@type\":\"ListItem\",\"position\":3,\"name\":\"IQONIQ Odin Urban Jacke aus recyceltem Polyester, navy blau\"}]},{\"@type\":\"WebSite\",\"@id\":\"https:\/\/wear-iqoniq.com\/de\/#website\",\"url\":\"https:\/\/wear-iqoniq.com\/de\/\",\"name\":\"Iqoniq\",\"description\":\"Wear Change\",\"potentialAction\":[{\"@type\":\"SearchAction\",\"target\":{\"@type\":\"EntryPoint\",\"urlTemplate\":\"https:\/\/wear-iqoniq.com\/de\/?s={search_term_string}\"},\"query-input\":{\"@type\":\"PropertyValueSpecification\",\"valueRequired\":true,\"valueName\":\"search_term_string\"}}],\"inLanguage\":\"de\"}]}<\/script>\n<!-- \/ Yoast SEO plugin. -->","yoast_head_json":{"title":"IQONIQ Odin Urban Jacke aus recyceltem Polyester, navy blau - New Iqoniq","robots":{"index":"index","follow":"follow","max-snippet":"max-snippet:-1","max-image-preview":"max-image-preview:large","max-video-preview":"max-video-preview:-1"},"canonical":"https:\/\/wear-iqoniq.com\/de\/collection\/jacken\/iqoniq-odin-urban-jacke-aus-recyceltem-polyester-navy-blau\/","og_locale":"de_DE","og_type":"article","og_title":"IQONIQ Odin Urban Jacke aus recyceltem Polyester, navy blau - New Iqoniq","og_description":"Unisex-Jacke im Urban-Style aus 100% recyceltem Polyester mit rTPU-Membran (GRS-zertifiziert). Sie ist ein absolutes &#8222;Casual-Schick&#8220;. Der CF-Rei\u00dfverschluss besteht aus nickelfreiem Metall mit einem hochwertigen Zipper-Puller und einer Cord-Filling entlang der Rei\u00dfverschlussl\u00e4nge, zwei Taschen an den Seiten mit verdecktem Druckknopfverschluss, einen Kragen aus dem gleichen Material, B\u00fcndchen &amp; Saum mit elastischem Rippstrick f\u00fcr einen weichen Griff. [&hellip;]","og_url":"https:\/\/wear-iqoniq.com\/de\/collection\/jacken\/iqoniq-odin-urban-jacke-aus-recyceltem-polyester-navy-blau\/","og_site_name":"New Iqoniq","article_modified_time":"2026-04-06T01:12:10+00:00","og_image":[{"width":1024,"height":1024,"url":"https:\/\/wear-iqoniq.com\/wp-content\/uploads\/sites\/13\/2026\/01\/T9703.002.L__S_0__c84330d118334a4590e25bf5fdb650dd.jpg","type":"image\/jpeg"}],"twitter_card":"summary_large_image","twitter_misc":{"Gesch\u00e4tzte Lesezeit":"1\u00a0Minute"},"schema":{"@context":"https:\/\/schema.org","@graph":[{"@type":"WebPage","@id":"https:\/\/wear-iqoniq.com\/de\/collection\/jacken\/iqoniq-odin-urban-jacke-aus-recyceltem-polyester-navy-blau\/","url":"https:\/\/wear-iqoniq.com\/de\/collection\/jacken\/iqoniq-odin-urban-jacke-aus-recyceltem-polyester-navy-blau\/","name":"IQONIQ Odin Urban Jacke aus recyceltem Polyester, navy blau - New Iqoniq","isPartOf":{"@id":"https:\/\/wear-iqoniq.com\/de\/#website"},"primaryImageOfPage":{"@id":"https:\/\/wear-iqoniq.com\/de\/collection\/jacken\/iqoniq-odin-urban-jacke-aus-recyceltem-polyester-navy-blau\/#primaryimage"},"image":{"@id":"https:\/\/wear-iqoniq.com\/de\/collection\/jacken\/iqoniq-odin-urban-jacke-aus-recyceltem-polyester-navy-blau\/#primaryimage"},"thumbnailUrl":"https:\/\/wear-iqoniq.com\/wp-content\/uploads\/sites\/13\/2026\/01\/T9703.002.L__S_0__c84330d118334a4590e25bf5fdb650dd.jpg","datePublished":"2026-01-05T09:29:54+00:00","dateModified":"2026-04-06T01:12:10+00:00","breadcrumb":{"@id":"https:\/\/wear-iqoniq.com\/de\/collection\/jacken\/iqoniq-odin-urban-jacke-aus-recyceltem-polyester-navy-blau\/#breadcrumb"},"inLanguage":"de","potentialAction":[{"@type":"ReadAction","target":["https:\/\/wear-iqoniq.com\/de\/collection\/jacken\/iqoniq-odin-urban-jacke-aus-recyceltem-polyester-navy-blau\/"]}]},{"@type":"ImageObject","inLanguage":"de","@id":"https:\/\/wear-iqoniq.com\/de\/collection\/jacken\/iqoniq-odin-urban-jacke-aus-recyceltem-polyester-navy-blau\/#primaryimage","url":"https:\/\/wear-iqoniq.com\/wp-content\/uploads\/sites\/13\/2026\/01\/T9703.002.L__S_0__c84330d118334a4590e25bf5fdb650dd.jpg","contentUrl":"https:\/\/wear-iqoniq.com\/wp-content\/uploads\/sites\/13\/2026\/01\/T9703.002.L__S_0__c84330d118334a4590e25bf5fdb650dd.jpg","width":1024,"height":1024},{"@type":"BreadcrumbList","@id":"https:\/\/wear-iqoniq.com\/de\/collection\/jacken\/iqoniq-odin-urban-jacke-aus-recyceltem-polyester-navy-blau\/#breadcrumb","itemListElement":[{"@type":"ListItem","position":1,"name":"Home","item":"https:\/\/wear-iqoniq.com\/de\/"},{"@type":"ListItem","position":2,"name":"Kollektion","item":"https:\/\/wear-iqoniq.com\/de\/kollektion\/"},{"@type":"ListItem","position":3,"name":"IQONIQ Odin Urban Jacke aus recyceltem Polyester, navy blau"}]},{"@type":"WebSite","@id":"https:\/\/wear-iqoniq.com\/de\/#website","url":"https:\/\/wear-iqoniq.com\/de\/","name":"Iqoniq","description":"Wear Change","potentialAction":[{"@type":"SearchAction","target":{"@type":"EntryPoint","urlTemplate":"https:\/\/wear-iqoniq.com\/de\/?s={search_term_string}"},"query-input":{"@type":"PropertyValueSpecification","valueRequired":true,"valueName":"search_term_string"}}],"inLanguage":"de"}]}},"_links":{"self":[{"href":"https:\/\/wear-iqoniq.com\/de\/wp-json\/wp\/v2\/product\/331510","targetHints":{"allow":["GET"]}}],"collection":[{"href":"https:\/\/wear-iqoniq.com\/de\/wp-json\/wp\/v2\/product"}],"about":[{"href":"https:\/\/wear-iqoniq.com\/de\/wp-json\/wp\/v2\/types\/product"}],"wp:featuredmedia":[{"embeddable":true,"href":"https:\/\/wear-iqoniq.com\/de\/wp-json\/wp\/v2\/media\/331306"}],"wp:attachment":[{"href":"https:\/\/wear-iqoniq.com\/de\/wp-json\/wp\/v2\/media?parent=331510"}],"wp:term":[{"taxonomy":"product_cat","embeddable":true,"href":"https:\/\/wear-iqoniq.com\/de\/wp-json\/wp\/v2\/product_cat?post=331510"},{"taxonomy":"product_tag","embeddable":true,"href":"https:\/\/wear-iqoniq.com\/de\/wp-json\/wp\/v2\/product_tag?post=331510"}],"curies":[{"name":"wp","href":"https:\/\/api.w.org\/{rel}","templated":true}]}}