{"id":331506,"date":"2026-01-05T11:16:14","date_gmt":"2026-01-05T09:16:14","guid":{"rendered":"https:\/\/wear-iqoniq.com\/collection\/unkategorisiert\/iqoniq-thelon-parka-aus-recyceltem-polyester-schwarz\/"},"modified":"2026-04-06T03:11:53","modified_gmt":"2026-04-06T01:11:53","slug":"iqoniq-thelon-parka-aus-recyceltem-polyester-schwarz","status":"publish","type":"product","link":"https:\/\/wear-iqoniq.com\/de\/collection\/jacken\/iqoniq-thelon-parka-aus-recyceltem-polyester-schwarz\/","title":{"rendered":"IQONIQ Thelon Parka aus recyceltem Polyester, schwarz"},"content":{"rendered":"<p>Unisex-Parka mit Wattierung, 4000mm wasserdicht, aus 100% recyceltem Polyester, atmungsaktiv &amp; windabweisend. Er hat alle Merkmale eines klassischen Parkas: l\u00e4ngere R\u00fcckenl\u00e4nge, R\u00fcckenschlitz, 2-Wege-CF-Reverse-Rei\u00dfverschluss, verdeckt durch eine Frontleiste mit vier verdeckten Druckkn\u00f6pfen, \u00c4rmelb\u00fcndchen mit Innenmanschette, Kapuze mit Stoppern, horizontale Ziern\u00e4hte. Er ist mit Sheets aus 100% recyceltem Polyester gef\u00fcttert und mit feinem Taft unterlegt. Auf der Innenseite hat er einen versteckten Rei\u00dfverschluss am unteren Saum und auf der linken Brustseite des Tr\u00e4gers, das erleichtert eine Veredelung. Der gesamte Parka ist mit recyceltem Polyester-Garn gen\u00e4ht. Im Nacken hat er ein abrei\u00dfbares Gr\u00f6\u00dfenetikett. Die Verwendung von recyceltem Material und die Angaben zur Umweltvertr\u00e4glichkeit werden durch den Einsatz des disruptiven physikalischen Tracers AWARE\u2122 und der Blockchain-Technologie garantiert. Durch Scannen des QR-Codes erhalten Sie Zugang zu einem speziellen digitalen Pass.<\/p>\n","protected":false},"excerpt":{"rendered":"<p>Unisex-Parka mit Wattierung, 4000mm wasserdicht, aus 100% recyceltem Polyester, atmungsaktiv &amp; windabweisend. Er hat alle Merkmale eines klassischen Parkas: l\u00e4ngere R\u00fcckenl\u00e4nge, R\u00fcckenschlitz, 2-Wege-CF-Reverse-Rei\u00dfverschluss, verdeckt durch eine Frontleiste mit vier verdeckten Druckkn\u00f6pfen, \u00c4rmelb\u00fcndchen mit Innenmanschette, Kapuze mit Stoppern, horizontale Ziern\u00e4hte. Er ist mit Sheets aus 100% recyceltem Polyester gef\u00fcttert und mit feinem Taft unterlegt. Auf der [&hellip;]<\/p>\n","protected":false},"featured_media":330826,"template":"","meta":{"_acf_changed":false},"product_cat":[1193],"product_tag":[],"class_list":["post-331506","product","type-product","status-publish","has-post-thumbnail","hentry","product_cat-jacken","pa_color-black","pa_fabric-type-leinwandbindung","pa_fit-modern-fit","pa_gender-unisex","pa_materials-100re-pes-3","pa_weight-95-gsm"],"acf":[],"yoast_head":"<!-- This site is optimized with the Yoast SEO plugin v27.0 - https:\/\/yoast.com\/product\/yoast-seo-wordpress\/ -->\n<title>IQONIQ Thelon Parka aus recyceltem Polyester, schwarz - New Iqoniq<\/title>\n<meta name=\"robots\" content=\"index, follow, max-snippet:-1, max-image-preview:large, max-video-preview:-1\" \/>\n<link rel=\"canonical\" href=\"https:\/\/wear-iqoniq.com\/de\/collection\/jacken\/iqoniq-thelon-parka-aus-recyceltem-polyester-schwarz\/\" \/>\n<meta property=\"og:locale\" content=\"de_DE\" \/>\n<meta property=\"og:type\" content=\"article\" \/>\n<meta property=\"og:title\" content=\"IQONIQ Thelon Parka aus recyceltem Polyester, schwarz - New Iqoniq\" \/>\n<meta property=\"og:description\" content=\"Unisex-Parka mit Wattierung, 4000mm wasserdicht, aus 100% recyceltem Polyester, atmungsaktiv &amp; windabweisend. Er hat alle Merkmale eines klassischen Parkas: l\u00e4ngere R\u00fcckenl\u00e4nge, R\u00fcckenschlitz, 2-Wege-CF-Reverse-Rei\u00dfverschluss, verdeckt durch eine Frontleiste mit vier verdeckten Druckkn\u00f6pfen, \u00c4rmelb\u00fcndchen mit Innenmanschette, Kapuze mit Stoppern, horizontale Ziern\u00e4hte. Er ist mit Sheets aus 100% recyceltem Polyester gef\u00fcttert und mit feinem Taft unterlegt. Auf der [&hellip;]\" \/>\n<meta property=\"og:url\" content=\"https:\/\/wear-iqoniq.com\/de\/collection\/jacken\/iqoniq-thelon-parka-aus-recyceltem-polyester-schwarz\/\" \/>\n<meta property=\"og:site_name\" content=\"New Iqoniq\" \/>\n<meta property=\"article:modified_time\" content=\"2026-04-06T01:11:53+00:00\" \/>\n<meta property=\"og:image\" content=\"https:\/\/wear-iqoniq.com\/wp-content\/uploads\/sites\/13\/2026\/01\/T9702.001.L__S_0__f93d114cef5c48e38f34e26ee685e4b3.jpg\" \/>\n\t<meta property=\"og:image:width\" content=\"1024\" \/>\n\t<meta property=\"og:image:height\" content=\"1024\" \/>\n\t<meta property=\"og:image:type\" content=\"image\/jpeg\" \/>\n<meta name=\"twitter:card\" content=\"summary_large_image\" \/>\n<meta name=\"twitter:label1\" content=\"Gesch\u00e4tzte Lesezeit\" \/>\n\t<meta name=\"twitter:data1\" content=\"1\u00a0Minute\" \/>\n<script type=\"application\/ld+json\" class=\"yoast-schema-graph\">{\"@context\":\"https:\/\/schema.org\",\"@graph\":[{\"@type\":\"WebPage\",\"@id\":\"https:\/\/wear-iqoniq.com\/de\/collection\/jacken\/iqoniq-thelon-parka-aus-recyceltem-polyester-schwarz\/\",\"url\":\"https:\/\/wear-iqoniq.com\/de\/collection\/jacken\/iqoniq-thelon-parka-aus-recyceltem-polyester-schwarz\/\",\"name\":\"IQONIQ Thelon Parka aus recyceltem Polyester, schwarz - New Iqoniq\",\"isPartOf\":{\"@id\":\"https:\/\/wear-iqoniq.com\/de\/#website\"},\"primaryImageOfPage\":{\"@id\":\"https:\/\/wear-iqoniq.com\/de\/collection\/jacken\/iqoniq-thelon-parka-aus-recyceltem-polyester-schwarz\/#primaryimage\"},\"image\":{\"@id\":\"https:\/\/wear-iqoniq.com\/de\/collection\/jacken\/iqoniq-thelon-parka-aus-recyceltem-polyester-schwarz\/#primaryimage\"},\"thumbnailUrl\":\"https:\/\/wear-iqoniq.com\/wp-content\/uploads\/sites\/13\/2026\/01\/T9702.001.L__S_0__f93d114cef5c48e38f34e26ee685e4b3.jpg\",\"datePublished\":\"2026-01-05T09:16:14+00:00\",\"dateModified\":\"2026-04-06T01:11:53+00:00\",\"breadcrumb\":{\"@id\":\"https:\/\/wear-iqoniq.com\/de\/collection\/jacken\/iqoniq-thelon-parka-aus-recyceltem-polyester-schwarz\/#breadcrumb\"},\"inLanguage\":\"de\",\"potentialAction\":[{\"@type\":\"ReadAction\",\"target\":[\"https:\/\/wear-iqoniq.com\/de\/collection\/jacken\/iqoniq-thelon-parka-aus-recyceltem-polyester-schwarz\/\"]}]},{\"@type\":\"ImageObject\",\"inLanguage\":\"de\",\"@id\":\"https:\/\/wear-iqoniq.com\/de\/collection\/jacken\/iqoniq-thelon-parka-aus-recyceltem-polyester-schwarz\/#primaryimage\",\"url\":\"https:\/\/wear-iqoniq.com\/wp-content\/uploads\/sites\/13\/2026\/01\/T9702.001.L__S_0__f93d114cef5c48e38f34e26ee685e4b3.jpg\",\"contentUrl\":\"https:\/\/wear-iqoniq.com\/wp-content\/uploads\/sites\/13\/2026\/01\/T9702.001.L__S_0__f93d114cef5c48e38f34e26ee685e4b3.jpg\",\"width\":1024,\"height\":1024},{\"@type\":\"BreadcrumbList\",\"@id\":\"https:\/\/wear-iqoniq.com\/de\/collection\/jacken\/iqoniq-thelon-parka-aus-recyceltem-polyester-schwarz\/#breadcrumb\",\"itemListElement\":[{\"@type\":\"ListItem\",\"position\":1,\"name\":\"Home\",\"item\":\"https:\/\/wear-iqoniq.com\/de\/\"},{\"@type\":\"ListItem\",\"position\":2,\"name\":\"Kollektion\",\"item\":\"https:\/\/wear-iqoniq.com\/de\/kollektion\/\"},{\"@type\":\"ListItem\",\"position\":3,\"name\":\"IQONIQ Thelon Parka aus recyceltem Polyester, schwarz\"}]},{\"@type\":\"WebSite\",\"@id\":\"https:\/\/wear-iqoniq.com\/de\/#website\",\"url\":\"https:\/\/wear-iqoniq.com\/de\/\",\"name\":\"Iqoniq\",\"description\":\"Wear Change\",\"potentialAction\":[{\"@type\":\"SearchAction\",\"target\":{\"@type\":\"EntryPoint\",\"urlTemplate\":\"https:\/\/wear-iqoniq.com\/de\/?s={search_term_string}\"},\"query-input\":{\"@type\":\"PropertyValueSpecification\",\"valueRequired\":true,\"valueName\":\"search_term_string\"}}],\"inLanguage\":\"de\"}]}<\/script>\n<!-- \/ Yoast SEO plugin. -->","yoast_head_json":{"title":"IQONIQ Thelon Parka aus recyceltem Polyester, schwarz - New Iqoniq","robots":{"index":"index","follow":"follow","max-snippet":"max-snippet:-1","max-image-preview":"max-image-preview:large","max-video-preview":"max-video-preview:-1"},"canonical":"https:\/\/wear-iqoniq.com\/de\/collection\/jacken\/iqoniq-thelon-parka-aus-recyceltem-polyester-schwarz\/","og_locale":"de_DE","og_type":"article","og_title":"IQONIQ Thelon Parka aus recyceltem Polyester, schwarz - New Iqoniq","og_description":"Unisex-Parka mit Wattierung, 4000mm wasserdicht, aus 100% recyceltem Polyester, atmungsaktiv &amp; windabweisend. Er hat alle Merkmale eines klassischen Parkas: l\u00e4ngere R\u00fcckenl\u00e4nge, R\u00fcckenschlitz, 2-Wege-CF-Reverse-Rei\u00dfverschluss, verdeckt durch eine Frontleiste mit vier verdeckten Druckkn\u00f6pfen, \u00c4rmelb\u00fcndchen mit Innenmanschette, Kapuze mit Stoppern, horizontale Ziern\u00e4hte. Er ist mit Sheets aus 100% recyceltem Polyester gef\u00fcttert und mit feinem Taft unterlegt. Auf der [&hellip;]","og_url":"https:\/\/wear-iqoniq.com\/de\/collection\/jacken\/iqoniq-thelon-parka-aus-recyceltem-polyester-schwarz\/","og_site_name":"New Iqoniq","article_modified_time":"2026-04-06T01:11:53+00:00","og_image":[{"width":1024,"height":1024,"url":"https:\/\/wear-iqoniq.com\/wp-content\/uploads\/sites\/13\/2026\/01\/T9702.001.L__S_0__f93d114cef5c48e38f34e26ee685e4b3.jpg","type":"image\/jpeg"}],"twitter_card":"summary_large_image","twitter_misc":{"Gesch\u00e4tzte Lesezeit":"1\u00a0Minute"},"schema":{"@context":"https:\/\/schema.org","@graph":[{"@type":"WebPage","@id":"https:\/\/wear-iqoniq.com\/de\/collection\/jacken\/iqoniq-thelon-parka-aus-recyceltem-polyester-schwarz\/","url":"https:\/\/wear-iqoniq.com\/de\/collection\/jacken\/iqoniq-thelon-parka-aus-recyceltem-polyester-schwarz\/","name":"IQONIQ Thelon Parka aus recyceltem Polyester, schwarz - New Iqoniq","isPartOf":{"@id":"https:\/\/wear-iqoniq.com\/de\/#website"},"primaryImageOfPage":{"@id":"https:\/\/wear-iqoniq.com\/de\/collection\/jacken\/iqoniq-thelon-parka-aus-recyceltem-polyester-schwarz\/#primaryimage"},"image":{"@id":"https:\/\/wear-iqoniq.com\/de\/collection\/jacken\/iqoniq-thelon-parka-aus-recyceltem-polyester-schwarz\/#primaryimage"},"thumbnailUrl":"https:\/\/wear-iqoniq.com\/wp-content\/uploads\/sites\/13\/2026\/01\/T9702.001.L__S_0__f93d114cef5c48e38f34e26ee685e4b3.jpg","datePublished":"2026-01-05T09:16:14+00:00","dateModified":"2026-04-06T01:11:53+00:00","breadcrumb":{"@id":"https:\/\/wear-iqoniq.com\/de\/collection\/jacken\/iqoniq-thelon-parka-aus-recyceltem-polyester-schwarz\/#breadcrumb"},"inLanguage":"de","potentialAction":[{"@type":"ReadAction","target":["https:\/\/wear-iqoniq.com\/de\/collection\/jacken\/iqoniq-thelon-parka-aus-recyceltem-polyester-schwarz\/"]}]},{"@type":"ImageObject","inLanguage":"de","@id":"https:\/\/wear-iqoniq.com\/de\/collection\/jacken\/iqoniq-thelon-parka-aus-recyceltem-polyester-schwarz\/#primaryimage","url":"https:\/\/wear-iqoniq.com\/wp-content\/uploads\/sites\/13\/2026\/01\/T9702.001.L__S_0__f93d114cef5c48e38f34e26ee685e4b3.jpg","contentUrl":"https:\/\/wear-iqoniq.com\/wp-content\/uploads\/sites\/13\/2026\/01\/T9702.001.L__S_0__f93d114cef5c48e38f34e26ee685e4b3.jpg","width":1024,"height":1024},{"@type":"BreadcrumbList","@id":"https:\/\/wear-iqoniq.com\/de\/collection\/jacken\/iqoniq-thelon-parka-aus-recyceltem-polyester-schwarz\/#breadcrumb","itemListElement":[{"@type":"ListItem","position":1,"name":"Home","item":"https:\/\/wear-iqoniq.com\/de\/"},{"@type":"ListItem","position":2,"name":"Kollektion","item":"https:\/\/wear-iqoniq.com\/de\/kollektion\/"},{"@type":"ListItem","position":3,"name":"IQONIQ Thelon Parka aus recyceltem Polyester, schwarz"}]},{"@type":"WebSite","@id":"https:\/\/wear-iqoniq.com\/de\/#website","url":"https:\/\/wear-iqoniq.com\/de\/","name":"Iqoniq","description":"Wear Change","potentialAction":[{"@type":"SearchAction","target":{"@type":"EntryPoint","urlTemplate":"https:\/\/wear-iqoniq.com\/de\/?s={search_term_string}"},"query-input":{"@type":"PropertyValueSpecification","valueRequired":true,"valueName":"search_term_string"}}],"inLanguage":"de"}]}},"_links":{"self":[{"href":"https:\/\/wear-iqoniq.com\/de\/wp-json\/wp\/v2\/product\/331506","targetHints":{"allow":["GET"]}}],"collection":[{"href":"https:\/\/wear-iqoniq.com\/de\/wp-json\/wp\/v2\/product"}],"about":[{"href":"https:\/\/wear-iqoniq.com\/de\/wp-json\/wp\/v2\/types\/product"}],"wp:featuredmedia":[{"embeddable":true,"href":"https:\/\/wear-iqoniq.com\/de\/wp-json\/wp\/v2\/media\/330826"}],"wp:attachment":[{"href":"https:\/\/wear-iqoniq.com\/de\/wp-json\/wp\/v2\/media?parent=331506"}],"wp:term":[{"taxonomy":"product_cat","embeddable":true,"href":"https:\/\/wear-iqoniq.com\/de\/wp-json\/wp\/v2\/product_cat?post=331506"},{"taxonomy":"product_tag","embeddable":true,"href":"https:\/\/wear-iqoniq.com\/de\/wp-json\/wp\/v2\/product_tag?post=331506"}],"curies":[{"name":"wp","href":"https:\/\/api.w.org\/{rel}","templated":true}]}}