{"id":323056,"date":"2025-10-07T13:54:23","date_gmt":"2025-10-07T11:54:23","guid":{"rendered":"https:\/\/xdsomename.tempurl.host\/iqoniq\/collection\/unkategorisiert\/iqoniq-elgon-quarter-zip-sweater-aus-rec-baumwolle-schwarz\/"},"modified":"2026-04-07T03:11:11","modified_gmt":"2026-04-07T01:11:11","slug":"iqoniq-elgon-quarter-zip-sweater-aus-rec-baumwolle-schwarz","status":"publish","type":"product","link":"https:\/\/wear-iqoniq.com\/de\/collection\/sweatshirts-de\/iqoniq-elgon-quarter-zip-sweater-aus-rec-baumwolle-schwarz\/","title":{"rendered":"Elgon Quarter-Zip-Sweater aus rec. Baumwolle, schwarz"},"content":{"rendered":"<p>Unisex-Pullover Modern-Fit und Quarter-Zip aus 100% Baumwolle, davon 30% recycelt und 70% Bio-Baumwolle, 300g\/m\u00b2. Der Pullover mit Quarter-Zip hat einen Kragen aus dem gleichen Material, eingesetzte lange \u00c4rmel und 1&#215;1-Rippb\u00fcndchen an den \u00c4rmelenden und am Saum. Die Innenseite des Stoffes ist French Terry. Die Verwendung von tats\u00e4chlich recycelten und biologischen Stoffen sowie die Angaben zur Umweltvertr\u00e4glichkeit werden durch den innovativen physikalischen AWARE\u2122 Tracer und Blockchain-Technologie garantiert. Durch Scannen des QR-Codes erhalten Sie Zugang zu einem speziellen digitalen Pass f\u00fcr das Produkt. 2% des Erl\u00f6ses jedes verkauften Produkts werden an Water.org gespendet. Dieses Produkt ist nach OEKO-TEX\u00ae STANDARD 100 Centexbel zertifiziert. Aufgrund der Beschaffenheit von recycelten Garnen k\u00f6nnen leichte Verunreinigungen und Farbabweichungen auftreten.<\/p>\n","protected":false},"excerpt":{"rendered":"<p>Unisex-Pullover Modern-Fit und Quarter-Zip aus 100% Baumwolle, davon 30% recycelt und 70% Bio-Baumwolle, 300g\/m\u00b2. Der Pullover mit Quarter-Zip hat einen Kragen aus dem gleichen Material, eingesetzte lange \u00c4rmel und 1&#215;1-Rippb\u00fcndchen an den \u00c4rmelenden und am Saum. Die Innenseite des Stoffes ist French Terry. Die Verwendung von tats\u00e4chlich recycelten und biologischen Stoffen sowie die Angaben zur [&hellip;]<\/p>\n","protected":false},"featured_media":323304,"template":"","meta":{"_acf_changed":false},"product_cat":[143],"product_tag":[],"class_list":["post-323056","product","type-product","status-publish","has-post-thumbnail","hentry","product_cat-sweatshirts-de","pa_color-black","pa_fabric-type-french-terry","pa_fit-modern-fit","pa_gender-unisex","pa_materials-70-30re-cotton-3","pa_weight-300-gsm"],"acf":[],"yoast_head":"<!-- This site is optimized with the Yoast SEO plugin v27.0 - https:\/\/yoast.com\/product\/yoast-seo-wordpress\/ -->\n<title>Elgon Quarter-Zip-Sweater aus rec. Baumwolle, schwarz - New Iqoniq<\/title>\n<meta name=\"robots\" content=\"index, follow, max-snippet:-1, max-image-preview:large, max-video-preview:-1\" \/>\n<link rel=\"canonical\" href=\"https:\/\/wear-iqoniq.com\/de\/collection\/sweatshirts-de\/iqoniq-elgon-quarter-zip-sweater-aus-rec-baumwolle-schwarz\/\" \/>\n<meta property=\"og:locale\" content=\"de_DE\" \/>\n<meta property=\"og:type\" content=\"article\" \/>\n<meta property=\"og:title\" content=\"Elgon Quarter-Zip-Sweater aus rec. Baumwolle, schwarz - New Iqoniq\" \/>\n<meta property=\"og:description\" content=\"Unisex-Pullover Modern-Fit und Quarter-Zip aus 100% Baumwolle, davon 30% recycelt und 70% Bio-Baumwolle, 300g\/m\u00b2. Der Pullover mit Quarter-Zip hat einen Kragen aus dem gleichen Material, eingesetzte lange \u00c4rmel und 1&#215;1-Rippb\u00fcndchen an den \u00c4rmelenden und am Saum. Die Innenseite des Stoffes ist French Terry. Die Verwendung von tats\u00e4chlich recycelten und biologischen Stoffen sowie die Angaben zur [&hellip;]\" \/>\n<meta property=\"og:url\" content=\"https:\/\/wear-iqoniq.com\/de\/collection\/sweatshirts-de\/iqoniq-elgon-quarter-zip-sweater-aus-rec-baumwolle-schwarz\/\" \/>\n<meta property=\"og:site_name\" content=\"New Iqoniq\" \/>\n<meta property=\"article:modified_time\" content=\"2026-04-07T01:11:11+00:00\" \/>\n<meta property=\"og:image\" content=\"https:\/\/wear-iqoniq.com\/wp-content\/uploads\/sites\/13\/2025\/08\/T9601.001.L__S_0__1639d637481c417caa3f4f1984a329b0.jpg\" \/>\n\t<meta property=\"og:image:width\" content=\"1024\" \/>\n\t<meta property=\"og:image:height\" content=\"1024\" \/>\n\t<meta property=\"og:image:type\" content=\"image\/jpeg\" \/>\n<meta name=\"twitter:card\" content=\"summary_large_image\" \/>\n<meta name=\"twitter:label1\" content=\"Gesch\u00e4tzte Lesezeit\" \/>\n\t<meta name=\"twitter:data1\" content=\"1\u00a0Minute\" \/>\n<script type=\"application\/ld+json\" class=\"yoast-schema-graph\">{\"@context\":\"https:\/\/schema.org\",\"@graph\":[{\"@type\":\"WebPage\",\"@id\":\"https:\/\/wear-iqoniq.com\/de\/collection\/sweatshirts-de\/iqoniq-elgon-quarter-zip-sweater-aus-rec-baumwolle-schwarz\/\",\"url\":\"https:\/\/wear-iqoniq.com\/de\/collection\/sweatshirts-de\/iqoniq-elgon-quarter-zip-sweater-aus-rec-baumwolle-schwarz\/\",\"name\":\"Elgon Quarter-Zip-Sweater aus rec. Baumwolle, schwarz - New Iqoniq\",\"isPartOf\":{\"@id\":\"https:\/\/wear-iqoniq.com\/de\/#website\"},\"primaryImageOfPage\":{\"@id\":\"https:\/\/wear-iqoniq.com\/de\/collection\/sweatshirts-de\/iqoniq-elgon-quarter-zip-sweater-aus-rec-baumwolle-schwarz\/#primaryimage\"},\"image\":{\"@id\":\"https:\/\/wear-iqoniq.com\/de\/collection\/sweatshirts-de\/iqoniq-elgon-quarter-zip-sweater-aus-rec-baumwolle-schwarz\/#primaryimage\"},\"thumbnailUrl\":\"https:\/\/wear-iqoniq.com\/wp-content\/uploads\/sites\/13\/2025\/08\/T9601.001.L__S_0__1639d637481c417caa3f4f1984a329b0.jpg\",\"datePublished\":\"2025-10-07T11:54:23+00:00\",\"dateModified\":\"2026-04-07T01:11:11+00:00\",\"breadcrumb\":{\"@id\":\"https:\/\/wear-iqoniq.com\/de\/collection\/sweatshirts-de\/iqoniq-elgon-quarter-zip-sweater-aus-rec-baumwolle-schwarz\/#breadcrumb\"},\"inLanguage\":\"de\",\"potentialAction\":[{\"@type\":\"ReadAction\",\"target\":[\"https:\/\/wear-iqoniq.com\/de\/collection\/sweatshirts-de\/iqoniq-elgon-quarter-zip-sweater-aus-rec-baumwolle-schwarz\/\"]}]},{\"@type\":\"ImageObject\",\"inLanguage\":\"de\",\"@id\":\"https:\/\/wear-iqoniq.com\/de\/collection\/sweatshirts-de\/iqoniq-elgon-quarter-zip-sweater-aus-rec-baumwolle-schwarz\/#primaryimage\",\"url\":\"https:\/\/wear-iqoniq.com\/wp-content\/uploads\/sites\/13\/2025\/08\/T9601.001.L__S_0__1639d637481c417caa3f4f1984a329b0.jpg\",\"contentUrl\":\"https:\/\/wear-iqoniq.com\/wp-content\/uploads\/sites\/13\/2025\/08\/T9601.001.L__S_0__1639d637481c417caa3f4f1984a329b0.jpg\",\"width\":1024,\"height\":1024},{\"@type\":\"BreadcrumbList\",\"@id\":\"https:\/\/wear-iqoniq.com\/de\/collection\/sweatshirts-de\/iqoniq-elgon-quarter-zip-sweater-aus-rec-baumwolle-schwarz\/#breadcrumb\",\"itemListElement\":[{\"@type\":\"ListItem\",\"position\":1,\"name\":\"Home\",\"item\":\"https:\/\/wear-iqoniq.com\/de\/\"},{\"@type\":\"ListItem\",\"position\":2,\"name\":\"Kollektion\",\"item\":\"https:\/\/wear-iqoniq.com\/de\/kollektion\/\"},{\"@type\":\"ListItem\",\"position\":3,\"name\":\"Elgon Quarter-Zip-Sweater aus rec. Baumwolle, schwarz\"}]},{\"@type\":\"WebSite\",\"@id\":\"https:\/\/wear-iqoniq.com\/de\/#website\",\"url\":\"https:\/\/wear-iqoniq.com\/de\/\",\"name\":\"Iqoniq\",\"description\":\"Wear Change\",\"potentialAction\":[{\"@type\":\"SearchAction\",\"target\":{\"@type\":\"EntryPoint\",\"urlTemplate\":\"https:\/\/wear-iqoniq.com\/de\/?s={search_term_string}\"},\"query-input\":{\"@type\":\"PropertyValueSpecification\",\"valueRequired\":true,\"valueName\":\"search_term_string\"}}],\"inLanguage\":\"de\"}]}<\/script>\n<!-- \/ Yoast SEO plugin. -->","yoast_head_json":{"title":"Elgon Quarter-Zip-Sweater aus rec. Baumwolle, schwarz - New Iqoniq","robots":{"index":"index","follow":"follow","max-snippet":"max-snippet:-1","max-image-preview":"max-image-preview:large","max-video-preview":"max-video-preview:-1"},"canonical":"https:\/\/wear-iqoniq.com\/de\/collection\/sweatshirts-de\/iqoniq-elgon-quarter-zip-sweater-aus-rec-baumwolle-schwarz\/","og_locale":"de_DE","og_type":"article","og_title":"Elgon Quarter-Zip-Sweater aus rec. Baumwolle, schwarz - New Iqoniq","og_description":"Unisex-Pullover Modern-Fit und Quarter-Zip aus 100% Baumwolle, davon 30% recycelt und 70% Bio-Baumwolle, 300g\/m\u00b2. Der Pullover mit Quarter-Zip hat einen Kragen aus dem gleichen Material, eingesetzte lange \u00c4rmel und 1&#215;1-Rippb\u00fcndchen an den \u00c4rmelenden und am Saum. Die Innenseite des Stoffes ist French Terry. Die Verwendung von tats\u00e4chlich recycelten und biologischen Stoffen sowie die Angaben zur [&hellip;]","og_url":"https:\/\/wear-iqoniq.com\/de\/collection\/sweatshirts-de\/iqoniq-elgon-quarter-zip-sweater-aus-rec-baumwolle-schwarz\/","og_site_name":"New Iqoniq","article_modified_time":"2026-04-07T01:11:11+00:00","og_image":[{"width":1024,"height":1024,"url":"https:\/\/wear-iqoniq.com\/wp-content\/uploads\/sites\/13\/2025\/08\/T9601.001.L__S_0__1639d637481c417caa3f4f1984a329b0.jpg","type":"image\/jpeg"}],"twitter_card":"summary_large_image","twitter_misc":{"Gesch\u00e4tzte Lesezeit":"1\u00a0Minute"},"schema":{"@context":"https:\/\/schema.org","@graph":[{"@type":"WebPage","@id":"https:\/\/wear-iqoniq.com\/de\/collection\/sweatshirts-de\/iqoniq-elgon-quarter-zip-sweater-aus-rec-baumwolle-schwarz\/","url":"https:\/\/wear-iqoniq.com\/de\/collection\/sweatshirts-de\/iqoniq-elgon-quarter-zip-sweater-aus-rec-baumwolle-schwarz\/","name":"Elgon Quarter-Zip-Sweater aus rec. Baumwolle, schwarz - New Iqoniq","isPartOf":{"@id":"https:\/\/wear-iqoniq.com\/de\/#website"},"primaryImageOfPage":{"@id":"https:\/\/wear-iqoniq.com\/de\/collection\/sweatshirts-de\/iqoniq-elgon-quarter-zip-sweater-aus-rec-baumwolle-schwarz\/#primaryimage"},"image":{"@id":"https:\/\/wear-iqoniq.com\/de\/collection\/sweatshirts-de\/iqoniq-elgon-quarter-zip-sweater-aus-rec-baumwolle-schwarz\/#primaryimage"},"thumbnailUrl":"https:\/\/wear-iqoniq.com\/wp-content\/uploads\/sites\/13\/2025\/08\/T9601.001.L__S_0__1639d637481c417caa3f4f1984a329b0.jpg","datePublished":"2025-10-07T11:54:23+00:00","dateModified":"2026-04-07T01:11:11+00:00","breadcrumb":{"@id":"https:\/\/wear-iqoniq.com\/de\/collection\/sweatshirts-de\/iqoniq-elgon-quarter-zip-sweater-aus-rec-baumwolle-schwarz\/#breadcrumb"},"inLanguage":"de","potentialAction":[{"@type":"ReadAction","target":["https:\/\/wear-iqoniq.com\/de\/collection\/sweatshirts-de\/iqoniq-elgon-quarter-zip-sweater-aus-rec-baumwolle-schwarz\/"]}]},{"@type":"ImageObject","inLanguage":"de","@id":"https:\/\/wear-iqoniq.com\/de\/collection\/sweatshirts-de\/iqoniq-elgon-quarter-zip-sweater-aus-rec-baumwolle-schwarz\/#primaryimage","url":"https:\/\/wear-iqoniq.com\/wp-content\/uploads\/sites\/13\/2025\/08\/T9601.001.L__S_0__1639d637481c417caa3f4f1984a329b0.jpg","contentUrl":"https:\/\/wear-iqoniq.com\/wp-content\/uploads\/sites\/13\/2025\/08\/T9601.001.L__S_0__1639d637481c417caa3f4f1984a329b0.jpg","width":1024,"height":1024},{"@type":"BreadcrumbList","@id":"https:\/\/wear-iqoniq.com\/de\/collection\/sweatshirts-de\/iqoniq-elgon-quarter-zip-sweater-aus-rec-baumwolle-schwarz\/#breadcrumb","itemListElement":[{"@type":"ListItem","position":1,"name":"Home","item":"https:\/\/wear-iqoniq.com\/de\/"},{"@type":"ListItem","position":2,"name":"Kollektion","item":"https:\/\/wear-iqoniq.com\/de\/kollektion\/"},{"@type":"ListItem","position":3,"name":"Elgon Quarter-Zip-Sweater aus rec. Baumwolle, schwarz"}]},{"@type":"WebSite","@id":"https:\/\/wear-iqoniq.com\/de\/#website","url":"https:\/\/wear-iqoniq.com\/de\/","name":"Iqoniq","description":"Wear Change","potentialAction":[{"@type":"SearchAction","target":{"@type":"EntryPoint","urlTemplate":"https:\/\/wear-iqoniq.com\/de\/?s={search_term_string}"},"query-input":{"@type":"PropertyValueSpecification","valueRequired":true,"valueName":"search_term_string"}}],"inLanguage":"de"}]}},"_links":{"self":[{"href":"https:\/\/wear-iqoniq.com\/de\/wp-json\/wp\/v2\/product\/323056","targetHints":{"allow":["GET"]}}],"collection":[{"href":"https:\/\/wear-iqoniq.com\/de\/wp-json\/wp\/v2\/product"}],"about":[{"href":"https:\/\/wear-iqoniq.com\/de\/wp-json\/wp\/v2\/types\/product"}],"wp:featuredmedia":[{"embeddable":true,"href":"https:\/\/wear-iqoniq.com\/de\/wp-json\/wp\/v2\/media\/323304"}],"wp:attachment":[{"href":"https:\/\/wear-iqoniq.com\/de\/wp-json\/wp\/v2\/media?parent=323056"}],"wp:term":[{"taxonomy":"product_cat","embeddable":true,"href":"https:\/\/wear-iqoniq.com\/de\/wp-json\/wp\/v2\/product_cat?post=323056"},{"taxonomy":"product_tag","embeddable":true,"href":"https:\/\/wear-iqoniq.com\/de\/wp-json\/wp\/v2\/product_tag?post=323056"}],"curies":[{"name":"wp","href":"https:\/\/api.w.org\/{rel}","templated":true}]}}