{"id":225095,"date":"2025-10-07T13:47:24","date_gmt":"2025-10-07T11:47:24","guid":{"rendered":"https:\/\/xdsomename.tempurl.host\/iqoniq\/collection\/unkategorisiert\/iqoniq-yala-damen-t-shirt-aus-recycelter-baumwolle-cloud-pink\/"},"modified":"2026-04-03T02:47:25","modified_gmt":"2026-04-03T00:47:25","slug":"iqoniq-yala-damen-t-shirt-aus-recycelter-baumwolle-cloud-pink","status":"publish","type":"product","link":"https:\/\/wear-iqoniq.com\/de\/collection\/t-shirts-de\/iqoniq-yala-damen-t-shirt-aus-recycelter-baumwolle-cloud-pink\/","title":{"rendered":"Yala Damen T-Shirt aus recycelter Baumwolle, cloud pink"},"content":{"rendered":"<p>Modern-Fit Damen-T-Shirt aus 100% Baumwolle, davon 70% Bio-Baumwolle und 30% recycelte Baumwolle, 160gr\/m\u00b2. Das T-Shirt hat einen sch\u00f6nen Rundhalsausschnitt. Die Verwendung von tats\u00e4chlich recycelten &amp; biologischen Stoffen und die Angaben zur Umweltvertr\u00e4glichkeit werden durch den Einsatz der disruptiven AWARE\u2122- und Blockchain-Technologie garantiert. Durch Scannen des QR-Codes erhalten Sie Zugang zu einem speziellen digitalen Produktpass des Produkts. 2% des Erl\u00f6ses jedes verkauften Produkts werden an Water.org gespendet. Dieses Produkt ist nach OEKO-TEX\u00ae STANDARD 100 Centexbel zertifiziert. Aufgrund der Verwendung von recycelten Garnen k\u00f6nnen Verunreinigungen und Farbabweichungen auftreten.<\/p>\n","protected":false},"excerpt":{"rendered":"<p>Modern-Fit Damen-T-Shirt aus 100% Baumwolle, davon 70% Bio-Baumwolle und 30% recycelte Baumwolle, 160gr\/m\u00b2. Das T-Shirt hat einen sch\u00f6nen Rundhalsausschnitt. Die Verwendung von tats\u00e4chlich recycelten &amp; biologischen Stoffen und die Angaben zur Umweltvertr\u00e4glichkeit werden durch den Einsatz der disruptiven AWARE\u2122- und Blockchain-Technologie garantiert. Durch Scannen des QR-Codes erhalten Sie Zugang zu einem speziellen digitalen Produktpass des [&hellip;]<\/p>\n","protected":false},"featured_media":317928,"template":"","meta":{"_acf_changed":false},"product_cat":[149],"product_tag":[],"class_list":["post-225095","product","type-product","status-publish","has-post-thumbnail","hentry","product_cat-t-shirts-de","pa_color-cloud-pink","pa_fabric-type-single-jersey","pa_fit-modern-fit","pa_gender-women","pa_materials-70-30re-cotton-3","pa_weight-160-gsm"],"acf":[],"yoast_head":"<!-- This site is optimized with the Yoast SEO plugin v27.0 - https:\/\/yoast.com\/product\/yoast-seo-wordpress\/ -->\n<title>Yala Damen T-Shirt aus recycelter Baumwolle, cloud pink - New Iqoniq<\/title>\n<meta name=\"robots\" content=\"index, follow, max-snippet:-1, max-image-preview:large, max-video-preview:-1\" \/>\n<link rel=\"canonical\" href=\"https:\/\/wear-iqoniq.com\/de\/collection\/t-shirts-de\/iqoniq-yala-damen-t-shirt-aus-recycelter-baumwolle-cloud-pink\/\" \/>\n<meta property=\"og:locale\" content=\"de_DE\" \/>\n<meta property=\"og:type\" content=\"article\" \/>\n<meta property=\"og:title\" content=\"Yala Damen T-Shirt aus recycelter Baumwolle, cloud pink - New Iqoniq\" \/>\n<meta property=\"og:description\" content=\"Modern-Fit Damen-T-Shirt aus 100% Baumwolle, davon 70% Bio-Baumwolle und 30% recycelte Baumwolle, 160gr\/m\u00b2. Das T-Shirt hat einen sch\u00f6nen Rundhalsausschnitt. Die Verwendung von tats\u00e4chlich recycelten &amp; biologischen Stoffen und die Angaben zur Umweltvertr\u00e4glichkeit werden durch den Einsatz der disruptiven AWARE\u2122- und Blockchain-Technologie garantiert. Durch Scannen des QR-Codes erhalten Sie Zugang zu einem speziellen digitalen Produktpass des [&hellip;]\" \/>\n<meta property=\"og:url\" content=\"https:\/\/wear-iqoniq.com\/de\/collection\/t-shirts-de\/iqoniq-yala-damen-t-shirt-aus-recycelter-baumwolle-cloud-pink\/\" \/>\n<meta property=\"og:site_name\" content=\"New Iqoniq\" \/>\n<meta property=\"article:modified_time\" content=\"2026-04-03T00:47:25+00:00\" \/>\n<meta property=\"og:image\" content=\"https:\/\/wear-iqoniq.com\/wp-content\/uploads\/sites\/13\/2025\/04\/T4100.039.L__S_0__605d656cdbe048b399ad75ba848a10bf.jpg\" \/>\n\t<meta property=\"og:image:width\" content=\"1024\" \/>\n\t<meta property=\"og:image:height\" content=\"1024\" \/>\n\t<meta property=\"og:image:type\" content=\"image\/jpeg\" \/>\n<meta name=\"twitter:card\" content=\"summary_large_image\" \/>\n<script type=\"application\/ld+json\" class=\"yoast-schema-graph\">{\"@context\":\"https:\/\/schema.org\",\"@graph\":[{\"@type\":\"WebPage\",\"@id\":\"https:\/\/wear-iqoniq.com\/de\/collection\/t-shirts-de\/iqoniq-yala-damen-t-shirt-aus-recycelter-baumwolle-cloud-pink\/\",\"url\":\"https:\/\/wear-iqoniq.com\/de\/collection\/t-shirts-de\/iqoniq-yala-damen-t-shirt-aus-recycelter-baumwolle-cloud-pink\/\",\"name\":\"Yala Damen T-Shirt aus recycelter Baumwolle, cloud pink - New Iqoniq\",\"isPartOf\":{\"@id\":\"https:\/\/wear-iqoniq.com\/de\/#website\"},\"primaryImageOfPage\":{\"@id\":\"https:\/\/wear-iqoniq.com\/de\/collection\/t-shirts-de\/iqoniq-yala-damen-t-shirt-aus-recycelter-baumwolle-cloud-pink\/#primaryimage\"},\"image\":{\"@id\":\"https:\/\/wear-iqoniq.com\/de\/collection\/t-shirts-de\/iqoniq-yala-damen-t-shirt-aus-recycelter-baumwolle-cloud-pink\/#primaryimage\"},\"thumbnailUrl\":\"https:\/\/wear-iqoniq.com\/wp-content\/uploads\/sites\/13\/2025\/04\/T4100.039.L__S_0__605d656cdbe048b399ad75ba848a10bf.jpg\",\"datePublished\":\"2025-10-07T11:47:24+00:00\",\"dateModified\":\"2026-04-03T00:47:25+00:00\",\"breadcrumb\":{\"@id\":\"https:\/\/wear-iqoniq.com\/de\/collection\/t-shirts-de\/iqoniq-yala-damen-t-shirt-aus-recycelter-baumwolle-cloud-pink\/#breadcrumb\"},\"inLanguage\":\"de\",\"potentialAction\":[{\"@type\":\"ReadAction\",\"target\":[\"https:\/\/wear-iqoniq.com\/de\/collection\/t-shirts-de\/iqoniq-yala-damen-t-shirt-aus-recycelter-baumwolle-cloud-pink\/\"]}]},{\"@type\":\"ImageObject\",\"inLanguage\":\"de\",\"@id\":\"https:\/\/wear-iqoniq.com\/de\/collection\/t-shirts-de\/iqoniq-yala-damen-t-shirt-aus-recycelter-baumwolle-cloud-pink\/#primaryimage\",\"url\":\"https:\/\/wear-iqoniq.com\/wp-content\/uploads\/sites\/13\/2025\/04\/T4100.039.L__S_0__605d656cdbe048b399ad75ba848a10bf.jpg\",\"contentUrl\":\"https:\/\/wear-iqoniq.com\/wp-content\/uploads\/sites\/13\/2025\/04\/T4100.039.L__S_0__605d656cdbe048b399ad75ba848a10bf.jpg\",\"width\":1024,\"height\":1024},{\"@type\":\"BreadcrumbList\",\"@id\":\"https:\/\/wear-iqoniq.com\/de\/collection\/t-shirts-de\/iqoniq-yala-damen-t-shirt-aus-recycelter-baumwolle-cloud-pink\/#breadcrumb\",\"itemListElement\":[{\"@type\":\"ListItem\",\"position\":1,\"name\":\"Home\",\"item\":\"https:\/\/wear-iqoniq.com\/de\/\"},{\"@type\":\"ListItem\",\"position\":2,\"name\":\"Kollektion\",\"item\":\"https:\/\/wear-iqoniq.com\/de\/kollektion\/\"},{\"@type\":\"ListItem\",\"position\":3,\"name\":\"Yala Damen T-Shirt aus recycelter Baumwolle, cloud pink\"}]},{\"@type\":\"WebSite\",\"@id\":\"https:\/\/wear-iqoniq.com\/de\/#website\",\"url\":\"https:\/\/wear-iqoniq.com\/de\/\",\"name\":\"Iqoniq\",\"description\":\"Wear Change\",\"potentialAction\":[{\"@type\":\"SearchAction\",\"target\":{\"@type\":\"EntryPoint\",\"urlTemplate\":\"https:\/\/wear-iqoniq.com\/de\/?s={search_term_string}\"},\"query-input\":{\"@type\":\"PropertyValueSpecification\",\"valueRequired\":true,\"valueName\":\"search_term_string\"}}],\"inLanguage\":\"de\"}]}<\/script>\n<!-- \/ Yoast SEO plugin. -->","yoast_head_json":{"title":"Yala Damen T-Shirt aus recycelter Baumwolle, cloud pink - New Iqoniq","robots":{"index":"index","follow":"follow","max-snippet":"max-snippet:-1","max-image-preview":"max-image-preview:large","max-video-preview":"max-video-preview:-1"},"canonical":"https:\/\/wear-iqoniq.com\/de\/collection\/t-shirts-de\/iqoniq-yala-damen-t-shirt-aus-recycelter-baumwolle-cloud-pink\/","og_locale":"de_DE","og_type":"article","og_title":"Yala Damen T-Shirt aus recycelter Baumwolle, cloud pink - New Iqoniq","og_description":"Modern-Fit Damen-T-Shirt aus 100% Baumwolle, davon 70% Bio-Baumwolle und 30% recycelte Baumwolle, 160gr\/m\u00b2. Das T-Shirt hat einen sch\u00f6nen Rundhalsausschnitt. Die Verwendung von tats\u00e4chlich recycelten &amp; biologischen Stoffen und die Angaben zur Umweltvertr\u00e4glichkeit werden durch den Einsatz der disruptiven AWARE\u2122- und Blockchain-Technologie garantiert. Durch Scannen des QR-Codes erhalten Sie Zugang zu einem speziellen digitalen Produktpass des [&hellip;]","og_url":"https:\/\/wear-iqoniq.com\/de\/collection\/t-shirts-de\/iqoniq-yala-damen-t-shirt-aus-recycelter-baumwolle-cloud-pink\/","og_site_name":"New Iqoniq","article_modified_time":"2026-04-03T00:47:25+00:00","og_image":[{"width":1024,"height":1024,"url":"https:\/\/wear-iqoniq.com\/wp-content\/uploads\/sites\/13\/2025\/04\/T4100.039.L__S_0__605d656cdbe048b399ad75ba848a10bf.jpg","type":"image\/jpeg"}],"twitter_card":"summary_large_image","schema":{"@context":"https:\/\/schema.org","@graph":[{"@type":"WebPage","@id":"https:\/\/wear-iqoniq.com\/de\/collection\/t-shirts-de\/iqoniq-yala-damen-t-shirt-aus-recycelter-baumwolle-cloud-pink\/","url":"https:\/\/wear-iqoniq.com\/de\/collection\/t-shirts-de\/iqoniq-yala-damen-t-shirt-aus-recycelter-baumwolle-cloud-pink\/","name":"Yala Damen T-Shirt aus recycelter Baumwolle, cloud pink - New Iqoniq","isPartOf":{"@id":"https:\/\/wear-iqoniq.com\/de\/#website"},"primaryImageOfPage":{"@id":"https:\/\/wear-iqoniq.com\/de\/collection\/t-shirts-de\/iqoniq-yala-damen-t-shirt-aus-recycelter-baumwolle-cloud-pink\/#primaryimage"},"image":{"@id":"https:\/\/wear-iqoniq.com\/de\/collection\/t-shirts-de\/iqoniq-yala-damen-t-shirt-aus-recycelter-baumwolle-cloud-pink\/#primaryimage"},"thumbnailUrl":"https:\/\/wear-iqoniq.com\/wp-content\/uploads\/sites\/13\/2025\/04\/T4100.039.L__S_0__605d656cdbe048b399ad75ba848a10bf.jpg","datePublished":"2025-10-07T11:47:24+00:00","dateModified":"2026-04-03T00:47:25+00:00","breadcrumb":{"@id":"https:\/\/wear-iqoniq.com\/de\/collection\/t-shirts-de\/iqoniq-yala-damen-t-shirt-aus-recycelter-baumwolle-cloud-pink\/#breadcrumb"},"inLanguage":"de","potentialAction":[{"@type":"ReadAction","target":["https:\/\/wear-iqoniq.com\/de\/collection\/t-shirts-de\/iqoniq-yala-damen-t-shirt-aus-recycelter-baumwolle-cloud-pink\/"]}]},{"@type":"ImageObject","inLanguage":"de","@id":"https:\/\/wear-iqoniq.com\/de\/collection\/t-shirts-de\/iqoniq-yala-damen-t-shirt-aus-recycelter-baumwolle-cloud-pink\/#primaryimage","url":"https:\/\/wear-iqoniq.com\/wp-content\/uploads\/sites\/13\/2025\/04\/T4100.039.L__S_0__605d656cdbe048b399ad75ba848a10bf.jpg","contentUrl":"https:\/\/wear-iqoniq.com\/wp-content\/uploads\/sites\/13\/2025\/04\/T4100.039.L__S_0__605d656cdbe048b399ad75ba848a10bf.jpg","width":1024,"height":1024},{"@type":"BreadcrumbList","@id":"https:\/\/wear-iqoniq.com\/de\/collection\/t-shirts-de\/iqoniq-yala-damen-t-shirt-aus-recycelter-baumwolle-cloud-pink\/#breadcrumb","itemListElement":[{"@type":"ListItem","position":1,"name":"Home","item":"https:\/\/wear-iqoniq.com\/de\/"},{"@type":"ListItem","position":2,"name":"Kollektion","item":"https:\/\/wear-iqoniq.com\/de\/kollektion\/"},{"@type":"ListItem","position":3,"name":"Yala Damen T-Shirt aus recycelter Baumwolle, cloud pink"}]},{"@type":"WebSite","@id":"https:\/\/wear-iqoniq.com\/de\/#website","url":"https:\/\/wear-iqoniq.com\/de\/","name":"Iqoniq","description":"Wear Change","potentialAction":[{"@type":"SearchAction","target":{"@type":"EntryPoint","urlTemplate":"https:\/\/wear-iqoniq.com\/de\/?s={search_term_string}"},"query-input":{"@type":"PropertyValueSpecification","valueRequired":true,"valueName":"search_term_string"}}],"inLanguage":"de"}]}},"_links":{"self":[{"href":"https:\/\/wear-iqoniq.com\/de\/wp-json\/wp\/v2\/product\/225095","targetHints":{"allow":["GET"]}}],"collection":[{"href":"https:\/\/wear-iqoniq.com\/de\/wp-json\/wp\/v2\/product"}],"about":[{"href":"https:\/\/wear-iqoniq.com\/de\/wp-json\/wp\/v2\/types\/product"}],"wp:featuredmedia":[{"embeddable":true,"href":"https:\/\/wear-iqoniq.com\/de\/wp-json\/wp\/v2\/media\/317928"}],"wp:attachment":[{"href":"https:\/\/wear-iqoniq.com\/de\/wp-json\/wp\/v2\/media?parent=225095"}],"wp:term":[{"taxonomy":"product_cat","embeddable":true,"href":"https:\/\/wear-iqoniq.com\/de\/wp-json\/wp\/v2\/product_cat?post=225095"},{"taxonomy":"product_tag","embeddable":true,"href":"https:\/\/wear-iqoniq.com\/de\/wp-json\/wp\/v2\/product_tag?post=225095"}],"curies":[{"name":"wp","href":"https:\/\/api.w.org\/{rel}","templated":true}]}}