{"id":219480,"date":"2025-10-07T13:53:14","date_gmt":"2025-10-07T11:53:14","guid":{"rendered":"https:\/\/xdsomename.tempurl.host\/iqoniq\/collection\/unkategorisiert\/iqoniq-rila-lightweight-hoodie-aus-recycelter-baumwolle-iceberg-green\/"},"modified":"2026-04-04T03:07:46","modified_gmt":"2026-04-04T01:07:46","slug":"iqoniq-rila-lightweight-hoodie-aus-recycelter-baumwolle-iceberg-green","status":"publish","type":"product","link":"https:\/\/wear-iqoniq.com\/de\/collection\/sweatshirts-de\/iqoniq-rila-lightweight-hoodie-aus-recycelter-baumwolle-iceberg-green\/","title":{"rendered":"Rila Lightweight Hoodie aus recycelter Baumwolle, Iceberg gr"},"content":{"rendered":"<p>Unisex Modern-Fit Hoodie aus 100% Baumwolle, davon 70% Bio-Baumwolle und 30% recycelte Baumwolle, 280gr\/m\u00b2. Der Hoodie hat eine doppellagige Kapuze, lange \u00c4rmel und 1&#215;1-Ripp an den B\u00fcndchen und am Saum. Die weiche, angeraute Innenseite sorgt f\u00fcr zus\u00e4tzlichen Komfort. Die Verwendung von tats\u00e4chlich recycelten &amp; biologischen Stoffen und die Angaben zur Umweltvertr\u00e4glichkeit werden durch den Einsatz der disruptiven AWARE\u2122- und Blockchain-Technologie garantiert. Durch Scannen des QR-Codes erhalten Sie Zugang zu einem speziellen digitalen Produktpass des Produkts. 2% des Erl\u00f6ses jedes verkauften Produkts werden an Water.org gespendet. Dieses Produkt ist nach OEKO-TEX\u00ae STANDARD 100 Centexbel zertifiziert. Aufgrund der Verwendung von recycelten Garnen k\u00f6nnen Verunreinigungen und Farbabweichungen auftreten.<\/p>\n","protected":false},"excerpt":{"rendered":"<p>Unisex Modern-Fit Hoodie aus 100% Baumwolle, davon 70% Bio-Baumwolle und 30% recycelte Baumwolle, 280gr\/m\u00b2. Der Hoodie hat eine doppellagige Kapuze, lange \u00c4rmel und 1&#215;1-Ripp an den B\u00fcndchen und am Saum. Die weiche, angeraute Innenseite sorgt f\u00fcr zus\u00e4tzlichen Komfort. Die Verwendung von tats\u00e4chlich recycelten &amp; biologischen Stoffen und die Angaben zur Umweltvertr\u00e4glichkeit werden durch den Einsatz [&hellip;]<\/p>\n","protected":false},"featured_media":319965,"template":"","meta":{"_acf_changed":false},"product_cat":[143],"product_tag":[],"class_list":["post-219480","product","type-product","status-publish","has-post-thumbnail","hentry","product_cat-sweatshirts-de","pa_color-ice-green","pa_fabric-type-brushed-sweat","pa_fit-modern-fit","pa_gender-unisex","pa_materials-70-30re-cotton-3","pa_weight-280-gsm"],"acf":[],"yoast_head":"<!-- This site is optimized with the Yoast SEO plugin v27.0 - https:\/\/yoast.com\/product\/yoast-seo-wordpress\/ -->\n<title>Rila Lightweight Hoodie aus recycelter Baumwolle, Iceberg gr - New Iqoniq<\/title>\n<meta name=\"robots\" content=\"index, follow, max-snippet:-1, max-image-preview:large, max-video-preview:-1\" \/>\n<link rel=\"canonical\" href=\"https:\/\/wear-iqoniq.com\/de\/collection\/sweatshirts-de\/iqoniq-rila-lightweight-hoodie-aus-recycelter-baumwolle-iceberg-green\/\" \/>\n<meta property=\"og:locale\" content=\"de_DE\" \/>\n<meta property=\"og:type\" content=\"article\" \/>\n<meta property=\"og:title\" content=\"Rila Lightweight Hoodie aus recycelter Baumwolle, Iceberg gr - New Iqoniq\" \/>\n<meta property=\"og:description\" content=\"Unisex Modern-Fit Hoodie aus 100% Baumwolle, davon 70% Bio-Baumwolle und 30% recycelte Baumwolle, 280gr\/m\u00b2. Der Hoodie hat eine doppellagige Kapuze, lange \u00c4rmel und 1&#215;1-Ripp an den B\u00fcndchen und am Saum. Die weiche, angeraute Innenseite sorgt f\u00fcr zus\u00e4tzlichen Komfort. Die Verwendung von tats\u00e4chlich recycelten &amp; biologischen Stoffen und die Angaben zur Umweltvertr\u00e4glichkeit werden durch den Einsatz [&hellip;]\" \/>\n<meta property=\"og:url\" content=\"https:\/\/wear-iqoniq.com\/de\/collection\/sweatshirts-de\/iqoniq-rila-lightweight-hoodie-aus-recycelter-baumwolle-iceberg-green\/\" \/>\n<meta property=\"og:site_name\" content=\"New Iqoniq\" \/>\n<meta property=\"article:modified_time\" content=\"2026-04-04T01:07:46+00:00\" \/>\n<meta property=\"og:image\" content=\"https:\/\/wear-iqoniq.com\/wp-content\/uploads\/sites\/13\/2025\/04\/T9404.023.L__S_0__f582acb8a3ab461c8fed1250dfe91c2e.jpg\" \/>\n\t<meta property=\"og:image:width\" content=\"1024\" \/>\n\t<meta property=\"og:image:height\" content=\"1024\" \/>\n\t<meta property=\"og:image:type\" content=\"image\/jpeg\" \/>\n<meta name=\"twitter:card\" content=\"summary_large_image\" \/>\n<meta name=\"twitter:label1\" content=\"Gesch\u00e4tzte Lesezeit\" \/>\n\t<meta name=\"twitter:data1\" content=\"1\u00a0Minute\" \/>\n<script type=\"application\/ld+json\" class=\"yoast-schema-graph\">{\"@context\":\"https:\/\/schema.org\",\"@graph\":[{\"@type\":\"WebPage\",\"@id\":\"https:\/\/wear-iqoniq.com\/de\/collection\/sweatshirts-de\/iqoniq-rila-lightweight-hoodie-aus-recycelter-baumwolle-iceberg-green\/\",\"url\":\"https:\/\/wear-iqoniq.com\/de\/collection\/sweatshirts-de\/iqoniq-rila-lightweight-hoodie-aus-recycelter-baumwolle-iceberg-green\/\",\"name\":\"Rila Lightweight Hoodie aus recycelter Baumwolle, Iceberg gr - New Iqoniq\",\"isPartOf\":{\"@id\":\"https:\/\/wear-iqoniq.com\/de\/#website\"},\"primaryImageOfPage\":{\"@id\":\"https:\/\/wear-iqoniq.com\/de\/collection\/sweatshirts-de\/iqoniq-rila-lightweight-hoodie-aus-recycelter-baumwolle-iceberg-green\/#primaryimage\"},\"image\":{\"@id\":\"https:\/\/wear-iqoniq.com\/de\/collection\/sweatshirts-de\/iqoniq-rila-lightweight-hoodie-aus-recycelter-baumwolle-iceberg-green\/#primaryimage\"},\"thumbnailUrl\":\"https:\/\/wear-iqoniq.com\/wp-content\/uploads\/sites\/13\/2025\/04\/T9404.023.L__S_0__f582acb8a3ab461c8fed1250dfe91c2e.jpg\",\"datePublished\":\"2025-10-07T11:53:14+00:00\",\"dateModified\":\"2026-04-04T01:07:46+00:00\",\"breadcrumb\":{\"@id\":\"https:\/\/wear-iqoniq.com\/de\/collection\/sweatshirts-de\/iqoniq-rila-lightweight-hoodie-aus-recycelter-baumwolle-iceberg-green\/#breadcrumb\"},\"inLanguage\":\"de\",\"potentialAction\":[{\"@type\":\"ReadAction\",\"target\":[\"https:\/\/wear-iqoniq.com\/de\/collection\/sweatshirts-de\/iqoniq-rila-lightweight-hoodie-aus-recycelter-baumwolle-iceberg-green\/\"]}]},{\"@type\":\"ImageObject\",\"inLanguage\":\"de\",\"@id\":\"https:\/\/wear-iqoniq.com\/de\/collection\/sweatshirts-de\/iqoniq-rila-lightweight-hoodie-aus-recycelter-baumwolle-iceberg-green\/#primaryimage\",\"url\":\"https:\/\/wear-iqoniq.com\/wp-content\/uploads\/sites\/13\/2025\/04\/T9404.023.L__S_0__f582acb8a3ab461c8fed1250dfe91c2e.jpg\",\"contentUrl\":\"https:\/\/wear-iqoniq.com\/wp-content\/uploads\/sites\/13\/2025\/04\/T9404.023.L__S_0__f582acb8a3ab461c8fed1250dfe91c2e.jpg\",\"width\":1024,\"height\":1024},{\"@type\":\"BreadcrumbList\",\"@id\":\"https:\/\/wear-iqoniq.com\/de\/collection\/sweatshirts-de\/iqoniq-rila-lightweight-hoodie-aus-recycelter-baumwolle-iceberg-green\/#breadcrumb\",\"itemListElement\":[{\"@type\":\"ListItem\",\"position\":1,\"name\":\"Home\",\"item\":\"https:\/\/wear-iqoniq.com\/de\/\"},{\"@type\":\"ListItem\",\"position\":2,\"name\":\"Kollektion\",\"item\":\"https:\/\/wear-iqoniq.com\/de\/kollektion\/\"},{\"@type\":\"ListItem\",\"position\":3,\"name\":\"Rila Lightweight Hoodie aus recycelter Baumwolle, Iceberg gr\"}]},{\"@type\":\"WebSite\",\"@id\":\"https:\/\/wear-iqoniq.com\/de\/#website\",\"url\":\"https:\/\/wear-iqoniq.com\/de\/\",\"name\":\"Iqoniq\",\"description\":\"Wear Change\",\"potentialAction\":[{\"@type\":\"SearchAction\",\"target\":{\"@type\":\"EntryPoint\",\"urlTemplate\":\"https:\/\/wear-iqoniq.com\/de\/?s={search_term_string}\"},\"query-input\":{\"@type\":\"PropertyValueSpecification\",\"valueRequired\":true,\"valueName\":\"search_term_string\"}}],\"inLanguage\":\"de\"}]}<\/script>\n<!-- \/ Yoast SEO plugin. -->","yoast_head_json":{"title":"Rila Lightweight Hoodie aus recycelter Baumwolle, Iceberg gr - New Iqoniq","robots":{"index":"index","follow":"follow","max-snippet":"max-snippet:-1","max-image-preview":"max-image-preview:large","max-video-preview":"max-video-preview:-1"},"canonical":"https:\/\/wear-iqoniq.com\/de\/collection\/sweatshirts-de\/iqoniq-rila-lightweight-hoodie-aus-recycelter-baumwolle-iceberg-green\/","og_locale":"de_DE","og_type":"article","og_title":"Rila Lightweight Hoodie aus recycelter Baumwolle, Iceberg gr - New Iqoniq","og_description":"Unisex Modern-Fit Hoodie aus 100% Baumwolle, davon 70% Bio-Baumwolle und 30% recycelte Baumwolle, 280gr\/m\u00b2. Der Hoodie hat eine doppellagige Kapuze, lange \u00c4rmel und 1&#215;1-Ripp an den B\u00fcndchen und am Saum. Die weiche, angeraute Innenseite sorgt f\u00fcr zus\u00e4tzlichen Komfort. Die Verwendung von tats\u00e4chlich recycelten &amp; biologischen Stoffen und die Angaben zur Umweltvertr\u00e4glichkeit werden durch den Einsatz [&hellip;]","og_url":"https:\/\/wear-iqoniq.com\/de\/collection\/sweatshirts-de\/iqoniq-rila-lightweight-hoodie-aus-recycelter-baumwolle-iceberg-green\/","og_site_name":"New Iqoniq","article_modified_time":"2026-04-04T01:07:46+00:00","og_image":[{"width":1024,"height":1024,"url":"https:\/\/wear-iqoniq.com\/wp-content\/uploads\/sites\/13\/2025\/04\/T9404.023.L__S_0__f582acb8a3ab461c8fed1250dfe91c2e.jpg","type":"image\/jpeg"}],"twitter_card":"summary_large_image","twitter_misc":{"Gesch\u00e4tzte Lesezeit":"1\u00a0Minute"},"schema":{"@context":"https:\/\/schema.org","@graph":[{"@type":"WebPage","@id":"https:\/\/wear-iqoniq.com\/de\/collection\/sweatshirts-de\/iqoniq-rila-lightweight-hoodie-aus-recycelter-baumwolle-iceberg-green\/","url":"https:\/\/wear-iqoniq.com\/de\/collection\/sweatshirts-de\/iqoniq-rila-lightweight-hoodie-aus-recycelter-baumwolle-iceberg-green\/","name":"Rila Lightweight Hoodie aus recycelter Baumwolle, Iceberg gr - New Iqoniq","isPartOf":{"@id":"https:\/\/wear-iqoniq.com\/de\/#website"},"primaryImageOfPage":{"@id":"https:\/\/wear-iqoniq.com\/de\/collection\/sweatshirts-de\/iqoniq-rila-lightweight-hoodie-aus-recycelter-baumwolle-iceberg-green\/#primaryimage"},"image":{"@id":"https:\/\/wear-iqoniq.com\/de\/collection\/sweatshirts-de\/iqoniq-rila-lightweight-hoodie-aus-recycelter-baumwolle-iceberg-green\/#primaryimage"},"thumbnailUrl":"https:\/\/wear-iqoniq.com\/wp-content\/uploads\/sites\/13\/2025\/04\/T9404.023.L__S_0__f582acb8a3ab461c8fed1250dfe91c2e.jpg","datePublished":"2025-10-07T11:53:14+00:00","dateModified":"2026-04-04T01:07:46+00:00","breadcrumb":{"@id":"https:\/\/wear-iqoniq.com\/de\/collection\/sweatshirts-de\/iqoniq-rila-lightweight-hoodie-aus-recycelter-baumwolle-iceberg-green\/#breadcrumb"},"inLanguage":"de","potentialAction":[{"@type":"ReadAction","target":["https:\/\/wear-iqoniq.com\/de\/collection\/sweatshirts-de\/iqoniq-rila-lightweight-hoodie-aus-recycelter-baumwolle-iceberg-green\/"]}]},{"@type":"ImageObject","inLanguage":"de","@id":"https:\/\/wear-iqoniq.com\/de\/collection\/sweatshirts-de\/iqoniq-rila-lightweight-hoodie-aus-recycelter-baumwolle-iceberg-green\/#primaryimage","url":"https:\/\/wear-iqoniq.com\/wp-content\/uploads\/sites\/13\/2025\/04\/T9404.023.L__S_0__f582acb8a3ab461c8fed1250dfe91c2e.jpg","contentUrl":"https:\/\/wear-iqoniq.com\/wp-content\/uploads\/sites\/13\/2025\/04\/T9404.023.L__S_0__f582acb8a3ab461c8fed1250dfe91c2e.jpg","width":1024,"height":1024},{"@type":"BreadcrumbList","@id":"https:\/\/wear-iqoniq.com\/de\/collection\/sweatshirts-de\/iqoniq-rila-lightweight-hoodie-aus-recycelter-baumwolle-iceberg-green\/#breadcrumb","itemListElement":[{"@type":"ListItem","position":1,"name":"Home","item":"https:\/\/wear-iqoniq.com\/de\/"},{"@type":"ListItem","position":2,"name":"Kollektion","item":"https:\/\/wear-iqoniq.com\/de\/kollektion\/"},{"@type":"ListItem","position":3,"name":"Rila Lightweight Hoodie aus recycelter Baumwolle, Iceberg gr"}]},{"@type":"WebSite","@id":"https:\/\/wear-iqoniq.com\/de\/#website","url":"https:\/\/wear-iqoniq.com\/de\/","name":"Iqoniq","description":"Wear Change","potentialAction":[{"@type":"SearchAction","target":{"@type":"EntryPoint","urlTemplate":"https:\/\/wear-iqoniq.com\/de\/?s={search_term_string}"},"query-input":{"@type":"PropertyValueSpecification","valueRequired":true,"valueName":"search_term_string"}}],"inLanguage":"de"}]}},"_links":{"self":[{"href":"https:\/\/wear-iqoniq.com\/de\/wp-json\/wp\/v2\/product\/219480","targetHints":{"allow":["GET"]}}],"collection":[{"href":"https:\/\/wear-iqoniq.com\/de\/wp-json\/wp\/v2\/product"}],"about":[{"href":"https:\/\/wear-iqoniq.com\/de\/wp-json\/wp\/v2\/types\/product"}],"wp:featuredmedia":[{"embeddable":true,"href":"https:\/\/wear-iqoniq.com\/de\/wp-json\/wp\/v2\/media\/319965"}],"wp:attachment":[{"href":"https:\/\/wear-iqoniq.com\/de\/wp-json\/wp\/v2\/media?parent=219480"}],"wp:term":[{"taxonomy":"product_cat","embeddable":true,"href":"https:\/\/wear-iqoniq.com\/de\/wp-json\/wp\/v2\/product_cat?post=219480"},{"taxonomy":"product_tag","embeddable":true,"href":"https:\/\/wear-iqoniq.com\/de\/wp-json\/wp\/v2\/product_tag?post=219480"}],"curies":[{"name":"wp","href":"https:\/\/api.w.org\/{rel}","templated":true}]}}