{"id":214239,"date":"2025-10-07T13:54:23","date_gmt":"2025-10-07T11:54:23","guid":{"rendered":"https:\/\/xdsomename.tempurl.host\/iqoniq\/collection\/unkategorisiert\/iqoniq-logan-lightweight-jacke-aus-recyceltem-polyester-iceberg-green\/"},"modified":"2026-04-15T03:11:48","modified_gmt":"2026-04-15T01:11:48","slug":"iqoniq-logan-lightweight-jacke-aus-recyceltem-polyester-iceberg-green","status":"publish","type":"product","link":"https:\/\/wear-iqoniq.com\/de\/collection\/jacken\/iqoniq-logan-lightweight-jacke-aus-recyceltem-polyester-iceberg-green\/","title":{"rendered":"Logan Lightweight Jacke aus recyceltem Polyester, Iceberg gr"},"content":{"rendered":"<p>Leichte Relaxed-Fit Unisex-Jacke aus 100% recyceltem Polyester (70gr\/m\u00b2). Die Jacke hat eine verstellbare Kapuze mit Gummizug, einen umgekehrten Rei\u00dfverschluss an der Vorderseite und Nahtpaspeltaschen. Alle Rei\u00dfverschl\u00fcsse haben zus\u00e4tzliche farblich abgestimmte Zipper-Puller f\u00fcr einen raffinierten Look. Die Manschetten sind mit einem Gummizug versehen. Der R\u00fccken der Jacke ist etwas l\u00e4nger und gebogen und der untere Saum ist mit einer elastischen Kordel und Stoppern f\u00fcr besseren Schutz versehen. Fluor-\/PFAS-freie wasserabweisende Impr\u00e4gnierung. Die Verwendung von tats\u00e4chlich recycelten Stoffen und die Umweltvertr\u00e4glichkeit werden durch den Einsatz der disruptiven AWARE\u2122- und Blockchain-Technologie garantiert. Durch Scannen des QR-Codes erhalten Sie Zugang zu einem speziellen digitalen Produktpass. 2% des Erl\u00f6ses jedes verkauften Produkts werden an Water.org gespendet. Dieses Produkt ist nach OEKO-TEX\u00ae STANDARD 100 zertifiziert.<\/p>\n","protected":false},"excerpt":{"rendered":"<p>Leichte Relaxed-Fit Unisex-Jacke aus 100% recyceltem Polyester (70gr\/m\u00b2). Die Jacke hat eine verstellbare Kapuze mit Gummizug, einen umgekehrten Rei\u00dfverschluss an der Vorderseite und Nahtpaspeltaschen. Alle Rei\u00dfverschl\u00fcsse haben zus\u00e4tzliche farblich abgestimmte Zipper-Puller f\u00fcr einen raffinierten Look. Die Manschetten sind mit einem Gummizug versehen. Der R\u00fccken der Jacke ist etwas l\u00e4nger und gebogen und der untere Saum [&hellip;]<\/p>\n","protected":false},"featured_media":320336,"template":"","meta":{"_acf_changed":false},"product_cat":[1193],"product_tag":[],"class_list":["post-214239","product","type-product","status-publish","has-post-thumbnail","hentry","product_cat-jacken","pa_color-ice-green","pa_fabric-type-leinwandbindung","pa_fit-relaxed-fit","pa_gender-unisex","pa_materials-100re-pes-3","pa_weight-70-gsm"],"acf":[],"yoast_head":"<!-- This site is optimized with the Yoast SEO plugin v27.0 - https:\/\/yoast.com\/product\/yoast-seo-wordpress\/ -->\n<title>Logan Lightweight Jacke aus recyceltem Polyester, Iceberg gr - New Iqoniq<\/title>\n<meta name=\"robots\" content=\"index, follow, max-snippet:-1, max-image-preview:large, max-video-preview:-1\" \/>\n<link rel=\"canonical\" href=\"https:\/\/wear-iqoniq.com\/de\/collection\/jacken\/iqoniq-logan-lightweight-jacke-aus-recyceltem-polyester-iceberg-green\/\" \/>\n<meta property=\"og:locale\" content=\"de_DE\" \/>\n<meta property=\"og:type\" content=\"article\" \/>\n<meta property=\"og:title\" content=\"Logan Lightweight Jacke aus recyceltem Polyester, Iceberg gr - New Iqoniq\" \/>\n<meta property=\"og:description\" content=\"Leichte Relaxed-Fit Unisex-Jacke aus 100% recyceltem Polyester (70gr\/m\u00b2). Die Jacke hat eine verstellbare Kapuze mit Gummizug, einen umgekehrten Rei\u00dfverschluss an der Vorderseite und Nahtpaspeltaschen. Alle Rei\u00dfverschl\u00fcsse haben zus\u00e4tzliche farblich abgestimmte Zipper-Puller f\u00fcr einen raffinierten Look. Die Manschetten sind mit einem Gummizug versehen. Der R\u00fccken der Jacke ist etwas l\u00e4nger und gebogen und der untere Saum [&hellip;]\" \/>\n<meta property=\"og:url\" content=\"https:\/\/wear-iqoniq.com\/de\/collection\/jacken\/iqoniq-logan-lightweight-jacke-aus-recyceltem-polyester-iceberg-green\/\" \/>\n<meta property=\"og:site_name\" content=\"New Iqoniq\" \/>\n<meta property=\"article:modified_time\" content=\"2026-04-15T01:11:48+00:00\" \/>\n<meta property=\"og:image\" content=\"https:\/\/wear-iqoniq.com\/wp-content\/uploads\/sites\/13\/2025\/04\/T9701.023.L__S_0__046da389ce37469b83002cd44f3321e6.jpg\" \/>\n\t<meta property=\"og:image:width\" content=\"1024\" \/>\n\t<meta property=\"og:image:height\" content=\"1024\" \/>\n\t<meta property=\"og:image:type\" content=\"image\/jpeg\" \/>\n<meta name=\"twitter:card\" content=\"summary_large_image\" \/>\n<meta name=\"twitter:label1\" content=\"Gesch\u00e4tzte Lesezeit\" \/>\n\t<meta name=\"twitter:data1\" content=\"1\u00a0Minute\" \/>\n<script type=\"application\/ld+json\" class=\"yoast-schema-graph\">{\"@context\":\"https:\/\/schema.org\",\"@graph\":[{\"@type\":\"WebPage\",\"@id\":\"https:\/\/wear-iqoniq.com\/de\/collection\/jacken\/iqoniq-logan-lightweight-jacke-aus-recyceltem-polyester-iceberg-green\/\",\"url\":\"https:\/\/wear-iqoniq.com\/de\/collection\/jacken\/iqoniq-logan-lightweight-jacke-aus-recyceltem-polyester-iceberg-green\/\",\"name\":\"Logan Lightweight Jacke aus recyceltem Polyester, Iceberg gr - New Iqoniq\",\"isPartOf\":{\"@id\":\"https:\/\/wear-iqoniq.com\/de\/#website\"},\"primaryImageOfPage\":{\"@id\":\"https:\/\/wear-iqoniq.com\/de\/collection\/jacken\/iqoniq-logan-lightweight-jacke-aus-recyceltem-polyester-iceberg-green\/#primaryimage\"},\"image\":{\"@id\":\"https:\/\/wear-iqoniq.com\/de\/collection\/jacken\/iqoniq-logan-lightweight-jacke-aus-recyceltem-polyester-iceberg-green\/#primaryimage\"},\"thumbnailUrl\":\"https:\/\/wear-iqoniq.com\/wp-content\/uploads\/sites\/13\/2025\/04\/T9701.023.L__S_0__046da389ce37469b83002cd44f3321e6.jpg\",\"datePublished\":\"2025-10-07T11:54:23+00:00\",\"dateModified\":\"2026-04-15T01:11:48+00:00\",\"breadcrumb\":{\"@id\":\"https:\/\/wear-iqoniq.com\/de\/collection\/jacken\/iqoniq-logan-lightweight-jacke-aus-recyceltem-polyester-iceberg-green\/#breadcrumb\"},\"inLanguage\":\"de\",\"potentialAction\":[{\"@type\":\"ReadAction\",\"target\":[\"https:\/\/wear-iqoniq.com\/de\/collection\/jacken\/iqoniq-logan-lightweight-jacke-aus-recyceltem-polyester-iceberg-green\/\"]}]},{\"@type\":\"ImageObject\",\"inLanguage\":\"de\",\"@id\":\"https:\/\/wear-iqoniq.com\/de\/collection\/jacken\/iqoniq-logan-lightweight-jacke-aus-recyceltem-polyester-iceberg-green\/#primaryimage\",\"url\":\"https:\/\/wear-iqoniq.com\/wp-content\/uploads\/sites\/13\/2025\/04\/T9701.023.L__S_0__046da389ce37469b83002cd44f3321e6.jpg\",\"contentUrl\":\"https:\/\/wear-iqoniq.com\/wp-content\/uploads\/sites\/13\/2025\/04\/T9701.023.L__S_0__046da389ce37469b83002cd44f3321e6.jpg\",\"width\":1024,\"height\":1024},{\"@type\":\"BreadcrumbList\",\"@id\":\"https:\/\/wear-iqoniq.com\/de\/collection\/jacken\/iqoniq-logan-lightweight-jacke-aus-recyceltem-polyester-iceberg-green\/#breadcrumb\",\"itemListElement\":[{\"@type\":\"ListItem\",\"position\":1,\"name\":\"Home\",\"item\":\"https:\/\/wear-iqoniq.com\/de\/\"},{\"@type\":\"ListItem\",\"position\":2,\"name\":\"Kollektion\",\"item\":\"https:\/\/wear-iqoniq.com\/de\/kollektion\/\"},{\"@type\":\"ListItem\",\"position\":3,\"name\":\"Logan Lightweight Jacke aus recyceltem Polyester, Iceberg gr\"}]},{\"@type\":\"WebSite\",\"@id\":\"https:\/\/wear-iqoniq.com\/de\/#website\",\"url\":\"https:\/\/wear-iqoniq.com\/de\/\",\"name\":\"Iqoniq\",\"description\":\"Wear Change\",\"potentialAction\":[{\"@type\":\"SearchAction\",\"target\":{\"@type\":\"EntryPoint\",\"urlTemplate\":\"https:\/\/wear-iqoniq.com\/de\/?s={search_term_string}\"},\"query-input\":{\"@type\":\"PropertyValueSpecification\",\"valueRequired\":true,\"valueName\":\"search_term_string\"}}],\"inLanguage\":\"de\"}]}<\/script>\n<!-- \/ Yoast SEO plugin. -->","yoast_head_json":{"title":"Logan Lightweight Jacke aus recyceltem Polyester, Iceberg gr - New Iqoniq","robots":{"index":"index","follow":"follow","max-snippet":"max-snippet:-1","max-image-preview":"max-image-preview:large","max-video-preview":"max-video-preview:-1"},"canonical":"https:\/\/wear-iqoniq.com\/de\/collection\/jacken\/iqoniq-logan-lightweight-jacke-aus-recyceltem-polyester-iceberg-green\/","og_locale":"de_DE","og_type":"article","og_title":"Logan Lightweight Jacke aus recyceltem Polyester, Iceberg gr - New Iqoniq","og_description":"Leichte Relaxed-Fit Unisex-Jacke aus 100% recyceltem Polyester (70gr\/m\u00b2). Die Jacke hat eine verstellbare Kapuze mit Gummizug, einen umgekehrten Rei\u00dfverschluss an der Vorderseite und Nahtpaspeltaschen. Alle Rei\u00dfverschl\u00fcsse haben zus\u00e4tzliche farblich abgestimmte Zipper-Puller f\u00fcr einen raffinierten Look. Die Manschetten sind mit einem Gummizug versehen. Der R\u00fccken der Jacke ist etwas l\u00e4nger und gebogen und der untere Saum [&hellip;]","og_url":"https:\/\/wear-iqoniq.com\/de\/collection\/jacken\/iqoniq-logan-lightweight-jacke-aus-recyceltem-polyester-iceberg-green\/","og_site_name":"New Iqoniq","article_modified_time":"2026-04-15T01:11:48+00:00","og_image":[{"width":1024,"height":1024,"url":"https:\/\/wear-iqoniq.com\/wp-content\/uploads\/sites\/13\/2025\/04\/T9701.023.L__S_0__046da389ce37469b83002cd44f3321e6.jpg","type":"image\/jpeg"}],"twitter_card":"summary_large_image","twitter_misc":{"Gesch\u00e4tzte Lesezeit":"1\u00a0Minute"},"schema":{"@context":"https:\/\/schema.org","@graph":[{"@type":"WebPage","@id":"https:\/\/wear-iqoniq.com\/de\/collection\/jacken\/iqoniq-logan-lightweight-jacke-aus-recyceltem-polyester-iceberg-green\/","url":"https:\/\/wear-iqoniq.com\/de\/collection\/jacken\/iqoniq-logan-lightweight-jacke-aus-recyceltem-polyester-iceberg-green\/","name":"Logan Lightweight Jacke aus recyceltem Polyester, Iceberg gr - New Iqoniq","isPartOf":{"@id":"https:\/\/wear-iqoniq.com\/de\/#website"},"primaryImageOfPage":{"@id":"https:\/\/wear-iqoniq.com\/de\/collection\/jacken\/iqoniq-logan-lightweight-jacke-aus-recyceltem-polyester-iceberg-green\/#primaryimage"},"image":{"@id":"https:\/\/wear-iqoniq.com\/de\/collection\/jacken\/iqoniq-logan-lightweight-jacke-aus-recyceltem-polyester-iceberg-green\/#primaryimage"},"thumbnailUrl":"https:\/\/wear-iqoniq.com\/wp-content\/uploads\/sites\/13\/2025\/04\/T9701.023.L__S_0__046da389ce37469b83002cd44f3321e6.jpg","datePublished":"2025-10-07T11:54:23+00:00","dateModified":"2026-04-15T01:11:48+00:00","breadcrumb":{"@id":"https:\/\/wear-iqoniq.com\/de\/collection\/jacken\/iqoniq-logan-lightweight-jacke-aus-recyceltem-polyester-iceberg-green\/#breadcrumb"},"inLanguage":"de","potentialAction":[{"@type":"ReadAction","target":["https:\/\/wear-iqoniq.com\/de\/collection\/jacken\/iqoniq-logan-lightweight-jacke-aus-recyceltem-polyester-iceberg-green\/"]}]},{"@type":"ImageObject","inLanguage":"de","@id":"https:\/\/wear-iqoniq.com\/de\/collection\/jacken\/iqoniq-logan-lightweight-jacke-aus-recyceltem-polyester-iceberg-green\/#primaryimage","url":"https:\/\/wear-iqoniq.com\/wp-content\/uploads\/sites\/13\/2025\/04\/T9701.023.L__S_0__046da389ce37469b83002cd44f3321e6.jpg","contentUrl":"https:\/\/wear-iqoniq.com\/wp-content\/uploads\/sites\/13\/2025\/04\/T9701.023.L__S_0__046da389ce37469b83002cd44f3321e6.jpg","width":1024,"height":1024},{"@type":"BreadcrumbList","@id":"https:\/\/wear-iqoniq.com\/de\/collection\/jacken\/iqoniq-logan-lightweight-jacke-aus-recyceltem-polyester-iceberg-green\/#breadcrumb","itemListElement":[{"@type":"ListItem","position":1,"name":"Home","item":"https:\/\/wear-iqoniq.com\/de\/"},{"@type":"ListItem","position":2,"name":"Kollektion","item":"https:\/\/wear-iqoniq.com\/de\/kollektion\/"},{"@type":"ListItem","position":3,"name":"Logan Lightweight Jacke aus recyceltem Polyester, Iceberg gr"}]},{"@type":"WebSite","@id":"https:\/\/wear-iqoniq.com\/de\/#website","url":"https:\/\/wear-iqoniq.com\/de\/","name":"Iqoniq","description":"Wear Change","potentialAction":[{"@type":"SearchAction","target":{"@type":"EntryPoint","urlTemplate":"https:\/\/wear-iqoniq.com\/de\/?s={search_term_string}"},"query-input":{"@type":"PropertyValueSpecification","valueRequired":true,"valueName":"search_term_string"}}],"inLanguage":"de"}]}},"_links":{"self":[{"href":"https:\/\/wear-iqoniq.com\/de\/wp-json\/wp\/v2\/product\/214239","targetHints":{"allow":["GET"]}}],"collection":[{"href":"https:\/\/wear-iqoniq.com\/de\/wp-json\/wp\/v2\/product"}],"about":[{"href":"https:\/\/wear-iqoniq.com\/de\/wp-json\/wp\/v2\/types\/product"}],"wp:featuredmedia":[{"embeddable":true,"href":"https:\/\/wear-iqoniq.com\/de\/wp-json\/wp\/v2\/media\/320336"}],"wp:attachment":[{"href":"https:\/\/wear-iqoniq.com\/de\/wp-json\/wp\/v2\/media?parent=214239"}],"wp:term":[{"taxonomy":"product_cat","embeddable":true,"href":"https:\/\/wear-iqoniq.com\/de\/wp-json\/wp\/v2\/product_cat?post=214239"},{"taxonomy":"product_tag","embeddable":true,"href":"https:\/\/wear-iqoniq.com\/de\/wp-json\/wp\/v2\/product_tag?post=214239"}],"curies":[{"name":"wp","href":"https:\/\/api.w.org\/{rel}","templated":true}]}}