{"id":214234,"date":"2025-10-07T13:53:14","date_gmt":"2025-10-07T11:53:14","guid":{"rendered":"https:\/\/xdsomename.tempurl.host\/iqoniq\/collection\/unkategorisiert\/iqoniq-trivor-mikrofleece-kapuzenjacke-aus-recyc-polyester-iceberg-green\/"},"modified":"2026-04-07T03:07:13","modified_gmt":"2026-04-07T01:07:13","slug":"iqoniq-trivor-mikrofleece-kapuzenjacke-aus-recyc-polyester-iceberg-green","status":"publish","type":"product","link":"https:\/\/wear-iqoniq.com\/de\/collection\/microfleece-jacken\/iqoniq-trivor-mikrofleece-kapuzenjacke-aus-recyc-polyester-iceberg-green\/","title":{"rendered":"Trivor Mikrofleece-Kapuzen-Pulli aus recyc. Polyester, Icebe"},"content":{"rendered":"<p>Medium-Fit Unisex-Mikrofleece-Kapuzenpullover aus 100% recyceltem Polyester mit 240gr\/m\u00b2. Dieser Fleece-Kapuzenpullover umh\u00fcllt dich mit Weichheit und W\u00e4rme. Er hat eine praktische K\u00e4ngurutasche, eine doppellagige Kapuze mit farbig passendem Kordelzug und Metall\u00f6sen. Der Halbmond auf der Innenseite aus gewebtem Stoff bietet Platz f\u00fcr einen personalisierten Aufdruck im Nacken. Der untere Saum und die \u00c4rmelb\u00fcndchen sind f\u00fcr zus\u00e4tzliche Weichheit aus dem gleichen gefertigt. Die Verwendung von tats\u00e4chlich recycelten und organischen Stoffen sowie die Umweltvertr\u00e4glichkeit werden durch die Verwendung der disruptiven AWARE\u2122- und Blockchain-Technologie garantiert. Durch Scannen des QR-Codes erhalten Sie Zugang zu einem speziellen digitalen Pass des Produkts. 2% des Erl\u00f6ses jedes verkauften Produkts werden an Water.org gespendet. Dieses Produkt ist nach OEKO-TEX\u00ae STANDARD 100 zertifiziert.<\/p>\n","protected":false},"excerpt":{"rendered":"<p>Medium-Fit Unisex-Mikrofleece-Kapuzenpullover aus 100% recyceltem Polyester mit 240gr\/m\u00b2. Dieser Fleece-Kapuzenpullover umh\u00fcllt dich mit Weichheit und W\u00e4rme. Er hat eine praktische K\u00e4ngurutasche, eine doppellagige Kapuze mit farbig passendem Kordelzug und Metall\u00f6sen. Der Halbmond auf der Innenseite aus gewebtem Stoff bietet Platz f\u00fcr einen personalisierten Aufdruck im Nacken. Der untere Saum und die \u00c4rmelb\u00fcndchen sind f\u00fcr zus\u00e4tzliche [&hellip;]<\/p>\n","protected":false},"featured_media":319881,"template":"","meta":{"_acf_changed":false},"product_cat":[1194],"product_tag":[],"class_list":["post-214234","product","type-product","status-publish","has-post-thumbnail","hentry","product_cat-microfleece-jacken","pa_color-ice-green","pa_fabric-type-microfleece","pa_fit-medium-fit","pa_gender-unisex","pa_materials-100re-pes-3","pa_weight-240-gsm"],"acf":[],"yoast_head":"<!-- This site is optimized with the Yoast SEO plugin v27.0 - https:\/\/yoast.com\/product\/yoast-seo-wordpress\/ -->\n<title>Trivor Mikrofleece-Kapuzen-Pulli aus recyc. Polyester, Icebe - New Iqoniq<\/title>\n<meta name=\"robots\" content=\"index, follow, max-snippet:-1, max-image-preview:large, max-video-preview:-1\" \/>\n<link rel=\"canonical\" href=\"https:\/\/wear-iqoniq.com\/de\/collection\/microfleece-jacken\/iqoniq-trivor-mikrofleece-kapuzenjacke-aus-recyc-polyester-iceberg-green\/\" \/>\n<meta property=\"og:locale\" content=\"de_DE\" \/>\n<meta property=\"og:type\" content=\"article\" \/>\n<meta property=\"og:title\" content=\"Trivor Mikrofleece-Kapuzen-Pulli aus recyc. Polyester, Icebe - New Iqoniq\" \/>\n<meta property=\"og:description\" content=\"Medium-Fit Unisex-Mikrofleece-Kapuzenpullover aus 100% recyceltem Polyester mit 240gr\/m\u00b2. Dieser Fleece-Kapuzenpullover umh\u00fcllt dich mit Weichheit und W\u00e4rme. Er hat eine praktische K\u00e4ngurutasche, eine doppellagige Kapuze mit farbig passendem Kordelzug und Metall\u00f6sen. Der Halbmond auf der Innenseite aus gewebtem Stoff bietet Platz f\u00fcr einen personalisierten Aufdruck im Nacken. Der untere Saum und die \u00c4rmelb\u00fcndchen sind f\u00fcr zus\u00e4tzliche [&hellip;]\" \/>\n<meta property=\"og:url\" content=\"https:\/\/wear-iqoniq.com\/de\/collection\/microfleece-jacken\/iqoniq-trivor-mikrofleece-kapuzenjacke-aus-recyc-polyester-iceberg-green\/\" \/>\n<meta property=\"og:site_name\" content=\"New Iqoniq\" \/>\n<meta property=\"article:modified_time\" content=\"2026-04-07T01:07:13+00:00\" \/>\n<meta property=\"og:image\" content=\"https:\/\/wear-iqoniq.com\/wp-content\/uploads\/sites\/13\/2025\/04\/T9403.023.L__S_0__1353b70ec48447b8a97180908fe195b4.jpg\" \/>\n\t<meta property=\"og:image:width\" content=\"1024\" \/>\n\t<meta property=\"og:image:height\" content=\"1024\" \/>\n\t<meta property=\"og:image:type\" content=\"image\/jpeg\" \/>\n<meta name=\"twitter:card\" content=\"summary_large_image\" \/>\n<meta name=\"twitter:label1\" content=\"Gesch\u00e4tzte Lesezeit\" \/>\n\t<meta name=\"twitter:data1\" content=\"1\u00a0Minute\" \/>\n<script type=\"application\/ld+json\" class=\"yoast-schema-graph\">{\"@context\":\"https:\/\/schema.org\",\"@graph\":[{\"@type\":\"WebPage\",\"@id\":\"https:\/\/wear-iqoniq.com\/de\/collection\/microfleece-jacken\/iqoniq-trivor-mikrofleece-kapuzenjacke-aus-recyc-polyester-iceberg-green\/\",\"url\":\"https:\/\/wear-iqoniq.com\/de\/collection\/microfleece-jacken\/iqoniq-trivor-mikrofleece-kapuzenjacke-aus-recyc-polyester-iceberg-green\/\",\"name\":\"Trivor Mikrofleece-Kapuzen-Pulli aus recyc. Polyester, Icebe - New Iqoniq\",\"isPartOf\":{\"@id\":\"https:\/\/wear-iqoniq.com\/de\/#website\"},\"primaryImageOfPage\":{\"@id\":\"https:\/\/wear-iqoniq.com\/de\/collection\/microfleece-jacken\/iqoniq-trivor-mikrofleece-kapuzenjacke-aus-recyc-polyester-iceberg-green\/#primaryimage\"},\"image\":{\"@id\":\"https:\/\/wear-iqoniq.com\/de\/collection\/microfleece-jacken\/iqoniq-trivor-mikrofleece-kapuzenjacke-aus-recyc-polyester-iceberg-green\/#primaryimage\"},\"thumbnailUrl\":\"https:\/\/wear-iqoniq.com\/wp-content\/uploads\/sites\/13\/2025\/04\/T9403.023.L__S_0__1353b70ec48447b8a97180908fe195b4.jpg\",\"datePublished\":\"2025-10-07T11:53:14+00:00\",\"dateModified\":\"2026-04-07T01:07:13+00:00\",\"breadcrumb\":{\"@id\":\"https:\/\/wear-iqoniq.com\/de\/collection\/microfleece-jacken\/iqoniq-trivor-mikrofleece-kapuzenjacke-aus-recyc-polyester-iceberg-green\/#breadcrumb\"},\"inLanguage\":\"de\",\"potentialAction\":[{\"@type\":\"ReadAction\",\"target\":[\"https:\/\/wear-iqoniq.com\/de\/collection\/microfleece-jacken\/iqoniq-trivor-mikrofleece-kapuzenjacke-aus-recyc-polyester-iceberg-green\/\"]}]},{\"@type\":\"ImageObject\",\"inLanguage\":\"de\",\"@id\":\"https:\/\/wear-iqoniq.com\/de\/collection\/microfleece-jacken\/iqoniq-trivor-mikrofleece-kapuzenjacke-aus-recyc-polyester-iceberg-green\/#primaryimage\",\"url\":\"https:\/\/wear-iqoniq.com\/wp-content\/uploads\/sites\/13\/2025\/04\/T9403.023.L__S_0__1353b70ec48447b8a97180908fe195b4.jpg\",\"contentUrl\":\"https:\/\/wear-iqoniq.com\/wp-content\/uploads\/sites\/13\/2025\/04\/T9403.023.L__S_0__1353b70ec48447b8a97180908fe195b4.jpg\",\"width\":1024,\"height\":1024},{\"@type\":\"BreadcrumbList\",\"@id\":\"https:\/\/wear-iqoniq.com\/de\/collection\/microfleece-jacken\/iqoniq-trivor-mikrofleece-kapuzenjacke-aus-recyc-polyester-iceberg-green\/#breadcrumb\",\"itemListElement\":[{\"@type\":\"ListItem\",\"position\":1,\"name\":\"Home\",\"item\":\"https:\/\/wear-iqoniq.com\/de\/\"},{\"@type\":\"ListItem\",\"position\":2,\"name\":\"Kollektion\",\"item\":\"https:\/\/wear-iqoniq.com\/de\/kollektion\/\"},{\"@type\":\"ListItem\",\"position\":3,\"name\":\"Trivor Mikrofleece-Kapuzen-Pulli aus recyc. Polyester, Icebe\"}]},{\"@type\":\"WebSite\",\"@id\":\"https:\/\/wear-iqoniq.com\/de\/#website\",\"url\":\"https:\/\/wear-iqoniq.com\/de\/\",\"name\":\"Iqoniq\",\"description\":\"Wear Change\",\"potentialAction\":[{\"@type\":\"SearchAction\",\"target\":{\"@type\":\"EntryPoint\",\"urlTemplate\":\"https:\/\/wear-iqoniq.com\/de\/?s={search_term_string}\"},\"query-input\":{\"@type\":\"PropertyValueSpecification\",\"valueRequired\":true,\"valueName\":\"search_term_string\"}}],\"inLanguage\":\"de\"}]}<\/script>\n<!-- \/ Yoast SEO plugin. -->","yoast_head_json":{"title":"Trivor Mikrofleece-Kapuzen-Pulli aus recyc. Polyester, Icebe - New Iqoniq","robots":{"index":"index","follow":"follow","max-snippet":"max-snippet:-1","max-image-preview":"max-image-preview:large","max-video-preview":"max-video-preview:-1"},"canonical":"https:\/\/wear-iqoniq.com\/de\/collection\/microfleece-jacken\/iqoniq-trivor-mikrofleece-kapuzenjacke-aus-recyc-polyester-iceberg-green\/","og_locale":"de_DE","og_type":"article","og_title":"Trivor Mikrofleece-Kapuzen-Pulli aus recyc. Polyester, Icebe - New Iqoniq","og_description":"Medium-Fit Unisex-Mikrofleece-Kapuzenpullover aus 100% recyceltem Polyester mit 240gr\/m\u00b2. Dieser Fleece-Kapuzenpullover umh\u00fcllt dich mit Weichheit und W\u00e4rme. Er hat eine praktische K\u00e4ngurutasche, eine doppellagige Kapuze mit farbig passendem Kordelzug und Metall\u00f6sen. Der Halbmond auf der Innenseite aus gewebtem Stoff bietet Platz f\u00fcr einen personalisierten Aufdruck im Nacken. Der untere Saum und die \u00c4rmelb\u00fcndchen sind f\u00fcr zus\u00e4tzliche [&hellip;]","og_url":"https:\/\/wear-iqoniq.com\/de\/collection\/microfleece-jacken\/iqoniq-trivor-mikrofleece-kapuzenjacke-aus-recyc-polyester-iceberg-green\/","og_site_name":"New Iqoniq","article_modified_time":"2026-04-07T01:07:13+00:00","og_image":[{"width":1024,"height":1024,"url":"https:\/\/wear-iqoniq.com\/wp-content\/uploads\/sites\/13\/2025\/04\/T9403.023.L__S_0__1353b70ec48447b8a97180908fe195b4.jpg","type":"image\/jpeg"}],"twitter_card":"summary_large_image","twitter_misc":{"Gesch\u00e4tzte Lesezeit":"1\u00a0Minute"},"schema":{"@context":"https:\/\/schema.org","@graph":[{"@type":"WebPage","@id":"https:\/\/wear-iqoniq.com\/de\/collection\/microfleece-jacken\/iqoniq-trivor-mikrofleece-kapuzenjacke-aus-recyc-polyester-iceberg-green\/","url":"https:\/\/wear-iqoniq.com\/de\/collection\/microfleece-jacken\/iqoniq-trivor-mikrofleece-kapuzenjacke-aus-recyc-polyester-iceberg-green\/","name":"Trivor Mikrofleece-Kapuzen-Pulli aus recyc. Polyester, Icebe - New Iqoniq","isPartOf":{"@id":"https:\/\/wear-iqoniq.com\/de\/#website"},"primaryImageOfPage":{"@id":"https:\/\/wear-iqoniq.com\/de\/collection\/microfleece-jacken\/iqoniq-trivor-mikrofleece-kapuzenjacke-aus-recyc-polyester-iceberg-green\/#primaryimage"},"image":{"@id":"https:\/\/wear-iqoniq.com\/de\/collection\/microfleece-jacken\/iqoniq-trivor-mikrofleece-kapuzenjacke-aus-recyc-polyester-iceberg-green\/#primaryimage"},"thumbnailUrl":"https:\/\/wear-iqoniq.com\/wp-content\/uploads\/sites\/13\/2025\/04\/T9403.023.L__S_0__1353b70ec48447b8a97180908fe195b4.jpg","datePublished":"2025-10-07T11:53:14+00:00","dateModified":"2026-04-07T01:07:13+00:00","breadcrumb":{"@id":"https:\/\/wear-iqoniq.com\/de\/collection\/microfleece-jacken\/iqoniq-trivor-mikrofleece-kapuzenjacke-aus-recyc-polyester-iceberg-green\/#breadcrumb"},"inLanguage":"de","potentialAction":[{"@type":"ReadAction","target":["https:\/\/wear-iqoniq.com\/de\/collection\/microfleece-jacken\/iqoniq-trivor-mikrofleece-kapuzenjacke-aus-recyc-polyester-iceberg-green\/"]}]},{"@type":"ImageObject","inLanguage":"de","@id":"https:\/\/wear-iqoniq.com\/de\/collection\/microfleece-jacken\/iqoniq-trivor-mikrofleece-kapuzenjacke-aus-recyc-polyester-iceberg-green\/#primaryimage","url":"https:\/\/wear-iqoniq.com\/wp-content\/uploads\/sites\/13\/2025\/04\/T9403.023.L__S_0__1353b70ec48447b8a97180908fe195b4.jpg","contentUrl":"https:\/\/wear-iqoniq.com\/wp-content\/uploads\/sites\/13\/2025\/04\/T9403.023.L__S_0__1353b70ec48447b8a97180908fe195b4.jpg","width":1024,"height":1024},{"@type":"BreadcrumbList","@id":"https:\/\/wear-iqoniq.com\/de\/collection\/microfleece-jacken\/iqoniq-trivor-mikrofleece-kapuzenjacke-aus-recyc-polyester-iceberg-green\/#breadcrumb","itemListElement":[{"@type":"ListItem","position":1,"name":"Home","item":"https:\/\/wear-iqoniq.com\/de\/"},{"@type":"ListItem","position":2,"name":"Kollektion","item":"https:\/\/wear-iqoniq.com\/de\/kollektion\/"},{"@type":"ListItem","position":3,"name":"Trivor Mikrofleece-Kapuzen-Pulli aus recyc. Polyester, Icebe"}]},{"@type":"WebSite","@id":"https:\/\/wear-iqoniq.com\/de\/#website","url":"https:\/\/wear-iqoniq.com\/de\/","name":"Iqoniq","description":"Wear Change","potentialAction":[{"@type":"SearchAction","target":{"@type":"EntryPoint","urlTemplate":"https:\/\/wear-iqoniq.com\/de\/?s={search_term_string}"},"query-input":{"@type":"PropertyValueSpecification","valueRequired":true,"valueName":"search_term_string"}}],"inLanguage":"de"}]}},"_links":{"self":[{"href":"https:\/\/wear-iqoniq.com\/de\/wp-json\/wp\/v2\/product\/214234","targetHints":{"allow":["GET"]}}],"collection":[{"href":"https:\/\/wear-iqoniq.com\/de\/wp-json\/wp\/v2\/product"}],"about":[{"href":"https:\/\/wear-iqoniq.com\/de\/wp-json\/wp\/v2\/types\/product"}],"wp:featuredmedia":[{"embeddable":true,"href":"https:\/\/wear-iqoniq.com\/de\/wp-json\/wp\/v2\/media\/319881"}],"wp:attachment":[{"href":"https:\/\/wear-iqoniq.com\/de\/wp-json\/wp\/v2\/media?parent=214234"}],"wp:term":[{"taxonomy":"product_cat","embeddable":true,"href":"https:\/\/wear-iqoniq.com\/de\/wp-json\/wp\/v2\/product_cat?post=214234"},{"taxonomy":"product_tag","embeddable":true,"href":"https:\/\/wear-iqoniq.com\/de\/wp-json\/wp\/v2\/product_tag?post=214234"}],"curies":[{"name":"wp","href":"https:\/\/api.w.org\/{rel}","templated":true}]}}