{"id":212384,"date":"2025-10-07T13:54:23","date_gmt":"2025-10-07T11:54:23","guid":{"rendered":"https:\/\/xdsomename.tempurl.host\/iqoniq\/collection\/unkategorisiert\/iqoniq-talung-mikrofleece-jacke-aus-recyceltem-polyester-schwarz\/"},"modified":"2026-04-06T03:11:30","modified_gmt":"2026-04-06T01:11:30","slug":"iqoniq-talung-mikrofleece-jacke-aus-recyceltem-polyester-schwarz","status":"publish","type":"product","link":"https:\/\/wear-iqoniq.com\/de\/collection\/microfleece-jacken\/iqoniq-talung-mikrofleece-jacke-aus-recyceltem-polyester-schwarz\/","title":{"rendered":"Talung Mikrofleece Jacke aus recyceltem Polyester, schwarz"},"content":{"rendered":"<p>Medium-Fit Unisex-Mikrofleece-Jacke mit Rei\u00dfverschluss aus 100% recyceltem Polyester (240gr\/m\u00b2) mit Antipilling-Finish. Dieses Modell ist perfekt f\u00fcr saisonale Schichten geeignet. Die weiche und bequeme Fleecejacke hat einen umgekehrten Frontrei\u00dfverschluss und praktische, in die diagonalen N\u00e4hte integrierte Rei\u00dfverschlusstaschen. Die Raglan\u00e4rmel, die elastischen B\u00fcndchen am Saum und an den \u00c4rmeln, sowie die markante 3-Nadel-Flatlock-Naht sorgen f\u00fcr einen sportlichen Look. Das gewebte Stoffpanel auf der Brust und an der Innenseite des Nackens bietet Platz f\u00fcr Ihre Veredelung. Die Verwendung von tats\u00e4chlich recycelten und organischen Stoffen sowie die Umweltvertr\u00e4glichkeit werden durch die Verwendung der disruptiven AWARE\u2122- und Blockchain-Technologie garantiert. Durch Scannen des QR-Codes erhalten Sie Zugang zu einem speziellen digitalen Pass des Produkts. 2% des Erl\u00f6ses jedes verkauften Produkts werden an Water.org gespendet. Dieses Produkt ist nach OEKO-TEX\u00ae STANDARD 100 zertifiziert.<\/p>\n","protected":false},"excerpt":{"rendered":"<p>Medium-Fit Unisex-Mikrofleece-Jacke mit Rei\u00dfverschluss aus 100% recyceltem Polyester (240gr\/m\u00b2) mit Antipilling-Finish. Dieses Modell ist perfekt f\u00fcr saisonale Schichten geeignet. Die weiche und bequeme Fleecejacke hat einen umgekehrten Frontrei\u00dfverschluss und praktische, in die diagonalen N\u00e4hte integrierte Rei\u00dfverschlusstaschen. Die Raglan\u00e4rmel, die elastischen B\u00fcndchen am Saum und an den \u00c4rmeln, sowie die markante 3-Nadel-Flatlock-Naht sorgen f\u00fcr einen sportlichen [&hellip;]<\/p>\n","protected":false},"featured_media":320294,"template":"","meta":{"_acf_changed":false},"product_cat":[1194],"product_tag":[],"class_list":["post-212384","product","type-product","status-publish","has-post-thumbnail","hentry","product_cat-microfleece-jacken","pa_color-black","pa_fabric-type-microfleece","pa_fit-medium-fit","pa_gender-unisex","pa_materials-100re-pes-3","pa_weight-240-gsm"],"acf":[],"yoast_head":"<!-- This site is optimized with the Yoast SEO plugin v27.0 - https:\/\/yoast.com\/product\/yoast-seo-wordpress\/ -->\n<title>Talung Mikrofleece Jacke aus recyceltem Polyester, schwarz - New Iqoniq<\/title>\n<meta name=\"robots\" content=\"index, follow, max-snippet:-1, max-image-preview:large, max-video-preview:-1\" \/>\n<link rel=\"canonical\" href=\"https:\/\/wear-iqoniq.com\/de\/collection\/microfleece-jacken\/iqoniq-talung-mikrofleece-jacke-aus-recyceltem-polyester-schwarz\/\" \/>\n<meta property=\"og:locale\" content=\"de_DE\" \/>\n<meta property=\"og:type\" content=\"article\" \/>\n<meta property=\"og:title\" content=\"Talung Mikrofleece Jacke aus recyceltem Polyester, schwarz - New Iqoniq\" \/>\n<meta property=\"og:description\" content=\"Medium-Fit Unisex-Mikrofleece-Jacke mit Rei\u00dfverschluss aus 100% recyceltem Polyester (240gr\/m\u00b2) mit Antipilling-Finish. Dieses Modell ist perfekt f\u00fcr saisonale Schichten geeignet. Die weiche und bequeme Fleecejacke hat einen umgekehrten Frontrei\u00dfverschluss und praktische, in die diagonalen N\u00e4hte integrierte Rei\u00dfverschlusstaschen. Die Raglan\u00e4rmel, die elastischen B\u00fcndchen am Saum und an den \u00c4rmeln, sowie die markante 3-Nadel-Flatlock-Naht sorgen f\u00fcr einen sportlichen [&hellip;]\" \/>\n<meta property=\"og:url\" content=\"https:\/\/wear-iqoniq.com\/de\/collection\/microfleece-jacken\/iqoniq-talung-mikrofleece-jacke-aus-recyceltem-polyester-schwarz\/\" \/>\n<meta property=\"og:site_name\" content=\"New Iqoniq\" \/>\n<meta property=\"article:modified_time\" content=\"2026-04-06T01:11:30+00:00\" \/>\n<meta property=\"og:image\" content=\"https:\/\/wear-iqoniq.com\/wp-content\/uploads\/sites\/13\/2025\/04\/T9603.001.L__S_0__27b17a962ec34dc5832f3b40b86e7043.jpg\" \/>\n\t<meta property=\"og:image:width\" content=\"1024\" \/>\n\t<meta property=\"og:image:height\" content=\"1024\" \/>\n\t<meta property=\"og:image:type\" content=\"image\/jpeg\" \/>\n<meta name=\"twitter:card\" content=\"summary_large_image\" \/>\n<meta name=\"twitter:label1\" content=\"Gesch\u00e4tzte Lesezeit\" \/>\n\t<meta name=\"twitter:data1\" content=\"1\u00a0Minute\" \/>\n<script type=\"application\/ld+json\" class=\"yoast-schema-graph\">{\"@context\":\"https:\/\/schema.org\",\"@graph\":[{\"@type\":\"WebPage\",\"@id\":\"https:\/\/wear-iqoniq.com\/de\/collection\/microfleece-jacken\/iqoniq-talung-mikrofleece-jacke-aus-recyceltem-polyester-schwarz\/\",\"url\":\"https:\/\/wear-iqoniq.com\/de\/collection\/microfleece-jacken\/iqoniq-talung-mikrofleece-jacke-aus-recyceltem-polyester-schwarz\/\",\"name\":\"Talung Mikrofleece Jacke aus recyceltem Polyester, schwarz - New Iqoniq\",\"isPartOf\":{\"@id\":\"https:\/\/wear-iqoniq.com\/de\/#website\"},\"primaryImageOfPage\":{\"@id\":\"https:\/\/wear-iqoniq.com\/de\/collection\/microfleece-jacken\/iqoniq-talung-mikrofleece-jacke-aus-recyceltem-polyester-schwarz\/#primaryimage\"},\"image\":{\"@id\":\"https:\/\/wear-iqoniq.com\/de\/collection\/microfleece-jacken\/iqoniq-talung-mikrofleece-jacke-aus-recyceltem-polyester-schwarz\/#primaryimage\"},\"thumbnailUrl\":\"https:\/\/wear-iqoniq.com\/wp-content\/uploads\/sites\/13\/2025\/04\/T9603.001.L__S_0__27b17a962ec34dc5832f3b40b86e7043.jpg\",\"datePublished\":\"2025-10-07T11:54:23+00:00\",\"dateModified\":\"2026-04-06T01:11:30+00:00\",\"breadcrumb\":{\"@id\":\"https:\/\/wear-iqoniq.com\/de\/collection\/microfleece-jacken\/iqoniq-talung-mikrofleece-jacke-aus-recyceltem-polyester-schwarz\/#breadcrumb\"},\"inLanguage\":\"de\",\"potentialAction\":[{\"@type\":\"ReadAction\",\"target\":[\"https:\/\/wear-iqoniq.com\/de\/collection\/microfleece-jacken\/iqoniq-talung-mikrofleece-jacke-aus-recyceltem-polyester-schwarz\/\"]}]},{\"@type\":\"ImageObject\",\"inLanguage\":\"de\",\"@id\":\"https:\/\/wear-iqoniq.com\/de\/collection\/microfleece-jacken\/iqoniq-talung-mikrofleece-jacke-aus-recyceltem-polyester-schwarz\/#primaryimage\",\"url\":\"https:\/\/wear-iqoniq.com\/wp-content\/uploads\/sites\/13\/2025\/04\/T9603.001.L__S_0__27b17a962ec34dc5832f3b40b86e7043.jpg\",\"contentUrl\":\"https:\/\/wear-iqoniq.com\/wp-content\/uploads\/sites\/13\/2025\/04\/T9603.001.L__S_0__27b17a962ec34dc5832f3b40b86e7043.jpg\",\"width\":1024,\"height\":1024},{\"@type\":\"BreadcrumbList\",\"@id\":\"https:\/\/wear-iqoniq.com\/de\/collection\/microfleece-jacken\/iqoniq-talung-mikrofleece-jacke-aus-recyceltem-polyester-schwarz\/#breadcrumb\",\"itemListElement\":[{\"@type\":\"ListItem\",\"position\":1,\"name\":\"Home\",\"item\":\"https:\/\/wear-iqoniq.com\/de\/\"},{\"@type\":\"ListItem\",\"position\":2,\"name\":\"Kollektion\",\"item\":\"https:\/\/wear-iqoniq.com\/de\/kollektion\/\"},{\"@type\":\"ListItem\",\"position\":3,\"name\":\"Talung Mikrofleece Jacke aus recyceltem Polyester, schwarz\"}]},{\"@type\":\"WebSite\",\"@id\":\"https:\/\/wear-iqoniq.com\/de\/#website\",\"url\":\"https:\/\/wear-iqoniq.com\/de\/\",\"name\":\"Iqoniq\",\"description\":\"Wear Change\",\"potentialAction\":[{\"@type\":\"SearchAction\",\"target\":{\"@type\":\"EntryPoint\",\"urlTemplate\":\"https:\/\/wear-iqoniq.com\/de\/?s={search_term_string}\"},\"query-input\":{\"@type\":\"PropertyValueSpecification\",\"valueRequired\":true,\"valueName\":\"search_term_string\"}}],\"inLanguage\":\"de\"}]}<\/script>\n<!-- \/ Yoast SEO plugin. -->","yoast_head_json":{"title":"Talung Mikrofleece Jacke aus recyceltem Polyester, schwarz - New Iqoniq","robots":{"index":"index","follow":"follow","max-snippet":"max-snippet:-1","max-image-preview":"max-image-preview:large","max-video-preview":"max-video-preview:-1"},"canonical":"https:\/\/wear-iqoniq.com\/de\/collection\/microfleece-jacken\/iqoniq-talung-mikrofleece-jacke-aus-recyceltem-polyester-schwarz\/","og_locale":"de_DE","og_type":"article","og_title":"Talung Mikrofleece Jacke aus recyceltem Polyester, schwarz - New Iqoniq","og_description":"Medium-Fit Unisex-Mikrofleece-Jacke mit Rei\u00dfverschluss aus 100% recyceltem Polyester (240gr\/m\u00b2) mit Antipilling-Finish. Dieses Modell ist perfekt f\u00fcr saisonale Schichten geeignet. Die weiche und bequeme Fleecejacke hat einen umgekehrten Frontrei\u00dfverschluss und praktische, in die diagonalen N\u00e4hte integrierte Rei\u00dfverschlusstaschen. Die Raglan\u00e4rmel, die elastischen B\u00fcndchen am Saum und an den \u00c4rmeln, sowie die markante 3-Nadel-Flatlock-Naht sorgen f\u00fcr einen sportlichen [&hellip;]","og_url":"https:\/\/wear-iqoniq.com\/de\/collection\/microfleece-jacken\/iqoniq-talung-mikrofleece-jacke-aus-recyceltem-polyester-schwarz\/","og_site_name":"New Iqoniq","article_modified_time":"2026-04-06T01:11:30+00:00","og_image":[{"width":1024,"height":1024,"url":"https:\/\/wear-iqoniq.com\/wp-content\/uploads\/sites\/13\/2025\/04\/T9603.001.L__S_0__27b17a962ec34dc5832f3b40b86e7043.jpg","type":"image\/jpeg"}],"twitter_card":"summary_large_image","twitter_misc":{"Gesch\u00e4tzte Lesezeit":"1\u00a0Minute"},"schema":{"@context":"https:\/\/schema.org","@graph":[{"@type":"WebPage","@id":"https:\/\/wear-iqoniq.com\/de\/collection\/microfleece-jacken\/iqoniq-talung-mikrofleece-jacke-aus-recyceltem-polyester-schwarz\/","url":"https:\/\/wear-iqoniq.com\/de\/collection\/microfleece-jacken\/iqoniq-talung-mikrofleece-jacke-aus-recyceltem-polyester-schwarz\/","name":"Talung Mikrofleece Jacke aus recyceltem Polyester, schwarz - New Iqoniq","isPartOf":{"@id":"https:\/\/wear-iqoniq.com\/de\/#website"},"primaryImageOfPage":{"@id":"https:\/\/wear-iqoniq.com\/de\/collection\/microfleece-jacken\/iqoniq-talung-mikrofleece-jacke-aus-recyceltem-polyester-schwarz\/#primaryimage"},"image":{"@id":"https:\/\/wear-iqoniq.com\/de\/collection\/microfleece-jacken\/iqoniq-talung-mikrofleece-jacke-aus-recyceltem-polyester-schwarz\/#primaryimage"},"thumbnailUrl":"https:\/\/wear-iqoniq.com\/wp-content\/uploads\/sites\/13\/2025\/04\/T9603.001.L__S_0__27b17a962ec34dc5832f3b40b86e7043.jpg","datePublished":"2025-10-07T11:54:23+00:00","dateModified":"2026-04-06T01:11:30+00:00","breadcrumb":{"@id":"https:\/\/wear-iqoniq.com\/de\/collection\/microfleece-jacken\/iqoniq-talung-mikrofleece-jacke-aus-recyceltem-polyester-schwarz\/#breadcrumb"},"inLanguage":"de","potentialAction":[{"@type":"ReadAction","target":["https:\/\/wear-iqoniq.com\/de\/collection\/microfleece-jacken\/iqoniq-talung-mikrofleece-jacke-aus-recyceltem-polyester-schwarz\/"]}]},{"@type":"ImageObject","inLanguage":"de","@id":"https:\/\/wear-iqoniq.com\/de\/collection\/microfleece-jacken\/iqoniq-talung-mikrofleece-jacke-aus-recyceltem-polyester-schwarz\/#primaryimage","url":"https:\/\/wear-iqoniq.com\/wp-content\/uploads\/sites\/13\/2025\/04\/T9603.001.L__S_0__27b17a962ec34dc5832f3b40b86e7043.jpg","contentUrl":"https:\/\/wear-iqoniq.com\/wp-content\/uploads\/sites\/13\/2025\/04\/T9603.001.L__S_0__27b17a962ec34dc5832f3b40b86e7043.jpg","width":1024,"height":1024},{"@type":"BreadcrumbList","@id":"https:\/\/wear-iqoniq.com\/de\/collection\/microfleece-jacken\/iqoniq-talung-mikrofleece-jacke-aus-recyceltem-polyester-schwarz\/#breadcrumb","itemListElement":[{"@type":"ListItem","position":1,"name":"Home","item":"https:\/\/wear-iqoniq.com\/de\/"},{"@type":"ListItem","position":2,"name":"Kollektion","item":"https:\/\/wear-iqoniq.com\/de\/kollektion\/"},{"@type":"ListItem","position":3,"name":"Talung Mikrofleece Jacke aus recyceltem Polyester, schwarz"}]},{"@type":"WebSite","@id":"https:\/\/wear-iqoniq.com\/de\/#website","url":"https:\/\/wear-iqoniq.com\/de\/","name":"Iqoniq","description":"Wear Change","potentialAction":[{"@type":"SearchAction","target":{"@type":"EntryPoint","urlTemplate":"https:\/\/wear-iqoniq.com\/de\/?s={search_term_string}"},"query-input":{"@type":"PropertyValueSpecification","valueRequired":true,"valueName":"search_term_string"}}],"inLanguage":"de"}]}},"_links":{"self":[{"href":"https:\/\/wear-iqoniq.com\/de\/wp-json\/wp\/v2\/product\/212384","targetHints":{"allow":["GET"]}}],"collection":[{"href":"https:\/\/wear-iqoniq.com\/de\/wp-json\/wp\/v2\/product"}],"about":[{"href":"https:\/\/wear-iqoniq.com\/de\/wp-json\/wp\/v2\/types\/product"}],"wp:featuredmedia":[{"embeddable":true,"href":"https:\/\/wear-iqoniq.com\/de\/wp-json\/wp\/v2\/media\/320294"}],"wp:attachment":[{"href":"https:\/\/wear-iqoniq.com\/de\/wp-json\/wp\/v2\/media?parent=212384"}],"wp:term":[{"taxonomy":"product_cat","embeddable":true,"href":"https:\/\/wear-iqoniq.com\/de\/wp-json\/wp\/v2\/product_cat?post=212384"},{"taxonomy":"product_tag","embeddable":true,"href":"https:\/\/wear-iqoniq.com\/de\/wp-json\/wp\/v2\/product_tag?post=212384"}],"curies":[{"name":"wp","href":"https:\/\/api.w.org\/{rel}","templated":true}]}}