{"id":212379,"date":"2025-10-07T13:47:02","date_gmt":"2025-10-07T11:47:02","guid":{"rendered":"https:\/\/xdsomename.tempurl.host\/iqoniq\/collection\/unkategorisiert\/iqoniq-makalu-herren-softshelljacke-aus-recyceltem-polyester-koenigsblau\/"},"modified":"2026-04-15T02:46:16","modified_gmt":"2026-04-15T00:46:16","slug":"iqoniq-makalu-herren-softshelljacke-aus-recyceltem-polyester-koenigsblau","status":"publish","type":"product","link":"https:\/\/wear-iqoniq.com\/de\/collection\/jacken\/iqoniq-makalu-herren-softshelljacke-aus-recyceltem-polyester-koenigsblau\/","title":{"rendered":"Makalu Herren Softshelljacke aus recyceltem Polyester, K\u00f6nig"},"content":{"rendered":"<p>Medium-Fit Herren-Softshelljacke aus recyceltem Polyester mit 300g\/m\u00b2 3-Lagen-Gewebe, mit recycelter TPU-Membran und weichem Microfleece innen. Die Jacke hat einen umgekehrten Rei\u00dfverschluss an der Vorderseite, Rei\u00dfverschlusstaschen an den Seitenn\u00e4hten und eine verstellbare Kapuze mit Innenstoppern. Die \u00c4rmelb\u00fcndchen sind mit Klettverschluss verstellbar. Die Jacke ist wasserabweisend mit BIONIC-FINISH\u00ae ECO (Gewebe mit recycelter TPU-Membran, bis zu 5000 mm wasserdicht). Winddicht und atmungsaktiv bis zu 1500g\/m2\/24h. Die Verwendung tats\u00e4chlich recycelter Materialien und die Angaben zur Umweltvertr\u00e4glichkeit werden durch die Verwendung der disruptiven AWARE\u2122- und Blockchain-Technologie garantiert. Durch Scannen des QR-Codes erhalten Sie Zugang zu einem speziellen digitalen Pass. 2% des Erl\u00f6ses jedes verkauften Produkts werden an Water.org gespendet. Dieses Produkt ist nach OEKO-TEX\u00ae STANDARD 100 zertifiziert. Auch in Damenpassform erh\u00e4ltlich.<\/p>\n","protected":false},"excerpt":{"rendered":"<p>Medium-Fit Herren-Softshelljacke aus recyceltem Polyester mit 300g\/m\u00b2 3-Lagen-Gewebe, mit recycelter TPU-Membran und weichem Microfleece innen. Die Jacke hat einen umgekehrten Rei\u00dfverschluss an der Vorderseite, Rei\u00dfverschlusstaschen an den Seitenn\u00e4hten und eine verstellbare Kapuze mit Innenstoppern. Die \u00c4rmelb\u00fcndchen sind mit Klettverschluss verstellbar. Die Jacke ist wasserabweisend mit BIONIC-FINISH\u00ae ECO (Gewebe mit recycelter TPU-Membran, bis zu 5000 mm [&hellip;]<\/p>\n","protected":false},"featured_media":317765,"template":"","meta":{"_acf_changed":false},"product_cat":[1193],"product_tag":[],"class_list":["post-212379","product","type-product","status-publish","has-post-thumbnail","hentry","product_cat-jacken","pa_color-royal-blue","pa_fabric-type-softshell","pa_fit-medium-fit","pa_gender-men","pa_materials-softshell-3","pa_weight-300-gsm"],"acf":[],"yoast_head":"<!-- This site is optimized with the Yoast SEO plugin v27.0 - https:\/\/yoast.com\/product\/yoast-seo-wordpress\/ -->\n<title>Makalu Herren Softshelljacke aus recyceltem Polyester, K\u00f6nig - New Iqoniq<\/title>\n<meta name=\"robots\" content=\"index, follow, max-snippet:-1, max-image-preview:large, max-video-preview:-1\" \/>\n<link rel=\"canonical\" href=\"https:\/\/wear-iqoniq.com\/de\/collection\/jacken\/iqoniq-makalu-herren-softshelljacke-aus-recyceltem-polyester-koenigsblau\/\" \/>\n<meta property=\"og:locale\" content=\"de_DE\" \/>\n<meta property=\"og:type\" content=\"article\" \/>\n<meta property=\"og:title\" content=\"Makalu Herren Softshelljacke aus recyceltem Polyester, K\u00f6nig - New Iqoniq\" \/>\n<meta property=\"og:description\" content=\"Medium-Fit Herren-Softshelljacke aus recyceltem Polyester mit 300g\/m\u00b2 3-Lagen-Gewebe, mit recycelter TPU-Membran und weichem Microfleece innen. Die Jacke hat einen umgekehrten Rei\u00dfverschluss an der Vorderseite, Rei\u00dfverschlusstaschen an den Seitenn\u00e4hten und eine verstellbare Kapuze mit Innenstoppern. Die \u00c4rmelb\u00fcndchen sind mit Klettverschluss verstellbar. Die Jacke ist wasserabweisend mit BIONIC-FINISH\u00ae ECO (Gewebe mit recycelter TPU-Membran, bis zu 5000 mm [&hellip;]\" \/>\n<meta property=\"og:url\" content=\"https:\/\/wear-iqoniq.com\/de\/collection\/jacken\/iqoniq-makalu-herren-softshelljacke-aus-recyceltem-polyester-koenigsblau\/\" \/>\n<meta property=\"og:site_name\" content=\"New Iqoniq\" \/>\n<meta property=\"article:modified_time\" content=\"2026-04-15T00:46:16+00:00\" \/>\n<meta property=\"og:image\" content=\"https:\/\/wear-iqoniq.com\/wp-content\/uploads\/sites\/13\/2025\/04\/T1700.025.L__S_0__29acd1d7073347dc91a9072f1e8aec53.jpg\" \/>\n\t<meta property=\"og:image:width\" content=\"1024\" \/>\n\t<meta property=\"og:image:height\" content=\"1024\" \/>\n\t<meta property=\"og:image:type\" content=\"image\/jpeg\" \/>\n<meta name=\"twitter:card\" content=\"summary_large_image\" \/>\n<meta name=\"twitter:label1\" content=\"Gesch\u00e4tzte Lesezeit\" \/>\n\t<meta name=\"twitter:data1\" content=\"1\u00a0Minute\" \/>\n<script type=\"application\/ld+json\" class=\"yoast-schema-graph\">{\"@context\":\"https:\/\/schema.org\",\"@graph\":[{\"@type\":\"WebPage\",\"@id\":\"https:\/\/wear-iqoniq.com\/de\/collection\/jacken\/iqoniq-makalu-herren-softshelljacke-aus-recyceltem-polyester-koenigsblau\/\",\"url\":\"https:\/\/wear-iqoniq.com\/de\/collection\/jacken\/iqoniq-makalu-herren-softshelljacke-aus-recyceltem-polyester-koenigsblau\/\",\"name\":\"Makalu Herren Softshelljacke aus recyceltem Polyester, K\u00f6nig - New Iqoniq\",\"isPartOf\":{\"@id\":\"https:\/\/wear-iqoniq.com\/de\/#website\"},\"primaryImageOfPage\":{\"@id\":\"https:\/\/wear-iqoniq.com\/de\/collection\/jacken\/iqoniq-makalu-herren-softshelljacke-aus-recyceltem-polyester-koenigsblau\/#primaryimage\"},\"image\":{\"@id\":\"https:\/\/wear-iqoniq.com\/de\/collection\/jacken\/iqoniq-makalu-herren-softshelljacke-aus-recyceltem-polyester-koenigsblau\/#primaryimage\"},\"thumbnailUrl\":\"https:\/\/wear-iqoniq.com\/wp-content\/uploads\/sites\/13\/2025\/04\/T1700.025.L__S_0__29acd1d7073347dc91a9072f1e8aec53.jpg\",\"datePublished\":\"2025-10-07T11:47:02+00:00\",\"dateModified\":\"2026-04-15T00:46:16+00:00\",\"breadcrumb\":{\"@id\":\"https:\/\/wear-iqoniq.com\/de\/collection\/jacken\/iqoniq-makalu-herren-softshelljacke-aus-recyceltem-polyester-koenigsblau\/#breadcrumb\"},\"inLanguage\":\"de\",\"potentialAction\":[{\"@type\":\"ReadAction\",\"target\":[\"https:\/\/wear-iqoniq.com\/de\/collection\/jacken\/iqoniq-makalu-herren-softshelljacke-aus-recyceltem-polyester-koenigsblau\/\"]}]},{\"@type\":\"ImageObject\",\"inLanguage\":\"de\",\"@id\":\"https:\/\/wear-iqoniq.com\/de\/collection\/jacken\/iqoniq-makalu-herren-softshelljacke-aus-recyceltem-polyester-koenigsblau\/#primaryimage\",\"url\":\"https:\/\/wear-iqoniq.com\/wp-content\/uploads\/sites\/13\/2025\/04\/T1700.025.L__S_0__29acd1d7073347dc91a9072f1e8aec53.jpg\",\"contentUrl\":\"https:\/\/wear-iqoniq.com\/wp-content\/uploads\/sites\/13\/2025\/04\/T1700.025.L__S_0__29acd1d7073347dc91a9072f1e8aec53.jpg\",\"width\":1024,\"height\":1024},{\"@type\":\"BreadcrumbList\",\"@id\":\"https:\/\/wear-iqoniq.com\/de\/collection\/jacken\/iqoniq-makalu-herren-softshelljacke-aus-recyceltem-polyester-koenigsblau\/#breadcrumb\",\"itemListElement\":[{\"@type\":\"ListItem\",\"position\":1,\"name\":\"Home\",\"item\":\"https:\/\/wear-iqoniq.com\/de\/\"},{\"@type\":\"ListItem\",\"position\":2,\"name\":\"Kollektion\",\"item\":\"https:\/\/wear-iqoniq.com\/de\/kollektion\/\"},{\"@type\":\"ListItem\",\"position\":3,\"name\":\"Makalu Herren Softshelljacke aus recyceltem Polyester, K\u00f6nig\"}]},{\"@type\":\"WebSite\",\"@id\":\"https:\/\/wear-iqoniq.com\/de\/#website\",\"url\":\"https:\/\/wear-iqoniq.com\/de\/\",\"name\":\"Iqoniq\",\"description\":\"Wear Change\",\"potentialAction\":[{\"@type\":\"SearchAction\",\"target\":{\"@type\":\"EntryPoint\",\"urlTemplate\":\"https:\/\/wear-iqoniq.com\/de\/?s={search_term_string}\"},\"query-input\":{\"@type\":\"PropertyValueSpecification\",\"valueRequired\":true,\"valueName\":\"search_term_string\"}}],\"inLanguage\":\"de\"}]}<\/script>\n<!-- \/ Yoast SEO plugin. -->","yoast_head_json":{"title":"Makalu Herren Softshelljacke aus recyceltem Polyester, K\u00f6nig - New Iqoniq","robots":{"index":"index","follow":"follow","max-snippet":"max-snippet:-1","max-image-preview":"max-image-preview:large","max-video-preview":"max-video-preview:-1"},"canonical":"https:\/\/wear-iqoniq.com\/de\/collection\/jacken\/iqoniq-makalu-herren-softshelljacke-aus-recyceltem-polyester-koenigsblau\/","og_locale":"de_DE","og_type":"article","og_title":"Makalu Herren Softshelljacke aus recyceltem Polyester, K\u00f6nig - New Iqoniq","og_description":"Medium-Fit Herren-Softshelljacke aus recyceltem Polyester mit 300g\/m\u00b2 3-Lagen-Gewebe, mit recycelter TPU-Membran und weichem Microfleece innen. Die Jacke hat einen umgekehrten Rei\u00dfverschluss an der Vorderseite, Rei\u00dfverschlusstaschen an den Seitenn\u00e4hten und eine verstellbare Kapuze mit Innenstoppern. Die \u00c4rmelb\u00fcndchen sind mit Klettverschluss verstellbar. Die Jacke ist wasserabweisend mit BIONIC-FINISH\u00ae ECO (Gewebe mit recycelter TPU-Membran, bis zu 5000 mm [&hellip;]","og_url":"https:\/\/wear-iqoniq.com\/de\/collection\/jacken\/iqoniq-makalu-herren-softshelljacke-aus-recyceltem-polyester-koenigsblau\/","og_site_name":"New Iqoniq","article_modified_time":"2026-04-15T00:46:16+00:00","og_image":[{"width":1024,"height":1024,"url":"https:\/\/wear-iqoniq.com\/wp-content\/uploads\/sites\/13\/2025\/04\/T1700.025.L__S_0__29acd1d7073347dc91a9072f1e8aec53.jpg","type":"image\/jpeg"}],"twitter_card":"summary_large_image","twitter_misc":{"Gesch\u00e4tzte Lesezeit":"1\u00a0Minute"},"schema":{"@context":"https:\/\/schema.org","@graph":[{"@type":"WebPage","@id":"https:\/\/wear-iqoniq.com\/de\/collection\/jacken\/iqoniq-makalu-herren-softshelljacke-aus-recyceltem-polyester-koenigsblau\/","url":"https:\/\/wear-iqoniq.com\/de\/collection\/jacken\/iqoniq-makalu-herren-softshelljacke-aus-recyceltem-polyester-koenigsblau\/","name":"Makalu Herren Softshelljacke aus recyceltem Polyester, K\u00f6nig - New Iqoniq","isPartOf":{"@id":"https:\/\/wear-iqoniq.com\/de\/#website"},"primaryImageOfPage":{"@id":"https:\/\/wear-iqoniq.com\/de\/collection\/jacken\/iqoniq-makalu-herren-softshelljacke-aus-recyceltem-polyester-koenigsblau\/#primaryimage"},"image":{"@id":"https:\/\/wear-iqoniq.com\/de\/collection\/jacken\/iqoniq-makalu-herren-softshelljacke-aus-recyceltem-polyester-koenigsblau\/#primaryimage"},"thumbnailUrl":"https:\/\/wear-iqoniq.com\/wp-content\/uploads\/sites\/13\/2025\/04\/T1700.025.L__S_0__29acd1d7073347dc91a9072f1e8aec53.jpg","datePublished":"2025-10-07T11:47:02+00:00","dateModified":"2026-04-15T00:46:16+00:00","breadcrumb":{"@id":"https:\/\/wear-iqoniq.com\/de\/collection\/jacken\/iqoniq-makalu-herren-softshelljacke-aus-recyceltem-polyester-koenigsblau\/#breadcrumb"},"inLanguage":"de","potentialAction":[{"@type":"ReadAction","target":["https:\/\/wear-iqoniq.com\/de\/collection\/jacken\/iqoniq-makalu-herren-softshelljacke-aus-recyceltem-polyester-koenigsblau\/"]}]},{"@type":"ImageObject","inLanguage":"de","@id":"https:\/\/wear-iqoniq.com\/de\/collection\/jacken\/iqoniq-makalu-herren-softshelljacke-aus-recyceltem-polyester-koenigsblau\/#primaryimage","url":"https:\/\/wear-iqoniq.com\/wp-content\/uploads\/sites\/13\/2025\/04\/T1700.025.L__S_0__29acd1d7073347dc91a9072f1e8aec53.jpg","contentUrl":"https:\/\/wear-iqoniq.com\/wp-content\/uploads\/sites\/13\/2025\/04\/T1700.025.L__S_0__29acd1d7073347dc91a9072f1e8aec53.jpg","width":1024,"height":1024},{"@type":"BreadcrumbList","@id":"https:\/\/wear-iqoniq.com\/de\/collection\/jacken\/iqoniq-makalu-herren-softshelljacke-aus-recyceltem-polyester-koenigsblau\/#breadcrumb","itemListElement":[{"@type":"ListItem","position":1,"name":"Home","item":"https:\/\/wear-iqoniq.com\/de\/"},{"@type":"ListItem","position":2,"name":"Kollektion","item":"https:\/\/wear-iqoniq.com\/de\/kollektion\/"},{"@type":"ListItem","position":3,"name":"Makalu Herren Softshelljacke aus recyceltem Polyester, K\u00f6nig"}]},{"@type":"WebSite","@id":"https:\/\/wear-iqoniq.com\/de\/#website","url":"https:\/\/wear-iqoniq.com\/de\/","name":"Iqoniq","description":"Wear Change","potentialAction":[{"@type":"SearchAction","target":{"@type":"EntryPoint","urlTemplate":"https:\/\/wear-iqoniq.com\/de\/?s={search_term_string}"},"query-input":{"@type":"PropertyValueSpecification","valueRequired":true,"valueName":"search_term_string"}}],"inLanguage":"de"}]}},"_links":{"self":[{"href":"https:\/\/wear-iqoniq.com\/de\/wp-json\/wp\/v2\/product\/212379","targetHints":{"allow":["GET"]}}],"collection":[{"href":"https:\/\/wear-iqoniq.com\/de\/wp-json\/wp\/v2\/product"}],"about":[{"href":"https:\/\/wear-iqoniq.com\/de\/wp-json\/wp\/v2\/types\/product"}],"wp:featuredmedia":[{"embeddable":true,"href":"https:\/\/wear-iqoniq.com\/de\/wp-json\/wp\/v2\/media\/317765"}],"wp:attachment":[{"href":"https:\/\/wear-iqoniq.com\/de\/wp-json\/wp\/v2\/media?parent=212379"}],"wp:term":[{"taxonomy":"product_cat","embeddable":true,"href":"https:\/\/wear-iqoniq.com\/de\/wp-json\/wp\/v2\/product_cat?post=212379"},{"taxonomy":"product_tag","embeddable":true,"href":"https:\/\/wear-iqoniq.com\/de\/wp-json\/wp\/v2\/product_tag?post=212379"}],"curies":[{"name":"wp","href":"https:\/\/api.w.org\/{rel}","templated":true}]}}