{"id":199958,"date":"2025-10-07T13:54:00","date_gmt":"2025-10-07T11:54:00","guid":{"rendered":"https:\/\/xdsomename.tempurl.host\/iqoniq\/collection\/unkategorisiert\/abisko-zip-kapuzenpullover-aus-recycelter-baumwolle-natural\/"},"modified":"2026-04-05T03:11:06","modified_gmt":"2026-04-05T01:11:06","slug":"abisko-zip-kapuzenpullover-aus-recycelter-baumwolle-natural","status":"publish","type":"product","link":"https:\/\/wear-iqoniq.com\/de\/collection\/sweatshirts-de\/abisko-zip-kapuzenpullover-aus-recycelter-baumwolle-natural\/","title":{"rendered":"Abisko Zip-Kapuzenpullover aus recycelter Baumwolle, natural"},"content":{"rendered":"<p>Unisex-Kapuzenpulli mit Modern-Fit Passform und Rei\u00dfverschluss aus 100% Baumwolle, davon 50% recycelt und 50% Bio-Baumwolle, in 340gr\/m\u00b2. Der Kapuzenpullover mit Rei\u00dfverschluss hat eine doppellagige Kapuze, lange \u00c4rmel und 1&#215;1-Ripp. Die weiche, angeraute Innenseite sorgt f\u00fcr zus\u00e4tzlichen Komfort. Die Verwendung von tats\u00e4chlich recycelten und biologischen Stoffen und die Angaben zur Umweltvertr\u00e4glichkeit werden durch den Einsatz der disruptiven AWARE\u2122- und Blockchain-Technologie garantiert. Durch Scannen des QR-Codes erhalten Sie Zugang zu einem speziellen digitalen Pass des Produkts. 2% des Erl\u00f6ses jedes verkauften Produkts werden an Water.org gespendet. Dieses Produkt ist nach OEKO-TEX\u00ae STANDARD 100 Centexbel zertifiziert. Aufgrund der Natur von recycelten Garnen k\u00f6nnen Verunreinigungen und Farbabweichungen auftreten.<\/p>\n","protected":false},"excerpt":{"rendered":"<p>Unisex-Kapuzenpulli mit Modern-Fit Passform und Rei\u00dfverschluss aus 100% Baumwolle, davon 50% recycelt und 50% Bio-Baumwolle, in 340gr\/m\u00b2. Der Kapuzenpullover mit Rei\u00dfverschluss hat eine doppellagige Kapuze, lange \u00c4rmel und 1&#215;1-Ripp. Die weiche, angeraute Innenseite sorgt f\u00fcr zus\u00e4tzlichen Komfort. Die Verwendung von tats\u00e4chlich recycelten und biologischen Stoffen und die Angaben zur Umweltvertr\u00e4glichkeit werden durch den Einsatz der [&hellip;]<\/p>\n","protected":false},"featured_media":320273,"template":"","meta":{"_acf_changed":false},"product_cat":[143],"product_tag":[],"class_list":["post-199958","product","type-product","status-publish","has-post-thumbnail","hentry","product_cat-sweatshirts-de","pa_color-naturalraw","pa_fabric-type-brushed-sweat","pa_fit-modern-fit","pa_gender-unisex","pa_materials-50-50re-cotton-3","pa_weight-340-gsm"],"acf":[],"yoast_head":"<!-- This site is optimized with the Yoast SEO plugin v27.0 - https:\/\/yoast.com\/product\/yoast-seo-wordpress\/ -->\n<title>Abisko Zip-Kapuzenpullover aus recycelter Baumwolle, natural - New Iqoniq<\/title>\n<meta name=\"robots\" content=\"index, follow, max-snippet:-1, max-image-preview:large, max-video-preview:-1\" \/>\n<link rel=\"canonical\" href=\"https:\/\/wear-iqoniq.com\/de\/collection\/sweatshirts-de\/abisko-zip-kapuzenpullover-aus-recycelter-baumwolle-natural\/\" \/>\n<meta property=\"og:locale\" content=\"de_DE\" \/>\n<meta property=\"og:type\" content=\"article\" \/>\n<meta property=\"og:title\" content=\"Abisko Zip-Kapuzenpullover aus recycelter Baumwolle, natural - New Iqoniq\" \/>\n<meta property=\"og:description\" content=\"Unisex-Kapuzenpulli mit Modern-Fit Passform und Rei\u00dfverschluss aus 100% Baumwolle, davon 50% recycelt und 50% Bio-Baumwolle, in 340gr\/m\u00b2. Der Kapuzenpullover mit Rei\u00dfverschluss hat eine doppellagige Kapuze, lange \u00c4rmel und 1&#215;1-Ripp. Die weiche, angeraute Innenseite sorgt f\u00fcr zus\u00e4tzlichen Komfort. Die Verwendung von tats\u00e4chlich recycelten und biologischen Stoffen und die Angaben zur Umweltvertr\u00e4glichkeit werden durch den Einsatz der [&hellip;]\" \/>\n<meta property=\"og:url\" content=\"https:\/\/wear-iqoniq.com\/de\/collection\/sweatshirts-de\/abisko-zip-kapuzenpullover-aus-recycelter-baumwolle-natural\/\" \/>\n<meta property=\"og:site_name\" content=\"New Iqoniq\" \/>\n<meta property=\"article:modified_time\" content=\"2026-04-05T01:11:06+00:00\" \/>\n<meta property=\"og:image\" content=\"https:\/\/wear-iqoniq.com\/wp-content\/uploads\/sites\/13\/2025\/04\/T9600.018.L__S_0__07e72a22e4d945a2a3c1bb669f3ff7bf.jpg\" \/>\n\t<meta property=\"og:image:width\" content=\"1024\" \/>\n\t<meta property=\"og:image:height\" content=\"1024\" \/>\n\t<meta property=\"og:image:type\" content=\"image\/jpeg\" \/>\n<meta name=\"twitter:card\" content=\"summary_large_image\" \/>\n<meta name=\"twitter:label1\" content=\"Gesch\u00e4tzte Lesezeit\" \/>\n\t<meta name=\"twitter:data1\" content=\"1\u00a0Minute\" \/>\n<script type=\"application\/ld+json\" class=\"yoast-schema-graph\">{\"@context\":\"https:\/\/schema.org\",\"@graph\":[{\"@type\":\"WebPage\",\"@id\":\"https:\/\/wear-iqoniq.com\/de\/collection\/sweatshirts-de\/abisko-zip-kapuzenpullover-aus-recycelter-baumwolle-natural\/\",\"url\":\"https:\/\/wear-iqoniq.com\/de\/collection\/sweatshirts-de\/abisko-zip-kapuzenpullover-aus-recycelter-baumwolle-natural\/\",\"name\":\"Abisko Zip-Kapuzenpullover aus recycelter Baumwolle, natural - New Iqoniq\",\"isPartOf\":{\"@id\":\"https:\/\/wear-iqoniq.com\/de\/#website\"},\"primaryImageOfPage\":{\"@id\":\"https:\/\/wear-iqoniq.com\/de\/collection\/sweatshirts-de\/abisko-zip-kapuzenpullover-aus-recycelter-baumwolle-natural\/#primaryimage\"},\"image\":{\"@id\":\"https:\/\/wear-iqoniq.com\/de\/collection\/sweatshirts-de\/abisko-zip-kapuzenpullover-aus-recycelter-baumwolle-natural\/#primaryimage\"},\"thumbnailUrl\":\"https:\/\/wear-iqoniq.com\/wp-content\/uploads\/sites\/13\/2025\/04\/T9600.018.L__S_0__07e72a22e4d945a2a3c1bb669f3ff7bf.jpg\",\"datePublished\":\"2025-10-07T11:54:00+00:00\",\"dateModified\":\"2026-04-05T01:11:06+00:00\",\"breadcrumb\":{\"@id\":\"https:\/\/wear-iqoniq.com\/de\/collection\/sweatshirts-de\/abisko-zip-kapuzenpullover-aus-recycelter-baumwolle-natural\/#breadcrumb\"},\"inLanguage\":\"de\",\"potentialAction\":[{\"@type\":\"ReadAction\",\"target\":[\"https:\/\/wear-iqoniq.com\/de\/collection\/sweatshirts-de\/abisko-zip-kapuzenpullover-aus-recycelter-baumwolle-natural\/\"]}]},{\"@type\":\"ImageObject\",\"inLanguage\":\"de\",\"@id\":\"https:\/\/wear-iqoniq.com\/de\/collection\/sweatshirts-de\/abisko-zip-kapuzenpullover-aus-recycelter-baumwolle-natural\/#primaryimage\",\"url\":\"https:\/\/wear-iqoniq.com\/wp-content\/uploads\/sites\/13\/2025\/04\/T9600.018.L__S_0__07e72a22e4d945a2a3c1bb669f3ff7bf.jpg\",\"contentUrl\":\"https:\/\/wear-iqoniq.com\/wp-content\/uploads\/sites\/13\/2025\/04\/T9600.018.L__S_0__07e72a22e4d945a2a3c1bb669f3ff7bf.jpg\",\"width\":1024,\"height\":1024},{\"@type\":\"BreadcrumbList\",\"@id\":\"https:\/\/wear-iqoniq.com\/de\/collection\/sweatshirts-de\/abisko-zip-kapuzenpullover-aus-recycelter-baumwolle-natural\/#breadcrumb\",\"itemListElement\":[{\"@type\":\"ListItem\",\"position\":1,\"name\":\"Home\",\"item\":\"https:\/\/wear-iqoniq.com\/de\/\"},{\"@type\":\"ListItem\",\"position\":2,\"name\":\"Kollektion\",\"item\":\"https:\/\/wear-iqoniq.com\/de\/kollektion\/\"},{\"@type\":\"ListItem\",\"position\":3,\"name\":\"Abisko Zip-Kapuzenpullover aus recycelter Baumwolle, natural\"}]},{\"@type\":\"WebSite\",\"@id\":\"https:\/\/wear-iqoniq.com\/de\/#website\",\"url\":\"https:\/\/wear-iqoniq.com\/de\/\",\"name\":\"Iqoniq\",\"description\":\"Wear Change\",\"potentialAction\":[{\"@type\":\"SearchAction\",\"target\":{\"@type\":\"EntryPoint\",\"urlTemplate\":\"https:\/\/wear-iqoniq.com\/de\/?s={search_term_string}\"},\"query-input\":{\"@type\":\"PropertyValueSpecification\",\"valueRequired\":true,\"valueName\":\"search_term_string\"}}],\"inLanguage\":\"de\"}]}<\/script>\n<!-- \/ Yoast SEO plugin. -->","yoast_head_json":{"title":"Abisko Zip-Kapuzenpullover aus recycelter Baumwolle, natural - New Iqoniq","robots":{"index":"index","follow":"follow","max-snippet":"max-snippet:-1","max-image-preview":"max-image-preview:large","max-video-preview":"max-video-preview:-1"},"canonical":"https:\/\/wear-iqoniq.com\/de\/collection\/sweatshirts-de\/abisko-zip-kapuzenpullover-aus-recycelter-baumwolle-natural\/","og_locale":"de_DE","og_type":"article","og_title":"Abisko Zip-Kapuzenpullover aus recycelter Baumwolle, natural - New Iqoniq","og_description":"Unisex-Kapuzenpulli mit Modern-Fit Passform und Rei\u00dfverschluss aus 100% Baumwolle, davon 50% recycelt und 50% Bio-Baumwolle, in 340gr\/m\u00b2. Der Kapuzenpullover mit Rei\u00dfverschluss hat eine doppellagige Kapuze, lange \u00c4rmel und 1&#215;1-Ripp. Die weiche, angeraute Innenseite sorgt f\u00fcr zus\u00e4tzlichen Komfort. Die Verwendung von tats\u00e4chlich recycelten und biologischen Stoffen und die Angaben zur Umweltvertr\u00e4glichkeit werden durch den Einsatz der [&hellip;]","og_url":"https:\/\/wear-iqoniq.com\/de\/collection\/sweatshirts-de\/abisko-zip-kapuzenpullover-aus-recycelter-baumwolle-natural\/","og_site_name":"New Iqoniq","article_modified_time":"2026-04-05T01:11:06+00:00","og_image":[{"width":1024,"height":1024,"url":"https:\/\/wear-iqoniq.com\/wp-content\/uploads\/sites\/13\/2025\/04\/T9600.018.L__S_0__07e72a22e4d945a2a3c1bb669f3ff7bf.jpg","type":"image\/jpeg"}],"twitter_card":"summary_large_image","twitter_misc":{"Gesch\u00e4tzte Lesezeit":"1\u00a0Minute"},"schema":{"@context":"https:\/\/schema.org","@graph":[{"@type":"WebPage","@id":"https:\/\/wear-iqoniq.com\/de\/collection\/sweatshirts-de\/abisko-zip-kapuzenpullover-aus-recycelter-baumwolle-natural\/","url":"https:\/\/wear-iqoniq.com\/de\/collection\/sweatshirts-de\/abisko-zip-kapuzenpullover-aus-recycelter-baumwolle-natural\/","name":"Abisko Zip-Kapuzenpullover aus recycelter Baumwolle, natural - New Iqoniq","isPartOf":{"@id":"https:\/\/wear-iqoniq.com\/de\/#website"},"primaryImageOfPage":{"@id":"https:\/\/wear-iqoniq.com\/de\/collection\/sweatshirts-de\/abisko-zip-kapuzenpullover-aus-recycelter-baumwolle-natural\/#primaryimage"},"image":{"@id":"https:\/\/wear-iqoniq.com\/de\/collection\/sweatshirts-de\/abisko-zip-kapuzenpullover-aus-recycelter-baumwolle-natural\/#primaryimage"},"thumbnailUrl":"https:\/\/wear-iqoniq.com\/wp-content\/uploads\/sites\/13\/2025\/04\/T9600.018.L__S_0__07e72a22e4d945a2a3c1bb669f3ff7bf.jpg","datePublished":"2025-10-07T11:54:00+00:00","dateModified":"2026-04-05T01:11:06+00:00","breadcrumb":{"@id":"https:\/\/wear-iqoniq.com\/de\/collection\/sweatshirts-de\/abisko-zip-kapuzenpullover-aus-recycelter-baumwolle-natural\/#breadcrumb"},"inLanguage":"de","potentialAction":[{"@type":"ReadAction","target":["https:\/\/wear-iqoniq.com\/de\/collection\/sweatshirts-de\/abisko-zip-kapuzenpullover-aus-recycelter-baumwolle-natural\/"]}]},{"@type":"ImageObject","inLanguage":"de","@id":"https:\/\/wear-iqoniq.com\/de\/collection\/sweatshirts-de\/abisko-zip-kapuzenpullover-aus-recycelter-baumwolle-natural\/#primaryimage","url":"https:\/\/wear-iqoniq.com\/wp-content\/uploads\/sites\/13\/2025\/04\/T9600.018.L__S_0__07e72a22e4d945a2a3c1bb669f3ff7bf.jpg","contentUrl":"https:\/\/wear-iqoniq.com\/wp-content\/uploads\/sites\/13\/2025\/04\/T9600.018.L__S_0__07e72a22e4d945a2a3c1bb669f3ff7bf.jpg","width":1024,"height":1024},{"@type":"BreadcrumbList","@id":"https:\/\/wear-iqoniq.com\/de\/collection\/sweatshirts-de\/abisko-zip-kapuzenpullover-aus-recycelter-baumwolle-natural\/#breadcrumb","itemListElement":[{"@type":"ListItem","position":1,"name":"Home","item":"https:\/\/wear-iqoniq.com\/de\/"},{"@type":"ListItem","position":2,"name":"Kollektion","item":"https:\/\/wear-iqoniq.com\/de\/kollektion\/"},{"@type":"ListItem","position":3,"name":"Abisko Zip-Kapuzenpullover aus recycelter Baumwolle, natural"}]},{"@type":"WebSite","@id":"https:\/\/wear-iqoniq.com\/de\/#website","url":"https:\/\/wear-iqoniq.com\/de\/","name":"Iqoniq","description":"Wear Change","potentialAction":[{"@type":"SearchAction","target":{"@type":"EntryPoint","urlTemplate":"https:\/\/wear-iqoniq.com\/de\/?s={search_term_string}"},"query-input":{"@type":"PropertyValueSpecification","valueRequired":true,"valueName":"search_term_string"}}],"inLanguage":"de"}]}},"_links":{"self":[{"href":"https:\/\/wear-iqoniq.com\/de\/wp-json\/wp\/v2\/product\/199958","targetHints":{"allow":["GET"]}}],"collection":[{"href":"https:\/\/wear-iqoniq.com\/de\/wp-json\/wp\/v2\/product"}],"about":[{"href":"https:\/\/wear-iqoniq.com\/de\/wp-json\/wp\/v2\/types\/product"}],"wp:featuredmedia":[{"embeddable":true,"href":"https:\/\/wear-iqoniq.com\/de\/wp-json\/wp\/v2\/media\/320273"}],"wp:attachment":[{"href":"https:\/\/wear-iqoniq.com\/de\/wp-json\/wp\/v2\/media?parent=199958"}],"wp:term":[{"taxonomy":"product_cat","embeddable":true,"href":"https:\/\/wear-iqoniq.com\/de\/wp-json\/wp\/v2\/product_cat?post=199958"},{"taxonomy":"product_tag","embeddable":true,"href":"https:\/\/wear-iqoniq.com\/de\/wp-json\/wp\/v2\/product_tag?post=199958"}],"curies":[{"name":"wp","href":"https:\/\/api.w.org\/{rel}","templated":true}]}}